{"id":14505,"date":"2025-10-15T07:48:01","date_gmt":"2025-10-15T07:48:01","guid":{"rendered":"https:\/\/watersino.net\/?post_type=product&#038;p=14505"},"modified":"2025-11-28T02:55:08","modified_gmt":"2025-11-28T02:55:08","slug":"round-brass-handheld-shower-spray-head-variant-colour-available","status":"publish","type":"product","link":"https:\/\/watersino.net\/pt\/product\/round-brass-handheld-shower-spray-head-variant-colour-available\/","title":{"rendered":"Round Brass Handheld Shower Spray Head Variant Colour Available"},"content":{"rendered":"<p>Como um parceiro confi\u00e1vel para empreiteiros e fornecedores, n\u00f3s fornecemos&nbsp;<strong>solu\u00e7\u00f5es completas de ferragens para banheiro<\/strong>, eliminando o inc\u00f4modo da coordena\u00e7\u00e3o entre v\u00e1rios fornecedores, oferecendo torneiras, chuveiros, acess\u00f3rios e muito mais. Nossa ampla linha de produtos inclui mais de 1.000 itens com certifica\u00e7\u00e3o Watermark, com certifica\u00e7\u00f5es globais abrangentes, como WELS, WRAS, UPC, CE, ACS e SAA, para garantir a conformidade em todos os mercados. Atendemos pedidos em grandes quantidades, personaliza\u00e7\u00e3o flex\u00edvel (combina\u00e7\u00e3o de acabamento, ajustes dimensionais) e mantemos um controle de qualidade consistente com prazos de entrega confi\u00e1veis, permitindo que voc\u00ea cumpra os prazos dos projetos, reduza os riscos de aquisi\u00e7\u00e3o e atenda aos diversos requisitos dos clientes com efici\u00eancia.<\/p>\n\n\n\n<p><\/p>","protected":false},"featured_media":14479,"template":"","product_category":[49,87],"products_tags":[63],"class_list":["post-14505","product","type-product","status-publish","has-post-thumbnail","hentry","product_category-shower-sets","product_category-wall-mounted-shower-set","products_tags-watermark"],"acf":[],"yoast_head":"<!-- This site is optimized with the Yoast SEO plugin v26.6 - https:\/\/yoast.com\/wordpress\/plugins\/seo\/ -->\n<title>Round Brass Handheld Shower Spray Head Variant Colour Available - Watersino<\/title>\n<meta name=\"description\" content=\"Designed specifically for engineering applications, its anti-scaling design meets Australian standards and meets the long-term needs of hotels and apartment projects.\" \/>\n<meta name=\"robots\" content=\"index, follow, max-snippet:-1, max-image-preview:large, max-video-preview:-1\" \/>\n<link rel=\"canonical\" href=\"https:\/\/watersino.net\/pt\/product\/round-brass-handheld-shower-spray-head-variant-colour-available\/\" \/>\n<meta property=\"og:locale\" content=\"pt_PT\" \/>\n<meta property=\"og:type\" content=\"article\" \/>\n<meta property=\"og:title\" content=\"Round Brass Handheld Shower Spray Head Variant Colour Available - Watersino\" \/>\n<meta property=\"og:description\" content=\"Designed specifically for engineering applications, its anti-scaling design meets Australian standards and meets the long-term needs of hotels and apartment projects.\" \/>\n<meta property=\"og:url\" content=\"https:\/\/watersino.net\/pt\/product\/round-brass-handheld-shower-spray-head-variant-colour-available\/\" \/>\n<meta property=\"og:site_name\" content=\"Watersino\" \/>\n<meta property=\"article:modified_time\" content=\"2025-11-28T02:55:08+00:00\" \/>\n<meta property=\"og:image\" content=\"https:\/\/watersino.net\/wp-content\/uploads\/2025\/10\/WB864LB201_4.png\" \/>\n\t<meta property=\"og:image:width\" content=\"600\" \/>\n\t<meta property=\"og:image:height\" content=\"600\" \/>\n\t<meta property=\"og:image:type\" content=\"image\/png\" \/>\n<meta name=\"twitter:card\" content=\"summary_large_image\" \/>\n<meta name=\"twitter:label1\" content=\"Tempo estimado de leitura\" \/>\n\t<meta name=\"twitter:data1\" content=\"1 minuto\" \/>\n<script type=\"application\/ld+json\" class=\"yoast-schema-graph\">{\"@context\":\"https:\/\/schema.org\",\"@graph\":[{\"@type\":\"WebPage\",\"@id\":\"https:\/\/watersino.net\/product\/round-brass-handheld-shower-spray-head-variant-colour-available\/\",\"url\":\"https:\/\/watersino.net\/product\/round-brass-handheld-shower-spray-head-variant-colour-available\/\",\"name\":\"Round Brass Handheld Shower Spray Head Variant Colour Available - Watersino\",\"isPartOf\":{\"@id\":\"https:\/\/watersino.net\/#website\"},\"primaryImageOfPage\":{\"@id\":\"https:\/\/watersino.net\/product\/round-brass-handheld-shower-spray-head-variant-colour-available\/#primaryimage\"},\"image\":{\"@id\":\"https:\/\/watersino.net\/product\/round-brass-handheld-shower-spray-head-variant-colour-available\/#primaryimage\"},\"thumbnailUrl\":\"https:\/\/watersino.net\/wp-content\/uploads\/2025\/10\/WB864LB201_4.png\",\"datePublished\":\"2025-10-15T07:48:01+00:00\",\"dateModified\":\"2025-11-28T02:55:08+00:00\",\"description\":\"Designed specifically for engineering applications, its anti-scaling design meets Australian standards and meets the long-term needs of hotels and apartment projects.\",\"breadcrumb\":{\"@id\":\"https:\/\/watersino.net\/product\/round-brass-handheld-shower-spray-head-variant-colour-available\/#breadcrumb\"},\"inLanguage\":\"pt-PT\",\"potentialAction\":[{\"@type\":\"ReadAction\",\"target\":[\"https:\/\/watersino.net\/product\/round-brass-handheld-shower-spray-head-variant-colour-available\/\"]}]},{\"@type\":\"ImageObject\",\"inLanguage\":\"pt-PT\",\"@id\":\"https:\/\/watersino.net\/product\/round-brass-handheld-shower-spray-head-variant-colour-available\/#primaryimage\",\"url\":\"https:\/\/watersino.net\/wp-content\/uploads\/2025\/10\/WB864LB201_4.png\",\"contentUrl\":\"https:\/\/watersino.net\/wp-content\/uploads\/2025\/10\/WB864LB201_4.png\",\"width\":600,\"height\":600,\"caption\":\"WB864+LB201 4\"},{\"@type\":\"BreadcrumbList\",\"@id\":\"https:\/\/watersino.net\/product\/round-brass-handheld-shower-spray-head-variant-colour-available\/#breadcrumb\",\"itemListElement\":[{\"@type\":\"ListItem\",\"position\":1,\"name\":\"Home\",\"item\":\"https:\/\/watersino.net\/\"},{\"@type\":\"ListItem\",\"position\":2,\"name\":\"Product\",\"item\":\"https:\/\/watersino.net\/product\/\"},{\"@type\":\"ListItem\",\"position\":3,\"name\":\"Round Brass Handheld Shower Spray Head Variant Colour Available\"}]},{\"@type\":\"WebSite\",\"@id\":\"https:\/\/watersino.net\/#website\",\"url\":\"https:\/\/watersino.net\/\",\"name\":\"Watersino\",\"description\":\"\",\"potentialAction\":[{\"@type\":\"SearchAction\",\"target\":{\"@type\":\"EntryPoint\",\"urlTemplate\":\"https:\/\/watersino.net\/?s={search_term_string}\"},\"query-input\":{\"@type\":\"PropertyValueSpecification\",\"valueRequired\":true,\"valueName\":\"search_term_string\"}}],\"inLanguage\":\"pt-PT\"}]}<\/script>\n<!-- \/ Yoast SEO plugin. -->","yoast_head_json":{"title":"Round Brass Handheld Shower Spray Head Variant Colour Available - Watersino","description":"Designed specifically for engineering applications, its anti-scaling design meets Australian standards and meets the long-term needs of hotels and apartment projects.","robots":{"index":"index","follow":"follow","max-snippet":"max-snippet:-1","max-image-preview":"max-image-preview:large","max-video-preview":"max-video-preview:-1"},"canonical":"https:\/\/watersino.net\/pt\/product\/round-brass-handheld-shower-spray-head-variant-colour-available\/","og_locale":"pt_PT","og_type":"article","og_title":"Round Brass Handheld Shower Spray Head Variant Colour Available - Watersino","og_description":"Designed specifically for engineering applications, its anti-scaling design meets Australian standards and meets the long-term needs of hotels and apartment projects.","og_url":"https:\/\/watersino.net\/pt\/product\/round-brass-handheld-shower-spray-head-variant-colour-available\/","og_site_name":"Watersino","article_modified_time":"2025-11-28T02:55:08+00:00","og_image":[{"width":600,"height":600,"url":"https:\/\/watersino.net\/wp-content\/uploads\/2025\/10\/WB864LB201_4.png","type":"image\/png"}],"twitter_card":"summary_large_image","twitter_misc":{"Tempo estimado de leitura":"1 minuto"},"schema":{"@context":"https:\/\/schema.org","@graph":[{"@type":"WebPage","@id":"https:\/\/watersino.net\/product\/round-brass-handheld-shower-spray-head-variant-colour-available\/","url":"https:\/\/watersino.net\/product\/round-brass-handheld-shower-spray-head-variant-colour-available\/","name":"Round Brass Handheld Shower Spray Head Variant Colour Available - Watersino","isPartOf":{"@id":"https:\/\/watersino.net\/#website"},"primaryImageOfPage":{"@id":"https:\/\/watersino.net\/product\/round-brass-handheld-shower-spray-head-variant-colour-available\/#primaryimage"},"image":{"@id":"https:\/\/watersino.net\/product\/round-brass-handheld-shower-spray-head-variant-colour-available\/#primaryimage"},"thumbnailUrl":"https:\/\/watersino.net\/wp-content\/uploads\/2025\/10\/WB864LB201_4.png","datePublished":"2025-10-15T07:48:01+00:00","dateModified":"2025-11-28T02:55:08+00:00","description":"Designed specifically for engineering applications, its anti-scaling design meets Australian standards and meets the long-term needs of hotels and apartment projects.","breadcrumb":{"@id":"https:\/\/watersino.net\/product\/round-brass-handheld-shower-spray-head-variant-colour-available\/#breadcrumb"},"inLanguage":"pt-PT","potentialAction":[{"@type":"ReadAction","target":["https:\/\/watersino.net\/product\/round-brass-handheld-shower-spray-head-variant-colour-available\/"]}]},{"@type":"ImageObject","inLanguage":"pt-PT","@id":"https:\/\/watersino.net\/product\/round-brass-handheld-shower-spray-head-variant-colour-available\/#primaryimage","url":"https:\/\/watersino.net\/wp-content\/uploads\/2025\/10\/WB864LB201_4.png","contentUrl":"https:\/\/watersino.net\/wp-content\/uploads\/2025\/10\/WB864LB201_4.png","width":600,"height":600,"caption":"WB864+LB201 4"},{"@type":"BreadcrumbList","@id":"https:\/\/watersino.net\/product\/round-brass-handheld-shower-spray-head-variant-colour-available\/#breadcrumb","itemListElement":[{"@type":"ListItem","position":1,"name":"Home","item":"https:\/\/watersino.net\/"},{"@type":"ListItem","position":2,"name":"Product","item":"https:\/\/watersino.net\/product\/"},{"@type":"ListItem","position":3,"name":"Round Brass Handheld Shower Spray Head Variant Colour Available"}]},{"@type":"WebSite","@id":"https:\/\/watersino.net\/#website","url":"https:\/\/watersino.net\/","name":"Watersino","description":"","potentialAction":[{"@type":"SearchAction","target":{"@type":"EntryPoint","urlTemplate":"https:\/\/watersino.net\/?s={search_term_string}"},"query-input":{"@type":"PropertyValueSpecification","valueRequired":true,"valueName":"search_term_string"}}],"inLanguage":"pt-PT"}]}},"_links":{"self":[{"href":"https:\/\/watersino.net\/pt\/wp-json\/wp\/v2\/product\/14505","targetHints":{"allow":["GET"]}}],"collection":[{"href":"https:\/\/watersino.net\/pt\/wp-json\/wp\/v2\/product"}],"about":[{"href":"https:\/\/watersino.net\/pt\/wp-json\/wp\/v2\/types\/product"}],"wp:featuredmedia":[{"embeddable":true,"href":"https:\/\/watersino.net\/pt\/wp-json\/wp\/v2\/media\/14479"}],"wp:attachment":[{"href":"https:\/\/watersino.net\/pt\/wp-json\/wp\/v2\/media?parent=14505"}],"wp:term":[{"taxonomy":"product_category","embeddable":true,"href":"https:\/\/watersino.net\/pt\/wp-json\/wp\/v2\/product_category?post=14505"},{"taxonomy":"products_tags","embeddable":true,"href":"https:\/\/watersino.net\/pt\/wp-json\/wp\/v2\/products_tags?post=14505"}],"curies":[{"name":"wp","href":"https:\/\/api.w.org\/{rel}","templated":true}]}}