{"id":14307,"date":"2025-09-18T08:50:08","date_gmt":"2025-09-18T08:50:08","guid":{"rendered":"https:\/\/watersino.net\/?post_type=product&#038;p=14307"},"modified":"2025-11-29T08:04:24","modified_gmt":"2025-11-29T08:04:24","slug":"oem-odm-custom-factory-lead-free-brass-bathtub-spout","status":"publish","type":"product","link":"https:\/\/watersino.net\/pt\/product\/oem-odm-custom-factory-lead-free-brass-bathtub-spout\/","title":{"rendered":"Bica de banheira de lat\u00e3o sem chumbo personalizada de f\u00e1brica OEM\/ODM"},"content":{"rendered":"<ul class=\"wp-block-list\"><\/ul>\n\n\n\n<p>Nossa bica para torneira de banheira \u00e9 uma op\u00e7\u00e3o confi\u00e1vel e adapt\u00e1vel a projetos, feita sob medida para empreiteiros e fornecedores, com mais de 30 acabamentos personaliz\u00e1veis para combinar com a est\u00e9tica de banheiros \u2014 abrangendo polido, preto fosco, lat\u00e3o antigo, ouro escovado, metal escovado e n\u00edquel escovado. Feita de materiais resistentes \u00e0 corros\u00e3o e ao desgaste, ela garante um desempenho est\u00e1vel a longo prazo em projetos de banheiros residenciais, de hot\u00e9is ou comerciais, al\u00e9m de oferecer compatibilidade universal com a maioria dos sistemas de torneiras de banheira para simplificar a instala\u00e7\u00e3o e o gerenciamento de estoque.<\/p>\n\n\n\n<p>Al\u00e9m da bica da torneira em si, oferecemos um servi\u00e7o completo de ferragens para banheiro, agilizando seu processo de compras, fornecendo uma gama completa de ferragens para banheiro coordenadas, sem a necessidade de recorrer a v\u00e1rios fornecedores. Al\u00e9m disso, temos mais de 1.000 produtos certificados pela Watermark e possu\u00edmos certifica\u00e7\u00f5es globais de alto n\u00edvel, incluindo WELS, WRAS, UPC, CE, ACS e SAA, garantindo a conformidade com os padr\u00f5es regionais para diversos mercados. Atendemos pedidos em grandes quantidades, personaliza\u00e7\u00e3o flex\u00edvel (combina\u00e7\u00e3o de acabamento, ajustes de tamanho) e controle de qualidade consistente, ajudando voc\u00ea a cumprir prazos apertados de projeto, reduzir os problemas de compras e atender com confian\u00e7a \u00e0s demandas est\u00e9ticas e regulat\u00f3rias dos clientes.<\/p>\n\n\n\n<p><\/p>","protected":false},"featured_media":14311,"template":"","product_category":[57,49,50],"products_tags":[63],"class_list":["post-14307","product","type-product","status-publish","has-post-thumbnail","hentry","product_category-bathroom-faucet","product_category-shower-sets","product_category-bathtub-faucets","products_tags-watermark"],"acf":[],"yoast_head":"<!-- This site is optimized with the Yoast SEO plugin v26.6 - https:\/\/yoast.com\/wordpress\/plugins\/seo\/ -->\n<title>OEM\/ODM Custom Factory Lead-Free Brass Bathtub Spout - Watersino<\/title>\n<meta name=\"description\" content=\"Bathtub Spout Custom Expert: 30+ finishes (Polished Chrome\/Zr Gold Brushed), lead-free brass,urgent Ideal for luxury homes\/hotels!\" \/>\n<meta name=\"robots\" content=\"index, follow, max-snippet:-1, max-image-preview:large, max-video-preview:-1\" \/>\n<link rel=\"canonical\" href=\"https:\/\/watersino.net\/pt\/product\/oem-odm-custom-factory-lead-free-brass-bathtub-spout\/\" \/>\n<meta property=\"og:locale\" content=\"pt_PT\" \/>\n<meta property=\"og:type\" content=\"article\" \/>\n<meta property=\"og:title\" content=\"OEM\/ODM Custom Factory Lead-Free Brass Bathtub Spout - Watersino\" \/>\n<meta property=\"og:description\" content=\"Bathtub Spout Custom Expert: 30+ finishes (Polished Chrome\/Zr Gold Brushed), lead-free brass,urgent Ideal for luxury homes\/hotels!\" \/>\n<meta property=\"og:url\" content=\"https:\/\/watersino.net\/pt\/product\/oem-odm-custom-factory-lead-free-brass-bathtub-spout\/\" \/>\n<meta property=\"og:site_name\" content=\"Watersino\" \/>\n<meta property=\"article:modified_time\" content=\"2025-11-29T08:04:24+00:00\" \/>\n<meta property=\"og:image\" content=\"https:\/\/watersino.net\/wp-content\/uploads\/2025\/09\/L2086_2.png\" \/>\n\t<meta property=\"og:image:width\" content=\"600\" \/>\n\t<meta property=\"og:image:height\" content=\"600\" \/>\n\t<meta property=\"og:image:type\" content=\"image\/png\" \/>\n<meta name=\"twitter:card\" content=\"summary_large_image\" \/>\n<meta name=\"twitter:label1\" content=\"Tempo estimado de leitura\" \/>\n\t<meta name=\"twitter:data1\" content=\"1 minuto\" \/>\n<script type=\"application\/ld+json\" class=\"yoast-schema-graph\">{\"@context\":\"https:\/\/schema.org\",\"@graph\":[{\"@type\":\"WebPage\",\"@id\":\"https:\/\/watersino.net\/product\/oem-odm-custom-factory-lead-free-brass-bathtub-spout\/\",\"url\":\"https:\/\/watersino.net\/product\/oem-odm-custom-factory-lead-free-brass-bathtub-spout\/\",\"name\":\"OEM\/ODM Custom Factory Lead-Free Brass Bathtub Spout - Watersino\",\"isPartOf\":{\"@id\":\"https:\/\/watersino.net\/#website\"},\"primaryImageOfPage\":{\"@id\":\"https:\/\/watersino.net\/product\/oem-odm-custom-factory-lead-free-brass-bathtub-spout\/#primaryimage\"},\"image\":{\"@id\":\"https:\/\/watersino.net\/product\/oem-odm-custom-factory-lead-free-brass-bathtub-spout\/#primaryimage\"},\"thumbnailUrl\":\"https:\/\/watersino.net\/wp-content\/uploads\/2025\/09\/L2086_2.png\",\"datePublished\":\"2025-09-18T08:50:08+00:00\",\"dateModified\":\"2025-11-29T08:04:24+00:00\",\"description\":\"Bathtub Spout Custom Expert: 30+ finishes (Polished Chrome\/Zr Gold Brushed), lead-free brass,urgent Ideal for luxury homes\/hotels!\",\"breadcrumb\":{\"@id\":\"https:\/\/watersino.net\/product\/oem-odm-custom-factory-lead-free-brass-bathtub-spout\/#breadcrumb\"},\"inLanguage\":\"pt-PT\",\"potentialAction\":[{\"@type\":\"ReadAction\",\"target\":[\"https:\/\/watersino.net\/product\/oem-odm-custom-factory-lead-free-brass-bathtub-spout\/\"]}]},{\"@type\":\"ImageObject\",\"inLanguage\":\"pt-PT\",\"@id\":\"https:\/\/watersino.net\/product\/oem-odm-custom-factory-lead-free-brass-bathtub-spout\/#primaryimage\",\"url\":\"https:\/\/watersino.net\/wp-content\/uploads\/2025\/09\/L2086_2.png\",\"contentUrl\":\"https:\/\/watersino.net\/wp-content\/uploads\/2025\/09\/L2086_2.png\",\"width\":600,\"height\":600,\"caption\":\"Brushed Gunmetal Grey-faucet spout\"},{\"@type\":\"BreadcrumbList\",\"@id\":\"https:\/\/watersino.net\/product\/oem-odm-custom-factory-lead-free-brass-bathtub-spout\/#breadcrumb\",\"itemListElement\":[{\"@type\":\"ListItem\",\"position\":1,\"name\":\"Home\",\"item\":\"https:\/\/watersino.net\/\"},{\"@type\":\"ListItem\",\"position\":2,\"name\":\"Product\",\"item\":\"https:\/\/watersino.net\/product\/\"},{\"@type\":\"ListItem\",\"position\":3,\"name\":\"OEM\/ODM Custom Factory Lead-Free Brass Bathtub Spout\"}]},{\"@type\":\"WebSite\",\"@id\":\"https:\/\/watersino.net\/#website\",\"url\":\"https:\/\/watersino.net\/\",\"name\":\"Watersino\",\"description\":\"\",\"potentialAction\":[{\"@type\":\"SearchAction\",\"target\":{\"@type\":\"EntryPoint\",\"urlTemplate\":\"https:\/\/watersino.net\/?s={search_term_string}\"},\"query-input\":{\"@type\":\"PropertyValueSpecification\",\"valueRequired\":true,\"valueName\":\"search_term_string\"}}],\"inLanguage\":\"pt-PT\"}]}<\/script>\n<!-- \/ Yoast SEO plugin. -->","yoast_head_json":{"title":"Bica de banheira de lat\u00e3o sem chumbo personalizada de f\u00e1brica OEM\/ODM - Watersino","description":"Especialista em bica de banheira personalizada: mais de 30 acabamentos (cromo polido\/zinco dourado escovado), lat\u00e3o sem chumbo, urgente Ideal para casas\/hot\u00e9is de luxo!","robots":{"index":"index","follow":"follow","max-snippet":"max-snippet:-1","max-image-preview":"max-image-preview:large","max-video-preview":"max-video-preview:-1"},"canonical":"https:\/\/watersino.net\/pt\/product\/oem-odm-custom-factory-lead-free-brass-bathtub-spout\/","og_locale":"pt_PT","og_type":"article","og_title":"OEM\/ODM Custom Factory Lead-Free Brass Bathtub Spout - Watersino","og_description":"Bathtub Spout Custom Expert: 30+ finishes (Polished Chrome\/Zr Gold Brushed), lead-free brass,urgent Ideal for luxury homes\/hotels!","og_url":"https:\/\/watersino.net\/pt\/product\/oem-odm-custom-factory-lead-free-brass-bathtub-spout\/","og_site_name":"Watersino","article_modified_time":"2025-11-29T08:04:24+00:00","og_image":[{"width":600,"height":600,"url":"https:\/\/watersino.net\/wp-content\/uploads\/2025\/09\/L2086_2.png","type":"image\/png"}],"twitter_card":"summary_large_image","twitter_misc":{"Tempo estimado de leitura":"1 minuto"},"schema":{"@context":"https:\/\/schema.org","@graph":[{"@type":"WebPage","@id":"https:\/\/watersino.net\/product\/oem-odm-custom-factory-lead-free-brass-bathtub-spout\/","url":"https:\/\/watersino.net\/product\/oem-odm-custom-factory-lead-free-brass-bathtub-spout\/","name":"Bica de banheira de lat\u00e3o sem chumbo personalizada de f\u00e1brica OEM\/ODM - Watersino","isPartOf":{"@id":"https:\/\/watersino.net\/#website"},"primaryImageOfPage":{"@id":"https:\/\/watersino.net\/product\/oem-odm-custom-factory-lead-free-brass-bathtub-spout\/#primaryimage"},"image":{"@id":"https:\/\/watersino.net\/product\/oem-odm-custom-factory-lead-free-brass-bathtub-spout\/#primaryimage"},"thumbnailUrl":"https:\/\/watersino.net\/wp-content\/uploads\/2025\/09\/L2086_2.png","datePublished":"2025-09-18T08:50:08+00:00","dateModified":"2025-11-29T08:04:24+00:00","description":"Especialista em bica de banheira personalizada: mais de 30 acabamentos (cromo polido\/zinco dourado escovado), lat\u00e3o sem chumbo, urgente Ideal para casas\/hot\u00e9is de luxo!","breadcrumb":{"@id":"https:\/\/watersino.net\/product\/oem-odm-custom-factory-lead-free-brass-bathtub-spout\/#breadcrumb"},"inLanguage":"pt-PT","potentialAction":[{"@type":"ReadAction","target":["https:\/\/watersino.net\/product\/oem-odm-custom-factory-lead-free-brass-bathtub-spout\/"]}]},{"@type":"ImageObject","inLanguage":"pt-PT","@id":"https:\/\/watersino.net\/product\/oem-odm-custom-factory-lead-free-brass-bathtub-spout\/#primaryimage","url":"https:\/\/watersino.net\/wp-content\/uploads\/2025\/09\/L2086_2.png","contentUrl":"https:\/\/watersino.net\/wp-content\/uploads\/2025\/09\/L2086_2.png","width":600,"height":600,"caption":"Brushed Gunmetal Grey-faucet spout"},{"@type":"BreadcrumbList","@id":"https:\/\/watersino.net\/product\/oem-odm-custom-factory-lead-free-brass-bathtub-spout\/#breadcrumb","itemListElement":[{"@type":"ListItem","position":1,"name":"Home","item":"https:\/\/watersino.net\/"},{"@type":"ListItem","position":2,"name":"Product","item":"https:\/\/watersino.net\/product\/"},{"@type":"ListItem","position":3,"name":"OEM\/ODM Custom Factory Lead-Free Brass Bathtub Spout"}]},{"@type":"WebSite","@id":"https:\/\/watersino.net\/#website","url":"https:\/\/watersino.net\/","name":"Watersino","description":"","potentialAction":[{"@type":"SearchAction","target":{"@type":"EntryPoint","urlTemplate":"https:\/\/watersino.net\/?s={search_term_string}"},"query-input":{"@type":"PropertyValueSpecification","valueRequired":true,"valueName":"search_term_string"}}],"inLanguage":"pt-PT"}]}},"_links":{"self":[{"href":"https:\/\/watersino.net\/pt\/wp-json\/wp\/v2\/product\/14307","targetHints":{"allow":["GET"]}}],"collection":[{"href":"https:\/\/watersino.net\/pt\/wp-json\/wp\/v2\/product"}],"about":[{"href":"https:\/\/watersino.net\/pt\/wp-json\/wp\/v2\/types\/product"}],"wp:featuredmedia":[{"embeddable":true,"href":"https:\/\/watersino.net\/pt\/wp-json\/wp\/v2\/media\/14311"}],"wp:attachment":[{"href":"https:\/\/watersino.net\/pt\/wp-json\/wp\/v2\/media?parent=14307"}],"wp:term":[{"taxonomy":"product_category","embeddable":true,"href":"https:\/\/watersino.net\/pt\/wp-json\/wp\/v2\/product_category?post=14307"},{"taxonomy":"products_tags","embeddable":true,"href":"https:\/\/watersino.net\/pt\/wp-json\/wp\/v2\/products_tags?post=14307"}],"curies":[{"name":"wp","href":"https:\/\/api.w.org\/{rel}","templated":true}]}}