{"id":14182,"date":"2025-08-23T08:54:16","date_gmt":"2025-08-23T08:54:16","guid":{"rendered":"https:\/\/watersino.net\/?post_type=product&#038;p=14182"},"modified":"2025-11-28T07:18:16","modified_gmt":"2025-11-28T07:18:16","slug":"premium-kitchen-faucet-with-7-years-warranty-deck-mount-installation-factory-direct-supply","status":"publish","type":"product","link":"https:\/\/watersino.net\/pt\/product\/premium-kitchen-faucet-with-7-years-warranty-deck-mount-installation-factory-direct-supply\/","title":{"rendered":"Torneira de cozinha de al\u00e7a \u00fanica com acabamento em bronze escovado cinza OEM"},"content":{"rendered":"<ul class=\"wp-block-list\">\n<li>Revestimento PVD avan\u00e7ado: acabamento cinza bronze escovado com resist\u00eancia excepcional \u00e0 corros\u00e3o e arranh\u00f5es<\/li>\n\n\n\n<li>Componentes Premium: O cartucho cer\u00e2mico alem\u00e3o Citec garante uma opera\u00e7\u00e3o suave e um desempenho \u00e0 prova de vazamentos<\/li>\n\n\n\n<li>Servi\u00e7o de personaliza\u00e7\u00e3o: Mais de 30 op\u00e7\u00f5es de acabamento, incluindo cromo polido, preto fosco, lat\u00e3o antigo, etc.<\/li>\n\n\n\n<li>Garantia de qualidade: 7 anos de garantia nos principais componentes com rigorosos testes de qualidade<\/li>\n\n\n\n<li>Suporte OEM\/ODM: logotipo personalizado, embalagem e modifica\u00e7\u00f5es de design dispon\u00edveis<\/li>\n\n\n\n<li>Padr\u00f5es globais: em conformidade com as certifica\u00e7\u00f5es internacionais de qualidade e seguran\u00e7a<\/li>\n<\/ul>","protected":false},"featured_media":14165,"template":"","product_category":[52,53],"products_tags":[63,64],"class_list":["post-14182","product","type-product","status-publish","has-post-thumbnail","hentry","product_category-kitchen","product_category-kitchen-faucet","products_tags-watermark","products_tags-wels"],"acf":[],"yoast_head":"<!-- This site is optimized with the Yoast SEO plugin v26.6 - https:\/\/yoast.com\/wordpress\/plugins\/seo\/ -->\n<title>Brushed Bronze Gray Single Handle Kitchen Pull Down Faucet OEM Manufacturer - Watersino<\/title>\n<meta name=\"description\" content=\"Premium Kitchen Faucet with 7 Years Warranty Deck Mount Installation Citec Cartridge &amp; Neoperl Aerator OEM ManufacturerFactory Direct Supply\" \/>\n<meta name=\"robots\" content=\"index, follow, max-snippet:-1, max-image-preview:large, max-video-preview:-1\" \/>\n<link rel=\"canonical\" href=\"https:\/\/watersino.net\/pt\/product\/premium-kitchen-faucet-with-7-years-warranty-deck-mount-installation-factory-direct-supply\/\" \/>\n<meta property=\"og:locale\" content=\"pt_PT\" \/>\n<meta property=\"og:type\" content=\"article\" \/>\n<meta property=\"og:title\" content=\"Brushed Bronze Gray Single Handle Kitchen Pull Down Faucet OEM Manufacturer - Watersino\" \/>\n<meta property=\"og:description\" content=\"Premium Kitchen Faucet with 7 Years Warranty Deck Mount Installation Citec Cartridge &amp; Neoperl Aerator OEM ManufacturerFactory Direct Supply\" \/>\n<meta property=\"og:url\" content=\"https:\/\/watersino.net\/pt\/product\/premium-kitchen-faucet-with-7-years-warranty-deck-mount-installation-factory-direct-supply\/\" \/>\n<meta property=\"og:site_name\" content=\"Watersino\" \/>\n<meta property=\"article:modified_time\" content=\"2025-11-28T07:18:16+00:00\" \/>\n<meta property=\"og:image\" content=\"https:\/\/watersino.net\/wp-content\/uploads\/2025\/08\/WK875BS.png\" \/>\n\t<meta property=\"og:image:width\" content=\"600\" \/>\n\t<meta property=\"og:image:height\" content=\"600\" \/>\n\t<meta property=\"og:image:type\" content=\"image\/png\" \/>\n<meta name=\"twitter:card\" content=\"summary_large_image\" \/>\n<meta name=\"twitter:label1\" content=\"Tempo estimado de leitura\" \/>\n\t<meta name=\"twitter:data1\" content=\"1 minuto\" \/>\n<script type=\"application\/ld+json\" class=\"yoast-schema-graph\">{\"@context\":\"https:\/\/schema.org\",\"@graph\":[{\"@type\":\"WebPage\",\"@id\":\"https:\/\/watersino.net\/product\/premium-kitchen-faucet-with-7-years-warranty-deck-mount-installation-factory-direct-supply\/\",\"url\":\"https:\/\/watersino.net\/product\/premium-kitchen-faucet-with-7-years-warranty-deck-mount-installation-factory-direct-supply\/\",\"name\":\"Brushed Bronze Gray Single Handle Kitchen Pull Down Faucet OEM Manufacturer - Watersino\",\"isPartOf\":{\"@id\":\"https:\/\/watersino.net\/#website\"},\"primaryImageOfPage\":{\"@id\":\"https:\/\/watersino.net\/product\/premium-kitchen-faucet-with-7-years-warranty-deck-mount-installation-factory-direct-supply\/#primaryimage\"},\"image\":{\"@id\":\"https:\/\/watersino.net\/product\/premium-kitchen-faucet-with-7-years-warranty-deck-mount-installation-factory-direct-supply\/#primaryimage\"},\"thumbnailUrl\":\"https:\/\/watersino.net\/wp-content\/uploads\/2025\/08\/WK875BS.png\",\"datePublished\":\"2025-08-23T08:54:16+00:00\",\"dateModified\":\"2025-11-28T07:18:16+00:00\",\"description\":\"Premium Kitchen Faucet with 7 Years Warranty Deck Mount Installation Citec Cartridge & Neoperl Aerator OEM ManufacturerFactory Direct Supply\",\"breadcrumb\":{\"@id\":\"https:\/\/watersino.net\/product\/premium-kitchen-faucet-with-7-years-warranty-deck-mount-installation-factory-direct-supply\/#breadcrumb\"},\"inLanguage\":\"pt-PT\",\"potentialAction\":[{\"@type\":\"ReadAction\",\"target\":[\"https:\/\/watersino.net\/product\/premium-kitchen-faucet-with-7-years-warranty-deck-mount-installation-factory-direct-supply\/\"]}]},{\"@type\":\"ImageObject\",\"inLanguage\":\"pt-PT\",\"@id\":\"https:\/\/watersino.net\/product\/premium-kitchen-faucet-with-7-years-warranty-deck-mount-installation-factory-direct-supply\/#primaryimage\",\"url\":\"https:\/\/watersino.net\/wp-content\/uploads\/2025\/08\/WK875BS.png\",\"contentUrl\":\"https:\/\/watersino.net\/wp-content\/uploads\/2025\/08\/WK875BS.png\",\"width\":600,\"height\":600,\"caption\":\"Brushed Gunmetal Grey-Single handle kitchen faucet\"},{\"@type\":\"BreadcrumbList\",\"@id\":\"https:\/\/watersino.net\/product\/premium-kitchen-faucet-with-7-years-warranty-deck-mount-installation-factory-direct-supply\/#breadcrumb\",\"itemListElement\":[{\"@type\":\"ListItem\",\"position\":1,\"name\":\"Home\",\"item\":\"https:\/\/watersino.net\/\"},{\"@type\":\"ListItem\",\"position\":2,\"name\":\"Product\",\"item\":\"https:\/\/watersino.net\/product\/\"},{\"@type\":\"ListItem\",\"position\":3,\"name\":\"Brushed Bronze Gray Single Handle Kitchen Pull Down Faucet OEM Manufacturer\"}]},{\"@type\":\"WebSite\",\"@id\":\"https:\/\/watersino.net\/#website\",\"url\":\"https:\/\/watersino.net\/\",\"name\":\"Watersino\",\"description\":\"\",\"potentialAction\":[{\"@type\":\"SearchAction\",\"target\":{\"@type\":\"EntryPoint\",\"urlTemplate\":\"https:\/\/watersino.net\/?s={search_term_string}\"},\"query-input\":{\"@type\":\"PropertyValueSpecification\",\"valueRequired\":true,\"valueName\":\"search_term_string\"}}],\"inLanguage\":\"pt-PT\"}]}<\/script>\n<!-- \/ Yoast SEO plugin. -->","yoast_head_json":{"title":"Torneira de cozinha de al\u00e7a \u00fanica com acabamento em bronze escovado cinza, fabricante OEM - Watersino","description":"Torneira de cozinha premium com 7 anos de garantia, instala\u00e7\u00e3o de montagem em deck, cartucho Citec e aerador Neoperl, fabricante OEM, fornecimento direto da f\u00e1brica","robots":{"index":"index","follow":"follow","max-snippet":"max-snippet:-1","max-image-preview":"max-image-preview:large","max-video-preview":"max-video-preview:-1"},"canonical":"https:\/\/watersino.net\/pt\/product\/premium-kitchen-faucet-with-7-years-warranty-deck-mount-installation-factory-direct-supply\/","og_locale":"pt_PT","og_type":"article","og_title":"Brushed Bronze Gray Single Handle Kitchen Pull Down Faucet OEM Manufacturer - Watersino","og_description":"Premium Kitchen Faucet with 7 Years Warranty Deck Mount Installation Citec Cartridge & Neoperl Aerator OEM ManufacturerFactory Direct Supply","og_url":"https:\/\/watersino.net\/pt\/product\/premium-kitchen-faucet-with-7-years-warranty-deck-mount-installation-factory-direct-supply\/","og_site_name":"Watersino","article_modified_time":"2025-11-28T07:18:16+00:00","og_image":[{"width":600,"height":600,"url":"https:\/\/watersino.net\/wp-content\/uploads\/2025\/08\/WK875BS.png","type":"image\/png"}],"twitter_card":"summary_large_image","twitter_misc":{"Tempo estimado de leitura":"1 minuto"},"schema":{"@context":"https:\/\/schema.org","@graph":[{"@type":"WebPage","@id":"https:\/\/watersino.net\/product\/premium-kitchen-faucet-with-7-years-warranty-deck-mount-installation-factory-direct-supply\/","url":"https:\/\/watersino.net\/product\/premium-kitchen-faucet-with-7-years-warranty-deck-mount-installation-factory-direct-supply\/","name":"Torneira de cozinha de al\u00e7a \u00fanica com acabamento em bronze escovado cinza, fabricante OEM - Watersino","isPartOf":{"@id":"https:\/\/watersino.net\/#website"},"primaryImageOfPage":{"@id":"https:\/\/watersino.net\/product\/premium-kitchen-faucet-with-7-years-warranty-deck-mount-installation-factory-direct-supply\/#primaryimage"},"image":{"@id":"https:\/\/watersino.net\/product\/premium-kitchen-faucet-with-7-years-warranty-deck-mount-installation-factory-direct-supply\/#primaryimage"},"thumbnailUrl":"https:\/\/watersino.net\/wp-content\/uploads\/2025\/08\/WK875BS.png","datePublished":"2025-08-23T08:54:16+00:00","dateModified":"2025-11-28T07:18:16+00:00","description":"Torneira de cozinha premium com 7 anos de garantia, instala\u00e7\u00e3o de montagem em deck, cartucho Citec e aerador Neoperl, fabricante OEM, fornecimento direto da f\u00e1brica","breadcrumb":{"@id":"https:\/\/watersino.net\/product\/premium-kitchen-faucet-with-7-years-warranty-deck-mount-installation-factory-direct-supply\/#breadcrumb"},"inLanguage":"pt-PT","potentialAction":[{"@type":"ReadAction","target":["https:\/\/watersino.net\/product\/premium-kitchen-faucet-with-7-years-warranty-deck-mount-installation-factory-direct-supply\/"]}]},{"@type":"ImageObject","inLanguage":"pt-PT","@id":"https:\/\/watersino.net\/product\/premium-kitchen-faucet-with-7-years-warranty-deck-mount-installation-factory-direct-supply\/#primaryimage","url":"https:\/\/watersino.net\/wp-content\/uploads\/2025\/08\/WK875BS.png","contentUrl":"https:\/\/watersino.net\/wp-content\/uploads\/2025\/08\/WK875BS.png","width":600,"height":600,"caption":"Brushed Gunmetal Grey-Single handle kitchen faucet"},{"@type":"BreadcrumbList","@id":"https:\/\/watersino.net\/product\/premium-kitchen-faucet-with-7-years-warranty-deck-mount-installation-factory-direct-supply\/#breadcrumb","itemListElement":[{"@type":"ListItem","position":1,"name":"Home","item":"https:\/\/watersino.net\/"},{"@type":"ListItem","position":2,"name":"Product","item":"https:\/\/watersino.net\/product\/"},{"@type":"ListItem","position":3,"name":"Brushed Bronze Gray Single Handle Kitchen Pull Down Faucet OEM Manufacturer"}]},{"@type":"WebSite","@id":"https:\/\/watersino.net\/#website","url":"https:\/\/watersino.net\/","name":"Watersino","description":"","potentialAction":[{"@type":"SearchAction","target":{"@type":"EntryPoint","urlTemplate":"https:\/\/watersino.net\/?s={search_term_string}"},"query-input":{"@type":"PropertyValueSpecification","valueRequired":true,"valueName":"search_term_string"}}],"inLanguage":"pt-PT"}]}},"_links":{"self":[{"href":"https:\/\/watersino.net\/pt\/wp-json\/wp\/v2\/product\/14182","targetHints":{"allow":["GET"]}}],"collection":[{"href":"https:\/\/watersino.net\/pt\/wp-json\/wp\/v2\/product"}],"about":[{"href":"https:\/\/watersino.net\/pt\/wp-json\/wp\/v2\/types\/product"}],"wp:featuredmedia":[{"embeddable":true,"href":"https:\/\/watersino.net\/pt\/wp-json\/wp\/v2\/media\/14165"}],"wp:attachment":[{"href":"https:\/\/watersino.net\/pt\/wp-json\/wp\/v2\/media?parent=14182"}],"wp:term":[{"taxonomy":"product_category","embeddable":true,"href":"https:\/\/watersino.net\/pt\/wp-json\/wp\/v2\/product_category?post=14182"},{"taxonomy":"products_tags","embeddable":true,"href":"https:\/\/watersino.net\/pt\/wp-json\/wp\/v2\/products_tags?post=14182"}],"curies":[{"name":"wp","href":"https:\/\/api.w.org\/{rel}","templated":true}]}}