{"id":3818,"date":"2023-08-10T02:04:45","date_gmt":"2023-08-10T02:04:45","guid":{"rendered":"https:\/\/watersino.net\/?page_id=3818"},"modified":"2023-10-23T06:46:54","modified_gmt":"2023-10-23T06:46:54","slug":"sustainability","status":"publish","type":"page","link":"https:\/\/watersino.net\/it\/sustainability\/","title":{"rendered":"Sostenibilit\u00e0"},"content":{"rendered":"<div data-elementor-type=\"wp-page\" data-elementor-id=\"3818\" class=\"elementor elementor-3818\" data-elementor-post-type=\"page\">\n\t\t\t\t<div class=\"elementor-element elementor-element-327f5cd e-flex e-con-boxed e-con e-parent\" data-id=\"327f5cd\" data-element_type=\"container\" data-settings=\"{&quot;background_background&quot;:&quot;classic&quot;}\">\n\t\t\t\t\t<div class=\"e-con-inner\">\n\t\t<div class=\"elementor-element elementor-element-e7d70fd e-con-full e-flex e-con e-parent\" data-id=\"e7d70fd\" data-element_type=\"container\">\n\t\t\t\t<div class=\"elementor-element elementor-element-f1168c4 elementor-widget elementor-widget-heading\" data-id=\"f1168c4\" data-element_type=\"widget\" data-widget_type=\"heading.default\">\n\t\t\t\t<div class=\"elementor-widget-container\">\n\t\t\t\t\t<h1 class=\"elementor-heading-title elementor-size-default\">Sostenibilit\u00e0\n<\/h1>\t\t\t\t<\/div>\n\t\t\t\t<\/div>\n\t\t\t\t<div class=\"elementor-element elementor-element-75555cc elementor-widget elementor-widget-text-editor\" data-id=\"75555cc\" data-element_type=\"widget\" data-widget_type=\"text-editor.default\">\n\t\t\t\t<div class=\"elementor-widget-container\">\n\t\t\t\t\t\t\t\t\tWatersino \u00e8 impegnata nella sostenibilit\u00e0 e offre sanitari ecocompatibili, dai materiali alla tecnologia. Scoprite il nostro impegno per un futuro pi\u00f9 verde con i nostri sanitari sostenibili.\n\n\t\t\t\t\t\t\t\t<\/div>\n\t\t\t\t<\/div>\n\t\t\t\t<div class=\"elementor-element elementor-element-9a49b43 elementor-widget elementor-widget-inf_breadcrumbs\" data-id=\"9a49b43\" data-element_type=\"widget\" data-widget_type=\"inf_breadcrumbs.default\">\n\t\t\t\t<div class=\"elementor-widget-container\">\n\t\t\t\t\t\t\t<div id=\"infility_position\" class=''>\n\t\t\t\t\t\t\t\t\t\t\t<p class='0'>\n\t\t\t\t\t<a href=\"\/it\/\" >\t\t\t\t\t\tCasa\t\t\t\t\t<\/a>\t\t\t\t<\/p>\n\t\t\t\t\t\t\t <span>><\/span> \t\t\t\t<p class='this'>\n\t\t\t\t\t\t\t\t\t\t\t\t\t\t\t\t\t\t\t\t<\/p>\n\t\t\t\t\t<\/div>\n\t\t\t\t<\/div>\n\t\t\t\t<\/div>\n\t\t\t\t<\/div>\n\t\t<div class=\"elementor-element elementor-element-3f190fa e-con-full e-flex e-con e-parent\" data-id=\"3f190fa\" data-element_type=\"container\">\n\t\t\t\t<div class=\"elementor-element elementor-element-89ab305 elementor-widget elementor-widget-image\" data-id=\"89ab305\" data-element_type=\"widget\" data-widget_type=\"image.default\">\n\t\t\t\t<div class=\"elementor-widget-container\">\n\t\t\t\t\t\t\t\t\t\t\t\t\t\t\t<img fetchpriority=\"high\" decoding=\"async\" width=\"1200\" height=\"799\" src=\"https:\/\/watersino.net\/wp-content\/uploads\/2023\/08\/P01_S06_2.webp\" class=\"attachment-full size-full wp-image-4070\" alt=\"P01 S06 2\" srcset=\"https:\/\/watersino.net\/wp-content\/uploads\/2023\/08\/P01_S06_2.webp 1200w, https:\/\/watersino.net\/wp-content\/uploads\/2023\/08\/P01_S06_2-300x200.webp 300w, https:\/\/watersino.net\/wp-content\/uploads\/2023\/08\/P01_S06_2-1024x682.webp 1024w, https:\/\/watersino.net\/wp-content\/uploads\/2023\/08\/P01_S06_2-768x511.webp 768w, https:\/\/watersino.net\/wp-content\/uploads\/2023\/08\/P01_S06_2-600x400.webp 600w\" sizes=\"(max-width: 1200px) 100vw, 1200px\" \/>\t\t\t\t\t\t\t\t\t\t\t\t\t\t\t<\/div>\n\t\t\t\t<\/div>\n\t\t\t\t<\/div>\n\t\t\t\t\t<\/div>\n\t\t\t\t<\/div>\n\t\t<div class=\"elementor-element elementor-element-35d512b e-flex e-con-boxed e-con e-parent\" data-id=\"35d512b\" data-element_type=\"container\">\n\t\t\t\t\t<div class=\"e-con-inner\">\n\t\t<div class=\"elementor-element elementor-element-d79e49c e-con-full e-flex e-con e-parent\" data-id=\"d79e49c\" data-element_type=\"container\">\n\t\t\t\t<div class=\"elementor-element elementor-element-2d1ac39 elementor-widget elementor-widget-heading\" data-id=\"2d1ac39\" data-element_type=\"widget\" data-widget_type=\"heading.default\">\n\t\t\t\t<div class=\"elementor-widget-container\">\n\t\t\t\t\t<h2 class=\"elementor-heading-title elementor-size-default\">Impegni sostenibili\n\n\n\n<\/h2>\t\t\t\t<\/div>\n\t\t\t\t<\/div>\n\t\t\t\t<div class=\"elementor-element elementor-element-8c0b26e elementor-widget elementor-widget-text-editor\" data-id=\"8c0b26e\" data-element_type=\"widget\" data-widget_type=\"text-editor.default\">\n\t\t\t\t<div class=\"elementor-widget-container\">\n\t\t\t\t\t\t\t\t\tDa Watersino, rendere sostenibili i nostri sanitari per bagno e cucina \u00e8 un impegno costante. Utilizziamo materiali ecocompatibili, metodi di risparmio idrico e alternative a basso consumo energetico nella progettazione e produzione dei nostri sanitari.\n\n<br>\n<br>\n\nIl nostro impatto sull&#039;ambiente si riduce, le risorse vengono preservate e un futuro migliore viene promosso dando priorit\u00e0 alla sostenibilit\u00e0. Scoprite soluzioni eleganti e pratiche, in linea con i vostri valori, che contribuiscono allo sviluppo di un marchio aziendale pi\u00f9 duraturo.\t\t\t\t\t\t\t\t<\/div>\n\t\t\t\t<\/div>\n\t\t\t\t<\/div>\n\t\t<div class=\"elementor-element elementor-element-3228972 e-con-full e-flex e-con e-parent\" data-id=\"3228972\" data-element_type=\"container\">\n\t\t\t\t<div class=\"elementor-element elementor-element-0aa22e5 elementor-widget elementor-widget-image\" data-id=\"0aa22e5\" data-element_type=\"widget\" data-widget_type=\"image.default\">\n\t\t\t\t<div class=\"elementor-widget-container\">\n\t\t\t\t\t\t\t\t\t\t\t\t\t\t\t<img decoding=\"async\" width=\"900\" height=\"600\" src=\"https:\/\/watersino.net\/wp-content\/uploads\/2023\/10\/P06_S02_4.webp\" class=\"attachment-full size-full wp-image-10816\" alt=\"P06 S02 4\" srcset=\"https:\/\/watersino.net\/wp-content\/uploads\/2023\/10\/P06_S02_4.webp 900w, https:\/\/watersino.net\/wp-content\/uploads\/2023\/10\/P06_S02_4-300x200.webp 300w, https:\/\/watersino.net\/wp-content\/uploads\/2023\/10\/P06_S02_4-768x512.webp 768w, https:\/\/watersino.net\/wp-content\/uploads\/2023\/10\/P06_S02_4-600x400.webp 600w\" sizes=\"(max-width: 900px) 100vw, 900px\" \/>\t\t\t\t\t\t\t\t\t\t\t\t\t\t\t<\/div>\n\t\t\t\t<\/div>\n\t\t\t\t<\/div>\n\t\t\t\t\t<\/div>\n\t\t\t\t<\/div>\n\t\t<div class=\"elementor-element elementor-element-bb521e5 e-flex e-con-boxed e-con e-parent\" data-id=\"bb521e5\" data-element_type=\"container\">\n\t\t\t\t\t<div class=\"e-con-inner\">\n\t\t<div class=\"elementor-element elementor-element-a326e59 e-con-full e-flex e-con e-parent\" data-id=\"a326e59\" data-element_type=\"container\">\n\t\t\t\t<div class=\"elementor-element elementor-element-f666b41 elementor-widget elementor-widget-heading\" data-id=\"f666b41\" data-element_type=\"widget\" data-widget_type=\"heading.default\">\n\t\t\t\t<div class=\"elementor-widget-container\">\n\t\t\t\t\t<h2 class=\"elementor-heading-title elementor-size-default\">Metallo non pericoloso\n\n<\/h2>\t\t\t\t<\/div>\n\t\t\t\t<\/div>\n\t\t\t\t<div class=\"elementor-element elementor-element-3b38c88 elementor-widget elementor-widget-text-editor\" data-id=\"3b38c88\" data-element_type=\"widget\" data-widget_type=\"text-editor.default\">\n\t\t\t\t<div class=\"elementor-widget-container\">\n\t\t\t\t\t\t\t\t\tRealizzati in acciaio inossidabile 304 e ottone DZR senza piombo, i sanitari e i sanitari da cucina Watersino offrono numerosi vantaggi ambientali, tra cui anticorrosione, durevolezza e longevit\u00e0. Sono inoltre completamente riciclabili, contribuendo all&#039;economia circolare. Grazie alla ridotta necessit\u00e0 di manutenzione e alla resistenza alla proliferazione batterica, l&#039;acciaio inossidabile favorisce la pulizia e l&#039;igiene.\n\n\t\t\t\t\t\t\t\t<\/div>\n\t\t\t\t<\/div>\n\t\t\t\t<\/div>\n\t\t<div class=\"elementor-element elementor-element-bbe9d0c e-con-full e-flex e-con e-parent\" data-id=\"bbe9d0c\" data-element_type=\"container\">\n\t\t\t\t<div class=\"elementor-element elementor-element-34afe22 elementor-widget elementor-widget-image\" data-id=\"34afe22\" data-element_type=\"widget\" data-widget_type=\"image.default\">\n\t\t\t\t<div class=\"elementor-widget-container\">\n\t\t\t\t\t\t\t\t\t\t\t\t\t\t\t<img decoding=\"async\" width=\"1200\" height=\"484\" src=\"https:\/\/watersino.net\/wp-content\/uploads\/2023\/10\/P06_S02_5.webp\" class=\"attachment-full size-full wp-image-10820\" alt=\"P06 S02 5\" srcset=\"https:\/\/watersino.net\/wp-content\/uploads\/2023\/10\/P06_S02_5.webp 1200w, https:\/\/watersino.net\/wp-content\/uploads\/2023\/10\/P06_S02_5-300x121.webp 300w, https:\/\/watersino.net\/wp-content\/uploads\/2023\/10\/P06_S02_5-1024x413.webp 1024w, https:\/\/watersino.net\/wp-content\/uploads\/2023\/10\/P06_S02_5-768x310.webp 768w, https:\/\/watersino.net\/wp-content\/uploads\/2023\/10\/P06_S02_5-600x242.webp 600w\" sizes=\"(max-width: 1200px) 100vw, 1200px\" \/>\t\t\t\t\t\t\t\t\t\t\t\t\t\t\t<\/div>\n\t\t\t\t<\/div>\n\t\t\t\t<\/div>\n\t\t\t\t\t<\/div>\n\t\t\t\t<\/div>\n\t\t<div class=\"elementor-element elementor-element-3f0df19 e-con-full e-flex e-con e-parent\" data-id=\"3f0df19\" data-element_type=\"container\" data-settings=\"{&quot;background_background&quot;:&quot;classic&quot;}\">\n\t\t<div class=\"elementor-element elementor-element-8b9295f e-con-full e-flex e-con e-parent\" data-id=\"8b9295f\" data-element_type=\"container\" data-settings=\"{&quot;background_background&quot;:&quot;classic&quot;}\">\n\t\t\t\t<div class=\"elementor-element elementor-element-7cc2999 elementor-widget elementor-widget-heading\" data-id=\"7cc2999\" data-element_type=\"widget\" data-widget_type=\"heading.default\">\n\t\t\t\t<div class=\"elementor-widget-container\">\n\t\t\t\t\t<h2 class=\"elementor-heading-title elementor-size-default\">Finiture di rivestimento PVD durevoli\n\n\n<\/h2>\t\t\t\t<\/div>\n\t\t\t\t<\/div>\n\t\t\t\t<div class=\"elementor-element elementor-element-5828615 elementor-widget elementor-widget-text-editor\" data-id=\"5828615\" data-element_type=\"widget\" data-widget_type=\"text-editor.default\">\n\t\t\t\t<div class=\"elementor-widget-container\">\n\t\t\t\t\t\t\t\t\tI rivestimenti PVD (deposizione fisica da vapore) privi di sottoprodotti pericolosi o composti organici volatili sono ecocompatibili. Questi rivestimenti migliorano la durata, la resistenza alla corrosione e all&#039;usura, prolungando la vita utile dei nostri impianti. Inoltre, la tecnologia PVD consente un utilizzo efficiente delle risorse, riducendo gli sprechi di materiale e il consumo energetico durante il processo di produzione.\n\n\t\t\t\t\t\t\t\t<\/div>\n\t\t\t\t<\/div>\n\t\t\t\t<\/div>\n\t\t<div class=\"elementor-element elementor-element-4d9ebcd e-con-full e-flex e-con e-parent\" data-id=\"4d9ebcd\" data-element_type=\"container\">\n\t\t\t\t<div class=\"elementor-element elementor-element-856f112 elementor-widget elementor-widget-image\" data-id=\"856f112\" data-element_type=\"widget\" data-widget_type=\"image.default\">\n\t\t\t\t<div class=\"elementor-widget-container\">\n\t\t\t\t\t\t\t\t\t\t\t\t\t\t\t<img loading=\"lazy\" decoding=\"async\" width=\"1200\" height=\"800\" src=\"https:\/\/watersino.net\/wp-content\/uploads\/2023\/08\/P05_S04_2.webp\" class=\"attachment-full size-full wp-image-6330\" alt=\"P05 S04 2\" srcset=\"https:\/\/watersino.net\/wp-content\/uploads\/2023\/08\/P05_S04_2.webp 1200w, https:\/\/watersino.net\/wp-content\/uploads\/2023\/08\/P05_S04_2-300x200.webp 300w, https:\/\/watersino.net\/wp-content\/uploads\/2023\/08\/P05_S04_2-1024x683.webp 1024w, https:\/\/watersino.net\/wp-content\/uploads\/2023\/08\/P05_S04_2-768x512.webp 768w, https:\/\/watersino.net\/wp-content\/uploads\/2023\/08\/P05_S04_2-600x400.webp 600w\" sizes=\"(max-width: 1200px) 100vw, 1200px\" \/>\t\t\t\t\t\t\t\t\t\t\t\t\t\t\t<\/div>\n\t\t\t\t<\/div>\n\t\t\t\t<\/div>\n\t\t\t\t<\/div>\n\t\t<div class=\"elementor-element elementor-element-f52e5e3 e-flex e-con-boxed e-con e-parent\" data-id=\"f52e5e3\" data-element_type=\"container\" data-settings=\"{&quot;background_background&quot;:&quot;classic&quot;}\">\n\t\t\t\t\t<div class=\"e-con-inner\">\n\t\t<div class=\"elementor-element elementor-element-5e3eca7 e-con-full e-flex e-con e-parent\" data-id=\"5e3eca7\" data-element_type=\"container\">\n\t\t\t\t<div class=\"elementor-element elementor-element-01bbab5 elementor-widget elementor-widget-heading\" data-id=\"01bbab5\" data-element_type=\"widget\" data-widget_type=\"heading.default\">\n\t\t\t\t<div class=\"elementor-widget-container\">\n\t\t\t\t\t<h2 class=\"elementor-heading-title elementor-size-default\">Progettazione di rubinetti a basso consumo idrico\n\n<\/h2>\t\t\t\t<\/div>\n\t\t\t\t<\/div>\n\t\t\t\t<div class=\"elementor-element elementor-element-740f905 elementor-widget elementor-widget-text-editor\" data-id=\"740f905\" data-element_type=\"widget\" data-widget_type=\"text-editor.default\">\n\t\t\t\t<div class=\"elementor-widget-container\">\n\t\t\t\t\t\t\t\t\tImpegnata da oltre 10 anni nella definizione di standard globali, Watersino vanta una vasta esperienza nella progettazione e nel controllo di rubinetti per soddisfare i requisiti e gli standard di risparmio idrico. Offriamo rubinetti a risparmio idrico specificamente progettati per aree attente al risparmio idrico, tra cui rubinetti con ritardo, rubinetti con sensore e rubinetti a pedale.\t\t\t\t\t\t\t\t<\/div>\n\t\t\t\t<\/div>\n\t\t\t\t<\/div>\n\t\t<div class=\"elementor-element elementor-element-23d176a e-con-full e-flex e-con e-parent\" data-id=\"23d176a\" data-element_type=\"container\">\n\t\t\t\t<div class=\"elementor-element elementor-element-d10a4d0 elementor-widget elementor-widget-image\" data-id=\"d10a4d0\" data-element_type=\"widget\" data-widget_type=\"image.default\">\n\t\t\t\t<div class=\"elementor-widget-container\">\n\t\t\t\t\t\t\t\t\t\t\t\t\t\t\t<img loading=\"lazy\" decoding=\"async\" width=\"900\" height=\"600\" src=\"https:\/\/watersino.net\/wp-content\/uploads\/2023\/09\/P06_S05.webp\" class=\"attachment-full size-full wp-image-6631\" alt=\"P06 S05\" srcset=\"https:\/\/watersino.net\/wp-content\/uploads\/2023\/09\/P06_S05.webp 900w, https:\/\/watersino.net\/wp-content\/uploads\/2023\/09\/P06_S05-300x200.webp 300w, https:\/\/watersino.net\/wp-content\/uploads\/2023\/09\/P06_S05-768x512.webp 768w, https:\/\/watersino.net\/wp-content\/uploads\/2023\/09\/P06_S05-600x400.webp 600w\" sizes=\"(max-width: 900px) 100vw, 900px\" \/>\t\t\t\t\t\t\t\t\t\t\t\t\t\t\t<\/div>\n\t\t\t\t<\/div>\n\t\t\t\t<\/div>\n\t\t\t\t\t<\/div>\n\t\t\t\t<\/div>\n\t\t\t\t<\/div>","protected":false},"excerpt":{"rendered":"<p>Sostenibilit\u00e0 Watersino si impegna per la sostenibilit\u00e0, offrendo sanitari ecocompatibili in ogni aspetto, dai materiali alla tecnologia. Scopri il nostro impegno per un futuro pi\u00f9 verde con i nostri sanitari sostenibili. Home &gt; Impegni per la sostenibilit\u00e0: rendere i sanitari e le cucine sostenibili una realt\u00e0 \u00e8 un impegno a cui Watersino si dedica con impegno. Utilizziamo materiali ecocompatibili, metodi di risparmio idrico e alternative a basso consumo energetico [\u2026]<\/p>","protected":false},"author":2,"featured_media":0,"parent":0,"menu_order":0,"comment_status":"closed","ping_status":"closed","template":"","meta":{"_acf_changed":false,"two_page_speed":[],"footnotes":""},"class_list":["post-3818","page","type-page","status-publish","hentry"],"acf":[],"yoast_head":"<!-- This site is optimized with the Yoast SEO plugin v26.6 - https:\/\/yoast.com\/wordpress\/plugins\/seo\/ -->\n<title>Fulfilling Sustainability in Faucet Manufacturing | Watersino<\/title>\n<meta name=\"description\" content=\"Elevate your offerings with Watersino, a faucet manufacturer committed to non-hazardous metal, durable PVD coating finishes, and water-efficient designs.\" \/>\n<meta name=\"robots\" content=\"index, follow, max-snippet:-1, max-image-preview:large, max-video-preview:-1\" \/>\n<link rel=\"canonical\" href=\"https:\/\/watersino.net\/it\/sustainability\/\" \/>\n<meta property=\"og:locale\" content=\"it_IT\" \/>\n<meta property=\"og:type\" content=\"article\" \/>\n<meta property=\"og:title\" content=\"Fulfilling Sustainability in Faucet Manufacturing | Watersino\" \/>\n<meta property=\"og:description\" content=\"Elevate your offerings with Watersino, a faucet manufacturer committed to non-hazardous metal, durable PVD coating finishes, and water-efficient designs.\" \/>\n<meta property=\"og:url\" content=\"https:\/\/watersino.net\/it\/sustainability\/\" \/>\n<meta property=\"og:site_name\" content=\"Watersino\" \/>\n<meta property=\"article:modified_time\" content=\"2023-10-23T06:46:54+00:00\" \/>\n<meta property=\"og:image\" content=\"https:\/\/watersino.net\/wp-content\/uploads\/2023\/08\/P01_S06_2.webp\" \/>\n<meta name=\"twitter:card\" content=\"summary_large_image\" \/>\n<meta name=\"twitter:label1\" content=\"Tempo di lettura stimato\" \/>\n\t<meta name=\"twitter:data1\" content=\"3 minuti\" \/>\n<script type=\"application\/ld+json\" class=\"yoast-schema-graph\">{\"@context\":\"https:\/\/schema.org\",\"@graph\":[{\"@type\":\"WebPage\",\"@id\":\"https:\/\/watersino.net\/sustainability\/\",\"url\":\"https:\/\/watersino.net\/sustainability\/\",\"name\":\"Fulfilling Sustainability in Faucet Manufacturing | Watersino\",\"isPartOf\":{\"@id\":\"https:\/\/watersino.net\/#website\"},\"primaryImageOfPage\":{\"@id\":\"https:\/\/watersino.net\/sustainability\/#primaryimage\"},\"image\":{\"@id\":\"https:\/\/watersino.net\/sustainability\/#primaryimage\"},\"thumbnailUrl\":\"https:\/\/watersino.net\/wp-content\/uploads\/2023\/08\/P01_S06_2.webp\",\"datePublished\":\"2023-08-10T02:04:45+00:00\",\"dateModified\":\"2023-10-23T06:46:54+00:00\",\"description\":\"Elevate your offerings with Watersino, a faucet manufacturer committed to non-hazardous metal, durable PVD coating finishes, and water-efficient designs.\",\"breadcrumb\":{\"@id\":\"https:\/\/watersino.net\/sustainability\/#breadcrumb\"},\"inLanguage\":\"it-IT\",\"potentialAction\":[{\"@type\":\"ReadAction\",\"target\":[\"https:\/\/watersino.net\/sustainability\/\"]}]},{\"@type\":\"ImageObject\",\"inLanguage\":\"it-IT\",\"@id\":\"https:\/\/watersino.net\/sustainability\/#primaryimage\",\"url\":\"https:\/\/watersino.net\/wp-content\/uploads\/2023\/08\/P01_S06_2.webp\",\"contentUrl\":\"https:\/\/watersino.net\/wp-content\/uploads\/2023\/08\/P01_S06_2.webp\"},{\"@type\":\"BreadcrumbList\",\"@id\":\"https:\/\/watersino.net\/sustainability\/#breadcrumb\",\"itemListElement\":[{\"@type\":\"ListItem\",\"position\":1,\"name\":\"Home\",\"item\":\"https:\/\/watersino.net\/\"},{\"@type\":\"ListItem\",\"position\":2,\"name\":\"Sustainability\"}]},{\"@type\":\"WebSite\",\"@id\":\"https:\/\/watersino.net\/#website\",\"url\":\"https:\/\/watersino.net\/\",\"name\":\"Watersino\",\"description\":\"\",\"potentialAction\":[{\"@type\":\"SearchAction\",\"target\":{\"@type\":\"EntryPoint\",\"urlTemplate\":\"https:\/\/watersino.net\/?s={search_term_string}\"},\"query-input\":{\"@type\":\"PropertyValueSpecification\",\"valueRequired\":true,\"valueName\":\"search_term_string\"}}],\"inLanguage\":\"it-IT\"}]}<\/script>\n<!-- \/ Yoast SEO plugin. -->","yoast_head_json":{"title":"Sostenibilit\u00e0 nella produzione di rubinetti | Watersino","description":"Arricchisci la tua offerta con Watersino, un produttore di rubinetti che si impegna a utilizzare metalli non pericolosi, finiture con rivestimento PVD resistenti e design a basso consumo idrico.","robots":{"index":"index","follow":"follow","max-snippet":"max-snippet:-1","max-image-preview":"max-image-preview:large","max-video-preview":"max-video-preview:-1"},"canonical":"https:\/\/watersino.net\/it\/sustainability\/","og_locale":"it_IT","og_type":"article","og_title":"Fulfilling Sustainability in Faucet Manufacturing | Watersino","og_description":"Elevate your offerings with Watersino, a faucet manufacturer committed to non-hazardous metal, durable PVD coating finishes, and water-efficient designs.","og_url":"https:\/\/watersino.net\/it\/sustainability\/","og_site_name":"Watersino","article_modified_time":"2023-10-23T06:46:54+00:00","og_image":[{"url":"https:\/\/watersino.net\/wp-content\/uploads\/2023\/08\/P01_S06_2.webp","type":"","width":"","height":""}],"twitter_card":"summary_large_image","twitter_misc":{"Tempo di lettura stimato":"3 minuti"},"schema":{"@context":"https:\/\/schema.org","@graph":[{"@type":"WebPage","@id":"https:\/\/watersino.net\/sustainability\/","url":"https:\/\/watersino.net\/sustainability\/","name":"Sostenibilit\u00e0 nella produzione di rubinetti | Watersino","isPartOf":{"@id":"https:\/\/watersino.net\/#website"},"primaryImageOfPage":{"@id":"https:\/\/watersino.net\/sustainability\/#primaryimage"},"image":{"@id":"https:\/\/watersino.net\/sustainability\/#primaryimage"},"thumbnailUrl":"https:\/\/watersino.net\/wp-content\/uploads\/2023\/08\/P01_S06_2.webp","datePublished":"2023-08-10T02:04:45+00:00","dateModified":"2023-10-23T06:46:54+00:00","description":"Arricchisci la tua offerta con Watersino, un produttore di rubinetti che si impegna a utilizzare metalli non pericolosi, finiture con rivestimento PVD resistenti e design a basso consumo idrico.","breadcrumb":{"@id":"https:\/\/watersino.net\/sustainability\/#breadcrumb"},"inLanguage":"it-IT","potentialAction":[{"@type":"ReadAction","target":["https:\/\/watersino.net\/sustainability\/"]}]},{"@type":"ImageObject","inLanguage":"it-IT","@id":"https:\/\/watersino.net\/sustainability\/#primaryimage","url":"https:\/\/watersino.net\/wp-content\/uploads\/2023\/08\/P01_S06_2.webp","contentUrl":"https:\/\/watersino.net\/wp-content\/uploads\/2023\/08\/P01_S06_2.webp"},{"@type":"BreadcrumbList","@id":"https:\/\/watersino.net\/sustainability\/#breadcrumb","itemListElement":[{"@type":"ListItem","position":1,"name":"Home","item":"https:\/\/watersino.net\/"},{"@type":"ListItem","position":2,"name":"Sustainability"}]},{"@type":"WebSite","@id":"https:\/\/watersino.net\/#website","url":"https:\/\/watersino.net\/","name":"Watersino","description":"","potentialAction":[{"@type":"SearchAction","target":{"@type":"EntryPoint","urlTemplate":"https:\/\/watersino.net\/?s={search_term_string}"},"query-input":{"@type":"PropertyValueSpecification","valueRequired":true,"valueName":"search_term_string"}}],"inLanguage":"it-IT"}]}},"_links":{"self":[{"href":"https:\/\/watersino.net\/it\/wp-json\/wp\/v2\/pages\/3818","targetHints":{"allow":["GET"]}}],"collection":[{"href":"https:\/\/watersino.net\/it\/wp-json\/wp\/v2\/pages"}],"about":[{"href":"https:\/\/watersino.net\/it\/wp-json\/wp\/v2\/types\/page"}],"author":[{"embeddable":true,"href":"https:\/\/watersino.net\/it\/wp-json\/wp\/v2\/users\/2"}],"replies":[{"embeddable":true,"href":"https:\/\/watersino.net\/it\/wp-json\/wp\/v2\/comments?post=3818"}],"version-history":[{"count":0,"href":"https:\/\/watersino.net\/it\/wp-json\/wp\/v2\/pages\/3818\/revisions"}],"wp:attachment":[{"href":"https:\/\/watersino.net\/it\/wp-json\/wp\/v2\/media?parent=3818"}],"curies":[{"name":"wp","href":"https:\/\/api.w.org\/{rel}","templated":true}]}}