{"id":9462,"date":"2023-10-11T06:13:51","date_gmt":"2023-10-11T06:13:51","guid":{"rendered":"https:\/\/watersino.net\/?post_type=product&#038;p=9462"},"modified":"2023-11-21T02:10:03","modified_gmt":"2023-11-21T02:10:03","slug":"colorful-pull-out-single-hose-kitchen-faucet-with-sprayer","status":"publish","type":"product","link":"https:\/\/watersino.net\/hr\/product\/colorful-pull-out-single-hose-kitchen-faucet-with-sprayer\/","title":{"rendered":"\u0160arena izvla\u010dna kuhinjska slavina s jednim crijevom i raspr\u0161iva\u010dem"},"content":{"rendered":"","protected":false},"featured_media":9470,"template":"","product_category":[52,53],"products_tags":[63,68],"class_list":["post-9462","product","type-product","status-publish","has-post-thumbnail","hentry","product_category-kitchen","product_category-kitchen-faucet","products_tags-watermark","products_tags-ce"],"acf":[],"yoast_head":"<!-- This site is optimized with the Yoast SEO plugin v26.6 - https:\/\/yoast.com\/wordpress\/plugins\/seo\/ -->\n<title>Colorful Pull Out Single Hose Kitchen Faucet with Sprayer - Watersino<\/title>\n<meta name=\"robots\" content=\"index, follow, max-snippet:-1, max-image-preview:large, max-video-preview:-1\" \/>\n<link rel=\"canonical\" href=\"https:\/\/watersino.net\/hr\/product\/colorful-pull-out-single-hose-kitchen-faucet-with-sprayer\/\" \/>\n<meta property=\"og:locale\" content=\"hr_HR\" \/>\n<meta property=\"og:type\" content=\"article\" \/>\n<meta property=\"og:title\" content=\"Colorful Pull Out Single Hose Kitchen Faucet with Sprayer - Watersino\" \/>\n<meta property=\"og:url\" content=\"https:\/\/watersino.net\/hr\/product\/colorful-pull-out-single-hose-kitchen-faucet-with-sprayer\/\" \/>\n<meta property=\"og:site_name\" content=\"Watersino\" \/>\n<meta property=\"article:modified_time\" content=\"2023-11-21T02:10:03+00:00\" \/>\n<meta property=\"og:image\" content=\"https:\/\/watersino.net\/wp-content\/uploads\/2023\/10\/\u672a\u6807\u9898-1_0006_WK1086-black.jpg\" \/>\n\t<meta property=\"og:image:width\" content=\"800\" \/>\n\t<meta property=\"og:image:height\" content=\"800\" \/>\n\t<meta property=\"og:image:type\" content=\"image\/jpeg\" \/>\n<meta name=\"twitter:card\" content=\"summary_large_image\" \/>\n<script type=\"application\/ld+json\" class=\"yoast-schema-graph\">{\"@context\":\"https:\/\/schema.org\",\"@graph\":[{\"@type\":\"WebPage\",\"@id\":\"https:\/\/watersino.net\/product\/colorful-pull-out-single-hose-kitchen-faucet-with-sprayer\/\",\"url\":\"https:\/\/watersino.net\/product\/colorful-pull-out-single-hose-kitchen-faucet-with-sprayer\/\",\"name\":\"Colorful Pull Out Single Hose Kitchen Faucet with Sprayer - Watersino\",\"isPartOf\":{\"@id\":\"https:\/\/watersino.net\/#website\"},\"primaryImageOfPage\":{\"@id\":\"https:\/\/watersino.net\/product\/colorful-pull-out-single-hose-kitchen-faucet-with-sprayer\/#primaryimage\"},\"image\":{\"@id\":\"https:\/\/watersino.net\/product\/colorful-pull-out-single-hose-kitchen-faucet-with-sprayer\/#primaryimage\"},\"thumbnailUrl\":\"https:\/\/watersino.net\/wp-content\/uploads\/2023\/10\/\u672a\u6807\u9898-1_0006_WK1086-black.jpg\",\"datePublished\":\"2023-10-11T06:13:51+00:00\",\"dateModified\":\"2023-11-21T02:10:03+00:00\",\"breadcrumb\":{\"@id\":\"https:\/\/watersino.net\/product\/colorful-pull-out-single-hose-kitchen-faucet-with-sprayer\/#breadcrumb\"},\"inLanguage\":\"hr\",\"potentialAction\":[{\"@type\":\"ReadAction\",\"target\":[\"https:\/\/watersino.net\/product\/colorful-pull-out-single-hose-kitchen-faucet-with-sprayer\/\"]}]},{\"@type\":\"ImageObject\",\"inLanguage\":\"hr\",\"@id\":\"https:\/\/watersino.net\/product\/colorful-pull-out-single-hose-kitchen-faucet-with-sprayer\/#primaryimage\",\"url\":\"https:\/\/watersino.net\/wp-content\/uploads\/2023\/10\/\u672a\u6807\u9898-1_0006_WK1086-black.jpg\",\"contentUrl\":\"https:\/\/watersino.net\/wp-content\/uploads\/2023\/10\/\u672a\u6807\u9898-1_0006_WK1086-black.jpg\",\"width\":800,\"height\":800,\"caption\":\"\u672a\u6807\u9898 1 0006 WK1086 black\"},{\"@type\":\"BreadcrumbList\",\"@id\":\"https:\/\/watersino.net\/product\/colorful-pull-out-single-hose-kitchen-faucet-with-sprayer\/#breadcrumb\",\"itemListElement\":[{\"@type\":\"ListItem\",\"position\":1,\"name\":\"Home\",\"item\":\"https:\/\/watersino.net\/\"},{\"@type\":\"ListItem\",\"position\":2,\"name\":\"Product\",\"item\":\"https:\/\/watersino.net\/product\/\"},{\"@type\":\"ListItem\",\"position\":3,\"name\":\"Colorful Pull Out Single Hose Kitchen Faucet with Sprayer\"}]},{\"@type\":\"WebSite\",\"@id\":\"https:\/\/watersino.net\/#website\",\"url\":\"https:\/\/watersino.net\/\",\"name\":\"Watersino\",\"description\":\"\",\"potentialAction\":[{\"@type\":\"SearchAction\",\"target\":{\"@type\":\"EntryPoint\",\"urlTemplate\":\"https:\/\/watersino.net\/?s={search_term_string}\"},\"query-input\":{\"@type\":\"PropertyValueSpecification\",\"valueRequired\":true,\"valueName\":\"search_term_string\"}}],\"inLanguage\":\"hr\"}]}<\/script>\n<!-- \/ Yoast SEO plugin. -->","yoast_head_json":{"title":"\u0160arena izvla\u010dna kuhinjska slavina s jednim crijevom i raspr\u0161iva\u010dem - Watersino","robots":{"index":"index","follow":"follow","max-snippet":"max-snippet:-1","max-image-preview":"max-image-preview:large","max-video-preview":"max-video-preview:-1"},"canonical":"https:\/\/watersino.net\/hr\/product\/colorful-pull-out-single-hose-kitchen-faucet-with-sprayer\/","og_locale":"hr_HR","og_type":"article","og_title":"Colorful Pull Out Single Hose Kitchen Faucet with Sprayer - Watersino","og_url":"https:\/\/watersino.net\/hr\/product\/colorful-pull-out-single-hose-kitchen-faucet-with-sprayer\/","og_site_name":"Watersino","article_modified_time":"2023-11-21T02:10:03+00:00","og_image":[{"width":800,"height":800,"url":"https:\/\/watersino.net\/wp-content\/uploads\/2023\/10\/\u672a\u6807\u9898-1_0006_WK1086-black.jpg","type":"image\/jpeg"}],"twitter_card":"summary_large_image","schema":{"@context":"https:\/\/schema.org","@graph":[{"@type":"WebPage","@id":"https:\/\/watersino.net\/product\/colorful-pull-out-single-hose-kitchen-faucet-with-sprayer\/","url":"https:\/\/watersino.net\/product\/colorful-pull-out-single-hose-kitchen-faucet-with-sprayer\/","name":"\u0160arena izvla\u010dna kuhinjska slavina s jednim crijevom i raspr\u0161iva\u010dem - Watersino","isPartOf":{"@id":"https:\/\/watersino.net\/#website"},"primaryImageOfPage":{"@id":"https:\/\/watersino.net\/product\/colorful-pull-out-single-hose-kitchen-faucet-with-sprayer\/#primaryimage"},"image":{"@id":"https:\/\/watersino.net\/product\/colorful-pull-out-single-hose-kitchen-faucet-with-sprayer\/#primaryimage"},"thumbnailUrl":"https:\/\/watersino.net\/wp-content\/uploads\/2023\/10\/\u672a\u6807\u9898-1_0006_WK1086-black.jpg","datePublished":"2023-10-11T06:13:51+00:00","dateModified":"2023-11-21T02:10:03+00:00","breadcrumb":{"@id":"https:\/\/watersino.net\/product\/colorful-pull-out-single-hose-kitchen-faucet-with-sprayer\/#breadcrumb"},"inLanguage":"hr","potentialAction":[{"@type":"ReadAction","target":["https:\/\/watersino.net\/product\/colorful-pull-out-single-hose-kitchen-faucet-with-sprayer\/"]}]},{"@type":"ImageObject","inLanguage":"hr","@id":"https:\/\/watersino.net\/product\/colorful-pull-out-single-hose-kitchen-faucet-with-sprayer\/#primaryimage","url":"https:\/\/watersino.net\/wp-content\/uploads\/2023\/10\/\u672a\u6807\u9898-1_0006_WK1086-black.jpg","contentUrl":"https:\/\/watersino.net\/wp-content\/uploads\/2023\/10\/\u672a\u6807\u9898-1_0006_WK1086-black.jpg","width":800,"height":800,"caption":"\u672a\u6807\u9898 1 0006 WK1086 black"},{"@type":"BreadcrumbList","@id":"https:\/\/watersino.net\/product\/colorful-pull-out-single-hose-kitchen-faucet-with-sprayer\/#breadcrumb","itemListElement":[{"@type":"ListItem","position":1,"name":"Home","item":"https:\/\/watersino.net\/"},{"@type":"ListItem","position":2,"name":"Product","item":"https:\/\/watersino.net\/product\/"},{"@type":"ListItem","position":3,"name":"Colorful Pull Out Single Hose Kitchen Faucet with Sprayer"}]},{"@type":"WebSite","@id":"https:\/\/watersino.net\/#website","url":"https:\/\/watersino.net\/","name":"Watersino","description":"","potentialAction":[{"@type":"SearchAction","target":{"@type":"EntryPoint","urlTemplate":"https:\/\/watersino.net\/?s={search_term_string}"},"query-input":{"@type":"PropertyValueSpecification","valueRequired":true,"valueName":"search_term_string"}}],"inLanguage":"hr"}]}},"_links":{"self":[{"href":"https:\/\/watersino.net\/hr\/wp-json\/wp\/v2\/product\/9462","targetHints":{"allow":["GET"]}}],"collection":[{"href":"https:\/\/watersino.net\/hr\/wp-json\/wp\/v2\/product"}],"about":[{"href":"https:\/\/watersino.net\/hr\/wp-json\/wp\/v2\/types\/product"}],"wp:featuredmedia":[{"embeddable":true,"href":"https:\/\/watersino.net\/hr\/wp-json\/wp\/v2\/media\/9470"}],"wp:attachment":[{"href":"https:\/\/watersino.net\/hr\/wp-json\/wp\/v2\/media?parent=9462"}],"wp:term":[{"taxonomy":"product_category","embeddable":true,"href":"https:\/\/watersino.net\/hr\/wp-json\/wp\/v2\/product_category?post=9462"},{"taxonomy":"products_tags","embeddable":true,"href":"https:\/\/watersino.net\/hr\/wp-json\/wp\/v2\/products_tags?post=9462"}],"curies":[{"name":"wp","href":"https:\/\/api.w.org\/{rel}","templated":true}]}}