{"id":14501,"date":"2025-10-15T06:51:05","date_gmt":"2025-10-15T06:51:05","guid":{"rendered":"https:\/\/watersino.net\/?post_type=product&#038;p=14501"},"modified":"2025-11-28T02:55:56","modified_gmt":"2025-11-28T02:55:56","slug":"solid-brass-wall-tap-set-wall-mount-pin-lever-mixer-with-tube-basin-spout","status":"publish","type":"product","link":"https:\/\/watersino.net\/hr\/product\/solid-brass-wall-tap-set-wall-mount-pin-lever-mixer-with-tube-basin-spout\/","title":{"rendered":"Solid Brass Wall Tap Set Wall Mount Pin Lever Mixer with Tube Basin Spout"},"content":{"rendered":"<p>Kao pouzdan partner izvo\u0111a\u010dima radova i dobavlja\u010dima, pru\u017eamo&nbsp;<strong>rje\u0161enja za kupaonski hardver na jednom mjestu<\/strong>, \u010dime se uklanja gnjava\u017ea koordinacije s vi\u0161e dobavlja\u010da ponudom slavina, tu\u0161eva, pribora i jo\u0161 mnogo toga. Na\u0161 \u0161iroki asortiman proizvoda uklju\u010duje preko 1000 proizvoda certificiranih Watermarkom, sa sveobuhvatnim globalnim certifikatima kao \u0161to su WELS, WRAS, UPC, CE, ACS i SAA kako bi se osigurala uskla\u0111enost na svim tr\u017ei\u0161tima. Podr\u017eavamo velike narud\u017ebe, fleksibilnu prilagodbu (uskla\u0111ivanje zavr\u0161ne obrade, prilagodbe dimenzija) i odr\u017eavamo dosljednu kontrolu kvalitete s pouzdanim rokovima isporuke - \u0161to vam omogu\u0107uje da ispunite rokove projekta, smanjite rizike nabave i u\u010dinkovito zadovoljite raznolike zahtjeve klijenata.<\/p>\n\n\n\n<p>Watersino presents its round wall-mounted mixer, a sophisticated fusion of architectural precision and mechanical elegance. The collection features a harmoniously balanced design where a substantial round wall plate with graduated edge detailing provides a commanding presence, perfectly complementing the structural tube spout that extends in multiple projection options.<\/p>\n\n\n\n<p><\/p>","protected":false},"featured_media":14418,"template":"","product_category":[57,86],"products_tags":[63],"class_list":["post-14501","product","type-product","status-publish","has-post-thumbnail","hentry","product_category-bathroom-faucet","product_category-wall-mounted-basin-faucet","products_tags-watermark"],"acf":[],"yoast_head":"<!-- This site is optimized with the Yoast SEO plugin v26.6 - https:\/\/yoast.com\/wordpress\/plugins\/seo\/ -->\n<title>Solid Brass Wall Tap Set Wall Mount Pin Lever Mixer with Tube Basin Spout - Watersino<\/title>\n<meta name=\"description\" content=\"A wall-mounted mixer that turns water into an art form, providing reliable performance and elegant style.\" \/>\n<meta name=\"robots\" content=\"index, follow, max-snippet:-1, max-image-preview:large, max-video-preview:-1\" \/>\n<link rel=\"canonical\" href=\"https:\/\/watersino.net\/hr\/product\/solid-brass-wall-tap-set-wall-mount-pin-lever-mixer-with-tube-basin-spout\/\" \/>\n<meta property=\"og:locale\" content=\"hr_HR\" \/>\n<meta property=\"og:type\" content=\"article\" \/>\n<meta property=\"og:title\" content=\"Solid Brass Wall Tap Set Wall Mount Pin Lever Mixer with Tube Basin Spout - Watersino\" \/>\n<meta property=\"og:description\" content=\"A wall-mounted mixer that turns water into an art form, providing reliable performance and elegant style.\" \/>\n<meta property=\"og:url\" content=\"https:\/\/watersino.net\/hr\/product\/solid-brass-wall-tap-set-wall-mount-pin-lever-mixer-with-tube-basin-spout\/\" \/>\n<meta property=\"og:site_name\" content=\"Watersino\" \/>\n<meta property=\"article:modified_time\" content=\"2025-11-28T02:55:56+00:00\" \/>\n<meta property=\"og:image\" content=\"https:\/\/watersino.net\/wp-content\/uploads\/2025\/10\/WB862_9.png\" \/>\n\t<meta property=\"og:image:width\" content=\"600\" \/>\n\t<meta property=\"og:image:height\" content=\"600\" \/>\n\t<meta property=\"og:image:type\" content=\"image\/png\" \/>\n<meta name=\"twitter:card\" content=\"summary_large_image\" \/>\n<meta name=\"twitter:label1\" content=\"Procijenjeno vrijeme \u010ditanja\" \/>\n\t<meta name=\"twitter:data1\" content=\"1 minuta\" \/>\n<script type=\"application\/ld+json\" class=\"yoast-schema-graph\">{\"@context\":\"https:\/\/schema.org\",\"@graph\":[{\"@type\":\"WebPage\",\"@id\":\"https:\/\/watersino.net\/product\/solid-brass-wall-tap-set-wall-mount-pin-lever-mixer-with-tube-basin-spout\/\",\"url\":\"https:\/\/watersino.net\/product\/solid-brass-wall-tap-set-wall-mount-pin-lever-mixer-with-tube-basin-spout\/\",\"name\":\"Solid Brass Wall Tap Set Wall Mount Pin Lever Mixer with Tube Basin Spout - Watersino\",\"isPartOf\":{\"@id\":\"https:\/\/watersino.net\/#website\"},\"primaryImageOfPage\":{\"@id\":\"https:\/\/watersino.net\/product\/solid-brass-wall-tap-set-wall-mount-pin-lever-mixer-with-tube-basin-spout\/#primaryimage\"},\"image\":{\"@id\":\"https:\/\/watersino.net\/product\/solid-brass-wall-tap-set-wall-mount-pin-lever-mixer-with-tube-basin-spout\/#primaryimage\"},\"thumbnailUrl\":\"https:\/\/watersino.net\/wp-content\/uploads\/2025\/10\/WB862_9.png\",\"datePublished\":\"2025-10-15T06:51:05+00:00\",\"dateModified\":\"2025-11-28T02:55:56+00:00\",\"description\":\"A wall-mounted mixer that turns water into an art form, providing reliable performance and elegant style.\",\"breadcrumb\":{\"@id\":\"https:\/\/watersino.net\/product\/solid-brass-wall-tap-set-wall-mount-pin-lever-mixer-with-tube-basin-spout\/#breadcrumb\"},\"inLanguage\":\"hr\",\"potentialAction\":[{\"@type\":\"ReadAction\",\"target\":[\"https:\/\/watersino.net\/product\/solid-brass-wall-tap-set-wall-mount-pin-lever-mixer-with-tube-basin-spout\/\"]}]},{\"@type\":\"ImageObject\",\"inLanguage\":\"hr\",\"@id\":\"https:\/\/watersino.net\/product\/solid-brass-wall-tap-set-wall-mount-pin-lever-mixer-with-tube-basin-spout\/#primaryimage\",\"url\":\"https:\/\/watersino.net\/wp-content\/uploads\/2025\/10\/WB862_9.png\",\"contentUrl\":\"https:\/\/watersino.net\/wp-content\/uploads\/2025\/10\/WB862_9.png\",\"width\":600,\"height\":600,\"caption\":\"WB862 9\"},{\"@type\":\"BreadcrumbList\",\"@id\":\"https:\/\/watersino.net\/product\/solid-brass-wall-tap-set-wall-mount-pin-lever-mixer-with-tube-basin-spout\/#breadcrumb\",\"itemListElement\":[{\"@type\":\"ListItem\",\"position\":1,\"name\":\"Home\",\"item\":\"https:\/\/watersino.net\/\"},{\"@type\":\"ListItem\",\"position\":2,\"name\":\"Product\",\"item\":\"https:\/\/watersino.net\/product\/\"},{\"@type\":\"ListItem\",\"position\":3,\"name\":\"Solid Brass Wall Tap Set Wall Mount Pin Lever Mixer with Tube Basin Spout\"}]},{\"@type\":\"WebSite\",\"@id\":\"https:\/\/watersino.net\/#website\",\"url\":\"https:\/\/watersino.net\/\",\"name\":\"Watersino\",\"description\":\"\",\"potentialAction\":[{\"@type\":\"SearchAction\",\"target\":{\"@type\":\"EntryPoint\",\"urlTemplate\":\"https:\/\/watersino.net\/?s={search_term_string}\"},\"query-input\":{\"@type\":\"PropertyValueSpecification\",\"valueRequired\":true,\"valueName\":\"search_term_string\"}}],\"inLanguage\":\"hr\"}]}<\/script>\n<!-- \/ Yoast SEO plugin. -->","yoast_head_json":{"title":"Solid Brass Wall Tap Set Wall Mount Pin Lever Mixer with Tube Basin Spout - Watersino","description":"A wall-mounted mixer that turns water into an art form, providing reliable performance and elegant style.","robots":{"index":"index","follow":"follow","max-snippet":"max-snippet:-1","max-image-preview":"max-image-preview:large","max-video-preview":"max-video-preview:-1"},"canonical":"https:\/\/watersino.net\/hr\/product\/solid-brass-wall-tap-set-wall-mount-pin-lever-mixer-with-tube-basin-spout\/","og_locale":"hr_HR","og_type":"article","og_title":"Solid Brass Wall Tap Set Wall Mount Pin Lever Mixer with Tube Basin Spout - Watersino","og_description":"A wall-mounted mixer that turns water into an art form, providing reliable performance and elegant style.","og_url":"https:\/\/watersino.net\/hr\/product\/solid-brass-wall-tap-set-wall-mount-pin-lever-mixer-with-tube-basin-spout\/","og_site_name":"Watersino","article_modified_time":"2025-11-28T02:55:56+00:00","og_image":[{"width":600,"height":600,"url":"https:\/\/watersino.net\/wp-content\/uploads\/2025\/10\/WB862_9.png","type":"image\/png"}],"twitter_card":"summary_large_image","twitter_misc":{"Procijenjeno vrijeme \u010ditanja":"1 minuta"},"schema":{"@context":"https:\/\/schema.org","@graph":[{"@type":"WebPage","@id":"https:\/\/watersino.net\/product\/solid-brass-wall-tap-set-wall-mount-pin-lever-mixer-with-tube-basin-spout\/","url":"https:\/\/watersino.net\/product\/solid-brass-wall-tap-set-wall-mount-pin-lever-mixer-with-tube-basin-spout\/","name":"Solid Brass Wall Tap Set Wall Mount Pin Lever Mixer with Tube Basin Spout - Watersino","isPartOf":{"@id":"https:\/\/watersino.net\/#website"},"primaryImageOfPage":{"@id":"https:\/\/watersino.net\/product\/solid-brass-wall-tap-set-wall-mount-pin-lever-mixer-with-tube-basin-spout\/#primaryimage"},"image":{"@id":"https:\/\/watersino.net\/product\/solid-brass-wall-tap-set-wall-mount-pin-lever-mixer-with-tube-basin-spout\/#primaryimage"},"thumbnailUrl":"https:\/\/watersino.net\/wp-content\/uploads\/2025\/10\/WB862_9.png","datePublished":"2025-10-15T06:51:05+00:00","dateModified":"2025-11-28T02:55:56+00:00","description":"A wall-mounted mixer that turns water into an art form, providing reliable performance and elegant style.","breadcrumb":{"@id":"https:\/\/watersino.net\/product\/solid-brass-wall-tap-set-wall-mount-pin-lever-mixer-with-tube-basin-spout\/#breadcrumb"},"inLanguage":"hr","potentialAction":[{"@type":"ReadAction","target":["https:\/\/watersino.net\/product\/solid-brass-wall-tap-set-wall-mount-pin-lever-mixer-with-tube-basin-spout\/"]}]},{"@type":"ImageObject","inLanguage":"hr","@id":"https:\/\/watersino.net\/product\/solid-brass-wall-tap-set-wall-mount-pin-lever-mixer-with-tube-basin-spout\/#primaryimage","url":"https:\/\/watersino.net\/wp-content\/uploads\/2025\/10\/WB862_9.png","contentUrl":"https:\/\/watersino.net\/wp-content\/uploads\/2025\/10\/WB862_9.png","width":600,"height":600,"caption":"WB862 9"},{"@type":"BreadcrumbList","@id":"https:\/\/watersino.net\/product\/solid-brass-wall-tap-set-wall-mount-pin-lever-mixer-with-tube-basin-spout\/#breadcrumb","itemListElement":[{"@type":"ListItem","position":1,"name":"Home","item":"https:\/\/watersino.net\/"},{"@type":"ListItem","position":2,"name":"Product","item":"https:\/\/watersino.net\/product\/"},{"@type":"ListItem","position":3,"name":"Solid Brass Wall Tap Set Wall Mount Pin Lever Mixer with Tube Basin Spout"}]},{"@type":"WebSite","@id":"https:\/\/watersino.net\/#website","url":"https:\/\/watersino.net\/","name":"Watersino","description":"","potentialAction":[{"@type":"SearchAction","target":{"@type":"EntryPoint","urlTemplate":"https:\/\/watersino.net\/?s={search_term_string}"},"query-input":{"@type":"PropertyValueSpecification","valueRequired":true,"valueName":"search_term_string"}}],"inLanguage":"hr"}]}},"_links":{"self":[{"href":"https:\/\/watersino.net\/hr\/wp-json\/wp\/v2\/product\/14501","targetHints":{"allow":["GET"]}}],"collection":[{"href":"https:\/\/watersino.net\/hr\/wp-json\/wp\/v2\/product"}],"about":[{"href":"https:\/\/watersino.net\/hr\/wp-json\/wp\/v2\/types\/product"}],"wp:featuredmedia":[{"embeddable":true,"href":"https:\/\/watersino.net\/hr\/wp-json\/wp\/v2\/media\/14418"}],"wp:attachment":[{"href":"https:\/\/watersino.net\/hr\/wp-json\/wp\/v2\/media?parent=14501"}],"wp:term":[{"taxonomy":"product_category","embeddable":true,"href":"https:\/\/watersino.net\/hr\/wp-json\/wp\/v2\/product_category?post=14501"},{"taxonomy":"products_tags","embeddable":true,"href":"https:\/\/watersino.net\/hr\/wp-json\/wp\/v2\/products_tags?post=14501"}],"curies":[{"name":"wp","href":"https:\/\/api.w.org\/{rel}","templated":true}]}}