{"id":14320,"date":"2025-09-18T09:42:16","date_gmt":"2025-09-18T09:42:16","guid":{"rendered":"https:\/\/watersino.net\/?post_type=product&#038;p=14320"},"modified":"2025-12-03T01:12:52","modified_gmt":"2025-12-03T01:12:52","slug":"7-shaped-basin-faucet-watermark-bathroom-hardware-one-stop-service","status":"publish","type":"product","link":"https:\/\/watersino.net\/hr\/product\/7-shaped-basin-faucet-watermark-bathroom-hardware-one-stop-service\/","title":{"rendered":"Slavina za umivaonik u obliku 7 s vodenim \u017eigom - oprema za kupaonicu - sve na jednom mjestu"},"content":{"rendered":"<ul class=\"wp-block-list\"><\/ul>\n\n\n\n<p>WATERSINOPomo\u0107eni sna\u017enim proizvodnim i opskrbnim kapacitetima, idemo dalje od opskrbe pojedina\u010dnim proizvodima kako bismo ponudili uslugu na jednom mjestu za kupaonski hardver - pojednostavljuju\u0107i va\u0161 proces nabave pokrivaju\u0107i slavine, tu\u0161eve, hardverski pribor i jo\u0161 mnogo toga, eliminiraju\u0107i potrebu za koordinacijom s vi\u0161e dobavlja\u010da. Na\u0161 portfelj proizvoda uklju\u010duje preko 1000 artikala certificiranih od strane Watermarka, a posjedujemo i cijeli niz globalno autoritativnih certifikata kao \u0161to su WELS, WRAS, UPC, CE, ACS i SAA, osiguravaju\u0107i uskla\u0111enost s regionalnim standardima na razli\u010ditim tr\u017ei\u0161tima. Podr\u017eavamo velike narud\u017ebe, fleksibilnu prilagodbu (uklju\u010duju\u0107i uskla\u0111ivanje zavr\u0161ne obrade i prilagodbe veli\u010dine) te pru\u017eamo stabilne rokove isporuke i dosljednu kontrolu kvalitete - osna\u017euju\u0107i izvo\u0111a\u010de i dobavlja\u010de da ispune rokove projekta, smanje rizike nabave i s povjerenjem udovolje raznolikim zahtjevima klijenata.<\/p>","protected":false},"featured_media":14325,"template":"","product_category":[57,85],"products_tags":[63],"class_list":["post-14320","product","type-product","status-publish","has-post-thumbnail","hentry","product_category-bathroom-faucet","product_category-high-deck-mounted-faucet","products_tags-watermark"],"acf":[],"yoast_head":"<!-- This site is optimized with the Yoast SEO plugin v26.6 - https:\/\/yoast.com\/wordpress\/plugins\/seo\/ -->\n<title>7-Shaped Basin Faucet Watermark Bathroom Hardware One-Stop Service - Watersino<\/title>\n<meta name=\"description\" content=\"Basin faucets with 30+ custom finishes. Watermark certified Bathroom hardware one-stop service for contractors &amp; suppliers.\" \/>\n<meta name=\"robots\" content=\"index, follow, max-snippet:-1, max-image-preview:large, max-video-preview:-1\" \/>\n<link rel=\"canonical\" href=\"https:\/\/watersino.net\/hr\/product\/7-shaped-basin-faucet-watermark-bathroom-hardware-one-stop-service\/\" \/>\n<meta property=\"og:locale\" content=\"hr_HR\" \/>\n<meta property=\"og:type\" content=\"article\" \/>\n<meta property=\"og:title\" content=\"7-Shaped Basin Faucet Watermark Bathroom Hardware One-Stop Service - Watersino\" \/>\n<meta property=\"og:description\" content=\"Basin faucets with 30+ custom finishes. Watermark certified Bathroom hardware one-stop service for contractors &amp; suppliers.\" \/>\n<meta property=\"og:url\" content=\"https:\/\/watersino.net\/hr\/product\/7-shaped-basin-faucet-watermark-bathroom-hardware-one-stop-service\/\" \/>\n<meta property=\"og:site_name\" content=\"Watersino\" \/>\n<meta property=\"article:modified_time\" content=\"2025-12-03T01:12:52+00:00\" \/>\n<meta property=\"og:image\" content=\"https:\/\/watersino.net\/wp-content\/uploads\/2025\/09\/L2186_3.png\" \/>\n\t<meta property=\"og:image:width\" content=\"600\" \/>\n\t<meta property=\"og:image:height\" content=\"600\" \/>\n\t<meta property=\"og:image:type\" content=\"image\/png\" \/>\n<meta name=\"twitter:card\" content=\"summary_large_image\" \/>\n<meta name=\"twitter:label1\" content=\"Procijenjeno vrijeme \u010ditanja\" \/>\n\t<meta name=\"twitter:data1\" content=\"1 minuta\" \/>\n<script type=\"application\/ld+json\" class=\"yoast-schema-graph\">{\"@context\":\"https:\/\/schema.org\",\"@graph\":[{\"@type\":\"WebPage\",\"@id\":\"https:\/\/watersino.net\/product\/7-shaped-basin-faucet-watermark-bathroom-hardware-one-stop-service\/\",\"url\":\"https:\/\/watersino.net\/product\/7-shaped-basin-faucet-watermark-bathroom-hardware-one-stop-service\/\",\"name\":\"7-Shaped Basin Faucet Watermark Bathroom Hardware One-Stop Service - Watersino\",\"isPartOf\":{\"@id\":\"https:\/\/watersino.net\/#website\"},\"primaryImageOfPage\":{\"@id\":\"https:\/\/watersino.net\/product\/7-shaped-basin-faucet-watermark-bathroom-hardware-one-stop-service\/#primaryimage\"},\"image\":{\"@id\":\"https:\/\/watersino.net\/product\/7-shaped-basin-faucet-watermark-bathroom-hardware-one-stop-service\/#primaryimage\"},\"thumbnailUrl\":\"https:\/\/watersino.net\/wp-content\/uploads\/2025\/09\/L2186_3.png\",\"datePublished\":\"2025-09-18T09:42:16+00:00\",\"dateModified\":\"2025-12-03T01:12:52+00:00\",\"description\":\"Basin faucets with 30+ custom finishes. Watermark certified Bathroom hardware one-stop service for contractors & suppliers.\",\"breadcrumb\":{\"@id\":\"https:\/\/watersino.net\/product\/7-shaped-basin-faucet-watermark-bathroom-hardware-one-stop-service\/#breadcrumb\"},\"inLanguage\":\"hr\",\"potentialAction\":[{\"@type\":\"ReadAction\",\"target\":[\"https:\/\/watersino.net\/product\/7-shaped-basin-faucet-watermark-bathroom-hardware-one-stop-service\/\"]}]},{\"@type\":\"ImageObject\",\"inLanguage\":\"hr\",\"@id\":\"https:\/\/watersino.net\/product\/7-shaped-basin-faucet-watermark-bathroom-hardware-one-stop-service\/#primaryimage\",\"url\":\"https:\/\/watersino.net\/wp-content\/uploads\/2025\/09\/L2186_3.png\",\"contentUrl\":\"https:\/\/watersino.net\/wp-content\/uploads\/2025\/09\/L2186_3.png\",\"width\":600,\"height\":600,\"caption\":\"Polished Chrome 7-Shaped Basin Faucet\"},{\"@type\":\"BreadcrumbList\",\"@id\":\"https:\/\/watersino.net\/product\/7-shaped-basin-faucet-watermark-bathroom-hardware-one-stop-service\/#breadcrumb\",\"itemListElement\":[{\"@type\":\"ListItem\",\"position\":1,\"name\":\"Home\",\"item\":\"https:\/\/watersino.net\/\"},{\"@type\":\"ListItem\",\"position\":2,\"name\":\"Product\",\"item\":\"https:\/\/watersino.net\/product\/\"},{\"@type\":\"ListItem\",\"position\":3,\"name\":\"7-Shaped Basin Faucet Watermark Bathroom Hardware One-Stop Service\"}]},{\"@type\":\"WebSite\",\"@id\":\"https:\/\/watersino.net\/#website\",\"url\":\"https:\/\/watersino.net\/\",\"name\":\"Watersino\",\"description\":\"\",\"potentialAction\":[{\"@type\":\"SearchAction\",\"target\":{\"@type\":\"EntryPoint\",\"urlTemplate\":\"https:\/\/watersino.net\/?s={search_term_string}\"},\"query-input\":{\"@type\":\"PropertyValueSpecification\",\"valueRequired\":true,\"valueName\":\"search_term_string\"}}],\"inLanguage\":\"hr\"}]}<\/script>\n<!-- \/ Yoast SEO plugin. -->","yoast_head_json":{"title":"Slavina za umivaonik u obliku 7, Watermark, kupaonski pribor, sve na jednom mjestu - Watersino","description":"Slavine za umivaonik s vi\u0161e od 30 prilago\u0111enih zavr\u0161nih obrada. Watermark certificirana oprema za kupaonice na jednom mjestu za izvo\u0111a\u010de radova i dobavlja\u010de.","robots":{"index":"index","follow":"follow","max-snippet":"max-snippet:-1","max-image-preview":"max-image-preview:large","max-video-preview":"max-video-preview:-1"},"canonical":"https:\/\/watersino.net\/hr\/product\/7-shaped-basin-faucet-watermark-bathroom-hardware-one-stop-service\/","og_locale":"hr_HR","og_type":"article","og_title":"7-Shaped Basin Faucet Watermark Bathroom Hardware One-Stop Service - Watersino","og_description":"Basin faucets with 30+ custom finishes. Watermark certified Bathroom hardware one-stop service for contractors & suppliers.","og_url":"https:\/\/watersino.net\/hr\/product\/7-shaped-basin-faucet-watermark-bathroom-hardware-one-stop-service\/","og_site_name":"Watersino","article_modified_time":"2025-12-03T01:12:52+00:00","og_image":[{"width":600,"height":600,"url":"https:\/\/watersino.net\/wp-content\/uploads\/2025\/09\/L2186_3.png","type":"image\/png"}],"twitter_card":"summary_large_image","twitter_misc":{"Procijenjeno vrijeme \u010ditanja":"1 minuta"},"schema":{"@context":"https:\/\/schema.org","@graph":[{"@type":"WebPage","@id":"https:\/\/watersino.net\/product\/7-shaped-basin-faucet-watermark-bathroom-hardware-one-stop-service\/","url":"https:\/\/watersino.net\/product\/7-shaped-basin-faucet-watermark-bathroom-hardware-one-stop-service\/","name":"Slavina za umivaonik u obliku 7, Watermark, kupaonski pribor, sve na jednom mjestu - Watersino","isPartOf":{"@id":"https:\/\/watersino.net\/#website"},"primaryImageOfPage":{"@id":"https:\/\/watersino.net\/product\/7-shaped-basin-faucet-watermark-bathroom-hardware-one-stop-service\/#primaryimage"},"image":{"@id":"https:\/\/watersino.net\/product\/7-shaped-basin-faucet-watermark-bathroom-hardware-one-stop-service\/#primaryimage"},"thumbnailUrl":"https:\/\/watersino.net\/wp-content\/uploads\/2025\/09\/L2186_3.png","datePublished":"2025-09-18T09:42:16+00:00","dateModified":"2025-12-03T01:12:52+00:00","description":"Slavine za umivaonik s vi\u0161e od 30 prilago\u0111enih zavr\u0161nih obrada. Watermark certificirana oprema za kupaonice na jednom mjestu za izvo\u0111a\u010de radova i dobavlja\u010de.","breadcrumb":{"@id":"https:\/\/watersino.net\/product\/7-shaped-basin-faucet-watermark-bathroom-hardware-one-stop-service\/#breadcrumb"},"inLanguage":"hr","potentialAction":[{"@type":"ReadAction","target":["https:\/\/watersino.net\/product\/7-shaped-basin-faucet-watermark-bathroom-hardware-one-stop-service\/"]}]},{"@type":"ImageObject","inLanguage":"hr","@id":"https:\/\/watersino.net\/product\/7-shaped-basin-faucet-watermark-bathroom-hardware-one-stop-service\/#primaryimage","url":"https:\/\/watersino.net\/wp-content\/uploads\/2025\/09\/L2186_3.png","contentUrl":"https:\/\/watersino.net\/wp-content\/uploads\/2025\/09\/L2186_3.png","width":600,"height":600,"caption":"Polished Chrome 7-Shaped Basin Faucet"},{"@type":"BreadcrumbList","@id":"https:\/\/watersino.net\/product\/7-shaped-basin-faucet-watermark-bathroom-hardware-one-stop-service\/#breadcrumb","itemListElement":[{"@type":"ListItem","position":1,"name":"Home","item":"https:\/\/watersino.net\/"},{"@type":"ListItem","position":2,"name":"Product","item":"https:\/\/watersino.net\/product\/"},{"@type":"ListItem","position":3,"name":"7-Shaped Basin Faucet Watermark Bathroom Hardware One-Stop Service"}]},{"@type":"WebSite","@id":"https:\/\/watersino.net\/#website","url":"https:\/\/watersino.net\/","name":"Watersino","description":"","potentialAction":[{"@type":"SearchAction","target":{"@type":"EntryPoint","urlTemplate":"https:\/\/watersino.net\/?s={search_term_string}"},"query-input":{"@type":"PropertyValueSpecification","valueRequired":true,"valueName":"search_term_string"}}],"inLanguage":"hr"}]}},"_links":{"self":[{"href":"https:\/\/watersino.net\/hr\/wp-json\/wp\/v2\/product\/14320","targetHints":{"allow":["GET"]}}],"collection":[{"href":"https:\/\/watersino.net\/hr\/wp-json\/wp\/v2\/product"}],"about":[{"href":"https:\/\/watersino.net\/hr\/wp-json\/wp\/v2\/types\/product"}],"wp:featuredmedia":[{"embeddable":true,"href":"https:\/\/watersino.net\/hr\/wp-json\/wp\/v2\/media\/14325"}],"wp:attachment":[{"href":"https:\/\/watersino.net\/hr\/wp-json\/wp\/v2\/media?parent=14320"}],"wp:term":[{"taxonomy":"product_category","embeddable":true,"href":"https:\/\/watersino.net\/hr\/wp-json\/wp\/v2\/product_category?post=14320"},{"taxonomy":"products_tags","embeddable":true,"href":"https:\/\/watersino.net\/hr\/wp-json\/wp\/v2\/products_tags?post=14320"}],"curies":[{"name":"wp","href":"https:\/\/api.w.org\/{rel}","templated":true}]}}