{"id":14319,"date":"2025-09-18T10:11:14","date_gmt":"2025-09-18T10:11:14","guid":{"rendered":"https:\/\/watersino.net\/?post_type=product&#038;p=14319"},"modified":"2025-12-03T01:12:23","modified_gmt":"2025-12-03T01:12:23","slug":"new-double-hole-deck-mounted-basin-faucet-equipped-with-switch","status":"publish","type":"product","link":"https:\/\/watersino.net\/hr\/product\/new-double-hole-deck-mounted-basin-faucet-equipped-with-switch\/","title":{"rendered":"Nova slavina za umivaonik s dvostrukim otvorom, montirana na plo\u010du, opremljena prekida\u010dem"},"content":{"rendered":"<p>Kao pouzdan partner izvo\u0111a\u010dima radova i dobavlja\u010dima, pru\u017eamo\u00a0<strong>rje\u0161enja za kupaonski hardver na jednom mjestu<\/strong>, \u010dime se uklanja gnjava\u017ea koordinacije s vi\u0161e dobavlja\u010da ponudom slavina, tu\u0161eva, pribora i jo\u0161 mnogo toga. Na\u0161 \u0161iroki asortiman proizvoda uklju\u010duje preko 1000 proizvoda certificiranih Watermarkom, sa sveobuhvatnim globalnim certifikatima kao \u0161to su WELS, WRAS, UPC, CE, ACS i SAA kako bi se osigurala uskla\u0111enost na svim tr\u017ei\u0161tima. Podr\u017eavamo velike narud\u017ebe, fleksibilnu prilagodbu (uskla\u0111ivanje zavr\u0161ne obrade, prilagodbe dimenzija) i odr\u017eavamo dosljednu kontrolu kvalitete s pouzdanim rokovima isporuke - \u0161to vam omogu\u0107uje da ispunite rokove projekta, smanjite rizike nabave i u\u010dinkovito zadovoljite raznolike zahtjeve klijenata.<\/p>\n\n\n\n<p><\/p>","protected":false},"featured_media":14342,"template":"","product_category":[57,84],"products_tags":[63],"class_list":["post-14319","product","type-product","status-publish","has-post-thumbnail","hentry","product_category-bathroom-faucet","product_category-short-deck-mounted-faucet","products_tags-watermark"],"acf":[],"yoast_head":"<!-- This site is optimized with the Yoast SEO plugin v26.6 - https:\/\/yoast.com\/wordpress\/plugins\/seo\/ -->\n<title>New Double-Hole Deck-Mounted Basin Faucet Equipped with Switch - Watersino<\/title>\n<meta name=\"description\" content=\"Switch for precise water control Watermark-certified, ideal for modern &amp; classic bathroom designs.One-stop bathroom hardware solutions\" \/>\n<meta name=\"robots\" content=\"index, follow, max-snippet:-1, max-image-preview:large, max-video-preview:-1\" \/>\n<link rel=\"canonical\" href=\"https:\/\/watersino.net\/hr\/product\/new-double-hole-deck-mounted-basin-faucet-equipped-with-switch\/\" \/>\n<meta property=\"og:locale\" content=\"hr_HR\" \/>\n<meta property=\"og:type\" content=\"article\" \/>\n<meta property=\"og:title\" content=\"New Double-Hole Deck-Mounted Basin Faucet Equipped with Switch - Watersino\" \/>\n<meta property=\"og:description\" content=\"Switch for precise water control Watermark-certified, ideal for modern &amp; classic bathroom designs.One-stop bathroom hardware solutions\" \/>\n<meta property=\"og:url\" content=\"https:\/\/watersino.net\/hr\/product\/new-double-hole-deck-mounted-basin-faucet-equipped-with-switch\/\" \/>\n<meta property=\"og:site_name\" content=\"Watersino\" \/>\n<meta property=\"article:modified_time\" content=\"2025-12-03T01:12:23+00:00\" \/>\n<meta property=\"og:image\" content=\"https:\/\/watersino.net\/wp-content\/uploads\/2025\/09\/L2186WS865-2_9.png\" \/>\n\t<meta property=\"og:image:width\" content=\"600\" \/>\n\t<meta property=\"og:image:height\" content=\"600\" \/>\n\t<meta property=\"og:image:type\" content=\"image\/png\" \/>\n<meta name=\"twitter:card\" content=\"summary_large_image\" \/>\n<meta name=\"twitter:label1\" content=\"Procijenjeno vrijeme \u010ditanja\" \/>\n\t<meta name=\"twitter:data1\" content=\"1 minuta\" \/>\n<script type=\"application\/ld+json\" class=\"yoast-schema-graph\">{\"@context\":\"https:\/\/schema.org\",\"@graph\":[{\"@type\":\"WebPage\",\"@id\":\"https:\/\/watersino.net\/product\/new-double-hole-deck-mounted-basin-faucet-equipped-with-switch\/\",\"url\":\"https:\/\/watersino.net\/product\/new-double-hole-deck-mounted-basin-faucet-equipped-with-switch\/\",\"name\":\"New Double-Hole Deck-Mounted Basin Faucet Equipped with Switch - Watersino\",\"isPartOf\":{\"@id\":\"https:\/\/watersino.net\/#website\"},\"primaryImageOfPage\":{\"@id\":\"https:\/\/watersino.net\/product\/new-double-hole-deck-mounted-basin-faucet-equipped-with-switch\/#primaryimage\"},\"image\":{\"@id\":\"https:\/\/watersino.net\/product\/new-double-hole-deck-mounted-basin-faucet-equipped-with-switch\/#primaryimage\"},\"thumbnailUrl\":\"https:\/\/watersino.net\/wp-content\/uploads\/2025\/09\/L2186WS865-2_9.png\",\"datePublished\":\"2025-09-18T10:11:14+00:00\",\"dateModified\":\"2025-12-03T01:12:23+00:00\",\"description\":\"Switch for precise water control Watermark-certified, ideal for modern & classic bathroom designs.One-stop bathroom hardware solutions\",\"breadcrumb\":{\"@id\":\"https:\/\/watersino.net\/product\/new-double-hole-deck-mounted-basin-faucet-equipped-with-switch\/#breadcrumb\"},\"inLanguage\":\"hr\",\"potentialAction\":[{\"@type\":\"ReadAction\",\"target\":[\"https:\/\/watersino.net\/product\/new-double-hole-deck-mounted-basin-faucet-equipped-with-switch\/\"]}]},{\"@type\":\"ImageObject\",\"inLanguage\":\"hr\",\"@id\":\"https:\/\/watersino.net\/product\/new-double-hole-deck-mounted-basin-faucet-equipped-with-switch\/#primaryimage\",\"url\":\"https:\/\/watersino.net\/wp-content\/uploads\/2025\/09\/L2186WS865-2_9.png\",\"contentUrl\":\"https:\/\/watersino.net\/wp-content\/uploads\/2025\/09\/L2186WS865-2_9.png\",\"width\":600,\"height\":600,\"caption\":\"Brushed Ti Gold-Deck-Mounted Basin Faucet\"},{\"@type\":\"BreadcrumbList\",\"@id\":\"https:\/\/watersino.net\/product\/new-double-hole-deck-mounted-basin-faucet-equipped-with-switch\/#breadcrumb\",\"itemListElement\":[{\"@type\":\"ListItem\",\"position\":1,\"name\":\"Home\",\"item\":\"https:\/\/watersino.net\/\"},{\"@type\":\"ListItem\",\"position\":2,\"name\":\"Product\",\"item\":\"https:\/\/watersino.net\/product\/\"},{\"@type\":\"ListItem\",\"position\":3,\"name\":\"New Double-Hole Deck-Mounted Basin Faucet Equipped with Switch\"}]},{\"@type\":\"WebSite\",\"@id\":\"https:\/\/watersino.net\/#website\",\"url\":\"https:\/\/watersino.net\/\",\"name\":\"Watersino\",\"description\":\"\",\"potentialAction\":[{\"@type\":\"SearchAction\",\"target\":{\"@type\":\"EntryPoint\",\"urlTemplate\":\"https:\/\/watersino.net\/?s={search_term_string}\"},\"query-input\":{\"@type\":\"PropertyValueSpecification\",\"valueRequired\":true,\"valueName\":\"search_term_string\"}}],\"inLanguage\":\"hr\"}]}<\/script>\n<!-- \/ Yoast SEO plugin. -->","yoast_head_json":{"title":"Nova slavina za umivaonik s dvostrukim otvorom, montirana na plo\u010du, opremljena prekida\u010dem - Watersino","description":"Prekida\u010d za preciznu kontrolu vode Certificiran Watermarkom, idealan za moderne i klasi\u010dne dizajne kupaonica. Rje\u0161enja za kupaonski hardver na jednom mjestu.","robots":{"index":"index","follow":"follow","max-snippet":"max-snippet:-1","max-image-preview":"max-image-preview:large","max-video-preview":"max-video-preview:-1"},"canonical":"https:\/\/watersino.net\/hr\/product\/new-double-hole-deck-mounted-basin-faucet-equipped-with-switch\/","og_locale":"hr_HR","og_type":"article","og_title":"New Double-Hole Deck-Mounted Basin Faucet Equipped with Switch - Watersino","og_description":"Switch for precise water control Watermark-certified, ideal for modern & classic bathroom designs.One-stop bathroom hardware solutions","og_url":"https:\/\/watersino.net\/hr\/product\/new-double-hole-deck-mounted-basin-faucet-equipped-with-switch\/","og_site_name":"Watersino","article_modified_time":"2025-12-03T01:12:23+00:00","og_image":[{"width":600,"height":600,"url":"https:\/\/watersino.net\/wp-content\/uploads\/2025\/09\/L2186WS865-2_9.png","type":"image\/png"}],"twitter_card":"summary_large_image","twitter_misc":{"Procijenjeno vrijeme \u010ditanja":"1 minuta"},"schema":{"@context":"https:\/\/schema.org","@graph":[{"@type":"WebPage","@id":"https:\/\/watersino.net\/product\/new-double-hole-deck-mounted-basin-faucet-equipped-with-switch\/","url":"https:\/\/watersino.net\/product\/new-double-hole-deck-mounted-basin-faucet-equipped-with-switch\/","name":"Nova slavina za umivaonik s dvostrukim otvorom, montirana na plo\u010du, opremljena prekida\u010dem - Watersino","isPartOf":{"@id":"https:\/\/watersino.net\/#website"},"primaryImageOfPage":{"@id":"https:\/\/watersino.net\/product\/new-double-hole-deck-mounted-basin-faucet-equipped-with-switch\/#primaryimage"},"image":{"@id":"https:\/\/watersino.net\/product\/new-double-hole-deck-mounted-basin-faucet-equipped-with-switch\/#primaryimage"},"thumbnailUrl":"https:\/\/watersino.net\/wp-content\/uploads\/2025\/09\/L2186WS865-2_9.png","datePublished":"2025-09-18T10:11:14+00:00","dateModified":"2025-12-03T01:12:23+00:00","description":"Prekida\u010d za preciznu kontrolu vode Certificiran Watermarkom, idealan za moderne i klasi\u010dne dizajne kupaonica. Rje\u0161enja za kupaonski hardver na jednom mjestu.","breadcrumb":{"@id":"https:\/\/watersino.net\/product\/new-double-hole-deck-mounted-basin-faucet-equipped-with-switch\/#breadcrumb"},"inLanguage":"hr","potentialAction":[{"@type":"ReadAction","target":["https:\/\/watersino.net\/product\/new-double-hole-deck-mounted-basin-faucet-equipped-with-switch\/"]}]},{"@type":"ImageObject","inLanguage":"hr","@id":"https:\/\/watersino.net\/product\/new-double-hole-deck-mounted-basin-faucet-equipped-with-switch\/#primaryimage","url":"https:\/\/watersino.net\/wp-content\/uploads\/2025\/09\/L2186WS865-2_9.png","contentUrl":"https:\/\/watersino.net\/wp-content\/uploads\/2025\/09\/L2186WS865-2_9.png","width":600,"height":600,"caption":"Brushed Ti Gold-Deck-Mounted Basin Faucet"},{"@type":"BreadcrumbList","@id":"https:\/\/watersino.net\/product\/new-double-hole-deck-mounted-basin-faucet-equipped-with-switch\/#breadcrumb","itemListElement":[{"@type":"ListItem","position":1,"name":"Home","item":"https:\/\/watersino.net\/"},{"@type":"ListItem","position":2,"name":"Product","item":"https:\/\/watersino.net\/product\/"},{"@type":"ListItem","position":3,"name":"New Double-Hole Deck-Mounted Basin Faucet Equipped with Switch"}]},{"@type":"WebSite","@id":"https:\/\/watersino.net\/#website","url":"https:\/\/watersino.net\/","name":"Watersino","description":"","potentialAction":[{"@type":"SearchAction","target":{"@type":"EntryPoint","urlTemplate":"https:\/\/watersino.net\/?s={search_term_string}"},"query-input":{"@type":"PropertyValueSpecification","valueRequired":true,"valueName":"search_term_string"}}],"inLanguage":"hr"}]}},"_links":{"self":[{"href":"https:\/\/watersino.net\/hr\/wp-json\/wp\/v2\/product\/14319","targetHints":{"allow":["GET"]}}],"collection":[{"href":"https:\/\/watersino.net\/hr\/wp-json\/wp\/v2\/product"}],"about":[{"href":"https:\/\/watersino.net\/hr\/wp-json\/wp\/v2\/types\/product"}],"wp:featuredmedia":[{"embeddable":true,"href":"https:\/\/watersino.net\/hr\/wp-json\/wp\/v2\/media\/14342"}],"wp:attachment":[{"href":"https:\/\/watersino.net\/hr\/wp-json\/wp\/v2\/media?parent=14319"}],"wp:term":[{"taxonomy":"product_category","embeddable":true,"href":"https:\/\/watersino.net\/hr\/wp-json\/wp\/v2\/product_category?post=14319"},{"taxonomy":"products_tags","embeddable":true,"href":"https:\/\/watersino.net\/hr\/wp-json\/wp\/v2\/products_tags?post=14319"}],"curies":[{"name":"wp","href":"https:\/\/api.w.org\/{rel}","templated":true}]}}