{"id":14307,"date":"2025-09-18T08:50:08","date_gmt":"2025-09-18T08:50:08","guid":{"rendered":"https:\/\/watersino.net\/?post_type=product&#038;p=14307"},"modified":"2025-11-29T08:04:24","modified_gmt":"2025-11-29T08:04:24","slug":"oem-odm-custom-factory-lead-free-brass-bathtub-spout","status":"publish","type":"product","link":"https:\/\/watersino.net\/hr\/product\/oem-odm-custom-factory-lead-free-brass-bathtub-spout\/","title":{"rendered":"OEM\/ODM Prilago\u0111eni tvorni\u010dki izljev za kadu od mesinga bez olova"},"content":{"rendered":"<ul class=\"wp-block-list\"><\/ul>\n\n\n\n<p>Na\u0161a slavina za kadu pouzdan je i prilagodljiv izbor za projekte, prilago\u0111en izvo\u0111a\u010dima i dobavlja\u010dima, s vi\u0161e od 30 prilagodljivih zavr\u0161nih obrada koje odgovaraju razli\u010ditim estetikama kupaonica - pokrivaju\u0107i polirano, mat crno, antikno mesingano, bru\u0161eno Zr Gold, bru\u0161eno Gun Metal i bru\u0161eno nikalo. Izra\u0111ena od materijala otpornih na koroziju i habanje, osigurava dugotrajne stabilne performanse u stambenim, hotelskim ili komercijalnim projektima kupaonica, a istovremeno se mo\u017ee pohvaliti univerzalnom kompatibilno\u0161\u0107u s ve\u0107inom sustava slavina za kade radi pojednostavljenja instalacije i upravljanja zalihama.<\/p>\n\n\n\n<p>Osim same slavine, nudimo sveobuhvatnu uslugu nabave kupaonskog pribora - pojednostavljujemo va\u0161 proces nabave pru\u017eaju\u0107i kompletan asortiman koordiniranog kupaonskog pribora, bez potrebe za nabavljanjem od vi\u0161e dobavlja\u010da. \u0160tovi\u0161e, imamo preko 1000 proizvoda certificiranih od strane Watermarka i posjedujemo globalno autoritativne certifikate, uklju\u010duju\u0107i WELS, WRAS, UPC, CE, ACS i SAA - jam\u010de\u0107i uskla\u0111enost s regionalnim standardima za razli\u010dita tr\u017ei\u0161ta. Podr\u017eavamo velike narud\u017ebe, fleksibilnu prilagodbu (uskla\u0111ivanje zavr\u0161ne obrade, prilagodbe veli\u010dine) i dosljednu kontrolu kvalitete, poma\u017eu\u0107i vam da ispunite kratke rokove projekta, smanjite gnjava\u017eu s nabavom i s pouzdanjem zadovoljite estetske i regulatorne zahtjeve klijenata.<\/p>\n\n\n\n<p><\/p>","protected":false},"featured_media":14311,"template":"","product_category":[57,49,50],"products_tags":[63],"class_list":["post-14307","product","type-product","status-publish","has-post-thumbnail","hentry","product_category-bathroom-faucet","product_category-shower-sets","product_category-bathtub-faucets","products_tags-watermark"],"acf":[],"yoast_head":"<!-- This site is optimized with the Yoast SEO plugin v26.6 - https:\/\/yoast.com\/wordpress\/plugins\/seo\/ -->\n<title>OEM\/ODM Custom Factory Lead-Free Brass Bathtub Spout - Watersino<\/title>\n<meta name=\"description\" content=\"Bathtub Spout Custom Expert: 30+ finishes (Polished Chrome\/Zr Gold Brushed), lead-free brass,urgent Ideal for luxury homes\/hotels!\" \/>\n<meta name=\"robots\" content=\"index, follow, max-snippet:-1, max-image-preview:large, max-video-preview:-1\" \/>\n<link rel=\"canonical\" href=\"https:\/\/watersino.net\/hr\/product\/oem-odm-custom-factory-lead-free-brass-bathtub-spout\/\" \/>\n<meta property=\"og:locale\" content=\"hr_HR\" \/>\n<meta property=\"og:type\" content=\"article\" \/>\n<meta property=\"og:title\" content=\"OEM\/ODM Custom Factory Lead-Free Brass Bathtub Spout - Watersino\" \/>\n<meta property=\"og:description\" content=\"Bathtub Spout Custom Expert: 30+ finishes (Polished Chrome\/Zr Gold Brushed), lead-free brass,urgent Ideal for luxury homes\/hotels!\" \/>\n<meta property=\"og:url\" content=\"https:\/\/watersino.net\/hr\/product\/oem-odm-custom-factory-lead-free-brass-bathtub-spout\/\" \/>\n<meta property=\"og:site_name\" content=\"Watersino\" \/>\n<meta property=\"article:modified_time\" content=\"2025-11-29T08:04:24+00:00\" \/>\n<meta property=\"og:image\" content=\"https:\/\/watersino.net\/wp-content\/uploads\/2025\/09\/L2086_2.png\" \/>\n\t<meta property=\"og:image:width\" content=\"600\" \/>\n\t<meta property=\"og:image:height\" content=\"600\" \/>\n\t<meta property=\"og:image:type\" content=\"image\/png\" \/>\n<meta name=\"twitter:card\" content=\"summary_large_image\" \/>\n<meta name=\"twitter:label1\" content=\"Procijenjeno vrijeme \u010ditanja\" \/>\n\t<meta name=\"twitter:data1\" content=\"1 minuta\" \/>\n<script type=\"application\/ld+json\" class=\"yoast-schema-graph\">{\"@context\":\"https:\/\/schema.org\",\"@graph\":[{\"@type\":\"WebPage\",\"@id\":\"https:\/\/watersino.net\/product\/oem-odm-custom-factory-lead-free-brass-bathtub-spout\/\",\"url\":\"https:\/\/watersino.net\/product\/oem-odm-custom-factory-lead-free-brass-bathtub-spout\/\",\"name\":\"OEM\/ODM Custom Factory Lead-Free Brass Bathtub Spout - Watersino\",\"isPartOf\":{\"@id\":\"https:\/\/watersino.net\/#website\"},\"primaryImageOfPage\":{\"@id\":\"https:\/\/watersino.net\/product\/oem-odm-custom-factory-lead-free-brass-bathtub-spout\/#primaryimage\"},\"image\":{\"@id\":\"https:\/\/watersino.net\/product\/oem-odm-custom-factory-lead-free-brass-bathtub-spout\/#primaryimage\"},\"thumbnailUrl\":\"https:\/\/watersino.net\/wp-content\/uploads\/2025\/09\/L2086_2.png\",\"datePublished\":\"2025-09-18T08:50:08+00:00\",\"dateModified\":\"2025-11-29T08:04:24+00:00\",\"description\":\"Bathtub Spout Custom Expert: 30+ finishes (Polished Chrome\/Zr Gold Brushed), lead-free brass,urgent Ideal for luxury homes\/hotels!\",\"breadcrumb\":{\"@id\":\"https:\/\/watersino.net\/product\/oem-odm-custom-factory-lead-free-brass-bathtub-spout\/#breadcrumb\"},\"inLanguage\":\"hr\",\"potentialAction\":[{\"@type\":\"ReadAction\",\"target\":[\"https:\/\/watersino.net\/product\/oem-odm-custom-factory-lead-free-brass-bathtub-spout\/\"]}]},{\"@type\":\"ImageObject\",\"inLanguage\":\"hr\",\"@id\":\"https:\/\/watersino.net\/product\/oem-odm-custom-factory-lead-free-brass-bathtub-spout\/#primaryimage\",\"url\":\"https:\/\/watersino.net\/wp-content\/uploads\/2025\/09\/L2086_2.png\",\"contentUrl\":\"https:\/\/watersino.net\/wp-content\/uploads\/2025\/09\/L2086_2.png\",\"width\":600,\"height\":600,\"caption\":\"Brushed Gunmetal Grey-faucet spout\"},{\"@type\":\"BreadcrumbList\",\"@id\":\"https:\/\/watersino.net\/product\/oem-odm-custom-factory-lead-free-brass-bathtub-spout\/#breadcrumb\",\"itemListElement\":[{\"@type\":\"ListItem\",\"position\":1,\"name\":\"Home\",\"item\":\"https:\/\/watersino.net\/\"},{\"@type\":\"ListItem\",\"position\":2,\"name\":\"Product\",\"item\":\"https:\/\/watersino.net\/product\/\"},{\"@type\":\"ListItem\",\"position\":3,\"name\":\"OEM\/ODM Custom Factory Lead-Free Brass Bathtub Spout\"}]},{\"@type\":\"WebSite\",\"@id\":\"https:\/\/watersino.net\/#website\",\"url\":\"https:\/\/watersino.net\/\",\"name\":\"Watersino\",\"description\":\"\",\"potentialAction\":[{\"@type\":\"SearchAction\",\"target\":{\"@type\":\"EntryPoint\",\"urlTemplate\":\"https:\/\/watersino.net\/?s={search_term_string}\"},\"query-input\":{\"@type\":\"PropertyValueSpecification\",\"valueRequired\":true,\"valueName\":\"search_term_string\"}}],\"inLanguage\":\"hr\"}]}<\/script>\n<!-- \/ Yoast SEO plugin. -->","yoast_head_json":{"title":"OEM\/ODM Prilago\u0111eni tvorni\u010dki izljev za kadu od mesinga bez olova - Watersino","description":"Izljev kade po mjeri, stru\u010dnjak: 30+ zavr\u0161nih obrada (polirani krom\/zlato bru\u0161eno), mesing bez olova, hitno Idealno za luksuzne domove\/hotele!","robots":{"index":"index","follow":"follow","max-snippet":"max-snippet:-1","max-image-preview":"max-image-preview:large","max-video-preview":"max-video-preview:-1"},"canonical":"https:\/\/watersino.net\/hr\/product\/oem-odm-custom-factory-lead-free-brass-bathtub-spout\/","og_locale":"hr_HR","og_type":"article","og_title":"OEM\/ODM Custom Factory Lead-Free Brass Bathtub Spout - Watersino","og_description":"Bathtub Spout Custom Expert: 30+ finishes (Polished Chrome\/Zr Gold Brushed), lead-free brass,urgent Ideal for luxury homes\/hotels!","og_url":"https:\/\/watersino.net\/hr\/product\/oem-odm-custom-factory-lead-free-brass-bathtub-spout\/","og_site_name":"Watersino","article_modified_time":"2025-11-29T08:04:24+00:00","og_image":[{"width":600,"height":600,"url":"https:\/\/watersino.net\/wp-content\/uploads\/2025\/09\/L2086_2.png","type":"image\/png"}],"twitter_card":"summary_large_image","twitter_misc":{"Procijenjeno vrijeme \u010ditanja":"1 minuta"},"schema":{"@context":"https:\/\/schema.org","@graph":[{"@type":"WebPage","@id":"https:\/\/watersino.net\/product\/oem-odm-custom-factory-lead-free-brass-bathtub-spout\/","url":"https:\/\/watersino.net\/product\/oem-odm-custom-factory-lead-free-brass-bathtub-spout\/","name":"OEM\/ODM Prilago\u0111eni tvorni\u010dki izljev za kadu od mesinga bez olova - Watersino","isPartOf":{"@id":"https:\/\/watersino.net\/#website"},"primaryImageOfPage":{"@id":"https:\/\/watersino.net\/product\/oem-odm-custom-factory-lead-free-brass-bathtub-spout\/#primaryimage"},"image":{"@id":"https:\/\/watersino.net\/product\/oem-odm-custom-factory-lead-free-brass-bathtub-spout\/#primaryimage"},"thumbnailUrl":"https:\/\/watersino.net\/wp-content\/uploads\/2025\/09\/L2086_2.png","datePublished":"2025-09-18T08:50:08+00:00","dateModified":"2025-11-29T08:04:24+00:00","description":"Izljev kade po mjeri, stru\u010dnjak: 30+ zavr\u0161nih obrada (polirani krom\/zlato bru\u0161eno), mesing bez olova, hitno Idealno za luksuzne domove\/hotele!","breadcrumb":{"@id":"https:\/\/watersino.net\/product\/oem-odm-custom-factory-lead-free-brass-bathtub-spout\/#breadcrumb"},"inLanguage":"hr","potentialAction":[{"@type":"ReadAction","target":["https:\/\/watersino.net\/product\/oem-odm-custom-factory-lead-free-brass-bathtub-spout\/"]}]},{"@type":"ImageObject","inLanguage":"hr","@id":"https:\/\/watersino.net\/product\/oem-odm-custom-factory-lead-free-brass-bathtub-spout\/#primaryimage","url":"https:\/\/watersino.net\/wp-content\/uploads\/2025\/09\/L2086_2.png","contentUrl":"https:\/\/watersino.net\/wp-content\/uploads\/2025\/09\/L2086_2.png","width":600,"height":600,"caption":"Brushed Gunmetal Grey-faucet spout"},{"@type":"BreadcrumbList","@id":"https:\/\/watersino.net\/product\/oem-odm-custom-factory-lead-free-brass-bathtub-spout\/#breadcrumb","itemListElement":[{"@type":"ListItem","position":1,"name":"Home","item":"https:\/\/watersino.net\/"},{"@type":"ListItem","position":2,"name":"Product","item":"https:\/\/watersino.net\/product\/"},{"@type":"ListItem","position":3,"name":"OEM\/ODM Custom Factory Lead-Free Brass Bathtub Spout"}]},{"@type":"WebSite","@id":"https:\/\/watersino.net\/#website","url":"https:\/\/watersino.net\/","name":"Watersino","description":"","potentialAction":[{"@type":"SearchAction","target":{"@type":"EntryPoint","urlTemplate":"https:\/\/watersino.net\/?s={search_term_string}"},"query-input":{"@type":"PropertyValueSpecification","valueRequired":true,"valueName":"search_term_string"}}],"inLanguage":"hr"}]}},"_links":{"self":[{"href":"https:\/\/watersino.net\/hr\/wp-json\/wp\/v2\/product\/14307","targetHints":{"allow":["GET"]}}],"collection":[{"href":"https:\/\/watersino.net\/hr\/wp-json\/wp\/v2\/product"}],"about":[{"href":"https:\/\/watersino.net\/hr\/wp-json\/wp\/v2\/types\/product"}],"wp:featuredmedia":[{"embeddable":true,"href":"https:\/\/watersino.net\/hr\/wp-json\/wp\/v2\/media\/14311"}],"wp:attachment":[{"href":"https:\/\/watersino.net\/hr\/wp-json\/wp\/v2\/media?parent=14307"}],"wp:term":[{"taxonomy":"product_category","embeddable":true,"href":"https:\/\/watersino.net\/hr\/wp-json\/wp\/v2\/product_category?post=14307"},{"taxonomy":"products_tags","embeddable":true,"href":"https:\/\/watersino.net\/hr\/wp-json\/wp\/v2\/products_tags?post=14307"}],"curies":[{"name":"wp","href":"https:\/\/api.w.org\/{rel}","templated":true}]}}