{"id":14295,"date":"2025-09-18T08:14:25","date_gmt":"2025-09-18T08:14:25","guid":{"rendered":"https:\/\/watersino.net\/?post_type=product&#038;p=14295"},"modified":"2025-09-18T08:14:28","modified_gmt":"2025-09-18T08:14:28","slug":"bath-tub-brushed-nickel-brass-chrome-mixer-freestanding-spout-filler","status":"publish","type":"product","link":"https:\/\/watersino.net\/hr\/product\/bath-tub-brushed-nickel-brass-chrome-mixer-freestanding-spout-filler\/","title":{"rendered":"Kada Bru\u0161eni nikal mesing Krom Mje\u0161alica Samostoje\u0107i izljev Punja\u010d"},"content":{"rendered":"<ul class=\"wp-block-list\"><\/ul>\n\n\n\n<p>Izra\u0111ena od bezolovnog mesinga, ova slavina mo\u017ee se pohvaliti izvanrednom otporno\u0161\u0107u na koroziju i izdr\u017eljivo\u0161\u0107u, zadovoljavaju\u0107i standarde komercijalne kvalitete. Stru\u010dno je konstruirana kako bi odr\u017eala pouzdane performanse i bezvremensku privla\u010dnost u oba scenarija:<\/p>\n\n\n\n<ul class=\"wp-block-list\">\n<li>Luksuzni stambeni prostori: Podizanje razine kupanja u luksuznim vilama, penthausima i premium stanovima, gdje slu\u017ei kao sredi\u0161nja to\u010dka dizajna kupaonice.<\/li>\n\n\n\n<li>Vrhunski ugostiteljski objekti: Izdr\u017eavaju \u010destu upotrebu u luksuznim hotelima, butik odmarali\u0161tima i luksuznim spa centrima, a istovremeno su uskla\u0111eni sa sofisticiranim estetskim zahtjevima objekata.<\/li>\n<\/ul>\n\n\n\n<p><\/p>","protected":false},"featured_media":14303,"template":"","product_category":[57,50],"products_tags":[63],"class_list":["post-14295","product","type-product","status-publish","has-post-thumbnail","hentry","product_category-bathroom-faucet","product_category-bathtub-faucets","products_tags-watermark"],"acf":[],"yoast_head":"<!-- This site is optimized with the Yoast SEO plugin v26.6 - https:\/\/yoast.com\/wordpress\/plugins\/seo\/ -->\n<title>Bath tub Brushed Nickel Brass Chrome Mixer Freestanding spout filler - Watersino<\/title>\n<meta name=\"description\" content=\"OEM Freestanding Tub Faucet: 30+ durable finishes, lead-free brass, bulk customization &amp; logo engraving for luxury homes\/hotels\" \/>\n<meta name=\"robots\" content=\"index, follow, max-snippet:-1, max-image-preview:large, max-video-preview:-1\" \/>\n<link rel=\"canonical\" href=\"https:\/\/watersino.net\/hr\/product\/bath-tub-brushed-nickel-brass-chrome-mixer-freestanding-spout-filler\/\" \/>\n<meta property=\"og:locale\" content=\"hr_HR\" \/>\n<meta property=\"og:type\" content=\"article\" \/>\n<meta property=\"og:title\" content=\"Bath tub Brushed Nickel Brass Chrome Mixer Freestanding spout filler - Watersino\" \/>\n<meta property=\"og:description\" content=\"OEM Freestanding Tub Faucet: 30+ durable finishes, lead-free brass, bulk customization &amp; logo engraving for luxury homes\/hotels\" \/>\n<meta property=\"og:url\" content=\"https:\/\/watersino.net\/hr\/product\/bath-tub-brushed-nickel-brass-chrome-mixer-freestanding-spout-filler\/\" \/>\n<meta property=\"og:site_name\" content=\"Watersino\" \/>\n<meta property=\"article:modified_time\" content=\"2025-09-18T08:14:28+00:00\" \/>\n<meta property=\"og:image\" content=\"https:\/\/watersino.net\/wp-content\/uploads\/2025\/09\/5086_6.png\" \/>\n\t<meta property=\"og:image:width\" content=\"600\" \/>\n\t<meta property=\"og:image:height\" content=\"600\" \/>\n\t<meta property=\"og:image:type\" content=\"image\/png\" \/>\n<meta name=\"twitter:card\" content=\"summary_large_image\" \/>\n<meta name=\"twitter:label1\" content=\"Procijenjeno vrijeme \u010ditanja\" \/>\n\t<meta name=\"twitter:data1\" content=\"1 minuta\" \/>\n<script type=\"application\/ld+json\" class=\"yoast-schema-graph\">{\"@context\":\"https:\/\/schema.org\",\"@graph\":[{\"@type\":\"WebPage\",\"@id\":\"https:\/\/watersino.net\/product\/bath-tub-brushed-nickel-brass-chrome-mixer-freestanding-spout-filler\/\",\"url\":\"https:\/\/watersino.net\/product\/bath-tub-brushed-nickel-brass-chrome-mixer-freestanding-spout-filler\/\",\"name\":\"Bath tub Brushed Nickel Brass Chrome Mixer Freestanding spout filler - Watersino\",\"isPartOf\":{\"@id\":\"https:\/\/watersino.net\/#website\"},\"primaryImageOfPage\":{\"@id\":\"https:\/\/watersino.net\/product\/bath-tub-brushed-nickel-brass-chrome-mixer-freestanding-spout-filler\/#primaryimage\"},\"image\":{\"@id\":\"https:\/\/watersino.net\/product\/bath-tub-brushed-nickel-brass-chrome-mixer-freestanding-spout-filler\/#primaryimage\"},\"thumbnailUrl\":\"https:\/\/watersino.net\/wp-content\/uploads\/2025\/09\/5086_6.png\",\"datePublished\":\"2025-09-18T08:14:25+00:00\",\"dateModified\":\"2025-09-18T08:14:28+00:00\",\"description\":\"OEM Freestanding Tub Faucet: 30+ durable finishes, lead-free brass, bulk customization & logo engraving for luxury homes\/hotels\",\"breadcrumb\":{\"@id\":\"https:\/\/watersino.net\/product\/bath-tub-brushed-nickel-brass-chrome-mixer-freestanding-spout-filler\/#breadcrumb\"},\"inLanguage\":\"hr\",\"potentialAction\":[{\"@type\":\"ReadAction\",\"target\":[\"https:\/\/watersino.net\/product\/bath-tub-brushed-nickel-brass-chrome-mixer-freestanding-spout-filler\/\"]}]},{\"@type\":\"ImageObject\",\"inLanguage\":\"hr\",\"@id\":\"https:\/\/watersino.net\/product\/bath-tub-brushed-nickel-brass-chrome-mixer-freestanding-spout-filler\/#primaryimage\",\"url\":\"https:\/\/watersino.net\/wp-content\/uploads\/2025\/09\/5086_6.png\",\"contentUrl\":\"https:\/\/watersino.net\/wp-content\/uploads\/2025\/09\/5086_6.png\",\"width\":600,\"height\":600,\"caption\":\"Brushed NiCkel-OEM Freestanding Bathtub Faucet\"},{\"@type\":\"BreadcrumbList\",\"@id\":\"https:\/\/watersino.net\/product\/bath-tub-brushed-nickel-brass-chrome-mixer-freestanding-spout-filler\/#breadcrumb\",\"itemListElement\":[{\"@type\":\"ListItem\",\"position\":1,\"name\":\"Home\",\"item\":\"https:\/\/watersino.net\/\"},{\"@type\":\"ListItem\",\"position\":2,\"name\":\"Product\",\"item\":\"https:\/\/watersino.net\/product\/\"},{\"@type\":\"ListItem\",\"position\":3,\"name\":\"Bath tub Brushed Nickel Brass Chrome Mixer Freestanding spout filler\"}]},{\"@type\":\"WebSite\",\"@id\":\"https:\/\/watersino.net\/#website\",\"url\":\"https:\/\/watersino.net\/\",\"name\":\"Watersino\",\"description\":\"\",\"potentialAction\":[{\"@type\":\"SearchAction\",\"target\":{\"@type\":\"EntryPoint\",\"urlTemplate\":\"https:\/\/watersino.net\/?s={search_term_string}\"},\"query-input\":{\"@type\":\"PropertyValueSpecification\",\"valueRequired\":true,\"valueName\":\"search_term_string\"}}],\"inLanguage\":\"hr\"}]}<\/script>\n<!-- \/ Yoast SEO plugin. -->","yoast_head_json":{"title":"Kada Bru\u0161eni nikal mesing Krom Mje\u0161alica Samostoje\u0107i izljev Punja\u010d - Watersino","description":"OEM samostoje\u0107a slavina za kadu: vi\u0161e od 30 izdr\u017eljivih zavr\u0161nih obrada, mesing bez olova, masovna prilagodba i graviranje logotipa za luksuzne domove\/hotele","robots":{"index":"index","follow":"follow","max-snippet":"max-snippet:-1","max-image-preview":"max-image-preview:large","max-video-preview":"max-video-preview:-1"},"canonical":"https:\/\/watersino.net\/hr\/product\/bath-tub-brushed-nickel-brass-chrome-mixer-freestanding-spout-filler\/","og_locale":"hr_HR","og_type":"article","og_title":"Bath tub Brushed Nickel Brass Chrome Mixer Freestanding spout filler - Watersino","og_description":"OEM Freestanding Tub Faucet: 30+ durable finishes, lead-free brass, bulk customization & logo engraving for luxury homes\/hotels","og_url":"https:\/\/watersino.net\/hr\/product\/bath-tub-brushed-nickel-brass-chrome-mixer-freestanding-spout-filler\/","og_site_name":"Watersino","article_modified_time":"2025-09-18T08:14:28+00:00","og_image":[{"width":600,"height":600,"url":"https:\/\/watersino.net\/wp-content\/uploads\/2025\/09\/5086_6.png","type":"image\/png"}],"twitter_card":"summary_large_image","twitter_misc":{"Procijenjeno vrijeme \u010ditanja":"1 minuta"},"schema":{"@context":"https:\/\/schema.org","@graph":[{"@type":"WebPage","@id":"https:\/\/watersino.net\/product\/bath-tub-brushed-nickel-brass-chrome-mixer-freestanding-spout-filler\/","url":"https:\/\/watersino.net\/product\/bath-tub-brushed-nickel-brass-chrome-mixer-freestanding-spout-filler\/","name":"Kada Bru\u0161eni nikal mesing Krom Mje\u0161alica Samostoje\u0107i izljev Punja\u010d - Watersino","isPartOf":{"@id":"https:\/\/watersino.net\/#website"},"primaryImageOfPage":{"@id":"https:\/\/watersino.net\/product\/bath-tub-brushed-nickel-brass-chrome-mixer-freestanding-spout-filler\/#primaryimage"},"image":{"@id":"https:\/\/watersino.net\/product\/bath-tub-brushed-nickel-brass-chrome-mixer-freestanding-spout-filler\/#primaryimage"},"thumbnailUrl":"https:\/\/watersino.net\/wp-content\/uploads\/2025\/09\/5086_6.png","datePublished":"2025-09-18T08:14:25+00:00","dateModified":"2025-09-18T08:14:28+00:00","description":"OEM samostoje\u0107a slavina za kadu: vi\u0161e od 30 izdr\u017eljivih zavr\u0161nih obrada, mesing bez olova, masovna prilagodba i graviranje logotipa za luksuzne domove\/hotele","breadcrumb":{"@id":"https:\/\/watersino.net\/product\/bath-tub-brushed-nickel-brass-chrome-mixer-freestanding-spout-filler\/#breadcrumb"},"inLanguage":"hr","potentialAction":[{"@type":"ReadAction","target":["https:\/\/watersino.net\/product\/bath-tub-brushed-nickel-brass-chrome-mixer-freestanding-spout-filler\/"]}]},{"@type":"ImageObject","inLanguage":"hr","@id":"https:\/\/watersino.net\/product\/bath-tub-brushed-nickel-brass-chrome-mixer-freestanding-spout-filler\/#primaryimage","url":"https:\/\/watersino.net\/wp-content\/uploads\/2025\/09\/5086_6.png","contentUrl":"https:\/\/watersino.net\/wp-content\/uploads\/2025\/09\/5086_6.png","width":600,"height":600,"caption":"Brushed NiCkel-OEM Freestanding Bathtub Faucet"},{"@type":"BreadcrumbList","@id":"https:\/\/watersino.net\/product\/bath-tub-brushed-nickel-brass-chrome-mixer-freestanding-spout-filler\/#breadcrumb","itemListElement":[{"@type":"ListItem","position":1,"name":"Home","item":"https:\/\/watersino.net\/"},{"@type":"ListItem","position":2,"name":"Product","item":"https:\/\/watersino.net\/product\/"},{"@type":"ListItem","position":3,"name":"Bath tub Brushed Nickel Brass Chrome Mixer Freestanding spout filler"}]},{"@type":"WebSite","@id":"https:\/\/watersino.net\/#website","url":"https:\/\/watersino.net\/","name":"Watersino","description":"","potentialAction":[{"@type":"SearchAction","target":{"@type":"EntryPoint","urlTemplate":"https:\/\/watersino.net\/?s={search_term_string}"},"query-input":{"@type":"PropertyValueSpecification","valueRequired":true,"valueName":"search_term_string"}}],"inLanguage":"hr"}]}},"_links":{"self":[{"href":"https:\/\/watersino.net\/hr\/wp-json\/wp\/v2\/product\/14295","targetHints":{"allow":["GET"]}}],"collection":[{"href":"https:\/\/watersino.net\/hr\/wp-json\/wp\/v2\/product"}],"about":[{"href":"https:\/\/watersino.net\/hr\/wp-json\/wp\/v2\/types\/product"}],"wp:featuredmedia":[{"embeddable":true,"href":"https:\/\/watersino.net\/hr\/wp-json\/wp\/v2\/media\/14303"}],"wp:attachment":[{"href":"https:\/\/watersino.net\/hr\/wp-json\/wp\/v2\/media?parent=14295"}],"wp:term":[{"taxonomy":"product_category","embeddable":true,"href":"https:\/\/watersino.net\/hr\/wp-json\/wp\/v2\/product_category?post=14295"},{"taxonomy":"products_tags","embeddable":true,"href":"https:\/\/watersino.net\/hr\/wp-json\/wp\/v2\/products_tags?post=14295"}],"curies":[{"name":"wp","href":"https:\/\/api.w.org\/{rel}","templated":true}]}}