{"id":14266,"date":"2025-09-11T07:18:26","date_gmt":"2025-09-11T07:18:26","guid":{"rendered":"https:\/\/watersino.net\/?post_type=product&#038;p=14266"},"modified":"2025-11-28T07:13:18","modified_gmt":"2025-11-28T07:13:18","slug":"custom-luxury-bathtub-faucet-tub-filler-basin-faucet-project-wholesale","status":"publish","type":"product","link":"https:\/\/watersino.net\/hr\/product\/custom-luxury-bathtub-faucet-tub-filler-basin-faucet-project-wholesale\/","title":{"rendered":"Prilago\u0111ena luksuzna slavina za kadu, slavina za umivaonik, veleprodaja"},"content":{"rendered":"<ul class=\"wp-block-list\">\n<li>Nudimo vode\u0107i izbor u industriji od preko 30 izdr\u017eljivih zavr\u0161nih obrada, uklju\u010duju\u0107i polirani krom, mat crnu, antikni mesing, bru\u0161eni Zr Gold, bru\u0161eni Gun Metal i bru\u0161eni nikal, pru\u017eaju\u0107i vrhunsku slobodu dizajna za estetiku svakog projekta.<\/li>\n\n\n\n<li>Izra\u0111ene od visokokvalitetne mesinga bez olova i podvrgnute naprednim procesima galvanizacije, na\u0161e uti\u010dnice su napravljene da izdr\u017ee svakodnevnu upotrebu u zahtjevnim okru\u017eenjima, osiguravaju\u0107i dugotrajnu pouzdanost i performanse.<\/li>\n\n\n\n<li>Dizajniran da zadovolji specifikacije luksuznih domova i komercijalnih projekata s velikim prometom poput hotela, spa centara i odmarali\u0161ta, \u0161to ga \u010dini svestranim izborom za izvo\u0111a\u010de radova i investitore.<\/li>\n\n\n\n<li>Kao iskusna tvornica, pru\u017eamo cjelovitu OEM\/ODM podr\u0161ku, od graviranja logotipa po narud\u017ebi i pakiranja do prilago\u0111enih modifikacija proizvoda, osiguravaju\u0107i besprijekornu integraciju za klijente koji naru\u010duju velike koli\u010dine.<\/li>\n\n\n\n<li>Ima standardne vodovodne priklju\u010dke i jednostavan dizajn, \u0161to pojednostavljuje instalaciju za profesionalce i smanjuje vrijeme i tro\u0161kove rada.<\/li>\n<\/ul>\n\n\n\n<p><\/p>","protected":false},"featured_media":14256,"template":"","product_category":[49,50],"products_tags":[],"class_list":["post-14266","product","type-product","status-publish","has-post-thumbnail","hentry","product_category-shower-sets","product_category-bathtub-faucets"],"acf":[],"yoast_head":"<!-- This site is optimized with the Yoast SEO plugin v26.6 - https:\/\/yoast.com\/wordpress\/plugins\/seo\/ -->\n<title>Custom Luxury Bathtub Faucet Tub Filler Basin Faucet Project Wholesale - Watersino<\/title>\n<meta name=\"description\" content=\"commercial-grade bathtub faucet offering over 30 customizable finishes flexibility to meet the precise needs of any project\" \/>\n<meta name=\"robots\" content=\"index, follow, max-snippet:-1, max-image-preview:large, max-video-preview:-1\" \/>\n<link rel=\"canonical\" href=\"https:\/\/watersino.net\/hr\/product\/custom-luxury-bathtub-faucet-tub-filler-basin-faucet-project-wholesale\/\" \/>\n<meta property=\"og:locale\" content=\"hr_HR\" \/>\n<meta property=\"og:type\" content=\"article\" \/>\n<meta property=\"og:title\" content=\"Custom Luxury Bathtub Faucet Tub Filler Basin Faucet Project Wholesale - Watersino\" \/>\n<meta property=\"og:description\" content=\"commercial-grade bathtub faucet offering over 30 customizable finishes flexibility to meet the precise needs of any project\" \/>\n<meta property=\"og:url\" content=\"https:\/\/watersino.net\/hr\/product\/custom-luxury-bathtub-faucet-tub-filler-basin-faucet-project-wholesale\/\" \/>\n<meta property=\"og:site_name\" content=\"Watersino\" \/>\n<meta property=\"article:modified_time\" content=\"2025-11-28T07:13:18+00:00\" \/>\n<meta property=\"og:image\" content=\"https:\/\/watersino.net\/wp-content\/uploads\/2025\/09\/L2087BS.png\" \/>\n\t<meta property=\"og:image:width\" content=\"600\" \/>\n\t<meta property=\"og:image:height\" content=\"600\" \/>\n\t<meta property=\"og:image:type\" content=\"image\/png\" \/>\n<meta name=\"twitter:card\" content=\"summary_large_image\" \/>\n<meta name=\"twitter:label1\" content=\"Procijenjeno vrijeme \u010ditanja\" \/>\n\t<meta name=\"twitter:data1\" content=\"1 minuta\" \/>\n<script type=\"application\/ld+json\" class=\"yoast-schema-graph\">{\"@context\":\"https:\/\/schema.org\",\"@graph\":[{\"@type\":\"WebPage\",\"@id\":\"https:\/\/watersino.net\/product\/custom-luxury-bathtub-faucet-tub-filler-basin-faucet-project-wholesale\/\",\"url\":\"https:\/\/watersino.net\/product\/custom-luxury-bathtub-faucet-tub-filler-basin-faucet-project-wholesale\/\",\"name\":\"Custom Luxury Bathtub Faucet Tub Filler Basin Faucet Project Wholesale - Watersino\",\"isPartOf\":{\"@id\":\"https:\/\/watersino.net\/#website\"},\"primaryImageOfPage\":{\"@id\":\"https:\/\/watersino.net\/product\/custom-luxury-bathtub-faucet-tub-filler-basin-faucet-project-wholesale\/#primaryimage\"},\"image\":{\"@id\":\"https:\/\/watersino.net\/product\/custom-luxury-bathtub-faucet-tub-filler-basin-faucet-project-wholesale\/#primaryimage\"},\"thumbnailUrl\":\"https:\/\/watersino.net\/wp-content\/uploads\/2025\/09\/L2087BS.png\",\"datePublished\":\"2025-09-11T07:18:26+00:00\",\"dateModified\":\"2025-11-28T07:13:18+00:00\",\"description\":\"commercial-grade bathtub faucet offering over 30 customizable finishes flexibility to meet the precise needs of any project\",\"breadcrumb\":{\"@id\":\"https:\/\/watersino.net\/product\/custom-luxury-bathtub-faucet-tub-filler-basin-faucet-project-wholesale\/#breadcrumb\"},\"inLanguage\":\"hr\",\"potentialAction\":[{\"@type\":\"ReadAction\",\"target\":[\"https:\/\/watersino.net\/product\/custom-luxury-bathtub-faucet-tub-filler-basin-faucet-project-wholesale\/\"]}]},{\"@type\":\"ImageObject\",\"inLanguage\":\"hr\",\"@id\":\"https:\/\/watersino.net\/product\/custom-luxury-bathtub-faucet-tub-filler-basin-faucet-project-wholesale\/#primaryimage\",\"url\":\"https:\/\/watersino.net\/wp-content\/uploads\/2025\/09\/L2087BS.png\",\"contentUrl\":\"https:\/\/watersino.net\/wp-content\/uploads\/2025\/09\/L2087BS.png\",\"width\":600,\"height\":600,\"caption\":\"Brushed Gunmetal Grey-Bathtub spout\"},{\"@type\":\"BreadcrumbList\",\"@id\":\"https:\/\/watersino.net\/product\/custom-luxury-bathtub-faucet-tub-filler-basin-faucet-project-wholesale\/#breadcrumb\",\"itemListElement\":[{\"@type\":\"ListItem\",\"position\":1,\"name\":\"Home\",\"item\":\"https:\/\/watersino.net\/\"},{\"@type\":\"ListItem\",\"position\":2,\"name\":\"Product\",\"item\":\"https:\/\/watersino.net\/product\/\"},{\"@type\":\"ListItem\",\"position\":3,\"name\":\"Custom Luxury Bathtub Faucet Tub Filler Basin Faucet Project Wholesale\"}]},{\"@type\":\"WebSite\",\"@id\":\"https:\/\/watersino.net\/#website\",\"url\":\"https:\/\/watersino.net\/\",\"name\":\"Watersino\",\"description\":\"\",\"potentialAction\":[{\"@type\":\"SearchAction\",\"target\":{\"@type\":\"EntryPoint\",\"urlTemplate\":\"https:\/\/watersino.net\/?s={search_term_string}\"},\"query-input\":{\"@type\":\"PropertyValueSpecification\",\"valueRequired\":true,\"valueName\":\"search_term_string\"}}],\"inLanguage\":\"hr\"}]}<\/script>\n<!-- \/ Yoast SEO plugin. -->","yoast_head_json":{"title":"Luksuzna slavina za kadu po mjeri, punjenje kade, slavina za umivaonik, veleprodaja - Watersino","description":"Slavina za kadu komercijalne klase nudi preko 30 prilagodljivih zavr\u0161nih obrada kako bi se zadovoljile precizne potrebe svakog projekta","robots":{"index":"index","follow":"follow","max-snippet":"max-snippet:-1","max-image-preview":"max-image-preview:large","max-video-preview":"max-video-preview:-1"},"canonical":"https:\/\/watersino.net\/hr\/product\/custom-luxury-bathtub-faucet-tub-filler-basin-faucet-project-wholesale\/","og_locale":"hr_HR","og_type":"article","og_title":"Custom Luxury Bathtub Faucet Tub Filler Basin Faucet Project Wholesale - Watersino","og_description":"commercial-grade bathtub faucet offering over 30 customizable finishes flexibility to meet the precise needs of any project","og_url":"https:\/\/watersino.net\/hr\/product\/custom-luxury-bathtub-faucet-tub-filler-basin-faucet-project-wholesale\/","og_site_name":"Watersino","article_modified_time":"2025-11-28T07:13:18+00:00","og_image":[{"width":600,"height":600,"url":"https:\/\/watersino.net\/wp-content\/uploads\/2025\/09\/L2087BS.png","type":"image\/png"}],"twitter_card":"summary_large_image","twitter_misc":{"Procijenjeno vrijeme \u010ditanja":"1 minuta"},"schema":{"@context":"https:\/\/schema.org","@graph":[{"@type":"WebPage","@id":"https:\/\/watersino.net\/product\/custom-luxury-bathtub-faucet-tub-filler-basin-faucet-project-wholesale\/","url":"https:\/\/watersino.net\/product\/custom-luxury-bathtub-faucet-tub-filler-basin-faucet-project-wholesale\/","name":"Luksuzna slavina za kadu po mjeri, punjenje kade, slavina za umivaonik, veleprodaja - Watersino","isPartOf":{"@id":"https:\/\/watersino.net\/#website"},"primaryImageOfPage":{"@id":"https:\/\/watersino.net\/product\/custom-luxury-bathtub-faucet-tub-filler-basin-faucet-project-wholesale\/#primaryimage"},"image":{"@id":"https:\/\/watersino.net\/product\/custom-luxury-bathtub-faucet-tub-filler-basin-faucet-project-wholesale\/#primaryimage"},"thumbnailUrl":"https:\/\/watersino.net\/wp-content\/uploads\/2025\/09\/L2087BS.png","datePublished":"2025-09-11T07:18:26+00:00","dateModified":"2025-11-28T07:13:18+00:00","description":"Slavina za kadu komercijalne klase nudi preko 30 prilagodljivih zavr\u0161nih obrada kako bi se zadovoljile precizne potrebe svakog projekta","breadcrumb":{"@id":"https:\/\/watersino.net\/product\/custom-luxury-bathtub-faucet-tub-filler-basin-faucet-project-wholesale\/#breadcrumb"},"inLanguage":"hr","potentialAction":[{"@type":"ReadAction","target":["https:\/\/watersino.net\/product\/custom-luxury-bathtub-faucet-tub-filler-basin-faucet-project-wholesale\/"]}]},{"@type":"ImageObject","inLanguage":"hr","@id":"https:\/\/watersino.net\/product\/custom-luxury-bathtub-faucet-tub-filler-basin-faucet-project-wholesale\/#primaryimage","url":"https:\/\/watersino.net\/wp-content\/uploads\/2025\/09\/L2087BS.png","contentUrl":"https:\/\/watersino.net\/wp-content\/uploads\/2025\/09\/L2087BS.png","width":600,"height":600,"caption":"Brushed Gunmetal Grey-Bathtub spout"},{"@type":"BreadcrumbList","@id":"https:\/\/watersino.net\/product\/custom-luxury-bathtub-faucet-tub-filler-basin-faucet-project-wholesale\/#breadcrumb","itemListElement":[{"@type":"ListItem","position":1,"name":"Home","item":"https:\/\/watersino.net\/"},{"@type":"ListItem","position":2,"name":"Product","item":"https:\/\/watersino.net\/product\/"},{"@type":"ListItem","position":3,"name":"Custom Luxury Bathtub Faucet Tub Filler Basin Faucet Project Wholesale"}]},{"@type":"WebSite","@id":"https:\/\/watersino.net\/#website","url":"https:\/\/watersino.net\/","name":"Watersino","description":"","potentialAction":[{"@type":"SearchAction","target":{"@type":"EntryPoint","urlTemplate":"https:\/\/watersino.net\/?s={search_term_string}"},"query-input":{"@type":"PropertyValueSpecification","valueRequired":true,"valueName":"search_term_string"}}],"inLanguage":"hr"}]}},"_links":{"self":[{"href":"https:\/\/watersino.net\/hr\/wp-json\/wp\/v2\/product\/14266","targetHints":{"allow":["GET"]}}],"collection":[{"href":"https:\/\/watersino.net\/hr\/wp-json\/wp\/v2\/product"}],"about":[{"href":"https:\/\/watersino.net\/hr\/wp-json\/wp\/v2\/types\/product"}],"wp:featuredmedia":[{"embeddable":true,"href":"https:\/\/watersino.net\/hr\/wp-json\/wp\/v2\/media\/14256"}],"wp:attachment":[{"href":"https:\/\/watersino.net\/hr\/wp-json\/wp\/v2\/media?parent=14266"}],"wp:term":[{"taxonomy":"product_category","embeddable":true,"href":"https:\/\/watersino.net\/hr\/wp-json\/wp\/v2\/product_category?post=14266"},{"taxonomy":"products_tags","embeddable":true,"href":"https:\/\/watersino.net\/hr\/wp-json\/wp\/v2\/products_tags?post=14266"}],"curies":[{"name":"wp","href":"https:\/\/api.w.org\/{rel}","templated":true}]}}