{"id":14233,"date":"2025-09-11T03:43:57","date_gmt":"2025-09-11T03:43:57","guid":{"rendered":"https:\/\/watersino.net\/?post_type=product&#038;p=14233"},"modified":"2025-11-28T07:16:46","modified_gmt":"2025-11-28T07:16:46","slug":"european-style-commercial-shower-system-wall-mounted-shower-set","status":"publish","type":"product","link":"https:\/\/watersino.net\/hr\/product\/european-style-commercial-shower-system-wall-mounted-shower-set\/","title":{"rendered":"Zidni tu\u0161 set za komercijalnu monta\u017eu u europskom stilu"},"content":{"rendered":"<ul class=\"wp-block-list\">\n<li>Napredni PVD zavr\u0161ni slojevi: Vi\u0161e od 30 izdr\u017eljivih opcija zavr\u0161ne obrade, uklju\u010duju\u0107i mat crnu, bru\u0161eno zlatnu i metalnu, otporne na koroziju i blije\u0111enje<\/li>\n\n\n\n<li>Izrada komercijalne kvalitete: Ku\u0107i\u0161te od punog mesinga s ventilima uravnote\u017eenim tlakom za dosljedne performanse<\/li>\n\n\n\n<li>Usluga prilagodbe: OEM\/ODM podr\u0161ka za privatno ozna\u010davanje, prilago\u0111ene boje i pakiranje<\/li>\n\n\n\n<li>Me\u0111unarodni certifikati: U skladu sa standardima NSF\/ANSI 61, WRAS i WaterSense<\/li>\n\n\n\n<li>5-godi\u0161nje jamstvo: Produ\u017eena za\u0161tita patrona i strukturnih komponenti<\/li>\n\n\n\n<li>Luksuzne primjene: Idealno za hotele s pet zvjezdica, spa centre i vrhunske stambene projekte<\/li>\n<\/ul>\n\n\n\n<p><\/p>","protected":false},"featured_media":14243,"template":"","product_category":[49,87],"products_tags":[],"class_list":["post-14233","product","type-product","status-publish","has-post-thumbnail","hentry","product_category-shower-sets","product_category-wall-mounted-shower-set"],"acf":[],"yoast_head":"<!-- This site is optimized with the Yoast SEO plugin v26.6 - https:\/\/yoast.com\/wordpress\/plugins\/seo\/ -->\n<title>European Style Commercial Shower System Wall-Mounted Shower Set - Watersino<\/title>\n<meta name=\"description\" content=\"Luxury Hotel Shower Set with International Certifications Custom Branding Solutions 5 Year Warranty Ideal for Spa and Resort Projects\" \/>\n<meta name=\"robots\" content=\"index, follow, max-snippet:-1, max-image-preview:large, max-video-preview:-1\" \/>\n<link rel=\"canonical\" href=\"https:\/\/watersino.net\/hr\/product\/european-style-commercial-shower-system-wall-mounted-shower-set\/\" \/>\n<meta property=\"og:locale\" content=\"hr_HR\" \/>\n<meta property=\"og:type\" content=\"article\" \/>\n<meta property=\"og:title\" content=\"European Style Commercial Shower System Wall-Mounted Shower Set - Watersino\" \/>\n<meta property=\"og:description\" content=\"Luxury Hotel Shower Set with International Certifications Custom Branding Solutions 5 Year Warranty Ideal for Spa and Resort Projects\" \/>\n<meta property=\"og:url\" content=\"https:\/\/watersino.net\/hr\/product\/european-style-commercial-shower-system-wall-mounted-shower-set\/\" \/>\n<meta property=\"og:site_name\" content=\"Watersino\" \/>\n<meta property=\"article:modified_time\" content=\"2025-11-28T07:16:46+00:00\" \/>\n<meta property=\"og:image\" content=\"https:\/\/watersino.net\/wp-content\/uploads\/2025\/09\/LB1187TS.png\" \/>\n\t<meta property=\"og:image:width\" content=\"600\" \/>\n\t<meta property=\"og:image:height\" content=\"600\" \/>\n\t<meta property=\"og:image:type\" content=\"image\/png\" \/>\n<meta name=\"twitter:card\" content=\"summary_large_image\" \/>\n<meta name=\"twitter:label1\" content=\"Procijenjeno vrijeme \u010ditanja\" \/>\n\t<meta name=\"twitter:data1\" content=\"1 minuta\" \/>\n<script type=\"application\/ld+json\" class=\"yoast-schema-graph\">{\"@context\":\"https:\/\/schema.org\",\"@graph\":[{\"@type\":\"WebPage\",\"@id\":\"https:\/\/watersino.net\/product\/european-style-commercial-shower-system-wall-mounted-shower-set\/\",\"url\":\"https:\/\/watersino.net\/product\/european-style-commercial-shower-system-wall-mounted-shower-set\/\",\"name\":\"European Style Commercial Shower System Wall-Mounted Shower Set - Watersino\",\"isPartOf\":{\"@id\":\"https:\/\/watersino.net\/#website\"},\"primaryImageOfPage\":{\"@id\":\"https:\/\/watersino.net\/product\/european-style-commercial-shower-system-wall-mounted-shower-set\/#primaryimage\"},\"image\":{\"@id\":\"https:\/\/watersino.net\/product\/european-style-commercial-shower-system-wall-mounted-shower-set\/#primaryimage\"},\"thumbnailUrl\":\"https:\/\/watersino.net\/wp-content\/uploads\/2025\/09\/LB1187TS.png\",\"datePublished\":\"2025-09-11T03:43:57+00:00\",\"dateModified\":\"2025-11-28T07:16:46+00:00\",\"description\":\"Luxury Hotel Shower Set with International Certifications Custom Branding Solutions 5 Year Warranty Ideal for Spa and Resort Projects\",\"breadcrumb\":{\"@id\":\"https:\/\/watersino.net\/product\/european-style-commercial-shower-system-wall-mounted-shower-set\/#breadcrumb\"},\"inLanguage\":\"hr\",\"potentialAction\":[{\"@type\":\"ReadAction\",\"target\":[\"https:\/\/watersino.net\/product\/european-style-commercial-shower-system-wall-mounted-shower-set\/\"]}]},{\"@type\":\"ImageObject\",\"inLanguage\":\"hr\",\"@id\":\"https:\/\/watersino.net\/product\/european-style-commercial-shower-system-wall-mounted-shower-set\/#primaryimage\",\"url\":\"https:\/\/watersino.net\/wp-content\/uploads\/2025\/09\/LB1187TS.png\",\"contentUrl\":\"https:\/\/watersino.net\/wp-content\/uploads\/2025\/09\/LB1187TS.png\",\"width\":600,\"height\":600,\"caption\":\"Brushed Ti Gold-Wall-mounted shower head\"},{\"@type\":\"BreadcrumbList\",\"@id\":\"https:\/\/watersino.net\/product\/european-style-commercial-shower-system-wall-mounted-shower-set\/#breadcrumb\",\"itemListElement\":[{\"@type\":\"ListItem\",\"position\":1,\"name\":\"Home\",\"item\":\"https:\/\/watersino.net\/\"},{\"@type\":\"ListItem\",\"position\":2,\"name\":\"Product\",\"item\":\"https:\/\/watersino.net\/product\/\"},{\"@type\":\"ListItem\",\"position\":3,\"name\":\"European Style Commercial Shower System Wall-Mounted Shower Set\"}]},{\"@type\":\"WebSite\",\"@id\":\"https:\/\/watersino.net\/#website\",\"url\":\"https:\/\/watersino.net\/\",\"name\":\"Watersino\",\"description\":\"\",\"potentialAction\":[{\"@type\":\"SearchAction\",\"target\":{\"@type\":\"EntryPoint\",\"urlTemplate\":\"https:\/\/watersino.net\/?s={search_term_string}\"},\"query-input\":{\"@type\":\"PropertyValueSpecification\",\"valueRequired\":true,\"valueName\":\"search_term_string\"}}],\"inLanguage\":\"hr\"}]}<\/script>\n<!-- \/ Yoast SEO plugin. -->","yoast_head_json":{"title":"Zidni tu\u0161 set za komercijalnu monta\u017eu u europskom stilu - Watersino","description":"Luksuzni hotelski tu\u0161 set s me\u0111unarodnim certifikatima Rje\u0161enja za brendiranje po narud\u017ebi 5-godi\u0161nje jamstvo Idealno za Spa i Resort projekte","robots":{"index":"index","follow":"follow","max-snippet":"max-snippet:-1","max-image-preview":"max-image-preview:large","max-video-preview":"max-video-preview:-1"},"canonical":"https:\/\/watersino.net\/hr\/product\/european-style-commercial-shower-system-wall-mounted-shower-set\/","og_locale":"hr_HR","og_type":"article","og_title":"European Style Commercial Shower System Wall-Mounted Shower Set - Watersino","og_description":"Luxury Hotel Shower Set with International Certifications Custom Branding Solutions 5 Year Warranty Ideal for Spa and Resort Projects","og_url":"https:\/\/watersino.net\/hr\/product\/european-style-commercial-shower-system-wall-mounted-shower-set\/","og_site_name":"Watersino","article_modified_time":"2025-11-28T07:16:46+00:00","og_image":[{"width":600,"height":600,"url":"https:\/\/watersino.net\/wp-content\/uploads\/2025\/09\/LB1187TS.png","type":"image\/png"}],"twitter_card":"summary_large_image","twitter_misc":{"Procijenjeno vrijeme \u010ditanja":"1 minuta"},"schema":{"@context":"https:\/\/schema.org","@graph":[{"@type":"WebPage","@id":"https:\/\/watersino.net\/product\/european-style-commercial-shower-system-wall-mounted-shower-set\/","url":"https:\/\/watersino.net\/product\/european-style-commercial-shower-system-wall-mounted-shower-set\/","name":"Zidni tu\u0161 set za komercijalnu monta\u017eu u europskom stilu - Watersino","isPartOf":{"@id":"https:\/\/watersino.net\/#website"},"primaryImageOfPage":{"@id":"https:\/\/watersino.net\/product\/european-style-commercial-shower-system-wall-mounted-shower-set\/#primaryimage"},"image":{"@id":"https:\/\/watersino.net\/product\/european-style-commercial-shower-system-wall-mounted-shower-set\/#primaryimage"},"thumbnailUrl":"https:\/\/watersino.net\/wp-content\/uploads\/2025\/09\/LB1187TS.png","datePublished":"2025-09-11T03:43:57+00:00","dateModified":"2025-11-28T07:16:46+00:00","description":"Luksuzni hotelski tu\u0161 set s me\u0111unarodnim certifikatima Rje\u0161enja za brendiranje po narud\u017ebi 5-godi\u0161nje jamstvo Idealno za Spa i Resort projekte","breadcrumb":{"@id":"https:\/\/watersino.net\/product\/european-style-commercial-shower-system-wall-mounted-shower-set\/#breadcrumb"},"inLanguage":"hr","potentialAction":[{"@type":"ReadAction","target":["https:\/\/watersino.net\/product\/european-style-commercial-shower-system-wall-mounted-shower-set\/"]}]},{"@type":"ImageObject","inLanguage":"hr","@id":"https:\/\/watersino.net\/product\/european-style-commercial-shower-system-wall-mounted-shower-set\/#primaryimage","url":"https:\/\/watersino.net\/wp-content\/uploads\/2025\/09\/LB1187TS.png","contentUrl":"https:\/\/watersino.net\/wp-content\/uploads\/2025\/09\/LB1187TS.png","width":600,"height":600,"caption":"Brushed Ti Gold-Wall-mounted shower head"},{"@type":"BreadcrumbList","@id":"https:\/\/watersino.net\/product\/european-style-commercial-shower-system-wall-mounted-shower-set\/#breadcrumb","itemListElement":[{"@type":"ListItem","position":1,"name":"Home","item":"https:\/\/watersino.net\/"},{"@type":"ListItem","position":2,"name":"Product","item":"https:\/\/watersino.net\/product\/"},{"@type":"ListItem","position":3,"name":"European Style Commercial Shower System Wall-Mounted Shower Set"}]},{"@type":"WebSite","@id":"https:\/\/watersino.net\/#website","url":"https:\/\/watersino.net\/","name":"Watersino","description":"","potentialAction":[{"@type":"SearchAction","target":{"@type":"EntryPoint","urlTemplate":"https:\/\/watersino.net\/?s={search_term_string}"},"query-input":{"@type":"PropertyValueSpecification","valueRequired":true,"valueName":"search_term_string"}}],"inLanguage":"hr"}]}},"_links":{"self":[{"href":"https:\/\/watersino.net\/hr\/wp-json\/wp\/v2\/product\/14233","targetHints":{"allow":["GET"]}}],"collection":[{"href":"https:\/\/watersino.net\/hr\/wp-json\/wp\/v2\/product"}],"about":[{"href":"https:\/\/watersino.net\/hr\/wp-json\/wp\/v2\/types\/product"}],"wp:featuredmedia":[{"embeddable":true,"href":"https:\/\/watersino.net\/hr\/wp-json\/wp\/v2\/media\/14243"}],"wp:attachment":[{"href":"https:\/\/watersino.net\/hr\/wp-json\/wp\/v2\/media?parent=14233"}],"wp:term":[{"taxonomy":"product_category","embeddable":true,"href":"https:\/\/watersino.net\/hr\/wp-json\/wp\/v2\/product_category?post=14233"},{"taxonomy":"products_tags","embeddable":true,"href":"https:\/\/watersino.net\/hr\/wp-json\/wp\/v2\/products_tags?post=14233"}],"curies":[{"name":"wp","href":"https:\/\/api.w.org\/{rel}","templated":true}]}}