{"id":14183,"date":"2025-08-23T09:04:08","date_gmt":"2025-08-23T09:04:08","guid":{"rendered":"https:\/\/watersino.net\/?post_type=product&#038;p=14183"},"modified":"2025-11-28T07:18:07","modified_gmt":"2025-11-28T07:18:07","slug":"premium-pull-out-kitchen-faucet-with-7-years-warranty-deck-mount-installation-factory-direct","status":"publish","type":"product","link":"https:\/\/watersino.net\/hr\/product\/premium-pull-out-kitchen-faucet-with-7-years-warranty-deck-mount-installation-factory-direct\/","title":{"rendered":"Kuhinjska slavina s izvla\u010denjem vrhunske boje bru\u0161enog zlata"},"content":{"rendered":"<ul class=\"wp-block-list\">\n<li>Premium Pull-Down sustav: Glatko uvla\u010divo crijevo s rotacijom od 360\u00b0 za fleksibilnu upotrebu<\/li>\n\n\n\n<li>Napredni PVD premaz: Zavr\u0161na obrada bru\u0161enog zlata s iznimnom otporno\u0161\u0107u na koroziju i ogrebotine<\/li>\n\n\n\n<li>Njema\u010dki in\u017eenjering: Citec kerami\u010dki ulo\u017eak osigurava nepropusnost i dugi vijek trajanja<\/li>\n\n\n\n<li>Mogu\u0107nosti prilagodbe: 30+ izbora zavr\u0161ne obrade, uklju\u010duju\u0107i polirani krom, mat crnu, antikni mesing itd.<\/li>\n\n\n\n<li>Obveza kvalitete: 7 godina jamstva na sve klju\u010dne komponente uz strogu kontrolu kvalitete<\/li>\n\n\n\n<li>OEM\/ODM usluge: Dostupne su prilago\u0111ene modifikacije logotipa, pakiranja i dizajna<\/li>\n<\/ul>","protected":false},"featured_media":14173,"template":"","product_category":[52,53],"products_tags":[63,64],"class_list":["post-14183","product","type-product","status-publish","has-post-thumbnail","hentry","product_category-kitchen","product_category-kitchen-faucet","products_tags-watermark","products_tags-wels"],"acf":[],"yoast_head":"<!-- This site is optimized with the Yoast SEO plugin v26.6 - https:\/\/yoast.com\/wordpress\/plugins\/seo\/ -->\n<title>Premium Brushed Gold Pull Down Kitchen Faucet - Watersino<\/title>\n<meta name=\"description\" content=\"Pull Down Kitchen FaucetPremium Pull-Down SystemSmooth retractable hose with 360\u00b0 rotation for flexible use\" \/>\n<meta name=\"robots\" content=\"index, follow, max-snippet:-1, max-image-preview:large, max-video-preview:-1\" \/>\n<link rel=\"canonical\" href=\"https:\/\/watersino.net\/hr\/product\/premium-pull-out-kitchen-faucet-with-7-years-warranty-deck-mount-installation-factory-direct\/\" \/>\n<meta property=\"og:locale\" content=\"hr_HR\" \/>\n<meta property=\"og:type\" content=\"article\" \/>\n<meta property=\"og:title\" content=\"Premium Brushed Gold Pull Down Kitchen Faucet - Watersino\" \/>\n<meta property=\"og:description\" content=\"Pull Down Kitchen FaucetPremium Pull-Down SystemSmooth retractable hose with 360\u00b0 rotation for flexible use\" \/>\n<meta property=\"og:url\" content=\"https:\/\/watersino.net\/hr\/product\/premium-pull-out-kitchen-faucet-with-7-years-warranty-deck-mount-installation-factory-direct\/\" \/>\n<meta property=\"og:site_name\" content=\"Watersino\" \/>\n<meta property=\"article:modified_time\" content=\"2025-11-28T07:18:07+00:00\" \/>\n<meta property=\"og:image\" content=\"https:\/\/watersino.net\/wp-content\/uploads\/2025\/08\/WK875BBG.png\" \/>\n\t<meta property=\"og:image:width\" content=\"600\" \/>\n\t<meta property=\"og:image:height\" content=\"600\" \/>\n\t<meta property=\"og:image:type\" content=\"image\/png\" \/>\n<meta name=\"twitter:card\" content=\"summary_large_image\" \/>\n<meta name=\"twitter:label1\" content=\"Procijenjeno vrijeme \u010ditanja\" \/>\n\t<meta name=\"twitter:data1\" content=\"1 minuta\" \/>\n<script type=\"application\/ld+json\" class=\"yoast-schema-graph\">{\"@context\":\"https:\/\/schema.org\",\"@graph\":[{\"@type\":\"WebPage\",\"@id\":\"https:\/\/watersino.net\/product\/premium-pull-out-kitchen-faucet-with-7-years-warranty-deck-mount-installation-factory-direct\/\",\"url\":\"https:\/\/watersino.net\/product\/premium-pull-out-kitchen-faucet-with-7-years-warranty-deck-mount-installation-factory-direct\/\",\"name\":\"Premium Brushed Gold Pull Down Kitchen Faucet - Watersino\",\"isPartOf\":{\"@id\":\"https:\/\/watersino.net\/#website\"},\"primaryImageOfPage\":{\"@id\":\"https:\/\/watersino.net\/product\/premium-pull-out-kitchen-faucet-with-7-years-warranty-deck-mount-installation-factory-direct\/#primaryimage\"},\"image\":{\"@id\":\"https:\/\/watersino.net\/product\/premium-pull-out-kitchen-faucet-with-7-years-warranty-deck-mount-installation-factory-direct\/#primaryimage\"},\"thumbnailUrl\":\"https:\/\/watersino.net\/wp-content\/uploads\/2025\/08\/WK875BBG.png\",\"datePublished\":\"2025-08-23T09:04:08+00:00\",\"dateModified\":\"2025-11-28T07:18:07+00:00\",\"description\":\"Pull Down Kitchen FaucetPremium Pull-Down SystemSmooth retractable hose with 360\u00b0 rotation for flexible use\",\"breadcrumb\":{\"@id\":\"https:\/\/watersino.net\/product\/premium-pull-out-kitchen-faucet-with-7-years-warranty-deck-mount-installation-factory-direct\/#breadcrumb\"},\"inLanguage\":\"hr\",\"potentialAction\":[{\"@type\":\"ReadAction\",\"target\":[\"https:\/\/watersino.net\/product\/premium-pull-out-kitchen-faucet-with-7-years-warranty-deck-mount-installation-factory-direct\/\"]}]},{\"@type\":\"ImageObject\",\"inLanguage\":\"hr\",\"@id\":\"https:\/\/watersino.net\/product\/premium-pull-out-kitchen-faucet-with-7-years-warranty-deck-mount-installation-factory-direct\/#primaryimage\",\"url\":\"https:\/\/watersino.net\/wp-content\/uploads\/2025\/08\/WK875BBG.png\",\"contentUrl\":\"https:\/\/watersino.net\/wp-content\/uploads\/2025\/08\/WK875BBG.png\",\"width\":600,\"height\":600,\"caption\":\"Brushed Gold Pull Down Kitchen Faucet\"},{\"@type\":\"BreadcrumbList\",\"@id\":\"https:\/\/watersino.net\/product\/premium-pull-out-kitchen-faucet-with-7-years-warranty-deck-mount-installation-factory-direct\/#breadcrumb\",\"itemListElement\":[{\"@type\":\"ListItem\",\"position\":1,\"name\":\"Home\",\"item\":\"https:\/\/watersino.net\/\"},{\"@type\":\"ListItem\",\"position\":2,\"name\":\"Product\",\"item\":\"https:\/\/watersino.net\/product\/\"},{\"@type\":\"ListItem\",\"position\":3,\"name\":\"Premium Brushed Gold Pull Down Kitchen Faucet\"}]},{\"@type\":\"WebSite\",\"@id\":\"https:\/\/watersino.net\/#website\",\"url\":\"https:\/\/watersino.net\/\",\"name\":\"Watersino\",\"description\":\"\",\"potentialAction\":[{\"@type\":\"SearchAction\",\"target\":{\"@type\":\"EntryPoint\",\"urlTemplate\":\"https:\/\/watersino.net\/?s={search_term_string}\"},\"query-input\":{\"@type\":\"PropertyValueSpecification\",\"valueRequired\":true,\"valueName\":\"search_term_string\"}}],\"inLanguage\":\"hr\"}]}<\/script>\n<!-- \/ Yoast SEO plugin. -->","yoast_head_json":{"title":"Vrhunska bru\u0161ena zlatna kuhinjska slavina s uvla\u010denjem - Watersino","description":"Slavina za kuhinju s povla\u010denjemPremium sustav s povla\u010denjemGlatko uvla\u010divo crijevo s rotacijom od 360\u00b0 za fleksibilnu upotrebu","robots":{"index":"index","follow":"follow","max-snippet":"max-snippet:-1","max-image-preview":"max-image-preview:large","max-video-preview":"max-video-preview:-1"},"canonical":"https:\/\/watersino.net\/hr\/product\/premium-pull-out-kitchen-faucet-with-7-years-warranty-deck-mount-installation-factory-direct\/","og_locale":"hr_HR","og_type":"article","og_title":"Premium Brushed Gold Pull Down Kitchen Faucet - Watersino","og_description":"Pull Down Kitchen FaucetPremium Pull-Down SystemSmooth retractable hose with 360\u00b0 rotation for flexible use","og_url":"https:\/\/watersino.net\/hr\/product\/premium-pull-out-kitchen-faucet-with-7-years-warranty-deck-mount-installation-factory-direct\/","og_site_name":"Watersino","article_modified_time":"2025-11-28T07:18:07+00:00","og_image":[{"width":600,"height":600,"url":"https:\/\/watersino.net\/wp-content\/uploads\/2025\/08\/WK875BBG.png","type":"image\/png"}],"twitter_card":"summary_large_image","twitter_misc":{"Procijenjeno vrijeme \u010ditanja":"1 minuta"},"schema":{"@context":"https:\/\/schema.org","@graph":[{"@type":"WebPage","@id":"https:\/\/watersino.net\/product\/premium-pull-out-kitchen-faucet-with-7-years-warranty-deck-mount-installation-factory-direct\/","url":"https:\/\/watersino.net\/product\/premium-pull-out-kitchen-faucet-with-7-years-warranty-deck-mount-installation-factory-direct\/","name":"Vrhunska bru\u0161ena zlatna kuhinjska slavina s uvla\u010denjem - Watersino","isPartOf":{"@id":"https:\/\/watersino.net\/#website"},"primaryImageOfPage":{"@id":"https:\/\/watersino.net\/product\/premium-pull-out-kitchen-faucet-with-7-years-warranty-deck-mount-installation-factory-direct\/#primaryimage"},"image":{"@id":"https:\/\/watersino.net\/product\/premium-pull-out-kitchen-faucet-with-7-years-warranty-deck-mount-installation-factory-direct\/#primaryimage"},"thumbnailUrl":"https:\/\/watersino.net\/wp-content\/uploads\/2025\/08\/WK875BBG.png","datePublished":"2025-08-23T09:04:08+00:00","dateModified":"2025-11-28T07:18:07+00:00","description":"Slavina za kuhinju s povla\u010denjemPremium sustav s povla\u010denjemGlatko uvla\u010divo crijevo s rotacijom od 360\u00b0 za fleksibilnu upotrebu","breadcrumb":{"@id":"https:\/\/watersino.net\/product\/premium-pull-out-kitchen-faucet-with-7-years-warranty-deck-mount-installation-factory-direct\/#breadcrumb"},"inLanguage":"hr","potentialAction":[{"@type":"ReadAction","target":["https:\/\/watersino.net\/product\/premium-pull-out-kitchen-faucet-with-7-years-warranty-deck-mount-installation-factory-direct\/"]}]},{"@type":"ImageObject","inLanguage":"hr","@id":"https:\/\/watersino.net\/product\/premium-pull-out-kitchen-faucet-with-7-years-warranty-deck-mount-installation-factory-direct\/#primaryimage","url":"https:\/\/watersino.net\/wp-content\/uploads\/2025\/08\/WK875BBG.png","contentUrl":"https:\/\/watersino.net\/wp-content\/uploads\/2025\/08\/WK875BBG.png","width":600,"height":600,"caption":"Brushed Gold Pull Down Kitchen Faucet"},{"@type":"BreadcrumbList","@id":"https:\/\/watersino.net\/product\/premium-pull-out-kitchen-faucet-with-7-years-warranty-deck-mount-installation-factory-direct\/#breadcrumb","itemListElement":[{"@type":"ListItem","position":1,"name":"Home","item":"https:\/\/watersino.net\/"},{"@type":"ListItem","position":2,"name":"Product","item":"https:\/\/watersino.net\/product\/"},{"@type":"ListItem","position":3,"name":"Premium Brushed Gold Pull Down Kitchen Faucet"}]},{"@type":"WebSite","@id":"https:\/\/watersino.net\/#website","url":"https:\/\/watersino.net\/","name":"Watersino","description":"","potentialAction":[{"@type":"SearchAction","target":{"@type":"EntryPoint","urlTemplate":"https:\/\/watersino.net\/?s={search_term_string}"},"query-input":{"@type":"PropertyValueSpecification","valueRequired":true,"valueName":"search_term_string"}}],"inLanguage":"hr"}]}},"_links":{"self":[{"href":"https:\/\/watersino.net\/hr\/wp-json\/wp\/v2\/product\/14183","targetHints":{"allow":["GET"]}}],"collection":[{"href":"https:\/\/watersino.net\/hr\/wp-json\/wp\/v2\/product"}],"about":[{"href":"https:\/\/watersino.net\/hr\/wp-json\/wp\/v2\/types\/product"}],"wp:featuredmedia":[{"embeddable":true,"href":"https:\/\/watersino.net\/hr\/wp-json\/wp\/v2\/media\/14173"}],"wp:attachment":[{"href":"https:\/\/watersino.net\/hr\/wp-json\/wp\/v2\/media?parent=14183"}],"wp:term":[{"taxonomy":"product_category","embeddable":true,"href":"https:\/\/watersino.net\/hr\/wp-json\/wp\/v2\/product_category?post=14183"},{"taxonomy":"products_tags","embeddable":true,"href":"https:\/\/watersino.net\/hr\/wp-json\/wp\/v2\/products_tags?post=14183"}],"curies":[{"name":"wp","href":"https:\/\/api.w.org\/{rel}","templated":true}]}}