{"id":14146,"date":"2025-08-22T09:48:55","date_gmt":"2025-08-22T09:48:55","guid":{"rendered":"https:\/\/watersino.net\/?post_type=product&#038;p=14146"},"modified":"2025-11-28T07:19:06","modified_gmt":"2025-11-28T07:19:06","slug":"vintage-double-handle-the-bow-shaped-kitchen-basin-tap","status":"publish","type":"product","link":"https:\/\/watersino.net\/hr\/product\/vintage-double-handle-the-bow-shaped-kitchen-basin-tap\/","title":{"rendered":"Vintage dvostruka ru\u010dka Kuhinjska slavina za umivaonik u obliku luka"},"content":{"rendered":"<p>Elegantni lu\u010dni dizajn ove kuhinjske slavine s dvije ru\u010dke savr\u0161eno nadopunjuje svaku mramornu radnu plo\u010du, u\u010dinkovito sprje\u010davaju\u0107i prskanje tijekom rada. Njena bron\u010dana zavr\u0161na obrada otporna na otiske prstiju stvara elegantnu metalnu zavr\u0161nu obradu, a istovremeno nudi izvrsnu otpornost na koroziju i ogrebotine.<\/p>\n\n\n\n<p>Klasi\u010dni stil s dvije ru\u010dke i zamr\u0161eno izrezbareni detalji evociraju estetiku viktorijanske umjetnosti. Bron\u010dana zavr\u0161na obrada nadopunjuje prirodne mramorne \u017eile, stvaraju\u0107i retro i luksuzan kuhinjski prostor. Ova slavina je posebno prikladna za luksuzne apartmane, butik hotele i vile, dodaju\u0107i bezvremenski umjetni\u010dki dodir vrhunskim kuhinjama.<\/p>","protected":false},"featured_media":14151,"template":"","product_category":[52,53],"products_tags":[63,64],"class_list":["post-14146","product","type-product","status-publish","has-post-thumbnail","hentry","product_category-kitchen","product_category-kitchen-faucet","products_tags-watermark","products_tags-wels"],"acf":[],"yoast_head":"<!-- This site is optimized with the Yoast SEO plugin v26.6 - https:\/\/yoast.com\/wordpress\/plugins\/seo\/ -->\n<title>Vintage Double Handle The Bow-Shaped Kitchen Basin Tap - Watersino<\/title>\n<meta name=\"description\" content=\"This kitchen faucet is suitable for high-end residential projects and villa kitchens, injecting an elegant retro atmosphere into the kitchen space.\" \/>\n<meta name=\"robots\" content=\"index, follow, max-snippet:-1, max-image-preview:large, max-video-preview:-1\" \/>\n<link rel=\"canonical\" href=\"https:\/\/watersino.net\/hr\/product\/vintage-double-handle-the-bow-shaped-kitchen-basin-tap\/\" \/>\n<meta property=\"og:locale\" content=\"hr_HR\" \/>\n<meta property=\"og:type\" content=\"article\" \/>\n<meta property=\"og:title\" content=\"Vintage Double Handle The Bow-Shaped Kitchen Basin Tap - Watersino\" \/>\n<meta property=\"og:description\" content=\"This kitchen faucet is suitable for high-end residential projects and villa kitchens, injecting an elegant retro atmosphere into the kitchen space.\" \/>\n<meta property=\"og:url\" content=\"https:\/\/watersino.net\/hr\/product\/vintage-double-handle-the-bow-shaped-kitchen-basin-tap\/\" \/>\n<meta property=\"og:site_name\" content=\"Watersino\" \/>\n<meta property=\"article:modified_time\" content=\"2025-11-28T07:19:06+00:00\" \/>\n<meta property=\"og:image\" content=\"https:\/\/watersino.net\/wp-content\/uploads\/2025\/08\/WK873F.png\" \/>\n\t<meta property=\"og:image:width\" content=\"600\" \/>\n\t<meta property=\"og:image:height\" content=\"600\" \/>\n\t<meta property=\"og:image:type\" content=\"image\/png\" \/>\n<meta name=\"twitter:card\" content=\"summary_large_image\" \/>\n<meta name=\"twitter:label1\" content=\"Procijenjeno vrijeme \u010ditanja\" \/>\n\t<meta name=\"twitter:data1\" content=\"1 minuta\" \/>\n<script type=\"application\/ld+json\" class=\"yoast-schema-graph\">{\"@context\":\"https:\/\/schema.org\",\"@graph\":[{\"@type\":\"WebPage\",\"@id\":\"https:\/\/watersino.net\/product\/vintage-double-handle-the-bow-shaped-kitchen-basin-tap\/\",\"url\":\"https:\/\/watersino.net\/product\/vintage-double-handle-the-bow-shaped-kitchen-basin-tap\/\",\"name\":\"Vintage Double Handle The Bow-Shaped Kitchen Basin Tap - Watersino\",\"isPartOf\":{\"@id\":\"https:\/\/watersino.net\/#website\"},\"primaryImageOfPage\":{\"@id\":\"https:\/\/watersino.net\/product\/vintage-double-handle-the-bow-shaped-kitchen-basin-tap\/#primaryimage\"},\"image\":{\"@id\":\"https:\/\/watersino.net\/product\/vintage-double-handle-the-bow-shaped-kitchen-basin-tap\/#primaryimage\"},\"thumbnailUrl\":\"https:\/\/watersino.net\/wp-content\/uploads\/2025\/08\/WK873F.png\",\"datePublished\":\"2025-08-22T09:48:55+00:00\",\"dateModified\":\"2025-11-28T07:19:06+00:00\",\"description\":\"This kitchen faucet is suitable for high-end residential projects and villa kitchens, injecting an elegant retro atmosphere into the kitchen space.\",\"breadcrumb\":{\"@id\":\"https:\/\/watersino.net\/product\/vintage-double-handle-the-bow-shaped-kitchen-basin-tap\/#breadcrumb\"},\"inLanguage\":\"hr\",\"potentialAction\":[{\"@type\":\"ReadAction\",\"target\":[\"https:\/\/watersino.net\/product\/vintage-double-handle-the-bow-shaped-kitchen-basin-tap\/\"]}]},{\"@type\":\"ImageObject\",\"inLanguage\":\"hr\",\"@id\":\"https:\/\/watersino.net\/product\/vintage-double-handle-the-bow-shaped-kitchen-basin-tap\/#primaryimage\",\"url\":\"https:\/\/watersino.net\/wp-content\/uploads\/2025\/08\/WK873F.png\",\"contentUrl\":\"https:\/\/watersino.net\/wp-content\/uploads\/2025\/08\/WK873F.png\",\"width\":600,\"height\":600,\"caption\":\"Antique Brass-double handle kitchen faucet\"},{\"@type\":\"BreadcrumbList\",\"@id\":\"https:\/\/watersino.net\/product\/vintage-double-handle-the-bow-shaped-kitchen-basin-tap\/#breadcrumb\",\"itemListElement\":[{\"@type\":\"ListItem\",\"position\":1,\"name\":\"Home\",\"item\":\"https:\/\/watersino.net\/\"},{\"@type\":\"ListItem\",\"position\":2,\"name\":\"Product\",\"item\":\"https:\/\/watersino.net\/product\/\"},{\"@type\":\"ListItem\",\"position\":3,\"name\":\"Vintage Double Handle The Bow-Shaped Kitchen Basin Tap\"}]},{\"@type\":\"WebSite\",\"@id\":\"https:\/\/watersino.net\/#website\",\"url\":\"https:\/\/watersino.net\/\",\"name\":\"Watersino\",\"description\":\"\",\"potentialAction\":[{\"@type\":\"SearchAction\",\"target\":{\"@type\":\"EntryPoint\",\"urlTemplate\":\"https:\/\/watersino.net\/?s={search_term_string}\"},\"query-input\":{\"@type\":\"PropertyValueSpecification\",\"valueRequired\":true,\"valueName\":\"search_term_string\"}}],\"inLanguage\":\"hr\"}]}<\/script>\n<!-- \/ Yoast SEO plugin. -->","yoast_head_json":{"title":"Vintage dvostruka ru\u010dka Kuhinjska slavina za umivaonik u obliku luka - Watersino","description":"Ova kuhinjska slavina prikladna je za luksuzne stambene projekte i kuhinje u vilama, unose\u0107i elegantnu retro atmosferu u kuhinjski prostor.","robots":{"index":"index","follow":"follow","max-snippet":"max-snippet:-1","max-image-preview":"max-image-preview:large","max-video-preview":"max-video-preview:-1"},"canonical":"https:\/\/watersino.net\/hr\/product\/vintage-double-handle-the-bow-shaped-kitchen-basin-tap\/","og_locale":"hr_HR","og_type":"article","og_title":"Vintage Double Handle The Bow-Shaped Kitchen Basin Tap - Watersino","og_description":"This kitchen faucet is suitable for high-end residential projects and villa kitchens, injecting an elegant retro atmosphere into the kitchen space.","og_url":"https:\/\/watersino.net\/hr\/product\/vintage-double-handle-the-bow-shaped-kitchen-basin-tap\/","og_site_name":"Watersino","article_modified_time":"2025-11-28T07:19:06+00:00","og_image":[{"width":600,"height":600,"url":"https:\/\/watersino.net\/wp-content\/uploads\/2025\/08\/WK873F.png","type":"image\/png"}],"twitter_card":"summary_large_image","twitter_misc":{"Procijenjeno vrijeme \u010ditanja":"1 minuta"},"schema":{"@context":"https:\/\/schema.org","@graph":[{"@type":"WebPage","@id":"https:\/\/watersino.net\/product\/vintage-double-handle-the-bow-shaped-kitchen-basin-tap\/","url":"https:\/\/watersino.net\/product\/vintage-double-handle-the-bow-shaped-kitchen-basin-tap\/","name":"Vintage dvostruka ru\u010dka Kuhinjska slavina za umivaonik u obliku luka - Watersino","isPartOf":{"@id":"https:\/\/watersino.net\/#website"},"primaryImageOfPage":{"@id":"https:\/\/watersino.net\/product\/vintage-double-handle-the-bow-shaped-kitchen-basin-tap\/#primaryimage"},"image":{"@id":"https:\/\/watersino.net\/product\/vintage-double-handle-the-bow-shaped-kitchen-basin-tap\/#primaryimage"},"thumbnailUrl":"https:\/\/watersino.net\/wp-content\/uploads\/2025\/08\/WK873F.png","datePublished":"2025-08-22T09:48:55+00:00","dateModified":"2025-11-28T07:19:06+00:00","description":"Ova kuhinjska slavina prikladna je za luksuzne stambene projekte i kuhinje u vilama, unose\u0107i elegantnu retro atmosferu u kuhinjski prostor.","breadcrumb":{"@id":"https:\/\/watersino.net\/product\/vintage-double-handle-the-bow-shaped-kitchen-basin-tap\/#breadcrumb"},"inLanguage":"hr","potentialAction":[{"@type":"ReadAction","target":["https:\/\/watersino.net\/product\/vintage-double-handle-the-bow-shaped-kitchen-basin-tap\/"]}]},{"@type":"ImageObject","inLanguage":"hr","@id":"https:\/\/watersino.net\/product\/vintage-double-handle-the-bow-shaped-kitchen-basin-tap\/#primaryimage","url":"https:\/\/watersino.net\/wp-content\/uploads\/2025\/08\/WK873F.png","contentUrl":"https:\/\/watersino.net\/wp-content\/uploads\/2025\/08\/WK873F.png","width":600,"height":600,"caption":"Antique Brass-double handle kitchen faucet"},{"@type":"BreadcrumbList","@id":"https:\/\/watersino.net\/product\/vintage-double-handle-the-bow-shaped-kitchen-basin-tap\/#breadcrumb","itemListElement":[{"@type":"ListItem","position":1,"name":"Home","item":"https:\/\/watersino.net\/"},{"@type":"ListItem","position":2,"name":"Product","item":"https:\/\/watersino.net\/product\/"},{"@type":"ListItem","position":3,"name":"Vintage Double Handle The Bow-Shaped Kitchen Basin Tap"}]},{"@type":"WebSite","@id":"https:\/\/watersino.net\/#website","url":"https:\/\/watersino.net\/","name":"Watersino","description":"","potentialAction":[{"@type":"SearchAction","target":{"@type":"EntryPoint","urlTemplate":"https:\/\/watersino.net\/?s={search_term_string}"},"query-input":{"@type":"PropertyValueSpecification","valueRequired":true,"valueName":"search_term_string"}}],"inLanguage":"hr"}]}},"_links":{"self":[{"href":"https:\/\/watersino.net\/hr\/wp-json\/wp\/v2\/product\/14146","targetHints":{"allow":["GET"]}}],"collection":[{"href":"https:\/\/watersino.net\/hr\/wp-json\/wp\/v2\/product"}],"about":[{"href":"https:\/\/watersino.net\/hr\/wp-json\/wp\/v2\/types\/product"}],"wp:featuredmedia":[{"embeddable":true,"href":"https:\/\/watersino.net\/hr\/wp-json\/wp\/v2\/media\/14151"}],"wp:attachment":[{"href":"https:\/\/watersino.net\/hr\/wp-json\/wp\/v2\/media?parent=14146"}],"wp:term":[{"taxonomy":"product_category","embeddable":true,"href":"https:\/\/watersino.net\/hr\/wp-json\/wp\/v2\/product_category?post=14146"},{"taxonomy":"products_tags","embeddable":true,"href":"https:\/\/watersino.net\/hr\/wp-json\/wp\/v2\/products_tags?post=14146"}],"curies":[{"name":"wp","href":"https:\/\/api.w.org\/{rel}","templated":true}]}}