{"id":3818,"date":"2023-08-10T02:04:45","date_gmt":"2023-08-10T02:04:45","guid":{"rendered":"https:\/\/watersino.net\/?page_id=3818"},"modified":"2023-10-23T06:46:54","modified_gmt":"2023-10-23T06:46:54","slug":"sustainability","status":"publish","type":"page","link":"https:\/\/watersino.net\/hr\/sustainability\/","title":{"rendered":"Odr\u017eivost"},"content":{"rendered":"<div data-elementor-type=\"wp-page\" data-elementor-id=\"3818\" class=\"elementor elementor-3818\" data-elementor-post-type=\"page\">\n\t\t\t\t<div class=\"elementor-element elementor-element-327f5cd e-flex e-con-boxed e-con e-parent\" data-id=\"327f5cd\" data-element_type=\"container\" data-settings=\"{&quot;background_background&quot;:&quot;classic&quot;}\">\n\t\t\t\t\t<div class=\"e-con-inner\">\n\t\t<div class=\"elementor-element elementor-element-e7d70fd e-con-full e-flex e-con e-parent\" data-id=\"e7d70fd\" data-element_type=\"container\">\n\t\t\t\t<div class=\"elementor-element elementor-element-f1168c4 elementor-widget elementor-widget-heading\" data-id=\"f1168c4\" data-element_type=\"widget\" data-widget_type=\"heading.default\">\n\t\t\t\t<div class=\"elementor-widget-container\">\n\t\t\t\t\t<h1 class=\"elementor-heading-title elementor-size-default\">Odr\u017eivost\n<\/h1>\t\t\t\t<\/div>\n\t\t\t\t<\/div>\n\t\t\t\t<div class=\"elementor-element elementor-element-75555cc elementor-widget elementor-widget-text-editor\" data-id=\"75555cc\" data-element_type=\"widget\" data-widget_type=\"text-editor.default\">\n\t\t\t\t<div class=\"elementor-widget-container\">\n\t\t\t\t\t\t\t\t\tWatersino je posve\u0107en odr\u017eivosti, nude\u0107i ekolo\u0161ki prihvatljive elemente, od materijala do tehnologije. Iskusite na\u0161u predanost zelenijoj budu\u0107nosti s na\u0161im odr\u017eivim kupaonskim elementima.\n\n\t\t\t\t\t\t\t\t<\/div>\n\t\t\t\t<\/div>\n\t\t\t\t<div class=\"elementor-element elementor-element-9a49b43 elementor-widget elementor-widget-inf_breadcrumbs\" data-id=\"9a49b43\" data-element_type=\"widget\" data-widget_type=\"inf_breadcrumbs.default\">\n\t\t\t\t<div class=\"elementor-widget-container\">\n\t\t\t\t\t\t\t<div id=\"infility_position\" class=''>\n\t\t\t\t\t\t\t\t\t\t\t<p class='0'>\n\t\t\t\t\t<a href=\"\/hr\/\" >\t\t\t\t\t\tDom\t\t\t\t\t<\/a>\t\t\t\t<\/p>\n\t\t\t\t\t\t\t <span>><\/span> \t\t\t\t<p class='this'>\n\t\t\t\t\t\t\t\t\t\t\t\t\t\t\t\t\t\t\t\t<\/p>\n\t\t\t\t\t<\/div>\n\t\t\t\t<\/div>\n\t\t\t\t<\/div>\n\t\t\t\t<\/div>\n\t\t<div class=\"elementor-element elementor-element-3f190fa e-con-full e-flex e-con e-parent\" data-id=\"3f190fa\" data-element_type=\"container\">\n\t\t\t\t<div class=\"elementor-element elementor-element-89ab305 elementor-widget elementor-widget-image\" data-id=\"89ab305\" data-element_type=\"widget\" data-widget_type=\"image.default\">\n\t\t\t\t<div class=\"elementor-widget-container\">\n\t\t\t\t\t\t\t\t\t\t\t\t\t\t\t<img fetchpriority=\"high\" decoding=\"async\" width=\"1200\" height=\"799\" src=\"https:\/\/watersino.net\/wp-content\/uploads\/2023\/08\/P01_S06_2.webp\" class=\"attachment-full size-full wp-image-4070\" alt=\"P01 S06 2\" srcset=\"https:\/\/watersino.net\/wp-content\/uploads\/2023\/08\/P01_S06_2.webp 1200w, https:\/\/watersino.net\/wp-content\/uploads\/2023\/08\/P01_S06_2-300x200.webp 300w, https:\/\/watersino.net\/wp-content\/uploads\/2023\/08\/P01_S06_2-1024x682.webp 1024w, https:\/\/watersino.net\/wp-content\/uploads\/2023\/08\/P01_S06_2-768x511.webp 768w, https:\/\/watersino.net\/wp-content\/uploads\/2023\/08\/P01_S06_2-600x400.webp 600w\" sizes=\"(max-width: 1200px) 100vw, 1200px\" \/>\t\t\t\t\t\t\t\t\t\t\t\t\t\t\t<\/div>\n\t\t\t\t<\/div>\n\t\t\t\t<\/div>\n\t\t\t\t\t<\/div>\n\t\t\t\t<\/div>\n\t\t<div class=\"elementor-element elementor-element-35d512b e-flex e-con-boxed e-con e-parent\" data-id=\"35d512b\" data-element_type=\"container\">\n\t\t\t\t\t<div class=\"e-con-inner\">\n\t\t<div class=\"elementor-element elementor-element-d79e49c e-con-full e-flex e-con e-parent\" data-id=\"d79e49c\" data-element_type=\"container\">\n\t\t\t\t<div class=\"elementor-element elementor-element-2d1ac39 elementor-widget elementor-widget-heading\" data-id=\"2d1ac39\" data-element_type=\"widget\" data-widget_type=\"heading.default\">\n\t\t\t\t<div class=\"elementor-widget-container\">\n\t\t\t\t\t<h2 class=\"elementor-heading-title elementor-size-default\">Odr\u017eive obveze\n\n\n\n<\/h2>\t\t\t\t<\/div>\n\t\t\t\t<\/div>\n\t\t\t\t<div class=\"elementor-element elementor-element-8c0b26e elementor-widget elementor-widget-text-editor\" data-id=\"8c0b26e\" data-element_type=\"widget\" data-widget_type=\"text-editor.default\">\n\t\t\t\t<div class=\"elementor-widget-container\">\n\t\t\t\t\t\t\t\t\tU Watersinu smo posve\u0107eni ostvarenju odr\u017eivih kupaonskih i kuhinjskih elemenata. U dizajnu i proizvodnji na\u0161ih elemenata koristimo ekolo\u0161ki prihvatljive materijale, metode u\u0161tede vode i energetski u\u010dinkovite alternative.\n\n<br>\n<br>\n\nNa\u0161 utjecaj na okoli\u0161 se smanjuje, resursi se \u010duvaju, a bolja budu\u0107nost se poti\u010de davanjem prioriteta odr\u017eivosti. Iskusite elegantne i prakti\u010dne elemente koji su u skladu s va\u0161im vrijednostima i poma\u017eu u razvoju trajnijeg korporativnog brenda.\t\t\t\t\t\t\t\t<\/div>\n\t\t\t\t<\/div>\n\t\t\t\t<\/div>\n\t\t<div class=\"elementor-element elementor-element-3228972 e-con-full e-flex e-con e-parent\" data-id=\"3228972\" data-element_type=\"container\">\n\t\t\t\t<div class=\"elementor-element elementor-element-0aa22e5 elementor-widget elementor-widget-image\" data-id=\"0aa22e5\" data-element_type=\"widget\" data-widget_type=\"image.default\">\n\t\t\t\t<div class=\"elementor-widget-container\">\n\t\t\t\t\t\t\t\t\t\t\t\t\t\t\t<img decoding=\"async\" width=\"900\" height=\"600\" src=\"https:\/\/watersino.net\/wp-content\/uploads\/2023\/10\/P06_S02_4.webp\" class=\"attachment-full size-full wp-image-10816\" alt=\"P06 S02 4\" srcset=\"https:\/\/watersino.net\/wp-content\/uploads\/2023\/10\/P06_S02_4.webp 900w, https:\/\/watersino.net\/wp-content\/uploads\/2023\/10\/P06_S02_4-300x200.webp 300w, https:\/\/watersino.net\/wp-content\/uploads\/2023\/10\/P06_S02_4-768x512.webp 768w, https:\/\/watersino.net\/wp-content\/uploads\/2023\/10\/P06_S02_4-600x400.webp 600w\" sizes=\"(max-width: 900px) 100vw, 900px\" \/>\t\t\t\t\t\t\t\t\t\t\t\t\t\t\t<\/div>\n\t\t\t\t<\/div>\n\t\t\t\t<\/div>\n\t\t\t\t\t<\/div>\n\t\t\t\t<\/div>\n\t\t<div class=\"elementor-element elementor-element-bb521e5 e-flex e-con-boxed e-con e-parent\" data-id=\"bb521e5\" data-element_type=\"container\">\n\t\t\t\t\t<div class=\"e-con-inner\">\n\t\t<div class=\"elementor-element elementor-element-a326e59 e-con-full e-flex e-con e-parent\" data-id=\"a326e59\" data-element_type=\"container\">\n\t\t\t\t<div class=\"elementor-element elementor-element-f666b41 elementor-widget elementor-widget-heading\" data-id=\"f666b41\" data-element_type=\"widget\" data-widget_type=\"heading.default\">\n\t\t\t\t<div class=\"elementor-widget-container\">\n\t\t\t\t\t<h2 class=\"elementor-heading-title elementor-size-default\">Neopasni metal\n\n<\/h2>\t\t\t\t<\/div>\n\t\t\t\t<\/div>\n\t\t\t\t<div class=\"elementor-element elementor-element-3b38c88 elementor-widget elementor-widget-text-editor\" data-id=\"3b38c88\" data-element_type=\"widget\" data-widget_type=\"text-editor.default\">\n\t\t\t\t<div class=\"elementor-widget-container\">\n\t\t\t\t\t\t\t\t\tIzra\u0111eni od nehr\u0111aju\u0107eg \u010delika 304 i bezolovnog DZR mesinga, kupaonski i kuhinjski elementi Watersino imaju brojne ekolo\u0161ke prednosti, uklju\u010duju\u0107i antikorozivnost, izdr\u017eljivost i dugovje\u010dnost. Tako\u0111er se mogu u potpunosti reciklirati, \u0161to doprinosi kru\u017enom gospodarstvu. Svojim niskim zahtjevima za odr\u017eavanjem i otporno\u0161\u0107u na rast bakterija, nehr\u0111aju\u0107i \u010delik poti\u010de \u010disto\u0107u i higijenu.\n\n\t\t\t\t\t\t\t\t<\/div>\n\t\t\t\t<\/div>\n\t\t\t\t<\/div>\n\t\t<div class=\"elementor-element elementor-element-bbe9d0c e-con-full e-flex e-con e-parent\" data-id=\"bbe9d0c\" data-element_type=\"container\">\n\t\t\t\t<div class=\"elementor-element elementor-element-34afe22 elementor-widget elementor-widget-image\" data-id=\"34afe22\" data-element_type=\"widget\" data-widget_type=\"image.default\">\n\t\t\t\t<div class=\"elementor-widget-container\">\n\t\t\t\t\t\t\t\t\t\t\t\t\t\t\t<img decoding=\"async\" width=\"1200\" height=\"484\" src=\"https:\/\/watersino.net\/wp-content\/uploads\/2023\/10\/P06_S02_5.webp\" class=\"attachment-full size-full wp-image-10820\" alt=\"P06 S02 5\" srcset=\"https:\/\/watersino.net\/wp-content\/uploads\/2023\/10\/P06_S02_5.webp 1200w, https:\/\/watersino.net\/wp-content\/uploads\/2023\/10\/P06_S02_5-300x121.webp 300w, https:\/\/watersino.net\/wp-content\/uploads\/2023\/10\/P06_S02_5-1024x413.webp 1024w, https:\/\/watersino.net\/wp-content\/uploads\/2023\/10\/P06_S02_5-768x310.webp 768w, https:\/\/watersino.net\/wp-content\/uploads\/2023\/10\/P06_S02_5-600x242.webp 600w\" sizes=\"(max-width: 1200px) 100vw, 1200px\" \/>\t\t\t\t\t\t\t\t\t\t\t\t\t\t\t<\/div>\n\t\t\t\t<\/div>\n\t\t\t\t<\/div>\n\t\t\t\t\t<\/div>\n\t\t\t\t<\/div>\n\t\t<div class=\"elementor-element elementor-element-3f0df19 e-con-full e-flex e-con e-parent\" data-id=\"3f0df19\" data-element_type=\"container\" data-settings=\"{&quot;background_background&quot;:&quot;classic&quot;}\">\n\t\t<div class=\"elementor-element elementor-element-8b9295f e-con-full e-flex e-con e-parent\" data-id=\"8b9295f\" data-element_type=\"container\" data-settings=\"{&quot;background_background&quot;:&quot;classic&quot;}\">\n\t\t\t\t<div class=\"elementor-element elementor-element-7cc2999 elementor-widget elementor-widget-heading\" data-id=\"7cc2999\" data-element_type=\"widget\" data-widget_type=\"heading.default\">\n\t\t\t\t<div class=\"elementor-widget-container\">\n\t\t\t\t\t<h2 class=\"elementor-heading-title elementor-size-default\">Izdr\u017eljivi PVD premazi\n\n\n<\/h2>\t\t\t\t<\/div>\n\t\t\t\t<\/div>\n\t\t\t\t<div class=\"elementor-element elementor-element-5828615 elementor-widget elementor-widget-text-editor\" data-id=\"5828615\" data-element_type=\"widget\" data-widget_type=\"text-editor.default\">\n\t\t\t\t<div class=\"elementor-widget-container\">\n\t\t\t\t\t\t\t\t\tPVD premazi (fizi\u010dko talo\u017eenje iz pare) bez opasnih nusprodukata ili hlapljivih organskih spojeva ekolo\u0161ki su prihvatljivi. Ovi premazi pobolj\u0161avaju trajnost, otpornost na koroziju i habanje, produ\u017euju\u0107i vijek trajanja na\u0161ih ure\u0111aja. Osim toga, PVD tehnologija omogu\u0107uje u\u010dinkovito kori\u0161tenje resursa, smanjuju\u0107i otpad materijala i potro\u0161nju energije tijekom proizvodnog procesa.\n\n\t\t\t\t\t\t\t\t<\/div>\n\t\t\t\t<\/div>\n\t\t\t\t<\/div>\n\t\t<div class=\"elementor-element elementor-element-4d9ebcd e-con-full e-flex e-con e-parent\" data-id=\"4d9ebcd\" data-element_type=\"container\">\n\t\t\t\t<div class=\"elementor-element elementor-element-856f112 elementor-widget elementor-widget-image\" data-id=\"856f112\" data-element_type=\"widget\" data-widget_type=\"image.default\">\n\t\t\t\t<div class=\"elementor-widget-container\">\n\t\t\t\t\t\t\t\t\t\t\t\t\t\t\t<img loading=\"lazy\" decoding=\"async\" width=\"1200\" height=\"800\" src=\"https:\/\/watersino.net\/wp-content\/uploads\/2023\/08\/P05_S04_2.webp\" class=\"attachment-full size-full wp-image-6330\" alt=\"P05 S04 2\" srcset=\"https:\/\/watersino.net\/wp-content\/uploads\/2023\/08\/P05_S04_2.webp 1200w, https:\/\/watersino.net\/wp-content\/uploads\/2023\/08\/P05_S04_2-300x200.webp 300w, https:\/\/watersino.net\/wp-content\/uploads\/2023\/08\/P05_S04_2-1024x683.webp 1024w, https:\/\/watersino.net\/wp-content\/uploads\/2023\/08\/P05_S04_2-768x512.webp 768w, https:\/\/watersino.net\/wp-content\/uploads\/2023\/08\/P05_S04_2-600x400.webp 600w\" sizes=\"(max-width: 1200px) 100vw, 1200px\" \/>\t\t\t\t\t\t\t\t\t\t\t\t\t\t\t<\/div>\n\t\t\t\t<\/div>\n\t\t\t\t<\/div>\n\t\t\t\t<\/div>\n\t\t<div class=\"elementor-element elementor-element-f52e5e3 e-flex e-con-boxed e-con e-parent\" data-id=\"f52e5e3\" data-element_type=\"container\" data-settings=\"{&quot;background_background&quot;:&quot;classic&quot;}\">\n\t\t\t\t\t<div class=\"e-con-inner\">\n\t\t<div class=\"elementor-element elementor-element-5e3eca7 e-con-full e-flex e-con e-parent\" data-id=\"5e3eca7\" data-element_type=\"container\">\n\t\t\t\t<div class=\"elementor-element elementor-element-01bbab5 elementor-widget elementor-widget-heading\" data-id=\"01bbab5\" data-element_type=\"widget\" data-widget_type=\"heading.default\">\n\t\t\t\t<div class=\"elementor-widget-container\">\n\t\t\t\t\t<h2 class=\"elementor-heading-title elementor-size-default\">Dizajn slavine koji u\u010dinkovito \u0161tedi vodu\n\n<\/h2>\t\t\t\t<\/div>\n\t\t\t\t<\/div>\n\t\t\t\t<div class=\"elementor-element elementor-element-740f905 elementor-widget elementor-widget-text-editor\" data-id=\"740f905\" data-element_type=\"widget\" data-widget_type=\"text-editor.default\">\n\t\t\t\t<div class=\"elementor-widget-container\">\n\t\t\t\t\t\t\t\t\tS vi\u0161e od 10 godina iskustva u provedbi globalnih standarda, Watersino ima opse\u017eno iskustvo u projektiranju i upravljanju slavinama kako bi zadovoljio zahtjeve i standarde za u\u0161tedu vode. Nudimo slavine za u\u0161tedu vode posebno dizajnirane za podru\u010dja koja \u0161tede vodu, uklju\u010duju\u0107i slavine s odgodom, senzorske slavine i slavine s no\u017enom papu\u010dicom.\t\t\t\t\t\t\t\t<\/div>\n\t\t\t\t<\/div>\n\t\t\t\t<\/div>\n\t\t<div class=\"elementor-element elementor-element-23d176a e-con-full e-flex e-con e-parent\" data-id=\"23d176a\" data-element_type=\"container\">\n\t\t\t\t<div class=\"elementor-element elementor-element-d10a4d0 elementor-widget elementor-widget-image\" data-id=\"d10a4d0\" data-element_type=\"widget\" data-widget_type=\"image.default\">\n\t\t\t\t<div class=\"elementor-widget-container\">\n\t\t\t\t\t\t\t\t\t\t\t\t\t\t\t<img loading=\"lazy\" decoding=\"async\" width=\"900\" height=\"600\" src=\"https:\/\/watersino.net\/wp-content\/uploads\/2023\/09\/P06_S05.webp\" class=\"attachment-full size-full wp-image-6631\" alt=\"P06 S05\" srcset=\"https:\/\/watersino.net\/wp-content\/uploads\/2023\/09\/P06_S05.webp 900w, https:\/\/watersino.net\/wp-content\/uploads\/2023\/09\/P06_S05-300x200.webp 300w, https:\/\/watersino.net\/wp-content\/uploads\/2023\/09\/P06_S05-768x512.webp 768w, https:\/\/watersino.net\/wp-content\/uploads\/2023\/09\/P06_S05-600x400.webp 600w\" sizes=\"(max-width: 900px) 100vw, 900px\" \/>\t\t\t\t\t\t\t\t\t\t\t\t\t\t\t<\/div>\n\t\t\t\t<\/div>\n\t\t\t\t<\/div>\n\t\t\t\t\t<\/div>\n\t\t\t\t<\/div>\n\t\t\t\t<\/div>","protected":false},"excerpt":{"rendered":"<p>Odr\u017eivost Watersino je posve\u0107en odr\u017eivosti, nude\u0107i ekolo\u0161ki prihvatljive elemente, od materijala do tehnologije. Iskusite na\u0161u predanost zelenijoj budu\u0107nosti s na\u0161im odr\u017eivim kupaonskim elementima. Po\u010detna &gt; Odr\u017eive obveze U Watersinu smo posve\u0107eni ostvarenju odr\u017eivih kupaonskih i kuhinjskih elemenata. Koristimo ekolo\u0161ki prihvatljive materijale, metode u\u0161tede vode i energetski u\u010dinkovite alternative [\u2026]<\/p>","protected":false},"author":2,"featured_media":0,"parent":0,"menu_order":0,"comment_status":"closed","ping_status":"closed","template":"","meta":{"_acf_changed":false,"two_page_speed":[],"footnotes":""},"class_list":["post-3818","page","type-page","status-publish","hentry"],"acf":[],"yoast_head":"<!-- This site is optimized with the Yoast SEO plugin v26.6 - https:\/\/yoast.com\/wordpress\/plugins\/seo\/ -->\n<title>Fulfilling Sustainability in Faucet Manufacturing | Watersino<\/title>\n<meta name=\"description\" content=\"Elevate your offerings with Watersino, a faucet manufacturer committed to non-hazardous metal, durable PVD coating finishes, and water-efficient designs.\" \/>\n<meta name=\"robots\" content=\"index, follow, max-snippet:-1, max-image-preview:large, max-video-preview:-1\" \/>\n<link rel=\"canonical\" href=\"https:\/\/watersino.net\/hr\/sustainability\/\" \/>\n<meta property=\"og:locale\" content=\"hr_HR\" \/>\n<meta property=\"og:type\" content=\"article\" \/>\n<meta property=\"og:title\" content=\"Fulfilling Sustainability in Faucet Manufacturing | Watersino\" \/>\n<meta property=\"og:description\" content=\"Elevate your offerings with Watersino, a faucet manufacturer committed to non-hazardous metal, durable PVD coating finishes, and water-efficient designs.\" \/>\n<meta property=\"og:url\" content=\"https:\/\/watersino.net\/hr\/sustainability\/\" \/>\n<meta property=\"og:site_name\" content=\"Watersino\" \/>\n<meta property=\"article:modified_time\" content=\"2023-10-23T06:46:54+00:00\" \/>\n<meta property=\"og:image\" content=\"https:\/\/watersino.net\/wp-content\/uploads\/2023\/08\/P01_S06_2.webp\" \/>\n<meta name=\"twitter:card\" content=\"summary_large_image\" \/>\n<meta name=\"twitter:label1\" content=\"Procijenjeno vrijeme \u010ditanja\" \/>\n\t<meta name=\"twitter:data1\" content=\"3 minute\" \/>\n<script type=\"application\/ld+json\" class=\"yoast-schema-graph\">{\"@context\":\"https:\/\/schema.org\",\"@graph\":[{\"@type\":\"WebPage\",\"@id\":\"https:\/\/watersino.net\/sustainability\/\",\"url\":\"https:\/\/watersino.net\/sustainability\/\",\"name\":\"Fulfilling Sustainability in Faucet Manufacturing | Watersino\",\"isPartOf\":{\"@id\":\"https:\/\/watersino.net\/#website\"},\"primaryImageOfPage\":{\"@id\":\"https:\/\/watersino.net\/sustainability\/#primaryimage\"},\"image\":{\"@id\":\"https:\/\/watersino.net\/sustainability\/#primaryimage\"},\"thumbnailUrl\":\"https:\/\/watersino.net\/wp-content\/uploads\/2023\/08\/P01_S06_2.webp\",\"datePublished\":\"2023-08-10T02:04:45+00:00\",\"dateModified\":\"2023-10-23T06:46:54+00:00\",\"description\":\"Elevate your offerings with Watersino, a faucet manufacturer committed to non-hazardous metal, durable PVD coating finishes, and water-efficient designs.\",\"breadcrumb\":{\"@id\":\"https:\/\/watersino.net\/sustainability\/#breadcrumb\"},\"inLanguage\":\"hr\",\"potentialAction\":[{\"@type\":\"ReadAction\",\"target\":[\"https:\/\/watersino.net\/sustainability\/\"]}]},{\"@type\":\"ImageObject\",\"inLanguage\":\"hr\",\"@id\":\"https:\/\/watersino.net\/sustainability\/#primaryimage\",\"url\":\"https:\/\/watersino.net\/wp-content\/uploads\/2023\/08\/P01_S06_2.webp\",\"contentUrl\":\"https:\/\/watersino.net\/wp-content\/uploads\/2023\/08\/P01_S06_2.webp\"},{\"@type\":\"BreadcrumbList\",\"@id\":\"https:\/\/watersino.net\/sustainability\/#breadcrumb\",\"itemListElement\":[{\"@type\":\"ListItem\",\"position\":1,\"name\":\"Home\",\"item\":\"https:\/\/watersino.net\/\"},{\"@type\":\"ListItem\",\"position\":2,\"name\":\"Sustainability\"}]},{\"@type\":\"WebSite\",\"@id\":\"https:\/\/watersino.net\/#website\",\"url\":\"https:\/\/watersino.net\/\",\"name\":\"Watersino\",\"description\":\"\",\"potentialAction\":[{\"@type\":\"SearchAction\",\"target\":{\"@type\":\"EntryPoint\",\"urlTemplate\":\"https:\/\/watersino.net\/?s={search_term_string}\"},\"query-input\":{\"@type\":\"PropertyValueSpecification\",\"valueRequired\":true,\"valueName\":\"search_term_string\"}}],\"inLanguage\":\"hr\"}]}<\/script>\n<!-- \/ Yoast SEO plugin. -->","yoast_head_json":{"title":"Ostvarivanje odr\u017eivosti u proizvodnji slavina | Watersino","description":"Pobolj\u0161ajte svoju ponudu s Watersinom, proizvo\u0111a\u010dem slavina posve\u0107enim neopasnim metalima, izdr\u017eljivim PVD premazima i vodou\u010dinkovitim dizajnom.","robots":{"index":"index","follow":"follow","max-snippet":"max-snippet:-1","max-image-preview":"max-image-preview:large","max-video-preview":"max-video-preview:-1"},"canonical":"https:\/\/watersino.net\/hr\/sustainability\/","og_locale":"hr_HR","og_type":"article","og_title":"Fulfilling Sustainability in Faucet Manufacturing | Watersino","og_description":"Elevate your offerings with Watersino, a faucet manufacturer committed to non-hazardous metal, durable PVD coating finishes, and water-efficient designs.","og_url":"https:\/\/watersino.net\/hr\/sustainability\/","og_site_name":"Watersino","article_modified_time":"2023-10-23T06:46:54+00:00","og_image":[{"url":"https:\/\/watersino.net\/wp-content\/uploads\/2023\/08\/P01_S06_2.webp","type":"","width":"","height":""}],"twitter_card":"summary_large_image","twitter_misc":{"Procijenjeno vrijeme \u010ditanja":"3 minute"},"schema":{"@context":"https:\/\/schema.org","@graph":[{"@type":"WebPage","@id":"https:\/\/watersino.net\/sustainability\/","url":"https:\/\/watersino.net\/sustainability\/","name":"Ostvarivanje odr\u017eivosti u proizvodnji slavina | Watersino","isPartOf":{"@id":"https:\/\/watersino.net\/#website"},"primaryImageOfPage":{"@id":"https:\/\/watersino.net\/sustainability\/#primaryimage"},"image":{"@id":"https:\/\/watersino.net\/sustainability\/#primaryimage"},"thumbnailUrl":"https:\/\/watersino.net\/wp-content\/uploads\/2023\/08\/P01_S06_2.webp","datePublished":"2023-08-10T02:04:45+00:00","dateModified":"2023-10-23T06:46:54+00:00","description":"Pobolj\u0161ajte svoju ponudu s Watersinom, proizvo\u0111a\u010dem slavina posve\u0107enim neopasnim metalima, izdr\u017eljivim PVD premazima i vodou\u010dinkovitim dizajnom.","breadcrumb":{"@id":"https:\/\/watersino.net\/sustainability\/#breadcrumb"},"inLanguage":"hr","potentialAction":[{"@type":"ReadAction","target":["https:\/\/watersino.net\/sustainability\/"]}]},{"@type":"ImageObject","inLanguage":"hr","@id":"https:\/\/watersino.net\/sustainability\/#primaryimage","url":"https:\/\/watersino.net\/wp-content\/uploads\/2023\/08\/P01_S06_2.webp","contentUrl":"https:\/\/watersino.net\/wp-content\/uploads\/2023\/08\/P01_S06_2.webp"},{"@type":"BreadcrumbList","@id":"https:\/\/watersino.net\/sustainability\/#breadcrumb","itemListElement":[{"@type":"ListItem","position":1,"name":"Home","item":"https:\/\/watersino.net\/"},{"@type":"ListItem","position":2,"name":"Sustainability"}]},{"@type":"WebSite","@id":"https:\/\/watersino.net\/#website","url":"https:\/\/watersino.net\/","name":"Watersino","description":"","potentialAction":[{"@type":"SearchAction","target":{"@type":"EntryPoint","urlTemplate":"https:\/\/watersino.net\/?s={search_term_string}"},"query-input":{"@type":"PropertyValueSpecification","valueRequired":true,"valueName":"search_term_string"}}],"inLanguage":"hr"}]}},"_links":{"self":[{"href":"https:\/\/watersino.net\/hr\/wp-json\/wp\/v2\/pages\/3818","targetHints":{"allow":["GET"]}}],"collection":[{"href":"https:\/\/watersino.net\/hr\/wp-json\/wp\/v2\/pages"}],"about":[{"href":"https:\/\/watersino.net\/hr\/wp-json\/wp\/v2\/types\/page"}],"author":[{"embeddable":true,"href":"https:\/\/watersino.net\/hr\/wp-json\/wp\/v2\/users\/2"}],"replies":[{"embeddable":true,"href":"https:\/\/watersino.net\/hr\/wp-json\/wp\/v2\/comments?post=3818"}],"version-history":[{"count":0,"href":"https:\/\/watersino.net\/hr\/wp-json\/wp\/v2\/pages\/3818\/revisions"}],"wp:attachment":[{"href":"https:\/\/watersino.net\/hr\/wp-json\/wp\/v2\/media?parent=3818"}],"curies":[{"name":"wp","href":"https:\/\/api.w.org\/{rel}","templated":true}]}}