{"id":14320,"date":"2025-09-18T09:42:16","date_gmt":"2025-09-18T09:42:16","guid":{"rendered":"https:\/\/watersino.net\/?post_type=product&#038;p=14320"},"modified":"2025-12-03T01:12:52","modified_gmt":"2025-12-03T01:12:52","slug":"7-shaped-basin-faucet-watermark-bathroom-hardware-one-stop-service","status":"publish","type":"product","link":"https:\/\/watersino.net\/fr\/product\/7-shaped-basin-faucet-watermark-bathroom-hardware-one-stop-service\/","title":{"rendered":"Robinet de lavabo en forme de 7 Watermark Quincaillerie de salle de bain Service \u00e0 guichet unique"},"content":{"rendered":"<ul class=\"wp-block-list\"><\/ul>\n\n\n\n<p>WATERSINOL&#039;s Forts de nos solides capacit\u00e9s de fabrication et d&#039;approvisionnement, nous allons au-del\u00e0 de la fourniture d&#039;un seul produit\u00a0: nous offrons un service complet pour vos \u00e9quipements de salle de bains. Simplifiez votre processus d&#039;approvisionnement en proposant des robinets, des douches, des accessoires et bien plus encore, \u00e9liminant ainsi la n\u00e9cessit\u00e9 de collaborer avec plusieurs fournisseurs. Notre gamme de produits comprend plus de 1\u00a0000 articles certifi\u00e9s Watermark et nous d\u00e9tenons une gamme compl\u00e8te de certifications internationales faisant autorit\u00e9, telles que WELS, WRAS, UPC, CE, ACS et SAA, garantissant ainsi la conformit\u00e9 aux normes r\u00e9gionales sur diff\u00e9rents march\u00e9s. Nous prenons en charge les commandes group\u00e9es, proposons une personnalisation flexible (y compris l&#039;harmonisation des finitions et les ajustements de taille), et garantissons des d\u00e9lais de livraison stables et un contr\u00f4le qualit\u00e9 constant. Cela permet aux entrepreneurs et aux fournisseurs de respecter les d\u00e9lais de leurs projets, de r\u00e9duire les risques li\u00e9s \u00e0 l&#039;approvisionnement et de r\u00e9pondre en toute confiance aux diverses demandes de nos clients.<\/p>","protected":false},"featured_media":14325,"template":"","product_category":[57,85],"products_tags":[63],"class_list":["post-14320","product","type-product","status-publish","has-post-thumbnail","hentry","product_category-bathroom-faucet","product_category-high-deck-mounted-faucet","products_tags-watermark"],"acf":[],"yoast_head":"<!-- This site is optimized with the Yoast SEO plugin v26.6 - https:\/\/yoast.com\/wordpress\/plugins\/seo\/ -->\n<title>7-Shaped Basin Faucet Watermark Bathroom Hardware One-Stop Service - Watersino<\/title>\n<meta name=\"description\" content=\"Basin faucets with 30+ custom finishes. Watermark certified Bathroom hardware one-stop service for contractors &amp; suppliers.\" \/>\n<meta name=\"robots\" content=\"index, follow, max-snippet:-1, max-image-preview:large, max-video-preview:-1\" \/>\n<link rel=\"canonical\" href=\"https:\/\/watersino.net\/fr\/product\/7-shaped-basin-faucet-watermark-bathroom-hardware-one-stop-service\/\" \/>\n<meta property=\"og:locale\" content=\"fr_FR\" \/>\n<meta property=\"og:type\" content=\"article\" \/>\n<meta property=\"og:title\" content=\"7-Shaped Basin Faucet Watermark Bathroom Hardware One-Stop Service - Watersino\" \/>\n<meta property=\"og:description\" content=\"Basin faucets with 30+ custom finishes. Watermark certified Bathroom hardware one-stop service for contractors &amp; suppliers.\" \/>\n<meta property=\"og:url\" content=\"https:\/\/watersino.net\/fr\/product\/7-shaped-basin-faucet-watermark-bathroom-hardware-one-stop-service\/\" \/>\n<meta property=\"og:site_name\" content=\"Watersino\" \/>\n<meta property=\"article:modified_time\" content=\"2025-12-03T01:12:52+00:00\" \/>\n<meta property=\"og:image\" content=\"https:\/\/watersino.net\/wp-content\/uploads\/2025\/09\/L2186_3.png\" \/>\n\t<meta property=\"og:image:width\" content=\"600\" \/>\n\t<meta property=\"og:image:height\" content=\"600\" \/>\n\t<meta property=\"og:image:type\" content=\"image\/png\" \/>\n<meta name=\"twitter:card\" content=\"summary_large_image\" \/>\n<meta name=\"twitter:label1\" content=\"Dur\u00e9e de lecture estim\u00e9e\" \/>\n\t<meta name=\"twitter:data1\" content=\"1 minute\" \/>\n<script type=\"application\/ld+json\" class=\"yoast-schema-graph\">{\"@context\":\"https:\/\/schema.org\",\"@graph\":[{\"@type\":\"WebPage\",\"@id\":\"https:\/\/watersino.net\/product\/7-shaped-basin-faucet-watermark-bathroom-hardware-one-stop-service\/\",\"url\":\"https:\/\/watersino.net\/product\/7-shaped-basin-faucet-watermark-bathroom-hardware-one-stop-service\/\",\"name\":\"7-Shaped Basin Faucet Watermark Bathroom Hardware One-Stop Service - Watersino\",\"isPartOf\":{\"@id\":\"https:\/\/watersino.net\/#website\"},\"primaryImageOfPage\":{\"@id\":\"https:\/\/watersino.net\/product\/7-shaped-basin-faucet-watermark-bathroom-hardware-one-stop-service\/#primaryimage\"},\"image\":{\"@id\":\"https:\/\/watersino.net\/product\/7-shaped-basin-faucet-watermark-bathroom-hardware-one-stop-service\/#primaryimage\"},\"thumbnailUrl\":\"https:\/\/watersino.net\/wp-content\/uploads\/2025\/09\/L2186_3.png\",\"datePublished\":\"2025-09-18T09:42:16+00:00\",\"dateModified\":\"2025-12-03T01:12:52+00:00\",\"description\":\"Basin faucets with 30+ custom finishes. Watermark certified Bathroom hardware one-stop service for contractors & suppliers.\",\"breadcrumb\":{\"@id\":\"https:\/\/watersino.net\/product\/7-shaped-basin-faucet-watermark-bathroom-hardware-one-stop-service\/#breadcrumb\"},\"inLanguage\":\"fr-FR\",\"potentialAction\":[{\"@type\":\"ReadAction\",\"target\":[\"https:\/\/watersino.net\/product\/7-shaped-basin-faucet-watermark-bathroom-hardware-one-stop-service\/\"]}]},{\"@type\":\"ImageObject\",\"inLanguage\":\"fr-FR\",\"@id\":\"https:\/\/watersino.net\/product\/7-shaped-basin-faucet-watermark-bathroom-hardware-one-stop-service\/#primaryimage\",\"url\":\"https:\/\/watersino.net\/wp-content\/uploads\/2025\/09\/L2186_3.png\",\"contentUrl\":\"https:\/\/watersino.net\/wp-content\/uploads\/2025\/09\/L2186_3.png\",\"width\":600,\"height\":600,\"caption\":\"Polished Chrome 7-Shaped Basin Faucet\"},{\"@type\":\"BreadcrumbList\",\"@id\":\"https:\/\/watersino.net\/product\/7-shaped-basin-faucet-watermark-bathroom-hardware-one-stop-service\/#breadcrumb\",\"itemListElement\":[{\"@type\":\"ListItem\",\"position\":1,\"name\":\"Home\",\"item\":\"https:\/\/watersino.net\/\"},{\"@type\":\"ListItem\",\"position\":2,\"name\":\"Product\",\"item\":\"https:\/\/watersino.net\/product\/\"},{\"@type\":\"ListItem\",\"position\":3,\"name\":\"7-Shaped Basin Faucet Watermark Bathroom Hardware One-Stop Service\"}]},{\"@type\":\"WebSite\",\"@id\":\"https:\/\/watersino.net\/#website\",\"url\":\"https:\/\/watersino.net\/\",\"name\":\"Watersino\",\"description\":\"\",\"potentialAction\":[{\"@type\":\"SearchAction\",\"target\":{\"@type\":\"EntryPoint\",\"urlTemplate\":\"https:\/\/watersino.net\/?s={search_term_string}\"},\"query-input\":{\"@type\":\"PropertyValueSpecification\",\"valueRequired\":true,\"valueName\":\"search_term_string\"}}],\"inLanguage\":\"fr-FR\"}]}<\/script>\n<!-- \/ Yoast SEO plugin. -->","yoast_head_json":{"title":"Robinet de lavabo \u00e0 7 formes Watermark, quincaillerie de salle de bain, service complet - Watersino","description":"Robinetterie de lavabo avec plus de 30 finitions personnalis\u00e9es. Quincaillerie de salle de bain certifi\u00e9e Watermark\u00a0: un service complet pour les entrepreneurs et les fournisseurs.","robots":{"index":"index","follow":"follow","max-snippet":"max-snippet:-1","max-image-preview":"max-image-preview:large","max-video-preview":"max-video-preview:-1"},"canonical":"https:\/\/watersino.net\/fr\/product\/7-shaped-basin-faucet-watermark-bathroom-hardware-one-stop-service\/","og_locale":"fr_FR","og_type":"article","og_title":"7-Shaped Basin Faucet Watermark Bathroom Hardware One-Stop Service - Watersino","og_description":"Basin faucets with 30+ custom finishes. Watermark certified Bathroom hardware one-stop service for contractors & suppliers.","og_url":"https:\/\/watersino.net\/fr\/product\/7-shaped-basin-faucet-watermark-bathroom-hardware-one-stop-service\/","og_site_name":"Watersino","article_modified_time":"2025-12-03T01:12:52+00:00","og_image":[{"width":600,"height":600,"url":"https:\/\/watersino.net\/wp-content\/uploads\/2025\/09\/L2186_3.png","type":"image\/png"}],"twitter_card":"summary_large_image","twitter_misc":{"Dur\u00e9e de lecture estim\u00e9e":"1 minute"},"schema":{"@context":"https:\/\/schema.org","@graph":[{"@type":"WebPage","@id":"https:\/\/watersino.net\/product\/7-shaped-basin-faucet-watermark-bathroom-hardware-one-stop-service\/","url":"https:\/\/watersino.net\/product\/7-shaped-basin-faucet-watermark-bathroom-hardware-one-stop-service\/","name":"Robinet de lavabo \u00e0 7 formes Watermark, quincaillerie de salle de bain, service complet - Watersino","isPartOf":{"@id":"https:\/\/watersino.net\/#website"},"primaryImageOfPage":{"@id":"https:\/\/watersino.net\/product\/7-shaped-basin-faucet-watermark-bathroom-hardware-one-stop-service\/#primaryimage"},"image":{"@id":"https:\/\/watersino.net\/product\/7-shaped-basin-faucet-watermark-bathroom-hardware-one-stop-service\/#primaryimage"},"thumbnailUrl":"https:\/\/watersino.net\/wp-content\/uploads\/2025\/09\/L2186_3.png","datePublished":"2025-09-18T09:42:16+00:00","dateModified":"2025-12-03T01:12:52+00:00","description":"Robinetterie de lavabo avec plus de 30 finitions personnalis\u00e9es. Quincaillerie de salle de bain certifi\u00e9e Watermark\u00a0: un service complet pour les entrepreneurs et les fournisseurs.","breadcrumb":{"@id":"https:\/\/watersino.net\/product\/7-shaped-basin-faucet-watermark-bathroom-hardware-one-stop-service\/#breadcrumb"},"inLanguage":"fr-FR","potentialAction":[{"@type":"ReadAction","target":["https:\/\/watersino.net\/product\/7-shaped-basin-faucet-watermark-bathroom-hardware-one-stop-service\/"]}]},{"@type":"ImageObject","inLanguage":"fr-FR","@id":"https:\/\/watersino.net\/product\/7-shaped-basin-faucet-watermark-bathroom-hardware-one-stop-service\/#primaryimage","url":"https:\/\/watersino.net\/wp-content\/uploads\/2025\/09\/L2186_3.png","contentUrl":"https:\/\/watersino.net\/wp-content\/uploads\/2025\/09\/L2186_3.png","width":600,"height":600,"caption":"Polished Chrome 7-Shaped Basin Faucet"},{"@type":"BreadcrumbList","@id":"https:\/\/watersino.net\/product\/7-shaped-basin-faucet-watermark-bathroom-hardware-one-stop-service\/#breadcrumb","itemListElement":[{"@type":"ListItem","position":1,"name":"Home","item":"https:\/\/watersino.net\/"},{"@type":"ListItem","position":2,"name":"Product","item":"https:\/\/watersino.net\/product\/"},{"@type":"ListItem","position":3,"name":"7-Shaped Basin Faucet Watermark Bathroom Hardware One-Stop Service"}]},{"@type":"WebSite","@id":"https:\/\/watersino.net\/#website","url":"https:\/\/watersino.net\/","name":"Watersino","description":"","potentialAction":[{"@type":"SearchAction","target":{"@type":"EntryPoint","urlTemplate":"https:\/\/watersino.net\/?s={search_term_string}"},"query-input":{"@type":"PropertyValueSpecification","valueRequired":true,"valueName":"search_term_string"}}],"inLanguage":"fr-FR"}]}},"_links":{"self":[{"href":"https:\/\/watersino.net\/fr\/wp-json\/wp\/v2\/product\/14320","targetHints":{"allow":["GET"]}}],"collection":[{"href":"https:\/\/watersino.net\/fr\/wp-json\/wp\/v2\/product"}],"about":[{"href":"https:\/\/watersino.net\/fr\/wp-json\/wp\/v2\/types\/product"}],"wp:featuredmedia":[{"embeddable":true,"href":"https:\/\/watersino.net\/fr\/wp-json\/wp\/v2\/media\/14325"}],"wp:attachment":[{"href":"https:\/\/watersino.net\/fr\/wp-json\/wp\/v2\/media?parent=14320"}],"wp:term":[{"taxonomy":"product_category","embeddable":true,"href":"https:\/\/watersino.net\/fr\/wp-json\/wp\/v2\/product_category?post=14320"},{"taxonomy":"products_tags","embeddable":true,"href":"https:\/\/watersino.net\/fr\/wp-json\/wp\/v2\/products_tags?post=14320"}],"curies":[{"name":"wp","href":"https:\/\/api.w.org\/{rel}","templated":true}]}}