{"id":14215,"date":"2025-09-06T09:27:53","date_gmt":"2025-09-06T09:27:53","guid":{"rendered":"https:\/\/watersino.net\/?post_type=product&#038;p=14215"},"modified":"2025-11-28T07:18:00","modified_gmt":"2025-11-28T07:18:00","slug":"wall-mounted-dual-handle-lavatory-basin-mixer-tap-sink-handle-faucet","status":"publish","type":"product","link":"https:\/\/watersino.net\/fr\/product\/wall-mounted-dual-handle-lavatory-basin-mixer-tap-sink-handle-faucet\/","title":{"rendered":"Robinet mitigeur de lavabo mural \u00e0 double poign\u00e9e Robinet de lavabo"},"content":{"rendered":"<ul class=\"wp-block-list\">\n<li>Mat\u00e9riaux de haute qualit\u00e9 \u2013 Le laiton DZR sans plomb garantit la durabilit\u00e9<\/li>\n\n\n\n<li>Noyau de valve de pr\u00e9cision \u2013 Noyau de valve en c\u00e9ramique import\u00e9, garanti pour durer 500 000 cycles<\/li>\n\n\n\n<li>Diff\u00e9rentes configurations \u2013 Plus de 30 finitions de surface disponibles<\/li>\n\n\n\n<li>Large application \u2013 Convient \u00e0 une vari\u00e9t\u00e9 de projets commerciaux et r\u00e9sidentiels haut de gamme<\/li>\n\n\n\n<li>Personnalisation \u2013 Fabrication OEM\/ODM prise en charge, avec logos et emballages personnalis\u00e9s disponibles<\/li>\n<\/ul>\n\n\n\n<p><\/p>","protected":false},"featured_media":14217,"template":"","product_category":[57,86],"products_tags":[63,64],"class_list":["post-14215","product","type-product","status-publish","has-post-thumbnail","hentry","product_category-bathroom-faucet","product_category-wall-mounted-basin-faucet","products_tags-watermark","products_tags-wels"],"acf":[],"yoast_head":"<!-- This site is optimized with the Yoast SEO plugin v26.6 - https:\/\/yoast.com\/wordpress\/plugins\/seo\/ -->\n<title>Wall Mounted Dual Handle Lavatory Basin Mixer Tap Sink Handle Faucet - Watersino<\/title>\n<meta name=\"description\" content=\"Tailored for five-star hotel projects, upscale club bathrooms, villa bathrooms, commercial complexes, and premium residential projects.\" \/>\n<meta name=\"robots\" content=\"index, follow, max-snippet:-1, max-image-preview:large, max-video-preview:-1\" \/>\n<link rel=\"canonical\" href=\"https:\/\/watersino.net\/fr\/product\/wall-mounted-dual-handle-lavatory-basin-mixer-tap-sink-handle-faucet\/\" \/>\n<meta property=\"og:locale\" content=\"fr_FR\" \/>\n<meta property=\"og:type\" content=\"article\" \/>\n<meta property=\"og:title\" content=\"Wall Mounted Dual Handle Lavatory Basin Mixer Tap Sink Handle Faucet - Watersino\" \/>\n<meta property=\"og:description\" content=\"Tailored for five-star hotel projects, upscale club bathrooms, villa bathrooms, commercial complexes, and premium residential projects.\" \/>\n<meta property=\"og:url\" content=\"https:\/\/watersino.net\/fr\/product\/wall-mounted-dual-handle-lavatory-basin-mixer-tap-sink-handle-faucet\/\" \/>\n<meta property=\"og:site_name\" content=\"Watersino\" \/>\n<meta property=\"article:modified_time\" content=\"2025-11-28T07:18:00+00:00\" \/>\n<meta property=\"og:image\" content=\"https:\/\/watersino.net\/wp-content\/uploads\/2025\/09\/WB872BG.png\" \/>\n\t<meta property=\"og:image:width\" content=\"600\" \/>\n\t<meta property=\"og:image:height\" content=\"600\" \/>\n\t<meta property=\"og:image:type\" content=\"image\/png\" \/>\n<meta name=\"twitter:card\" content=\"summary_large_image\" \/>\n<meta name=\"twitter:label1\" content=\"Dur\u00e9e de lecture estim\u00e9e\" \/>\n\t<meta name=\"twitter:data1\" content=\"1 minute\" \/>\n<script type=\"application\/ld+json\" class=\"yoast-schema-graph\">{\"@context\":\"https:\/\/schema.org\",\"@graph\":[{\"@type\":\"WebPage\",\"@id\":\"https:\/\/watersino.net\/product\/wall-mounted-dual-handle-lavatory-basin-mixer-tap-sink-handle-faucet\/\",\"url\":\"https:\/\/watersino.net\/product\/wall-mounted-dual-handle-lavatory-basin-mixer-tap-sink-handle-faucet\/\",\"name\":\"Wall Mounted Dual Handle Lavatory Basin Mixer Tap Sink Handle Faucet - Watersino\",\"isPartOf\":{\"@id\":\"https:\/\/watersino.net\/#website\"},\"primaryImageOfPage\":{\"@id\":\"https:\/\/watersino.net\/product\/wall-mounted-dual-handle-lavatory-basin-mixer-tap-sink-handle-faucet\/#primaryimage\"},\"image\":{\"@id\":\"https:\/\/watersino.net\/product\/wall-mounted-dual-handle-lavatory-basin-mixer-tap-sink-handle-faucet\/#primaryimage\"},\"thumbnailUrl\":\"https:\/\/watersino.net\/wp-content\/uploads\/2025\/09\/WB872BG.png\",\"datePublished\":\"2025-09-06T09:27:53+00:00\",\"dateModified\":\"2025-11-28T07:18:00+00:00\",\"description\":\"Tailored for five-star hotel projects, upscale club bathrooms, villa bathrooms, commercial complexes, and premium residential projects.\",\"breadcrumb\":{\"@id\":\"https:\/\/watersino.net\/product\/wall-mounted-dual-handle-lavatory-basin-mixer-tap-sink-handle-faucet\/#breadcrumb\"},\"inLanguage\":\"fr-FR\",\"potentialAction\":[{\"@type\":\"ReadAction\",\"target\":[\"https:\/\/watersino.net\/product\/wall-mounted-dual-handle-lavatory-basin-mixer-tap-sink-handle-faucet\/\"]}]},{\"@type\":\"ImageObject\",\"inLanguage\":\"fr-FR\",\"@id\":\"https:\/\/watersino.net\/product\/wall-mounted-dual-handle-lavatory-basin-mixer-tap-sink-handle-faucet\/#primaryimage\",\"url\":\"https:\/\/watersino.net\/wp-content\/uploads\/2025\/09\/WB872BG.png\",\"contentUrl\":\"https:\/\/watersino.net\/wp-content\/uploads\/2025\/09\/WB872BG.png\",\"width\":600,\"height\":600,\"caption\":\"Brushed Gold -Two-handle wall-mounted basin faucet\"},{\"@type\":\"BreadcrumbList\",\"@id\":\"https:\/\/watersino.net\/product\/wall-mounted-dual-handle-lavatory-basin-mixer-tap-sink-handle-faucet\/#breadcrumb\",\"itemListElement\":[{\"@type\":\"ListItem\",\"position\":1,\"name\":\"Home\",\"item\":\"https:\/\/watersino.net\/\"},{\"@type\":\"ListItem\",\"position\":2,\"name\":\"Product\",\"item\":\"https:\/\/watersino.net\/product\/\"},{\"@type\":\"ListItem\",\"position\":3,\"name\":\"Wall Mounted Dual Handle Lavatory Basin Mixer Tap Sink Handle Faucet\"}]},{\"@type\":\"WebSite\",\"@id\":\"https:\/\/watersino.net\/#website\",\"url\":\"https:\/\/watersino.net\/\",\"name\":\"Watersino\",\"description\":\"\",\"potentialAction\":[{\"@type\":\"SearchAction\",\"target\":{\"@type\":\"EntryPoint\",\"urlTemplate\":\"https:\/\/watersino.net\/?s={search_term_string}\"},\"query-input\":{\"@type\":\"PropertyValueSpecification\",\"valueRequired\":true,\"valueName\":\"search_term_string\"}}],\"inLanguage\":\"fr-FR\"}]}<\/script>\n<!-- \/ Yoast SEO plugin. -->","yoast_head_json":{"title":"Robinet mitigeur mural pour lavabo \u00e0 deux poign\u00e9es - Watersino","description":"Con\u00e7u sur mesure pour les projets d&#039;h\u00f4tels cinq \u00e9toiles, les salles de bains de clubs haut de gamme, les salles de bains de villas, les complexes commerciaux et les projets r\u00e9sidentiels haut de gamme.","robots":{"index":"index","follow":"follow","max-snippet":"max-snippet:-1","max-image-preview":"max-image-preview:large","max-video-preview":"max-video-preview:-1"},"canonical":"https:\/\/watersino.net\/fr\/product\/wall-mounted-dual-handle-lavatory-basin-mixer-tap-sink-handle-faucet\/","og_locale":"fr_FR","og_type":"article","og_title":"Wall Mounted Dual Handle Lavatory Basin Mixer Tap Sink Handle Faucet - Watersino","og_description":"Tailored for five-star hotel projects, upscale club bathrooms, villa bathrooms, commercial complexes, and premium residential projects.","og_url":"https:\/\/watersino.net\/fr\/product\/wall-mounted-dual-handle-lavatory-basin-mixer-tap-sink-handle-faucet\/","og_site_name":"Watersino","article_modified_time":"2025-11-28T07:18:00+00:00","og_image":[{"width":600,"height":600,"url":"https:\/\/watersino.net\/wp-content\/uploads\/2025\/09\/WB872BG.png","type":"image\/png"}],"twitter_card":"summary_large_image","twitter_misc":{"Dur\u00e9e de lecture estim\u00e9e":"1 minute"},"schema":{"@context":"https:\/\/schema.org","@graph":[{"@type":"WebPage","@id":"https:\/\/watersino.net\/product\/wall-mounted-dual-handle-lavatory-basin-mixer-tap-sink-handle-faucet\/","url":"https:\/\/watersino.net\/product\/wall-mounted-dual-handle-lavatory-basin-mixer-tap-sink-handle-faucet\/","name":"Robinet mitigeur mural pour lavabo \u00e0 deux poign\u00e9es - Watersino","isPartOf":{"@id":"https:\/\/watersino.net\/#website"},"primaryImageOfPage":{"@id":"https:\/\/watersino.net\/product\/wall-mounted-dual-handle-lavatory-basin-mixer-tap-sink-handle-faucet\/#primaryimage"},"image":{"@id":"https:\/\/watersino.net\/product\/wall-mounted-dual-handle-lavatory-basin-mixer-tap-sink-handle-faucet\/#primaryimage"},"thumbnailUrl":"https:\/\/watersino.net\/wp-content\/uploads\/2025\/09\/WB872BG.png","datePublished":"2025-09-06T09:27:53+00:00","dateModified":"2025-11-28T07:18:00+00:00","description":"Con\u00e7u sur mesure pour les projets d&#039;h\u00f4tels cinq \u00e9toiles, les salles de bains de clubs haut de gamme, les salles de bains de villas, les complexes commerciaux et les projets r\u00e9sidentiels haut de gamme.","breadcrumb":{"@id":"https:\/\/watersino.net\/product\/wall-mounted-dual-handle-lavatory-basin-mixer-tap-sink-handle-faucet\/#breadcrumb"},"inLanguage":"fr-FR","potentialAction":[{"@type":"ReadAction","target":["https:\/\/watersino.net\/product\/wall-mounted-dual-handle-lavatory-basin-mixer-tap-sink-handle-faucet\/"]}]},{"@type":"ImageObject","inLanguage":"fr-FR","@id":"https:\/\/watersino.net\/product\/wall-mounted-dual-handle-lavatory-basin-mixer-tap-sink-handle-faucet\/#primaryimage","url":"https:\/\/watersino.net\/wp-content\/uploads\/2025\/09\/WB872BG.png","contentUrl":"https:\/\/watersino.net\/wp-content\/uploads\/2025\/09\/WB872BG.png","width":600,"height":600,"caption":"Brushed Gold -Two-handle wall-mounted basin faucet"},{"@type":"BreadcrumbList","@id":"https:\/\/watersino.net\/product\/wall-mounted-dual-handle-lavatory-basin-mixer-tap-sink-handle-faucet\/#breadcrumb","itemListElement":[{"@type":"ListItem","position":1,"name":"Home","item":"https:\/\/watersino.net\/"},{"@type":"ListItem","position":2,"name":"Product","item":"https:\/\/watersino.net\/product\/"},{"@type":"ListItem","position":3,"name":"Wall Mounted Dual Handle Lavatory Basin Mixer Tap Sink Handle Faucet"}]},{"@type":"WebSite","@id":"https:\/\/watersino.net\/#website","url":"https:\/\/watersino.net\/","name":"Watersino","description":"","potentialAction":[{"@type":"SearchAction","target":{"@type":"EntryPoint","urlTemplate":"https:\/\/watersino.net\/?s={search_term_string}"},"query-input":{"@type":"PropertyValueSpecification","valueRequired":true,"valueName":"search_term_string"}}],"inLanguage":"fr-FR"}]}},"_links":{"self":[{"href":"https:\/\/watersino.net\/fr\/wp-json\/wp\/v2\/product\/14215","targetHints":{"allow":["GET"]}}],"collection":[{"href":"https:\/\/watersino.net\/fr\/wp-json\/wp\/v2\/product"}],"about":[{"href":"https:\/\/watersino.net\/fr\/wp-json\/wp\/v2\/types\/product"}],"wp:featuredmedia":[{"embeddable":true,"href":"https:\/\/watersino.net\/fr\/wp-json\/wp\/v2\/media\/14217"}],"wp:attachment":[{"href":"https:\/\/watersino.net\/fr\/wp-json\/wp\/v2\/media?parent=14215"}],"wp:term":[{"taxonomy":"product_category","embeddable":true,"href":"https:\/\/watersino.net\/fr\/wp-json\/wp\/v2\/product_category?post=14215"},{"taxonomy":"products_tags","embeddable":true,"href":"https:\/\/watersino.net\/fr\/wp-json\/wp\/v2\/products_tags?post=14215"}],"curies":[{"name":"wp","href":"https:\/\/api.w.org\/{rel}","templated":true}]}}