{"id":14182,"date":"2025-08-23T08:54:16","date_gmt":"2025-08-23T08:54:16","guid":{"rendered":"https:\/\/watersino.net\/?post_type=product&#038;p=14182"},"modified":"2025-11-28T07:18:16","modified_gmt":"2025-11-28T07:18:16","slug":"premium-kitchen-faucet-with-7-years-warranty-deck-mount-installation-factory-direct-supply","status":"publish","type":"product","link":"https:\/\/watersino.net\/fr\/product\/premium-kitchen-faucet-with-7-years-warranty-deck-mount-installation-factory-direct-supply\/","title":{"rendered":"Robinet de cuisine \u00e0 tirette \u00e0 poign\u00e9e unique, gris bronze bross\u00e9, fabricant OEM"},"content":{"rendered":"<ul class=\"wp-block-list\">\n<li>Rev\u00eatement PVD avanc\u00e9 : finition gris bronze bross\u00e9 avec une r\u00e9sistance exceptionnelle \u00e0 la corrosion et aux rayures<\/li>\n\n\n\n<li>Composants haut de gamme : la cartouche en c\u00e9ramique allemande Citec garantit un fonctionnement fluide et des performances \u00e9tanches<\/li>\n\n\n\n<li>Service de personnalisation : plus de 30 options de finition, notamment le chrome poli, le noir mat, le laiton antique, etc.<\/li>\n\n\n\n<li>Assurance qualit\u00e9 : 7 ans de garantie sur les composants principaux avec des tests de qualit\u00e9 rigoureux<\/li>\n\n\n\n<li>Support OEM\/ODM : logo personnalis\u00e9, emballage et modifications de conception disponibles<\/li>\n\n\n\n<li>Normes mondiales : Conforme aux certifications internationales de qualit\u00e9 et de s\u00e9curit\u00e9<\/li>\n<\/ul>","protected":false},"featured_media":14165,"template":"","product_category":[52,53],"products_tags":[63,64],"class_list":["post-14182","product","type-product","status-publish","has-post-thumbnail","hentry","product_category-kitchen","product_category-kitchen-faucet","products_tags-watermark","products_tags-wels"],"acf":[],"yoast_head":"<!-- This site is optimized with the Yoast SEO plugin v26.6 - https:\/\/yoast.com\/wordpress\/plugins\/seo\/ -->\n<title>Brushed Bronze Gray Single Handle Kitchen Pull Down Faucet OEM Manufacturer - Watersino<\/title>\n<meta name=\"description\" content=\"Premium Kitchen Faucet with 7 Years Warranty Deck Mount Installation Citec Cartridge &amp; Neoperl Aerator OEM ManufacturerFactory Direct Supply\" \/>\n<meta name=\"robots\" content=\"index, follow, max-snippet:-1, max-image-preview:large, max-video-preview:-1\" \/>\n<link rel=\"canonical\" href=\"https:\/\/watersino.net\/fr\/product\/premium-kitchen-faucet-with-7-years-warranty-deck-mount-installation-factory-direct-supply\/\" \/>\n<meta property=\"og:locale\" content=\"fr_FR\" \/>\n<meta property=\"og:type\" content=\"article\" \/>\n<meta property=\"og:title\" content=\"Brushed Bronze Gray Single Handle Kitchen Pull Down Faucet OEM Manufacturer - Watersino\" \/>\n<meta property=\"og:description\" content=\"Premium Kitchen Faucet with 7 Years Warranty Deck Mount Installation Citec Cartridge &amp; Neoperl Aerator OEM ManufacturerFactory Direct Supply\" \/>\n<meta property=\"og:url\" content=\"https:\/\/watersino.net\/fr\/product\/premium-kitchen-faucet-with-7-years-warranty-deck-mount-installation-factory-direct-supply\/\" \/>\n<meta property=\"og:site_name\" content=\"Watersino\" \/>\n<meta property=\"article:modified_time\" content=\"2025-11-28T07:18:16+00:00\" \/>\n<meta property=\"og:image\" content=\"https:\/\/watersino.net\/wp-content\/uploads\/2025\/08\/WK875BS.png\" \/>\n\t<meta property=\"og:image:width\" content=\"600\" \/>\n\t<meta property=\"og:image:height\" content=\"600\" \/>\n\t<meta property=\"og:image:type\" content=\"image\/png\" \/>\n<meta name=\"twitter:card\" content=\"summary_large_image\" \/>\n<meta name=\"twitter:label1\" content=\"Dur\u00e9e de lecture estim\u00e9e\" \/>\n\t<meta name=\"twitter:data1\" content=\"1 minute\" \/>\n<script type=\"application\/ld+json\" class=\"yoast-schema-graph\">{\"@context\":\"https:\/\/schema.org\",\"@graph\":[{\"@type\":\"WebPage\",\"@id\":\"https:\/\/watersino.net\/product\/premium-kitchen-faucet-with-7-years-warranty-deck-mount-installation-factory-direct-supply\/\",\"url\":\"https:\/\/watersino.net\/product\/premium-kitchen-faucet-with-7-years-warranty-deck-mount-installation-factory-direct-supply\/\",\"name\":\"Brushed Bronze Gray Single Handle Kitchen Pull Down Faucet OEM Manufacturer - Watersino\",\"isPartOf\":{\"@id\":\"https:\/\/watersino.net\/#website\"},\"primaryImageOfPage\":{\"@id\":\"https:\/\/watersino.net\/product\/premium-kitchen-faucet-with-7-years-warranty-deck-mount-installation-factory-direct-supply\/#primaryimage\"},\"image\":{\"@id\":\"https:\/\/watersino.net\/product\/premium-kitchen-faucet-with-7-years-warranty-deck-mount-installation-factory-direct-supply\/#primaryimage\"},\"thumbnailUrl\":\"https:\/\/watersino.net\/wp-content\/uploads\/2025\/08\/WK875BS.png\",\"datePublished\":\"2025-08-23T08:54:16+00:00\",\"dateModified\":\"2025-11-28T07:18:16+00:00\",\"description\":\"Premium Kitchen Faucet with 7 Years Warranty Deck Mount Installation Citec Cartridge & Neoperl Aerator OEM ManufacturerFactory Direct Supply\",\"breadcrumb\":{\"@id\":\"https:\/\/watersino.net\/product\/premium-kitchen-faucet-with-7-years-warranty-deck-mount-installation-factory-direct-supply\/#breadcrumb\"},\"inLanguage\":\"fr-FR\",\"potentialAction\":[{\"@type\":\"ReadAction\",\"target\":[\"https:\/\/watersino.net\/product\/premium-kitchen-faucet-with-7-years-warranty-deck-mount-installation-factory-direct-supply\/\"]}]},{\"@type\":\"ImageObject\",\"inLanguage\":\"fr-FR\",\"@id\":\"https:\/\/watersino.net\/product\/premium-kitchen-faucet-with-7-years-warranty-deck-mount-installation-factory-direct-supply\/#primaryimage\",\"url\":\"https:\/\/watersino.net\/wp-content\/uploads\/2025\/08\/WK875BS.png\",\"contentUrl\":\"https:\/\/watersino.net\/wp-content\/uploads\/2025\/08\/WK875BS.png\",\"width\":600,\"height\":600,\"caption\":\"Brushed Gunmetal Grey-Single handle kitchen faucet\"},{\"@type\":\"BreadcrumbList\",\"@id\":\"https:\/\/watersino.net\/product\/premium-kitchen-faucet-with-7-years-warranty-deck-mount-installation-factory-direct-supply\/#breadcrumb\",\"itemListElement\":[{\"@type\":\"ListItem\",\"position\":1,\"name\":\"Home\",\"item\":\"https:\/\/watersino.net\/\"},{\"@type\":\"ListItem\",\"position\":2,\"name\":\"Product\",\"item\":\"https:\/\/watersino.net\/product\/\"},{\"@type\":\"ListItem\",\"position\":3,\"name\":\"Brushed Bronze Gray Single Handle Kitchen Pull Down Faucet OEM Manufacturer\"}]},{\"@type\":\"WebSite\",\"@id\":\"https:\/\/watersino.net\/#website\",\"url\":\"https:\/\/watersino.net\/\",\"name\":\"Watersino\",\"description\":\"\",\"potentialAction\":[{\"@type\":\"SearchAction\",\"target\":{\"@type\":\"EntryPoint\",\"urlTemplate\":\"https:\/\/watersino.net\/?s={search_term_string}\"},\"query-input\":{\"@type\":\"PropertyValueSpecification\",\"valueRequired\":true,\"valueName\":\"search_term_string\"}}],\"inLanguage\":\"fr-FR\"}]}<\/script>\n<!-- \/ Yoast SEO plugin. -->","yoast_head_json":{"title":"Robinet de cuisine \u00e0 tirette \u00e0 poign\u00e9e unique, gris bronze bross\u00e9, fabricant OEM - Watersino","description":"Robinet de cuisine haut de gamme avec garantie de 7 ans, installation sur pont, cartouche Citec et a\u00e9rateur Neoperl, fabricant OEM, approvisionnement direct d&#039;usine","robots":{"index":"index","follow":"follow","max-snippet":"max-snippet:-1","max-image-preview":"max-image-preview:large","max-video-preview":"max-video-preview:-1"},"canonical":"https:\/\/watersino.net\/fr\/product\/premium-kitchen-faucet-with-7-years-warranty-deck-mount-installation-factory-direct-supply\/","og_locale":"fr_FR","og_type":"article","og_title":"Brushed Bronze Gray Single Handle Kitchen Pull Down Faucet OEM Manufacturer - Watersino","og_description":"Premium Kitchen Faucet with 7 Years Warranty Deck Mount Installation Citec Cartridge & Neoperl Aerator OEM ManufacturerFactory Direct Supply","og_url":"https:\/\/watersino.net\/fr\/product\/premium-kitchen-faucet-with-7-years-warranty-deck-mount-installation-factory-direct-supply\/","og_site_name":"Watersino","article_modified_time":"2025-11-28T07:18:16+00:00","og_image":[{"width":600,"height":600,"url":"https:\/\/watersino.net\/wp-content\/uploads\/2025\/08\/WK875BS.png","type":"image\/png"}],"twitter_card":"summary_large_image","twitter_misc":{"Dur\u00e9e de lecture estim\u00e9e":"1 minute"},"schema":{"@context":"https:\/\/schema.org","@graph":[{"@type":"WebPage","@id":"https:\/\/watersino.net\/product\/premium-kitchen-faucet-with-7-years-warranty-deck-mount-installation-factory-direct-supply\/","url":"https:\/\/watersino.net\/product\/premium-kitchen-faucet-with-7-years-warranty-deck-mount-installation-factory-direct-supply\/","name":"Robinet de cuisine \u00e0 tirette \u00e0 poign\u00e9e unique, gris bronze bross\u00e9, fabricant OEM - Watersino","isPartOf":{"@id":"https:\/\/watersino.net\/#website"},"primaryImageOfPage":{"@id":"https:\/\/watersino.net\/product\/premium-kitchen-faucet-with-7-years-warranty-deck-mount-installation-factory-direct-supply\/#primaryimage"},"image":{"@id":"https:\/\/watersino.net\/product\/premium-kitchen-faucet-with-7-years-warranty-deck-mount-installation-factory-direct-supply\/#primaryimage"},"thumbnailUrl":"https:\/\/watersino.net\/wp-content\/uploads\/2025\/08\/WK875BS.png","datePublished":"2025-08-23T08:54:16+00:00","dateModified":"2025-11-28T07:18:16+00:00","description":"Robinet de cuisine haut de gamme avec garantie de 7 ans, installation sur pont, cartouche Citec et a\u00e9rateur Neoperl, fabricant OEM, approvisionnement direct d&#039;usine","breadcrumb":{"@id":"https:\/\/watersino.net\/product\/premium-kitchen-faucet-with-7-years-warranty-deck-mount-installation-factory-direct-supply\/#breadcrumb"},"inLanguage":"fr-FR","potentialAction":[{"@type":"ReadAction","target":["https:\/\/watersino.net\/product\/premium-kitchen-faucet-with-7-years-warranty-deck-mount-installation-factory-direct-supply\/"]}]},{"@type":"ImageObject","inLanguage":"fr-FR","@id":"https:\/\/watersino.net\/product\/premium-kitchen-faucet-with-7-years-warranty-deck-mount-installation-factory-direct-supply\/#primaryimage","url":"https:\/\/watersino.net\/wp-content\/uploads\/2025\/08\/WK875BS.png","contentUrl":"https:\/\/watersino.net\/wp-content\/uploads\/2025\/08\/WK875BS.png","width":600,"height":600,"caption":"Brushed Gunmetal Grey-Single handle kitchen faucet"},{"@type":"BreadcrumbList","@id":"https:\/\/watersino.net\/product\/premium-kitchen-faucet-with-7-years-warranty-deck-mount-installation-factory-direct-supply\/#breadcrumb","itemListElement":[{"@type":"ListItem","position":1,"name":"Home","item":"https:\/\/watersino.net\/"},{"@type":"ListItem","position":2,"name":"Product","item":"https:\/\/watersino.net\/product\/"},{"@type":"ListItem","position":3,"name":"Brushed Bronze Gray Single Handle Kitchen Pull Down Faucet OEM Manufacturer"}]},{"@type":"WebSite","@id":"https:\/\/watersino.net\/#website","url":"https:\/\/watersino.net\/","name":"Watersino","description":"","potentialAction":[{"@type":"SearchAction","target":{"@type":"EntryPoint","urlTemplate":"https:\/\/watersino.net\/?s={search_term_string}"},"query-input":{"@type":"PropertyValueSpecification","valueRequired":true,"valueName":"search_term_string"}}],"inLanguage":"fr-FR"}]}},"_links":{"self":[{"href":"https:\/\/watersino.net\/fr\/wp-json\/wp\/v2\/product\/14182","targetHints":{"allow":["GET"]}}],"collection":[{"href":"https:\/\/watersino.net\/fr\/wp-json\/wp\/v2\/product"}],"about":[{"href":"https:\/\/watersino.net\/fr\/wp-json\/wp\/v2\/types\/product"}],"wp:featuredmedia":[{"embeddable":true,"href":"https:\/\/watersino.net\/fr\/wp-json\/wp\/v2\/media\/14165"}],"wp:attachment":[{"href":"https:\/\/watersino.net\/fr\/wp-json\/wp\/v2\/media?parent=14182"}],"wp:term":[{"taxonomy":"product_category","embeddable":true,"href":"https:\/\/watersino.net\/fr\/wp-json\/wp\/v2\/product_category?post=14182"},{"taxonomy":"products_tags","embeddable":true,"href":"https:\/\/watersino.net\/fr\/wp-json\/wp\/v2\/products_tags?post=14182"}],"curies":[{"name":"wp","href":"https:\/\/api.w.org\/{rel}","templated":true}]}}