{"id":14067,"date":"2025-08-09T02:03:21","date_gmt":"2025-08-09T02:03:21","guid":{"rendered":"https:\/\/watersino.net\/?post_type=product&#038;p=14067"},"modified":"2025-11-28T07:27:10","modified_gmt":"2025-11-28T07:27:10","slug":"brass-concealed-bathroom-faucet-wall-mounted-basin-faucet-tap","status":"publish","type":"product","link":"https:\/\/watersino.net\/fr\/product\/brass-concealed-bathroom-faucet-wall-mounted-basin-faucet-tap\/","title":{"rendered":"Robinet de salle de bain encastr\u00e9 en laiton Robinet de lavabo mural"},"content":{"rendered":"<p>\u2714 Rev\u00eatement PVD de qualit\u00e9 sup\u00e9rieure \u2013 Surface ultra-dure, r\u00e9sistante \u00e0 la corrosion et \u00e0 la d\u00e9coloration pour un luxe durable.<br>\u2714 Plusieurs choix de finitions \u2013 Bross\u00e9, mat, poli, satin\u00e9 ou noir vieilli pour s&#039;adapter \u00e0 n&#039;importe quel design haut de gamme.<br>\u2714 Conception murale \u00e0 trois trous et \u00e0 double poign\u00e9e \u2013 Noyaux de valve en c\u00e9ramique de pr\u00e9cision pour un contr\u00f4le fluide de l&#039;eau chaude\/froide.<br>\u2714 Installation dissimul\u00e9e \u2013 Minimaliste, peu encombrante et \u00e9l\u00e9gante pour les lavabos d\u2019h\u00f4tel modernes, les \u00e9viers commerciaux et les salles de bains de luxe.<br>\u2714 Construction en laiton massif \u2013 Robuste, sans plomb et r\u00e9sistant \u00e0 la corrosion pour une durabilit\u00e9 h\u00f4teli\u00e8re et commerciale.<\/p>\n\n\n\n<p><\/p>","protected":false},"featured_media":14055,"template":"","product_category":[57,86],"products_tags":[],"class_list":["post-14067","product","type-product","status-publish","has-post-thumbnail","hentry","product_category-bathroom-faucet","product_category-wall-mounted-basin-faucet"],"acf":[],"yoast_head":"<!-- This site is optimized with the Yoast SEO plugin v26.6 - https:\/\/yoast.com\/wordpress\/plugins\/seo\/ -->\n<title>Brass Concealed Bathroom Faucet Wall Mounted Basin Faucet Tap - Watersino<\/title>\n<meta name=\"description\" content=\"Hotel Black Wall-mounted Cold and Hot Water Basin Faucet Three Hole Concealed Wash Basin Embedded Bathroom Faucet\" \/>\n<meta name=\"robots\" content=\"index, follow, max-snippet:-1, max-image-preview:large, max-video-preview:-1\" \/>\n<link rel=\"canonical\" href=\"https:\/\/watersino.net\/fr\/product\/brass-concealed-bathroom-faucet-wall-mounted-basin-faucet-tap\/\" \/>\n<meta property=\"og:locale\" content=\"fr_FR\" \/>\n<meta property=\"og:type\" content=\"article\" \/>\n<meta property=\"og:title\" content=\"Brass Concealed Bathroom Faucet Wall Mounted Basin Faucet Tap - Watersino\" \/>\n<meta property=\"og:description\" content=\"Hotel Black Wall-mounted Cold and Hot Water Basin Faucet Three Hole Concealed Wash Basin Embedded Bathroom Faucet\" \/>\n<meta property=\"og:url\" content=\"https:\/\/watersino.net\/fr\/product\/brass-concealed-bathroom-faucet-wall-mounted-basin-faucet-tap\/\" \/>\n<meta property=\"og:site_name\" content=\"Watersino\" \/>\n<meta property=\"article:modified_time\" content=\"2025-11-28T07:27:10+00:00\" \/>\n<meta property=\"og:image\" content=\"https:\/\/watersino.net\/wp-content\/uploads\/2025\/08\/HB904PB.png\" \/>\n\t<meta property=\"og:image:width\" content=\"600\" \/>\n\t<meta property=\"og:image:height\" content=\"600\" \/>\n\t<meta property=\"og:image:type\" content=\"image\/png\" \/>\n<meta name=\"twitter:card\" content=\"summary_large_image\" \/>\n<meta name=\"twitter:label1\" content=\"Dur\u00e9e de lecture estim\u00e9e\" \/>\n\t<meta name=\"twitter:data1\" content=\"1 minute\" \/>\n<script type=\"application\/ld+json\" class=\"yoast-schema-graph\">{\"@context\":\"https:\/\/schema.org\",\"@graph\":[{\"@type\":\"WebPage\",\"@id\":\"https:\/\/watersino.net\/product\/brass-concealed-bathroom-faucet-wall-mounted-basin-faucet-tap\/\",\"url\":\"https:\/\/watersino.net\/product\/brass-concealed-bathroom-faucet-wall-mounted-basin-faucet-tap\/\",\"name\":\"Brass Concealed Bathroom Faucet Wall Mounted Basin Faucet Tap - Watersino\",\"isPartOf\":{\"@id\":\"https:\/\/watersino.net\/#website\"},\"primaryImageOfPage\":{\"@id\":\"https:\/\/watersino.net\/product\/brass-concealed-bathroom-faucet-wall-mounted-basin-faucet-tap\/#primaryimage\"},\"image\":{\"@id\":\"https:\/\/watersino.net\/product\/brass-concealed-bathroom-faucet-wall-mounted-basin-faucet-tap\/#primaryimage\"},\"thumbnailUrl\":\"https:\/\/watersino.net\/wp-content\/uploads\/2025\/08\/HB904PB.png\",\"datePublished\":\"2025-08-09T02:03:21+00:00\",\"dateModified\":\"2025-11-28T07:27:10+00:00\",\"description\":\"Hotel Black Wall-mounted Cold and Hot Water Basin Faucet Three Hole Concealed Wash Basin Embedded Bathroom Faucet\",\"breadcrumb\":{\"@id\":\"https:\/\/watersino.net\/product\/brass-concealed-bathroom-faucet-wall-mounted-basin-faucet-tap\/#breadcrumb\"},\"inLanguage\":\"fr-FR\",\"potentialAction\":[{\"@type\":\"ReadAction\",\"target\":[\"https:\/\/watersino.net\/product\/brass-concealed-bathroom-faucet-wall-mounted-basin-faucet-tap\/\"]}]},{\"@type\":\"ImageObject\",\"inLanguage\":\"fr-FR\",\"@id\":\"https:\/\/watersino.net\/product\/brass-concealed-bathroom-faucet-wall-mounted-basin-faucet-tap\/#primaryimage\",\"url\":\"https:\/\/watersino.net\/wp-content\/uploads\/2025\/08\/HB904PB.png\",\"contentUrl\":\"https:\/\/watersino.net\/wp-content\/uploads\/2025\/08\/HB904PB.png\",\"width\":600,\"height\":600,\"caption\":\"Polished Black-Wall Mounted Mixer Tap\"},{\"@type\":\"BreadcrumbList\",\"@id\":\"https:\/\/watersino.net\/product\/brass-concealed-bathroom-faucet-wall-mounted-basin-faucet-tap\/#breadcrumb\",\"itemListElement\":[{\"@type\":\"ListItem\",\"position\":1,\"name\":\"Home\",\"item\":\"https:\/\/watersino.net\/\"},{\"@type\":\"ListItem\",\"position\":2,\"name\":\"Product\",\"item\":\"https:\/\/watersino.net\/product\/\"},{\"@type\":\"ListItem\",\"position\":3,\"name\":\"Brass Concealed Bathroom Faucet Wall Mounted Basin Faucet Tap\"}]},{\"@type\":\"WebSite\",\"@id\":\"https:\/\/watersino.net\/#website\",\"url\":\"https:\/\/watersino.net\/\",\"name\":\"Watersino\",\"description\":\"\",\"potentialAction\":[{\"@type\":\"SearchAction\",\"target\":{\"@type\":\"EntryPoint\",\"urlTemplate\":\"https:\/\/watersino.net\/?s={search_term_string}\"},\"query-input\":{\"@type\":\"PropertyValueSpecification\",\"valueRequired\":true,\"valueName\":\"search_term_string\"}}],\"inLanguage\":\"fr-FR\"}]}<\/script>\n<!-- \/ Yoast SEO plugin. -->","yoast_head_json":{"title":"Robinet de salle de bain encastr\u00e9 en laiton, robinet de lavabo mural - Watersino","description":"Robinet de lavabo mural noir pour eau froide et chaude, robinet de salle de bain encastr\u00e9 \u00e0 trois trous pour lavabo","robots":{"index":"index","follow":"follow","max-snippet":"max-snippet:-1","max-image-preview":"max-image-preview:large","max-video-preview":"max-video-preview:-1"},"canonical":"https:\/\/watersino.net\/fr\/product\/brass-concealed-bathroom-faucet-wall-mounted-basin-faucet-tap\/","og_locale":"fr_FR","og_type":"article","og_title":"Brass Concealed Bathroom Faucet Wall Mounted Basin Faucet Tap - Watersino","og_description":"Hotel Black Wall-mounted Cold and Hot Water Basin Faucet Three Hole Concealed Wash Basin Embedded Bathroom Faucet","og_url":"https:\/\/watersino.net\/fr\/product\/brass-concealed-bathroom-faucet-wall-mounted-basin-faucet-tap\/","og_site_name":"Watersino","article_modified_time":"2025-11-28T07:27:10+00:00","og_image":[{"width":600,"height":600,"url":"https:\/\/watersino.net\/wp-content\/uploads\/2025\/08\/HB904PB.png","type":"image\/png"}],"twitter_card":"summary_large_image","twitter_misc":{"Dur\u00e9e de lecture estim\u00e9e":"1 minute"},"schema":{"@context":"https:\/\/schema.org","@graph":[{"@type":"WebPage","@id":"https:\/\/watersino.net\/product\/brass-concealed-bathroom-faucet-wall-mounted-basin-faucet-tap\/","url":"https:\/\/watersino.net\/product\/brass-concealed-bathroom-faucet-wall-mounted-basin-faucet-tap\/","name":"Robinet de salle de bain encastr\u00e9 en laiton, robinet de lavabo mural - Watersino","isPartOf":{"@id":"https:\/\/watersino.net\/#website"},"primaryImageOfPage":{"@id":"https:\/\/watersino.net\/product\/brass-concealed-bathroom-faucet-wall-mounted-basin-faucet-tap\/#primaryimage"},"image":{"@id":"https:\/\/watersino.net\/product\/brass-concealed-bathroom-faucet-wall-mounted-basin-faucet-tap\/#primaryimage"},"thumbnailUrl":"https:\/\/watersino.net\/wp-content\/uploads\/2025\/08\/HB904PB.png","datePublished":"2025-08-09T02:03:21+00:00","dateModified":"2025-11-28T07:27:10+00:00","description":"Robinet de lavabo mural noir pour eau froide et chaude, robinet de salle de bain encastr\u00e9 \u00e0 trois trous pour lavabo","breadcrumb":{"@id":"https:\/\/watersino.net\/product\/brass-concealed-bathroom-faucet-wall-mounted-basin-faucet-tap\/#breadcrumb"},"inLanguage":"fr-FR","potentialAction":[{"@type":"ReadAction","target":["https:\/\/watersino.net\/product\/brass-concealed-bathroom-faucet-wall-mounted-basin-faucet-tap\/"]}]},{"@type":"ImageObject","inLanguage":"fr-FR","@id":"https:\/\/watersino.net\/product\/brass-concealed-bathroom-faucet-wall-mounted-basin-faucet-tap\/#primaryimage","url":"https:\/\/watersino.net\/wp-content\/uploads\/2025\/08\/HB904PB.png","contentUrl":"https:\/\/watersino.net\/wp-content\/uploads\/2025\/08\/HB904PB.png","width":600,"height":600,"caption":"Polished Black-Wall Mounted Mixer Tap"},{"@type":"BreadcrumbList","@id":"https:\/\/watersino.net\/product\/brass-concealed-bathroom-faucet-wall-mounted-basin-faucet-tap\/#breadcrumb","itemListElement":[{"@type":"ListItem","position":1,"name":"Home","item":"https:\/\/watersino.net\/"},{"@type":"ListItem","position":2,"name":"Product","item":"https:\/\/watersino.net\/product\/"},{"@type":"ListItem","position":3,"name":"Brass Concealed Bathroom Faucet Wall Mounted Basin Faucet Tap"}]},{"@type":"WebSite","@id":"https:\/\/watersino.net\/#website","url":"https:\/\/watersino.net\/","name":"Watersino","description":"","potentialAction":[{"@type":"SearchAction","target":{"@type":"EntryPoint","urlTemplate":"https:\/\/watersino.net\/?s={search_term_string}"},"query-input":{"@type":"PropertyValueSpecification","valueRequired":true,"valueName":"search_term_string"}}],"inLanguage":"fr-FR"}]}},"_links":{"self":[{"href":"https:\/\/watersino.net\/fr\/wp-json\/wp\/v2\/product\/14067","targetHints":{"allow":["GET"]}}],"collection":[{"href":"https:\/\/watersino.net\/fr\/wp-json\/wp\/v2\/product"}],"about":[{"href":"https:\/\/watersino.net\/fr\/wp-json\/wp\/v2\/types\/product"}],"wp:featuredmedia":[{"embeddable":true,"href":"https:\/\/watersino.net\/fr\/wp-json\/wp\/v2\/media\/14055"}],"wp:attachment":[{"href":"https:\/\/watersino.net\/fr\/wp-json\/wp\/v2\/media?parent=14067"}],"wp:term":[{"taxonomy":"product_category","embeddable":true,"href":"https:\/\/watersino.net\/fr\/wp-json\/wp\/v2\/product_category?post=14067"},{"taxonomy":"products_tags","embeddable":true,"href":"https:\/\/watersino.net\/fr\/wp-json\/wp\/v2\/products_tags?post=14067"}],"curies":[{"name":"wp","href":"https:\/\/api.w.org\/{rel}","templated":true}]}}