{"id":13986,"date":"2025-08-01T07:43:39","date_gmt":"2025-08-01T07:43:39","guid":{"rendered":"https:\/\/watersino.net\/?post_type=product&#038;p=13986"},"modified":"2025-11-28T07:27:30","modified_gmt":"2025-11-28T07:27:30","slug":"brushed-gold-finish-bathroom-washbasin-wall-mounted-mixer-for","status":"publish","type":"product","link":"https:\/\/watersino.net\/fr\/product\/brushed-gold-finish-bathroom-washbasin-wall-mounted-mixer-for\/","title":{"rendered":"Mitigeur mural de lavabo finition or bross\u00e9 pour projet h\u00f4telier"},"content":{"rendered":"<p>Robinet de lavabo moderne finition or bross\u00e9 noyau de valve en c\u00e9ramique robinet de douche encastr\u00e9 robinet m\u00e9langeur eau chaude et froide robinet de lavabo de salle de bain encastr\u00e9 mural<\/p>\n\n\n\n<p><\/p>","protected":false},"featured_media":13989,"template":"","product_category":[57,86],"products_tags":[],"class_list":["post-13986","product","type-product","status-publish","has-post-thumbnail","hentry","product_category-bathroom-faucet","product_category-wall-mounted-basin-faucet"],"acf":[],"yoast_head":"<!-- This site is optimized with the Yoast SEO plugin v26.6 - https:\/\/yoast.com\/wordpress\/plugins\/seo\/ -->\n<title>Brushed Gold Finish Basin Wall Mounted Mixer for Hotel Project - Watersino<\/title>\n<meta name=\"description\" content=\"Hotel Project Luxury Brass Concealed Basin Bathroom FaucetBrushed Gold Finish Ceramic Valve Core Hidden Wall Mounted Wash Basin Faucet Tap\" \/>\n<meta name=\"robots\" content=\"index, follow, max-snippet:-1, max-image-preview:large, max-video-preview:-1\" \/>\n<link rel=\"canonical\" href=\"https:\/\/watersino.net\/fr\/product\/brushed-gold-finish-bathroom-washbasin-wall-mounted-mixer-for\/\" \/>\n<meta property=\"og:locale\" content=\"fr_FR\" \/>\n<meta property=\"og:type\" content=\"article\" \/>\n<meta property=\"og:title\" content=\"Brushed Gold Finish Basin Wall Mounted Mixer for Hotel Project - Watersino\" \/>\n<meta property=\"og:description\" content=\"Hotel Project Luxury Brass Concealed Basin Bathroom FaucetBrushed Gold Finish Ceramic Valve Core Hidden Wall Mounted Wash Basin Faucet Tap\" \/>\n<meta property=\"og:url\" content=\"https:\/\/watersino.net\/fr\/product\/brushed-gold-finish-bathroom-washbasin-wall-mounted-mixer-for\/\" \/>\n<meta property=\"og:site_name\" content=\"Watersino\" \/>\n<meta property=\"article:modified_time\" content=\"2025-11-28T07:27:30+00:00\" \/>\n<meta property=\"og:image\" content=\"https:\/\/watersino.net\/wp-content\/uploads\/2025\/08\/HB902BG.png\" \/>\n\t<meta property=\"og:image:width\" content=\"600\" \/>\n\t<meta property=\"og:image:height\" content=\"600\" \/>\n\t<meta property=\"og:image:type\" content=\"image\/png\" \/>\n<meta name=\"twitter:card\" content=\"summary_large_image\" \/>\n<meta name=\"twitter:label1\" content=\"Dur\u00e9e de lecture estim\u00e9e\" \/>\n\t<meta name=\"twitter:data1\" content=\"1 minute\" \/>\n<script type=\"application\/ld+json\" class=\"yoast-schema-graph\">{\"@context\":\"https:\/\/schema.org\",\"@graph\":[{\"@type\":\"WebPage\",\"@id\":\"https:\/\/watersino.net\/product\/brushed-gold-finish-bathroom-washbasin-wall-mounted-mixer-for\/\",\"url\":\"https:\/\/watersino.net\/product\/brushed-gold-finish-bathroom-washbasin-wall-mounted-mixer-for\/\",\"name\":\"Brushed Gold Finish Basin Wall Mounted Mixer for Hotel Project - Watersino\",\"isPartOf\":{\"@id\":\"https:\/\/watersino.net\/#website\"},\"primaryImageOfPage\":{\"@id\":\"https:\/\/watersino.net\/product\/brushed-gold-finish-bathroom-washbasin-wall-mounted-mixer-for\/#primaryimage\"},\"image\":{\"@id\":\"https:\/\/watersino.net\/product\/brushed-gold-finish-bathroom-washbasin-wall-mounted-mixer-for\/#primaryimage\"},\"thumbnailUrl\":\"https:\/\/watersino.net\/wp-content\/uploads\/2025\/08\/HB902BG.png\",\"datePublished\":\"2025-08-01T07:43:39+00:00\",\"dateModified\":\"2025-11-28T07:27:30+00:00\",\"description\":\"Hotel Project Luxury Brass Concealed Basin Bathroom FaucetBrushed Gold Finish Ceramic Valve Core Hidden Wall Mounted Wash Basin Faucet Tap\",\"breadcrumb\":{\"@id\":\"https:\/\/watersino.net\/product\/brushed-gold-finish-bathroom-washbasin-wall-mounted-mixer-for\/#breadcrumb\"},\"inLanguage\":\"fr-FR\",\"potentialAction\":[{\"@type\":\"ReadAction\",\"target\":[\"https:\/\/watersino.net\/product\/brushed-gold-finish-bathroom-washbasin-wall-mounted-mixer-for\/\"]}]},{\"@type\":\"ImageObject\",\"inLanguage\":\"fr-FR\",\"@id\":\"https:\/\/watersino.net\/product\/brushed-gold-finish-bathroom-washbasin-wall-mounted-mixer-for\/#primaryimage\",\"url\":\"https:\/\/watersino.net\/wp-content\/uploads\/2025\/08\/HB902BG.png\",\"contentUrl\":\"https:\/\/watersino.net\/wp-content\/uploads\/2025\/08\/HB902BG.png\",\"width\":600,\"height\":600,\"caption\":\"Bathroom Washbasin Wall Mounted Mixer\"},{\"@type\":\"BreadcrumbList\",\"@id\":\"https:\/\/watersino.net\/product\/brushed-gold-finish-bathroom-washbasin-wall-mounted-mixer-for\/#breadcrumb\",\"itemListElement\":[{\"@type\":\"ListItem\",\"position\":1,\"name\":\"Home\",\"item\":\"https:\/\/watersino.net\/\"},{\"@type\":\"ListItem\",\"position\":2,\"name\":\"Product\",\"item\":\"https:\/\/watersino.net\/product\/\"},{\"@type\":\"ListItem\",\"position\":3,\"name\":\"Brushed Gold Finish Basin Wall Mounted Mixer for Hotel Project\"}]},{\"@type\":\"WebSite\",\"@id\":\"https:\/\/watersino.net\/#website\",\"url\":\"https:\/\/watersino.net\/\",\"name\":\"Watersino\",\"description\":\"\",\"potentialAction\":[{\"@type\":\"SearchAction\",\"target\":{\"@type\":\"EntryPoint\",\"urlTemplate\":\"https:\/\/watersino.net\/?s={search_term_string}\"},\"query-input\":{\"@type\":\"PropertyValueSpecification\",\"valueRequired\":true,\"valueName\":\"search_term_string\"}}],\"inLanguage\":\"fr-FR\"}]}<\/script>\n<!-- \/ Yoast SEO plugin. -->","yoast_head_json":{"title":"Mitigeur mural de lavabo finition or bross\u00e9 pour projet h\u00f4telier - Watersino","description":"Robinet de lavabo encastr\u00e9 de luxe en laiton, finition or bross\u00e9, robinet de lavabo mural dissimul\u00e9 avec noyau de valve en c\u00e9ramique","robots":{"index":"index","follow":"follow","max-snippet":"max-snippet:-1","max-image-preview":"max-image-preview:large","max-video-preview":"max-video-preview:-1"},"canonical":"https:\/\/watersino.net\/fr\/product\/brushed-gold-finish-bathroom-washbasin-wall-mounted-mixer-for\/","og_locale":"fr_FR","og_type":"article","og_title":"Brushed Gold Finish Basin Wall Mounted Mixer for Hotel Project - Watersino","og_description":"Hotel Project Luxury Brass Concealed Basin Bathroom FaucetBrushed Gold Finish Ceramic Valve Core Hidden Wall Mounted Wash Basin Faucet Tap","og_url":"https:\/\/watersino.net\/fr\/product\/brushed-gold-finish-bathroom-washbasin-wall-mounted-mixer-for\/","og_site_name":"Watersino","article_modified_time":"2025-11-28T07:27:30+00:00","og_image":[{"width":600,"height":600,"url":"https:\/\/watersino.net\/wp-content\/uploads\/2025\/08\/HB902BG.png","type":"image\/png"}],"twitter_card":"summary_large_image","twitter_misc":{"Dur\u00e9e de lecture estim\u00e9e":"1 minute"},"schema":{"@context":"https:\/\/schema.org","@graph":[{"@type":"WebPage","@id":"https:\/\/watersino.net\/product\/brushed-gold-finish-bathroom-washbasin-wall-mounted-mixer-for\/","url":"https:\/\/watersino.net\/product\/brushed-gold-finish-bathroom-washbasin-wall-mounted-mixer-for\/","name":"Mitigeur mural de lavabo finition or bross\u00e9 pour projet h\u00f4telier - Watersino","isPartOf":{"@id":"https:\/\/watersino.net\/#website"},"primaryImageOfPage":{"@id":"https:\/\/watersino.net\/product\/brushed-gold-finish-bathroom-washbasin-wall-mounted-mixer-for\/#primaryimage"},"image":{"@id":"https:\/\/watersino.net\/product\/brushed-gold-finish-bathroom-washbasin-wall-mounted-mixer-for\/#primaryimage"},"thumbnailUrl":"https:\/\/watersino.net\/wp-content\/uploads\/2025\/08\/HB902BG.png","datePublished":"2025-08-01T07:43:39+00:00","dateModified":"2025-11-28T07:27:30+00:00","description":"Robinet de lavabo encastr\u00e9 de luxe en laiton, finition or bross\u00e9, robinet de lavabo mural dissimul\u00e9 avec noyau de valve en c\u00e9ramique","breadcrumb":{"@id":"https:\/\/watersino.net\/product\/brushed-gold-finish-bathroom-washbasin-wall-mounted-mixer-for\/#breadcrumb"},"inLanguage":"fr-FR","potentialAction":[{"@type":"ReadAction","target":["https:\/\/watersino.net\/product\/brushed-gold-finish-bathroom-washbasin-wall-mounted-mixer-for\/"]}]},{"@type":"ImageObject","inLanguage":"fr-FR","@id":"https:\/\/watersino.net\/product\/brushed-gold-finish-bathroom-washbasin-wall-mounted-mixer-for\/#primaryimage","url":"https:\/\/watersino.net\/wp-content\/uploads\/2025\/08\/HB902BG.png","contentUrl":"https:\/\/watersino.net\/wp-content\/uploads\/2025\/08\/HB902BG.png","width":600,"height":600,"caption":"Bathroom Washbasin Wall Mounted Mixer"},{"@type":"BreadcrumbList","@id":"https:\/\/watersino.net\/product\/brushed-gold-finish-bathroom-washbasin-wall-mounted-mixer-for\/#breadcrumb","itemListElement":[{"@type":"ListItem","position":1,"name":"Home","item":"https:\/\/watersino.net\/"},{"@type":"ListItem","position":2,"name":"Product","item":"https:\/\/watersino.net\/product\/"},{"@type":"ListItem","position":3,"name":"Brushed Gold Finish Basin Wall Mounted Mixer for Hotel Project"}]},{"@type":"WebSite","@id":"https:\/\/watersino.net\/#website","url":"https:\/\/watersino.net\/","name":"Watersino","description":"","potentialAction":[{"@type":"SearchAction","target":{"@type":"EntryPoint","urlTemplate":"https:\/\/watersino.net\/?s={search_term_string}"},"query-input":{"@type":"PropertyValueSpecification","valueRequired":true,"valueName":"search_term_string"}}],"inLanguage":"fr-FR"}]}},"_links":{"self":[{"href":"https:\/\/watersino.net\/fr\/wp-json\/wp\/v2\/product\/13986","targetHints":{"allow":["GET"]}}],"collection":[{"href":"https:\/\/watersino.net\/fr\/wp-json\/wp\/v2\/product"}],"about":[{"href":"https:\/\/watersino.net\/fr\/wp-json\/wp\/v2\/types\/product"}],"wp:featuredmedia":[{"embeddable":true,"href":"https:\/\/watersino.net\/fr\/wp-json\/wp\/v2\/media\/13989"}],"wp:attachment":[{"href":"https:\/\/watersino.net\/fr\/wp-json\/wp\/v2\/media?parent=13986"}],"wp:term":[{"taxonomy":"product_category","embeddable":true,"href":"https:\/\/watersino.net\/fr\/wp-json\/wp\/v2\/product_category?post=13986"},{"taxonomy":"products_tags","embeddable":true,"href":"https:\/\/watersino.net\/fr\/wp-json\/wp\/v2\/products_tags?post=13986"}],"curies":[{"name":"wp","href":"https:\/\/api.w.org\/{rel}","templated":true}]}}