{"id":13900,"date":"2025-07-18T06:56:46","date_gmt":"2025-07-18T06:56:46","guid":{"rendered":"https:\/\/watersino.net\/?post_type=product&#038;p=13900"},"modified":"2025-11-29T01:45:48","modified_gmt":"2025-11-29T01:45:48","slug":"commercial-grade-kitchen-faucet-deck-mounted-sink-mixer-tap","status":"publish","type":"product","link":"https:\/\/watersino.net\/fr\/product\/commercial-grade-kitchen-faucet-deck-mounted-sink-mixer-tap\/","title":{"rendered":"Robinet de cuisine de qualit\u00e9 commerciale, mitigeur d&#039;\u00e9vier mont\u00e9 sur le pont"},"content":{"rendered":"","protected":false},"featured_media":13922,"template":"","product_category":[52,53],"products_tags":[],"class_list":["post-13900","product","type-product","status-publish","has-post-thumbnail","hentry","product_category-kitchen","product_category-kitchen-faucet"],"acf":[],"yoast_head":"<!-- This site is optimized with the Yoast SEO plugin v26.6 - https:\/\/yoast.com\/wordpress\/plugins\/seo\/ -->\n<title>Commercial Grade Kitchen Faucet\u00a0Deck Mounted Sink Mixer Tap - Watersino<\/title>\n<meta name=\"description\" content=\"High-ARC Professional Kitchen Sink Faucet Single Hole Mount- Lead-Free Brass Construction\" \/>\n<meta name=\"robots\" content=\"index, follow, max-snippet:-1, max-image-preview:large, max-video-preview:-1\" \/>\n<link rel=\"canonical\" href=\"https:\/\/watersino.net\/fr\/product\/commercial-grade-kitchen-faucet-deck-mounted-sink-mixer-tap\/\" \/>\n<meta property=\"og:locale\" content=\"fr_FR\" \/>\n<meta property=\"og:type\" content=\"article\" \/>\n<meta property=\"og:title\" content=\"Commercial Grade Kitchen Faucet\u00a0Deck Mounted Sink Mixer Tap - Watersino\" \/>\n<meta property=\"og:description\" content=\"High-ARC Professional Kitchen Sink Faucet Single Hole Mount- Lead-Free Brass Construction\" \/>\n<meta property=\"og:url\" content=\"https:\/\/watersino.net\/fr\/product\/commercial-grade-kitchen-faucet-deck-mounted-sink-mixer-tap\/\" \/>\n<meta property=\"og:site_name\" content=\"Watersino\" \/>\n<meta property=\"article:modified_time\" content=\"2025-11-29T01:45:48+00:00\" \/>\n<meta property=\"og:image\" content=\"https:\/\/watersino.net\/wp-content\/uploads\/2025\/07\/HK903ZG.png\" \/>\n\t<meta property=\"og:image:width\" content=\"600\" \/>\n\t<meta property=\"og:image:height\" content=\"600\" \/>\n\t<meta property=\"og:image:type\" content=\"image\/png\" \/>\n<meta name=\"twitter:card\" content=\"summary_large_image\" \/>\n<meta name=\"twitter:label1\" content=\"Dur\u00e9e de lecture estim\u00e9e\" \/>\n\t<meta name=\"twitter:data1\" content=\"1 minute\" \/>\n<script type=\"application\/ld+json\" class=\"yoast-schema-graph\">{\"@context\":\"https:\/\/schema.org\",\"@graph\":[{\"@type\":\"WebPage\",\"@id\":\"https:\/\/watersino.net\/product\/commercial-grade-kitchen-faucet-deck-mounted-sink-mixer-tap\/\",\"url\":\"https:\/\/watersino.net\/product\/commercial-grade-kitchen-faucet-deck-mounted-sink-mixer-tap\/\",\"name\":\"Commercial Grade Kitchen Faucet\u00a0Deck Mounted Sink Mixer Tap - Watersino\",\"isPartOf\":{\"@id\":\"https:\/\/watersino.net\/#website\"},\"primaryImageOfPage\":{\"@id\":\"https:\/\/watersino.net\/product\/commercial-grade-kitchen-faucet-deck-mounted-sink-mixer-tap\/#primaryimage\"},\"image\":{\"@id\":\"https:\/\/watersino.net\/product\/commercial-grade-kitchen-faucet-deck-mounted-sink-mixer-tap\/#primaryimage\"},\"thumbnailUrl\":\"https:\/\/watersino.net\/wp-content\/uploads\/2025\/07\/HK903ZG.png\",\"datePublished\":\"2025-07-18T06:56:46+00:00\",\"dateModified\":\"2025-11-29T01:45:48+00:00\",\"description\":\"High-ARC Professional Kitchen Sink Faucet Single Hole Mount- Lead-Free Brass Construction\",\"breadcrumb\":{\"@id\":\"https:\/\/watersino.net\/product\/commercial-grade-kitchen-faucet-deck-mounted-sink-mixer-tap\/#breadcrumb\"},\"inLanguage\":\"fr-FR\",\"potentialAction\":[{\"@type\":\"ReadAction\",\"target\":[\"https:\/\/watersino.net\/product\/commercial-grade-kitchen-faucet-deck-mounted-sink-mixer-tap\/\"]}]},{\"@type\":\"ImageObject\",\"inLanguage\":\"fr-FR\",\"@id\":\"https:\/\/watersino.net\/product\/commercial-grade-kitchen-faucet-deck-mounted-sink-mixer-tap\/#primaryimage\",\"url\":\"https:\/\/watersino.net\/wp-content\/uploads\/2025\/07\/HK903ZG.png\",\"contentUrl\":\"https:\/\/watersino.net\/wp-content\/uploads\/2025\/07\/HK903ZG.png\",\"width\":600,\"height\":600,\"caption\":\"Kitchen Faucets HK903ZG\"},{\"@type\":\"BreadcrumbList\",\"@id\":\"https:\/\/watersino.net\/product\/commercial-grade-kitchen-faucet-deck-mounted-sink-mixer-tap\/#breadcrumb\",\"itemListElement\":[{\"@type\":\"ListItem\",\"position\":1,\"name\":\"Home\",\"item\":\"https:\/\/watersino.net\/\"},{\"@type\":\"ListItem\",\"position\":2,\"name\":\"Product\",\"item\":\"https:\/\/watersino.net\/product\/\"},{\"@type\":\"ListItem\",\"position\":3,\"name\":\"Commercial Grade Kitchen Faucet\u00a0Deck Mounted Sink Mixer Tap\"}]},{\"@type\":\"WebSite\",\"@id\":\"https:\/\/watersino.net\/#website\",\"url\":\"https:\/\/watersino.net\/\",\"name\":\"Watersino\",\"description\":\"\",\"potentialAction\":[{\"@type\":\"SearchAction\",\"target\":{\"@type\":\"EntryPoint\",\"urlTemplate\":\"https:\/\/watersino.net\/?s={search_term_string}\"},\"query-input\":{\"@type\":\"PropertyValueSpecification\",\"valueRequired\":true,\"valueName\":\"search_term_string\"}}],\"inLanguage\":\"fr-FR\"}]}<\/script>\n<!-- \/ Yoast SEO plugin. -->","yoast_head_json":{"title":"Robinet de cuisine de qualit\u00e9 commerciale, mitigeur d&#039;\u00e9vier mont\u00e9 sur le pont - Watersino","description":"Robinet d&#039;\u00e9vier de cuisine professionnel \u00e0 arc \u00e9lev\u00e9, montage monotrou - Construction en laiton sans plomb","robots":{"index":"index","follow":"follow","max-snippet":"max-snippet:-1","max-image-preview":"max-image-preview:large","max-video-preview":"max-video-preview:-1"},"canonical":"https:\/\/watersino.net\/fr\/product\/commercial-grade-kitchen-faucet-deck-mounted-sink-mixer-tap\/","og_locale":"fr_FR","og_type":"article","og_title":"Commercial Grade Kitchen Faucet\u00a0Deck Mounted Sink Mixer Tap - Watersino","og_description":"High-ARC Professional Kitchen Sink Faucet Single Hole Mount- Lead-Free Brass Construction","og_url":"https:\/\/watersino.net\/fr\/product\/commercial-grade-kitchen-faucet-deck-mounted-sink-mixer-tap\/","og_site_name":"Watersino","article_modified_time":"2025-11-29T01:45:48+00:00","og_image":[{"width":600,"height":600,"url":"https:\/\/watersino.net\/wp-content\/uploads\/2025\/07\/HK903ZG.png","type":"image\/png"}],"twitter_card":"summary_large_image","twitter_misc":{"Dur\u00e9e de lecture estim\u00e9e":"1 minute"},"schema":{"@context":"https:\/\/schema.org","@graph":[{"@type":"WebPage","@id":"https:\/\/watersino.net\/product\/commercial-grade-kitchen-faucet-deck-mounted-sink-mixer-tap\/","url":"https:\/\/watersino.net\/product\/commercial-grade-kitchen-faucet-deck-mounted-sink-mixer-tap\/","name":"Robinet de cuisine de qualit\u00e9 commerciale, mitigeur d&#039;\u00e9vier mont\u00e9 sur le pont - Watersino","isPartOf":{"@id":"https:\/\/watersino.net\/#website"},"primaryImageOfPage":{"@id":"https:\/\/watersino.net\/product\/commercial-grade-kitchen-faucet-deck-mounted-sink-mixer-tap\/#primaryimage"},"image":{"@id":"https:\/\/watersino.net\/product\/commercial-grade-kitchen-faucet-deck-mounted-sink-mixer-tap\/#primaryimage"},"thumbnailUrl":"https:\/\/watersino.net\/wp-content\/uploads\/2025\/07\/HK903ZG.png","datePublished":"2025-07-18T06:56:46+00:00","dateModified":"2025-11-29T01:45:48+00:00","description":"Robinet d&#039;\u00e9vier de cuisine professionnel \u00e0 arc \u00e9lev\u00e9, montage monotrou - Construction en laiton sans plomb","breadcrumb":{"@id":"https:\/\/watersino.net\/product\/commercial-grade-kitchen-faucet-deck-mounted-sink-mixer-tap\/#breadcrumb"},"inLanguage":"fr-FR","potentialAction":[{"@type":"ReadAction","target":["https:\/\/watersino.net\/product\/commercial-grade-kitchen-faucet-deck-mounted-sink-mixer-tap\/"]}]},{"@type":"ImageObject","inLanguage":"fr-FR","@id":"https:\/\/watersino.net\/product\/commercial-grade-kitchen-faucet-deck-mounted-sink-mixer-tap\/#primaryimage","url":"https:\/\/watersino.net\/wp-content\/uploads\/2025\/07\/HK903ZG.png","contentUrl":"https:\/\/watersino.net\/wp-content\/uploads\/2025\/07\/HK903ZG.png","width":600,"height":600,"caption":"Kitchen Faucets HK903ZG"},{"@type":"BreadcrumbList","@id":"https:\/\/watersino.net\/product\/commercial-grade-kitchen-faucet-deck-mounted-sink-mixer-tap\/#breadcrumb","itemListElement":[{"@type":"ListItem","position":1,"name":"Home","item":"https:\/\/watersino.net\/"},{"@type":"ListItem","position":2,"name":"Product","item":"https:\/\/watersino.net\/product\/"},{"@type":"ListItem","position":3,"name":"Commercial Grade Kitchen Faucet\u00a0Deck Mounted Sink Mixer Tap"}]},{"@type":"WebSite","@id":"https:\/\/watersino.net\/#website","url":"https:\/\/watersino.net\/","name":"Watersino","description":"","potentialAction":[{"@type":"SearchAction","target":{"@type":"EntryPoint","urlTemplate":"https:\/\/watersino.net\/?s={search_term_string}"},"query-input":{"@type":"PropertyValueSpecification","valueRequired":true,"valueName":"search_term_string"}}],"inLanguage":"fr-FR"}]}},"_links":{"self":[{"href":"https:\/\/watersino.net\/fr\/wp-json\/wp\/v2\/product\/13900","targetHints":{"allow":["GET"]}}],"collection":[{"href":"https:\/\/watersino.net\/fr\/wp-json\/wp\/v2\/product"}],"about":[{"href":"https:\/\/watersino.net\/fr\/wp-json\/wp\/v2\/types\/product"}],"wp:featuredmedia":[{"embeddable":true,"href":"https:\/\/watersino.net\/fr\/wp-json\/wp\/v2\/media\/13922"}],"wp:attachment":[{"href":"https:\/\/watersino.net\/fr\/wp-json\/wp\/v2\/media?parent=13900"}],"wp:term":[{"taxonomy":"product_category","embeddable":true,"href":"https:\/\/watersino.net\/fr\/wp-json\/wp\/v2\/product_category?post=13900"},{"taxonomy":"products_tags","embeddable":true,"href":"https:\/\/watersino.net\/fr\/wp-json\/wp\/v2\/products_tags?post=13900"}],"curies":[{"name":"wp","href":"https:\/\/api.w.org\/{rel}","templated":true}]}}