{"id":12673,"date":"2024-01-12T09:13:25","date_gmt":"2024-01-12T09:13:25","guid":{"rendered":"https:\/\/watersino.net\/?post_type=product&#038;p=12673"},"modified":"2025-11-29T01:51:36","modified_gmt":"2025-11-29T01:51:36","slug":"watermark-brass-shower-floor-mounted-knurled-handle-bathtub-mixer-faucet","status":"publish","type":"product","link":"https:\/\/watersino.net\/fr\/product\/watermark-brass-shower-floor-mounted-knurled-handle-bathtub-mixer-faucet\/","title":{"rendered":"Robinet mitigeur de baignoire \u00e0 poign\u00e9e molet\u00e9e en laiton pour douche au sol Watermark"},"content":{"rendered":"","protected":false},"featured_media":13068,"template":"","product_category":[49,50],"products_tags":[63,64],"class_list":["post-12673","product","type-product","status-publish","has-post-thumbnail","hentry","product_category-shower-sets","product_category-bathtub-faucets","products_tags-watermark","products_tags-wels"],"acf":[],"yoast_head":"<!-- This site is optimized with the Yoast SEO plugin v26.6 - https:\/\/yoast.com\/wordpress\/plugins\/seo\/ -->\n<title>Watermark Brass Shower Floor Mounted Knurled handle Bathtub Mixer Faucet - Watersino<\/title>\n<meta name=\"robots\" content=\"index, follow, max-snippet:-1, max-image-preview:large, max-video-preview:-1\" \/>\n<link rel=\"canonical\" href=\"https:\/\/watersino.net\/fr\/product\/watermark-brass-shower-floor-mounted-knurled-handle-bathtub-mixer-faucet\/\" \/>\n<meta property=\"og:locale\" content=\"fr_FR\" \/>\n<meta property=\"og:type\" content=\"article\" \/>\n<meta property=\"og:title\" content=\"Watermark Brass Shower Floor Mounted Knurled handle Bathtub Mixer Faucet - Watersino\" \/>\n<meta property=\"og:url\" content=\"https:\/\/watersino.net\/fr\/product\/watermark-brass-shower-floor-mounted-knurled-handle-bathtub-mixer-faucet\/\" \/>\n<meta property=\"og:site_name\" content=\"Watersino\" \/>\n<meta property=\"article:modified_time\" content=\"2025-11-29T01:51:36+00:00\" \/>\n<meta property=\"og:image\" content=\"https:\/\/watersino.net\/wp-content\/uploads\/2024\/01\/5790-1-33.jpg\" \/>\n\t<meta property=\"og:image:width\" content=\"600\" \/>\n\t<meta property=\"og:image:height\" content=\"600\" \/>\n\t<meta property=\"og:image:type\" content=\"image\/jpeg\" \/>\n<meta name=\"twitter:card\" content=\"summary_large_image\" \/>\n<script type=\"application\/ld+json\" class=\"yoast-schema-graph\">{\"@context\":\"https:\/\/schema.org\",\"@graph\":[{\"@type\":\"WebPage\",\"@id\":\"https:\/\/watersino.net\/product\/watermark-brass-shower-floor-mounted-knurled-handle-bathtub-mixer-faucet\/\",\"url\":\"https:\/\/watersino.net\/product\/watermark-brass-shower-floor-mounted-knurled-handle-bathtub-mixer-faucet\/\",\"name\":\"Watermark Brass Shower Floor Mounted Knurled handle Bathtub Mixer Faucet - Watersino\",\"isPartOf\":{\"@id\":\"https:\/\/watersino.net\/#website\"},\"primaryImageOfPage\":{\"@id\":\"https:\/\/watersino.net\/product\/watermark-brass-shower-floor-mounted-knurled-handle-bathtub-mixer-faucet\/#primaryimage\"},\"image\":{\"@id\":\"https:\/\/watersino.net\/product\/watermark-brass-shower-floor-mounted-knurled-handle-bathtub-mixer-faucet\/#primaryimage\"},\"thumbnailUrl\":\"https:\/\/watersino.net\/wp-content\/uploads\/2024\/01\/5790-1-33.jpg\",\"datePublished\":\"2024-01-12T09:13:25+00:00\",\"dateModified\":\"2025-11-29T01:51:36+00:00\",\"breadcrumb\":{\"@id\":\"https:\/\/watersino.net\/product\/watermark-brass-shower-floor-mounted-knurled-handle-bathtub-mixer-faucet\/#breadcrumb\"},\"inLanguage\":\"fr-FR\",\"potentialAction\":[{\"@type\":\"ReadAction\",\"target\":[\"https:\/\/watersino.net\/product\/watermark-brass-shower-floor-mounted-knurled-handle-bathtub-mixer-faucet\/\"]}]},{\"@type\":\"ImageObject\",\"inLanguage\":\"fr-FR\",\"@id\":\"https:\/\/watersino.net\/product\/watermark-brass-shower-floor-mounted-knurled-handle-bathtub-mixer-faucet\/#primaryimage\",\"url\":\"https:\/\/watersino.net\/wp-content\/uploads\/2024\/01\/5790-1-33.jpg\",\"contentUrl\":\"https:\/\/watersino.net\/wp-content\/uploads\/2024\/01\/5790-1-33.jpg\",\"width\":600,\"height\":600,\"caption\":\"5790 1 33\"},{\"@type\":\"BreadcrumbList\",\"@id\":\"https:\/\/watersino.net\/product\/watermark-brass-shower-floor-mounted-knurled-handle-bathtub-mixer-faucet\/#breadcrumb\",\"itemListElement\":[{\"@type\":\"ListItem\",\"position\":1,\"name\":\"Home\",\"item\":\"https:\/\/watersino.net\/\"},{\"@type\":\"ListItem\",\"position\":2,\"name\":\"Product\",\"item\":\"https:\/\/watersino.net\/product\/\"},{\"@type\":\"ListItem\",\"position\":3,\"name\":\"Watermark Brass Shower Floor Mounted Knurled handle Bathtub Mixer Faucet\"}]},{\"@type\":\"WebSite\",\"@id\":\"https:\/\/watersino.net\/#website\",\"url\":\"https:\/\/watersino.net\/\",\"name\":\"Watersino\",\"description\":\"\",\"potentialAction\":[{\"@type\":\"SearchAction\",\"target\":{\"@type\":\"EntryPoint\",\"urlTemplate\":\"https:\/\/watersino.net\/?s={search_term_string}\"},\"query-input\":{\"@type\":\"PropertyValueSpecification\",\"valueRequired\":true,\"valueName\":\"search_term_string\"}}],\"inLanguage\":\"fr-FR\"}]}<\/script>\n<!-- \/ Yoast SEO plugin. -->","yoast_head_json":{"title":"Robinet mitigeur de baignoire en laiton Watermark avec poign\u00e9e molet\u00e9e et fixation au sol - Watersino","robots":{"index":"index","follow":"follow","max-snippet":"max-snippet:-1","max-image-preview":"max-image-preview:large","max-video-preview":"max-video-preview:-1"},"canonical":"https:\/\/watersino.net\/fr\/product\/watermark-brass-shower-floor-mounted-knurled-handle-bathtub-mixer-faucet\/","og_locale":"fr_FR","og_type":"article","og_title":"Watermark Brass Shower Floor Mounted Knurled handle Bathtub Mixer Faucet - Watersino","og_url":"https:\/\/watersino.net\/fr\/product\/watermark-brass-shower-floor-mounted-knurled-handle-bathtub-mixer-faucet\/","og_site_name":"Watersino","article_modified_time":"2025-11-29T01:51:36+00:00","og_image":[{"width":600,"height":600,"url":"https:\/\/watersino.net\/wp-content\/uploads\/2024\/01\/5790-1-33.jpg","type":"image\/jpeg"}],"twitter_card":"summary_large_image","schema":{"@context":"https:\/\/schema.org","@graph":[{"@type":"WebPage","@id":"https:\/\/watersino.net\/product\/watermark-brass-shower-floor-mounted-knurled-handle-bathtub-mixer-faucet\/","url":"https:\/\/watersino.net\/product\/watermark-brass-shower-floor-mounted-knurled-handle-bathtub-mixer-faucet\/","name":"Robinet mitigeur de baignoire en laiton Watermark avec poign\u00e9e molet\u00e9e et fixation au sol - Watersino","isPartOf":{"@id":"https:\/\/watersino.net\/#website"},"primaryImageOfPage":{"@id":"https:\/\/watersino.net\/product\/watermark-brass-shower-floor-mounted-knurled-handle-bathtub-mixer-faucet\/#primaryimage"},"image":{"@id":"https:\/\/watersino.net\/product\/watermark-brass-shower-floor-mounted-knurled-handle-bathtub-mixer-faucet\/#primaryimage"},"thumbnailUrl":"https:\/\/watersino.net\/wp-content\/uploads\/2024\/01\/5790-1-33.jpg","datePublished":"2024-01-12T09:13:25+00:00","dateModified":"2025-11-29T01:51:36+00:00","breadcrumb":{"@id":"https:\/\/watersino.net\/product\/watermark-brass-shower-floor-mounted-knurled-handle-bathtub-mixer-faucet\/#breadcrumb"},"inLanguage":"fr-FR","potentialAction":[{"@type":"ReadAction","target":["https:\/\/watersino.net\/product\/watermark-brass-shower-floor-mounted-knurled-handle-bathtub-mixer-faucet\/"]}]},{"@type":"ImageObject","inLanguage":"fr-FR","@id":"https:\/\/watersino.net\/product\/watermark-brass-shower-floor-mounted-knurled-handle-bathtub-mixer-faucet\/#primaryimage","url":"https:\/\/watersino.net\/wp-content\/uploads\/2024\/01\/5790-1-33.jpg","contentUrl":"https:\/\/watersino.net\/wp-content\/uploads\/2024\/01\/5790-1-33.jpg","width":600,"height":600,"caption":"5790 1 33"},{"@type":"BreadcrumbList","@id":"https:\/\/watersino.net\/product\/watermark-brass-shower-floor-mounted-knurled-handle-bathtub-mixer-faucet\/#breadcrumb","itemListElement":[{"@type":"ListItem","position":1,"name":"Home","item":"https:\/\/watersino.net\/"},{"@type":"ListItem","position":2,"name":"Product","item":"https:\/\/watersino.net\/product\/"},{"@type":"ListItem","position":3,"name":"Watermark Brass Shower Floor Mounted Knurled handle Bathtub Mixer Faucet"}]},{"@type":"WebSite","@id":"https:\/\/watersino.net\/#website","url":"https:\/\/watersino.net\/","name":"Watersino","description":"","potentialAction":[{"@type":"SearchAction","target":{"@type":"EntryPoint","urlTemplate":"https:\/\/watersino.net\/?s={search_term_string}"},"query-input":{"@type":"PropertyValueSpecification","valueRequired":true,"valueName":"search_term_string"}}],"inLanguage":"fr-FR"}]}},"_links":{"self":[{"href":"https:\/\/watersino.net\/fr\/wp-json\/wp\/v2\/product\/12673","targetHints":{"allow":["GET"]}}],"collection":[{"href":"https:\/\/watersino.net\/fr\/wp-json\/wp\/v2\/product"}],"about":[{"href":"https:\/\/watersino.net\/fr\/wp-json\/wp\/v2\/types\/product"}],"wp:featuredmedia":[{"embeddable":true,"href":"https:\/\/watersino.net\/fr\/wp-json\/wp\/v2\/media\/13068"}],"wp:attachment":[{"href":"https:\/\/watersino.net\/fr\/wp-json\/wp\/v2\/media?parent=12673"}],"wp:term":[{"taxonomy":"product_category","embeddable":true,"href":"https:\/\/watersino.net\/fr\/wp-json\/wp\/v2\/product_category?post=12673"},{"taxonomy":"products_tags","embeddable":true,"href":"https:\/\/watersino.net\/fr\/wp-json\/wp\/v2\/products_tags?post=12673"}],"curies":[{"name":"wp","href":"https:\/\/api.w.org\/{rel}","templated":true}]}}