{"id":3818,"date":"2023-08-10T02:04:45","date_gmt":"2023-08-10T02:04:45","guid":{"rendered":"https:\/\/watersino.net\/?page_id=3818"},"modified":"2023-10-23T06:46:54","modified_gmt":"2023-10-23T06:46:54","slug":"sustainability","status":"publish","type":"page","link":"https:\/\/watersino.net\/fr\/sustainability\/","title":{"rendered":"Durabilit\u00e9"},"content":{"rendered":"<div data-elementor-type=\"wp-page\" data-elementor-id=\"3818\" class=\"elementor elementor-3818\" data-elementor-post-type=\"page\">\n\t\t\t\t<div class=\"elementor-element elementor-element-327f5cd e-flex e-con-boxed e-con e-parent\" data-id=\"327f5cd\" data-element_type=\"container\" data-settings=\"{&quot;background_background&quot;:&quot;classic&quot;}\">\n\t\t\t\t\t<div class=\"e-con-inner\">\n\t\t<div class=\"elementor-element elementor-element-e7d70fd e-con-full e-flex e-con e-parent\" data-id=\"e7d70fd\" data-element_type=\"container\">\n\t\t\t\t<div class=\"elementor-element elementor-element-f1168c4 elementor-widget elementor-widget-heading\" data-id=\"f1168c4\" data-element_type=\"widget\" data-widget_type=\"heading.default\">\n\t\t\t\t<div class=\"elementor-widget-container\">\n\t\t\t\t\t<h1 class=\"elementor-heading-title elementor-size-default\">Durabilit\u00e9\n<\/h1>\t\t\t\t<\/div>\n\t\t\t\t<\/div>\n\t\t\t\t<div class=\"elementor-element elementor-element-75555cc elementor-widget elementor-widget-text-editor\" data-id=\"75555cc\" data-element_type=\"widget\" data-widget_type=\"text-editor.default\">\n\t\t\t\t<div class=\"elementor-widget-container\">\n\t\t\t\t\t\t\t\t\tWatersino s&#039;engage pour le d\u00e9veloppement durable et propose des \u00e9quipements sanitaires respectueux de l&#039;environnement, des mat\u00e9riaux aux technologies. D\u00e9couvrez notre engagement pour un avenir plus vert gr\u00e2ce \u00e0 nos \u00e9quipements sanitaires durables.\n\n\t\t\t\t\t\t\t\t<\/div>\n\t\t\t\t<\/div>\n\t\t\t\t<div class=\"elementor-element elementor-element-9a49b43 elementor-widget elementor-widget-inf_breadcrumbs\" data-id=\"9a49b43\" data-element_type=\"widget\" data-widget_type=\"inf_breadcrumbs.default\">\n\t\t\t\t<div class=\"elementor-widget-container\">\n\t\t\t\t\t\t\t<div id=\"infility_position\" class=''>\n\t\t\t\t\t\t\t\t\t\t\t<p class='0'>\n\t\t\t\t\t<a href=\"\/fr\/\" >\t\t\t\t\t\tMaison\t\t\t\t\t<\/a>\t\t\t\t<\/p>\n\t\t\t\t\t\t\t <span>><\/span> \t\t\t\t<p class='this'>\n\t\t\t\t\t\t\t\t\t\t\t\t\t\t\t\t\t\t\t\t<\/p>\n\t\t\t\t\t<\/div>\n\t\t\t\t<\/div>\n\t\t\t\t<\/div>\n\t\t\t\t<\/div>\n\t\t<div class=\"elementor-element elementor-element-3f190fa e-con-full e-flex e-con e-parent\" data-id=\"3f190fa\" data-element_type=\"container\">\n\t\t\t\t<div class=\"elementor-element elementor-element-89ab305 elementor-widget elementor-widget-image\" data-id=\"89ab305\" data-element_type=\"widget\" data-widget_type=\"image.default\">\n\t\t\t\t<div class=\"elementor-widget-container\">\n\t\t\t\t\t\t\t\t\t\t\t\t\t\t\t<img fetchpriority=\"high\" decoding=\"async\" width=\"1200\" height=\"799\" src=\"https:\/\/watersino.net\/wp-content\/uploads\/2023\/08\/P01_S06_2.webp\" class=\"attachment-full size-full wp-image-4070\" alt=\"P01 S06 2\" srcset=\"https:\/\/watersino.net\/wp-content\/uploads\/2023\/08\/P01_S06_2.webp 1200w, https:\/\/watersino.net\/wp-content\/uploads\/2023\/08\/P01_S06_2-300x200.webp 300w, https:\/\/watersino.net\/wp-content\/uploads\/2023\/08\/P01_S06_2-1024x682.webp 1024w, https:\/\/watersino.net\/wp-content\/uploads\/2023\/08\/P01_S06_2-768x511.webp 768w, https:\/\/watersino.net\/wp-content\/uploads\/2023\/08\/P01_S06_2-600x400.webp 600w\" sizes=\"(max-width: 1200px) 100vw, 1200px\" \/>\t\t\t\t\t\t\t\t\t\t\t\t\t\t\t<\/div>\n\t\t\t\t<\/div>\n\t\t\t\t<\/div>\n\t\t\t\t\t<\/div>\n\t\t\t\t<\/div>\n\t\t<div class=\"elementor-element elementor-element-35d512b e-flex e-con-boxed e-con e-parent\" data-id=\"35d512b\" data-element_type=\"container\">\n\t\t\t\t\t<div class=\"e-con-inner\">\n\t\t<div class=\"elementor-element elementor-element-d79e49c e-con-full e-flex e-con e-parent\" data-id=\"d79e49c\" data-element_type=\"container\">\n\t\t\t\t<div class=\"elementor-element elementor-element-2d1ac39 elementor-widget elementor-widget-heading\" data-id=\"2d1ac39\" data-element_type=\"widget\" data-widget_type=\"heading.default\">\n\t\t\t\t<div class=\"elementor-widget-container\">\n\t\t\t\t\t<h2 class=\"elementor-heading-title elementor-size-default\">Engagements durables\n\n\n\n<\/h2>\t\t\t\t<\/div>\n\t\t\t\t<\/div>\n\t\t\t\t<div class=\"elementor-element elementor-element-8c0b26e elementor-widget elementor-widget-text-editor\" data-id=\"8c0b26e\" data-element_type=\"widget\" data-widget_type=\"text-editor.default\">\n\t\t\t\t<div class=\"elementor-widget-container\">\n\t\t\t\t\t\t\t\t\tChez Watersino, nous nous engageons \u00e0 proposer des \u00e9quipements de salle de bains et de cuisine durables. Nous utilisons des mat\u00e9riaux \u00e9cologiques, des m\u00e9thodes \u00e9conomes en eau et des alternatives \u00e9co\u00e9nerg\u00e9tiques pour la conception et la fabrication de nos \u00e9quipements.\n\n<br>\n<br>\n\nNotre impact sur l&#039;environnement est r\u00e9duit, les ressources sont pr\u00e9serv\u00e9es et un avenir meilleur est favoris\u00e9 en privil\u00e9giant le d\u00e9veloppement durable. D\u00e9couvrez des \u00e9quipements \u00e9l\u00e9gants et pratiques, en accord avec vos valeurs, qui contribuent \u00e0 la p\u00e9rennit\u00e9 de votre marque.\t\t\t\t\t\t\t\t<\/div>\n\t\t\t\t<\/div>\n\t\t\t\t<\/div>\n\t\t<div class=\"elementor-element elementor-element-3228972 e-con-full e-flex e-con e-parent\" data-id=\"3228972\" data-element_type=\"container\">\n\t\t\t\t<div class=\"elementor-element elementor-element-0aa22e5 elementor-widget elementor-widget-image\" data-id=\"0aa22e5\" data-element_type=\"widget\" data-widget_type=\"image.default\">\n\t\t\t\t<div class=\"elementor-widget-container\">\n\t\t\t\t\t\t\t\t\t\t\t\t\t\t\t<img decoding=\"async\" width=\"900\" height=\"600\" src=\"https:\/\/watersino.net\/wp-content\/uploads\/2023\/10\/P06_S02_4.webp\" class=\"attachment-full size-full wp-image-10816\" alt=\"P06 S02 4\" srcset=\"https:\/\/watersino.net\/wp-content\/uploads\/2023\/10\/P06_S02_4.webp 900w, https:\/\/watersino.net\/wp-content\/uploads\/2023\/10\/P06_S02_4-300x200.webp 300w, https:\/\/watersino.net\/wp-content\/uploads\/2023\/10\/P06_S02_4-768x512.webp 768w, https:\/\/watersino.net\/wp-content\/uploads\/2023\/10\/P06_S02_4-600x400.webp 600w\" sizes=\"(max-width: 900px) 100vw, 900px\" \/>\t\t\t\t\t\t\t\t\t\t\t\t\t\t\t<\/div>\n\t\t\t\t<\/div>\n\t\t\t\t<\/div>\n\t\t\t\t\t<\/div>\n\t\t\t\t<\/div>\n\t\t<div class=\"elementor-element elementor-element-bb521e5 e-flex e-con-boxed e-con e-parent\" data-id=\"bb521e5\" data-element_type=\"container\">\n\t\t\t\t\t<div class=\"e-con-inner\">\n\t\t<div class=\"elementor-element elementor-element-a326e59 e-con-full e-flex e-con e-parent\" data-id=\"a326e59\" data-element_type=\"container\">\n\t\t\t\t<div class=\"elementor-element elementor-element-f666b41 elementor-widget elementor-widget-heading\" data-id=\"f666b41\" data-element_type=\"widget\" data-widget_type=\"heading.default\">\n\t\t\t\t<div class=\"elementor-widget-container\">\n\t\t\t\t\t<h2 class=\"elementor-heading-title elementor-size-default\">m\u00e9taux non dangereux\n\n<\/h2>\t\t\t\t<\/div>\n\t\t\t\t<\/div>\n\t\t\t\t<div class=\"elementor-element elementor-element-3b38c88 elementor-widget elementor-widget-text-editor\" data-id=\"3b38c88\" data-element_type=\"widget\" data-widget_type=\"text-editor.default\">\n\t\t\t\t<div class=\"elementor-widget-container\">\n\t\t\t\t\t\t\t\t\tFabriqu\u00e9s en acier inoxydable 304 et en laiton DZR sans plomb, les \u00e9quipements de salle de bain et de cuisine Watersino pr\u00e9sentent de nombreux avantages environnementaux, notamment la r\u00e9sistance \u00e0 la corrosion, la durabilit\u00e9 et la long\u00e9vit\u00e9. Enti\u00e8rement recyclables, ils contribuent \u00e0 l&#039;\u00e9conomie circulaire. Gr\u00e2ce \u00e0 son faible entretien et \u00e0 sa r\u00e9sistance \u00e0 la prolif\u00e9ration bact\u00e9rienne, l&#039;acier inoxydable favorise la propret\u00e9 et l&#039;hygi\u00e8ne.\n\n\t\t\t\t\t\t\t\t<\/div>\n\t\t\t\t<\/div>\n\t\t\t\t<\/div>\n\t\t<div class=\"elementor-element elementor-element-bbe9d0c e-con-full e-flex e-con e-parent\" data-id=\"bbe9d0c\" data-element_type=\"container\">\n\t\t\t\t<div class=\"elementor-element elementor-element-34afe22 elementor-widget elementor-widget-image\" data-id=\"34afe22\" data-element_type=\"widget\" data-widget_type=\"image.default\">\n\t\t\t\t<div class=\"elementor-widget-container\">\n\t\t\t\t\t\t\t\t\t\t\t\t\t\t\t<img decoding=\"async\" width=\"1200\" height=\"484\" src=\"https:\/\/watersino.net\/wp-content\/uploads\/2023\/10\/P06_S02_5.webp\" class=\"attachment-full size-full wp-image-10820\" alt=\"P06 S02 5\" srcset=\"https:\/\/watersino.net\/wp-content\/uploads\/2023\/10\/P06_S02_5.webp 1200w, https:\/\/watersino.net\/wp-content\/uploads\/2023\/10\/P06_S02_5-300x121.webp 300w, https:\/\/watersino.net\/wp-content\/uploads\/2023\/10\/P06_S02_5-1024x413.webp 1024w, https:\/\/watersino.net\/wp-content\/uploads\/2023\/10\/P06_S02_5-768x310.webp 768w, https:\/\/watersino.net\/wp-content\/uploads\/2023\/10\/P06_S02_5-600x242.webp 600w\" sizes=\"(max-width: 1200px) 100vw, 1200px\" \/>\t\t\t\t\t\t\t\t\t\t\t\t\t\t\t<\/div>\n\t\t\t\t<\/div>\n\t\t\t\t<\/div>\n\t\t\t\t\t<\/div>\n\t\t\t\t<\/div>\n\t\t<div class=\"elementor-element elementor-element-3f0df19 e-con-full e-flex e-con e-parent\" data-id=\"3f0df19\" data-element_type=\"container\" data-settings=\"{&quot;background_background&quot;:&quot;classic&quot;}\">\n\t\t<div class=\"elementor-element elementor-element-8b9295f e-con-full e-flex e-con e-parent\" data-id=\"8b9295f\" data-element_type=\"container\" data-settings=\"{&quot;background_background&quot;:&quot;classic&quot;}\">\n\t\t\t\t<div class=\"elementor-element elementor-element-7cc2999 elementor-widget elementor-widget-heading\" data-id=\"7cc2999\" data-element_type=\"widget\" data-widget_type=\"heading.default\">\n\t\t\t\t<div class=\"elementor-widget-container\">\n\t\t\t\t\t<h2 class=\"elementor-heading-title elementor-size-default\">Rev\u00eatements PVD durables\n\n\n<\/h2>\t\t\t\t<\/div>\n\t\t\t\t<\/div>\n\t\t\t\t<div class=\"elementor-element elementor-element-5828615 elementor-widget elementor-widget-text-editor\" data-id=\"5828615\" data-element_type=\"widget\" data-widget_type=\"text-editor.default\">\n\t\t\t\t<div class=\"elementor-widget-container\">\n\t\t\t\t\t\t\t\t\tLes rev\u00eatements PVD (d\u00e9p\u00f4t physique en phase vapeur), exempts de sous-produits dangereux ni de compos\u00e9s organiques volatils, sont respectueux de l&#039;environnement. Ils am\u00e9liorent la durabilit\u00e9, la r\u00e9sistance \u00e0 la corrosion et \u00e0 l&#039;usure, prolongeant ainsi la dur\u00e9e de vie de nos montages. De plus, la technologie PVD permet une utilisation efficace des ressources, r\u00e9duisant le gaspillage de mat\u00e9riaux et la consommation d&#039;\u00e9nergie pendant le processus de fabrication.\n\n\t\t\t\t\t\t\t\t<\/div>\n\t\t\t\t<\/div>\n\t\t\t\t<\/div>\n\t\t<div class=\"elementor-element elementor-element-4d9ebcd e-con-full e-flex e-con e-parent\" data-id=\"4d9ebcd\" data-element_type=\"container\">\n\t\t\t\t<div class=\"elementor-element elementor-element-856f112 elementor-widget elementor-widget-image\" data-id=\"856f112\" data-element_type=\"widget\" data-widget_type=\"image.default\">\n\t\t\t\t<div class=\"elementor-widget-container\">\n\t\t\t\t\t\t\t\t\t\t\t\t\t\t\t<img loading=\"lazy\" decoding=\"async\" width=\"1200\" height=\"800\" src=\"https:\/\/watersino.net\/wp-content\/uploads\/2023\/08\/P05_S04_2.webp\" class=\"attachment-full size-full wp-image-6330\" alt=\"P05 S04 2\" srcset=\"https:\/\/watersino.net\/wp-content\/uploads\/2023\/08\/P05_S04_2.webp 1200w, https:\/\/watersino.net\/wp-content\/uploads\/2023\/08\/P05_S04_2-300x200.webp 300w, https:\/\/watersino.net\/wp-content\/uploads\/2023\/08\/P05_S04_2-1024x683.webp 1024w, https:\/\/watersino.net\/wp-content\/uploads\/2023\/08\/P05_S04_2-768x512.webp 768w, https:\/\/watersino.net\/wp-content\/uploads\/2023\/08\/P05_S04_2-600x400.webp 600w\" sizes=\"(max-width: 1200px) 100vw, 1200px\" \/>\t\t\t\t\t\t\t\t\t\t\t\t\t\t\t<\/div>\n\t\t\t\t<\/div>\n\t\t\t\t<\/div>\n\t\t\t\t<\/div>\n\t\t<div class=\"elementor-element elementor-element-f52e5e3 e-flex e-con-boxed e-con e-parent\" data-id=\"f52e5e3\" data-element_type=\"container\" data-settings=\"{&quot;background_background&quot;:&quot;classic&quot;}\">\n\t\t\t\t\t<div class=\"e-con-inner\">\n\t\t<div class=\"elementor-element elementor-element-5e3eca7 e-con-full e-flex e-con e-parent\" data-id=\"5e3eca7\" data-element_type=\"container\">\n\t\t\t\t<div class=\"elementor-element elementor-element-01bbab5 elementor-widget elementor-widget-heading\" data-id=\"01bbab5\" data-element_type=\"widget\" data-widget_type=\"heading.default\">\n\t\t\t\t<div class=\"elementor-widget-container\">\n\t\t\t\t\t<h2 class=\"elementor-heading-title elementor-size-default\">Conception de robinet \u00e9conome en eau\n\n<\/h2>\t\t\t\t<\/div>\n\t\t\t\t<\/div>\n\t\t\t\t<div class=\"elementor-element elementor-element-740f905 elementor-widget elementor-widget-text-editor\" data-id=\"740f905\" data-element_type=\"widget\" data-widget_type=\"text-editor.default\">\n\t\t\t\t<div class=\"elementor-widget-container\">\n\t\t\t\t\t\t\t\t\tEngag\u00e9 dans les normes mondiales depuis plus de 10 ans, Watersino poss\u00e8de une vaste exp\u00e9rience dans la conception et le contr\u00f4le de robinets r\u00e9pondant aux exigences et normes en mati\u00e8re d&#039;\u00e9conomie d&#039;eau. Nous proposons des robinets \u00e9conomiseurs d&#039;eau sp\u00e9cialement con\u00e7us pour les zones \u00e9conomes en eau, notamment des robinets \u00e0 temporisation, des robinets \u00e0 capteur et des robinets \u00e0 p\u00e9dale.\t\t\t\t\t\t\t\t<\/div>\n\t\t\t\t<\/div>\n\t\t\t\t<\/div>\n\t\t<div class=\"elementor-element elementor-element-23d176a e-con-full e-flex e-con e-parent\" data-id=\"23d176a\" data-element_type=\"container\">\n\t\t\t\t<div class=\"elementor-element elementor-element-d10a4d0 elementor-widget elementor-widget-image\" data-id=\"d10a4d0\" data-element_type=\"widget\" data-widget_type=\"image.default\">\n\t\t\t\t<div class=\"elementor-widget-container\">\n\t\t\t\t\t\t\t\t\t\t\t\t\t\t\t<img loading=\"lazy\" decoding=\"async\" width=\"900\" height=\"600\" src=\"https:\/\/watersino.net\/wp-content\/uploads\/2023\/09\/P06_S05.webp\" class=\"attachment-full size-full wp-image-6631\" alt=\"P06 S05\" srcset=\"https:\/\/watersino.net\/wp-content\/uploads\/2023\/09\/P06_S05.webp 900w, https:\/\/watersino.net\/wp-content\/uploads\/2023\/09\/P06_S05-300x200.webp 300w, https:\/\/watersino.net\/wp-content\/uploads\/2023\/09\/P06_S05-768x512.webp 768w, https:\/\/watersino.net\/wp-content\/uploads\/2023\/09\/P06_S05-600x400.webp 600w\" sizes=\"(max-width: 900px) 100vw, 900px\" \/>\t\t\t\t\t\t\t\t\t\t\t\t\t\t\t<\/div>\n\t\t\t\t<\/div>\n\t\t\t\t<\/div>\n\t\t\t\t\t<\/div>\n\t\t\t\t<\/div>\n\t\t\t\t<\/div>","protected":false},"excerpt":{"rendered":"<p>Watersino s&#039;engage pour le d\u00e9veloppement durable et propose des \u00e9quipements \u00e9cologiques, des mat\u00e9riaux aux technologies. D\u00e9couvrez notre engagement pour un avenir plus vert avec nos \u00e9quipements de salle de bain durables. Accueil &gt; Engagements durables Chez Watersino, faire des \u00e9quipements de salle de bain et de cuisine durables une r\u00e9alit\u00e9 est notre priorit\u00e9. Nous utilisons des mat\u00e9riaux \u00e9cologiques, des m\u00e9thodes \u00e9conomes en eau et des alternatives \u00e9co\u00e9nerg\u00e9tiques [\u2026]<\/p>","protected":false},"author":2,"featured_media":0,"parent":0,"menu_order":0,"comment_status":"closed","ping_status":"closed","template":"","meta":{"_acf_changed":false,"two_page_speed":[],"footnotes":""},"class_list":["post-3818","page","type-page","status-publish","hentry"],"acf":[],"yoast_head":"<!-- This site is optimized with the Yoast SEO plugin v26.6 - https:\/\/yoast.com\/wordpress\/plugins\/seo\/ -->\n<title>Fulfilling Sustainability in Faucet Manufacturing | Watersino<\/title>\n<meta name=\"description\" content=\"Elevate your offerings with Watersino, a faucet manufacturer committed to non-hazardous metal, durable PVD coating finishes, and water-efficient designs.\" \/>\n<meta name=\"robots\" content=\"index, follow, max-snippet:-1, max-image-preview:large, max-video-preview:-1\" \/>\n<link rel=\"canonical\" href=\"https:\/\/watersino.net\/fr\/sustainability\/\" \/>\n<meta property=\"og:locale\" content=\"fr_FR\" \/>\n<meta property=\"og:type\" content=\"article\" \/>\n<meta property=\"og:title\" content=\"Fulfilling Sustainability in Faucet Manufacturing | Watersino\" \/>\n<meta property=\"og:description\" content=\"Elevate your offerings with Watersino, a faucet manufacturer committed to non-hazardous metal, durable PVD coating finishes, and water-efficient designs.\" \/>\n<meta property=\"og:url\" content=\"https:\/\/watersino.net\/fr\/sustainability\/\" \/>\n<meta property=\"og:site_name\" content=\"Watersino\" \/>\n<meta property=\"article:modified_time\" content=\"2023-10-23T06:46:54+00:00\" \/>\n<meta property=\"og:image\" content=\"https:\/\/watersino.net\/wp-content\/uploads\/2023\/08\/P01_S06_2.webp\" \/>\n<meta name=\"twitter:card\" content=\"summary_large_image\" \/>\n<meta name=\"twitter:label1\" content=\"Dur\u00e9e de lecture estim\u00e9e\" \/>\n\t<meta name=\"twitter:data1\" content=\"3 minutes\" \/>\n<script type=\"application\/ld+json\" class=\"yoast-schema-graph\">{\"@context\":\"https:\/\/schema.org\",\"@graph\":[{\"@type\":\"WebPage\",\"@id\":\"https:\/\/watersino.net\/sustainability\/\",\"url\":\"https:\/\/watersino.net\/sustainability\/\",\"name\":\"Fulfilling Sustainability in Faucet Manufacturing | Watersino\",\"isPartOf\":{\"@id\":\"https:\/\/watersino.net\/#website\"},\"primaryImageOfPage\":{\"@id\":\"https:\/\/watersino.net\/sustainability\/#primaryimage\"},\"image\":{\"@id\":\"https:\/\/watersino.net\/sustainability\/#primaryimage\"},\"thumbnailUrl\":\"https:\/\/watersino.net\/wp-content\/uploads\/2023\/08\/P01_S06_2.webp\",\"datePublished\":\"2023-08-10T02:04:45+00:00\",\"dateModified\":\"2023-10-23T06:46:54+00:00\",\"description\":\"Elevate your offerings with Watersino, a faucet manufacturer committed to non-hazardous metal, durable PVD coating finishes, and water-efficient designs.\",\"breadcrumb\":{\"@id\":\"https:\/\/watersino.net\/sustainability\/#breadcrumb\"},\"inLanguage\":\"fr-FR\",\"potentialAction\":[{\"@type\":\"ReadAction\",\"target\":[\"https:\/\/watersino.net\/sustainability\/\"]}]},{\"@type\":\"ImageObject\",\"inLanguage\":\"fr-FR\",\"@id\":\"https:\/\/watersino.net\/sustainability\/#primaryimage\",\"url\":\"https:\/\/watersino.net\/wp-content\/uploads\/2023\/08\/P01_S06_2.webp\",\"contentUrl\":\"https:\/\/watersino.net\/wp-content\/uploads\/2023\/08\/P01_S06_2.webp\"},{\"@type\":\"BreadcrumbList\",\"@id\":\"https:\/\/watersino.net\/sustainability\/#breadcrumb\",\"itemListElement\":[{\"@type\":\"ListItem\",\"position\":1,\"name\":\"Home\",\"item\":\"https:\/\/watersino.net\/\"},{\"@type\":\"ListItem\",\"position\":2,\"name\":\"Sustainability\"}]},{\"@type\":\"WebSite\",\"@id\":\"https:\/\/watersino.net\/#website\",\"url\":\"https:\/\/watersino.net\/\",\"name\":\"Watersino\",\"description\":\"\",\"potentialAction\":[{\"@type\":\"SearchAction\",\"target\":{\"@type\":\"EntryPoint\",\"urlTemplate\":\"https:\/\/watersino.net\/?s={search_term_string}\"},\"query-input\":{\"@type\":\"PropertyValueSpecification\",\"valueRequired\":true,\"valueName\":\"search_term_string\"}}],\"inLanguage\":\"fr-FR\"}]}<\/script>\n<!-- \/ Yoast SEO plugin. -->","yoast_head_json":{"title":"Respecter la durabilit\u00e9 dans la fabrication de robinets | Watersino","description":"Am\u00e9liorez vos offres avec Watersino, un fabricant de robinets engag\u00e9 dans des finitions de rev\u00eatement PVD durables et des m\u00e9taux non dangereux et des conceptions \u00e9conomes en eau.","robots":{"index":"index","follow":"follow","max-snippet":"max-snippet:-1","max-image-preview":"max-image-preview:large","max-video-preview":"max-video-preview:-1"},"canonical":"https:\/\/watersino.net\/fr\/sustainability\/","og_locale":"fr_FR","og_type":"article","og_title":"Fulfilling Sustainability in Faucet Manufacturing | Watersino","og_description":"Elevate your offerings with Watersino, a faucet manufacturer committed to non-hazardous metal, durable PVD coating finishes, and water-efficient designs.","og_url":"https:\/\/watersino.net\/fr\/sustainability\/","og_site_name":"Watersino","article_modified_time":"2023-10-23T06:46:54+00:00","og_image":[{"url":"https:\/\/watersino.net\/wp-content\/uploads\/2023\/08\/P01_S06_2.webp","type":"","width":"","height":""}],"twitter_card":"summary_large_image","twitter_misc":{"Dur\u00e9e de lecture estim\u00e9e":"3 minutes"},"schema":{"@context":"https:\/\/schema.org","@graph":[{"@type":"WebPage","@id":"https:\/\/watersino.net\/sustainability\/","url":"https:\/\/watersino.net\/sustainability\/","name":"Respecter la durabilit\u00e9 dans la fabrication de robinets | Watersino","isPartOf":{"@id":"https:\/\/watersino.net\/#website"},"primaryImageOfPage":{"@id":"https:\/\/watersino.net\/sustainability\/#primaryimage"},"image":{"@id":"https:\/\/watersino.net\/sustainability\/#primaryimage"},"thumbnailUrl":"https:\/\/watersino.net\/wp-content\/uploads\/2023\/08\/P01_S06_2.webp","datePublished":"2023-08-10T02:04:45+00:00","dateModified":"2023-10-23T06:46:54+00:00","description":"Am\u00e9liorez vos offres avec Watersino, un fabricant de robinets engag\u00e9 dans des finitions de rev\u00eatement PVD durables et des m\u00e9taux non dangereux et des conceptions \u00e9conomes en eau.","breadcrumb":{"@id":"https:\/\/watersino.net\/sustainability\/#breadcrumb"},"inLanguage":"fr-FR","potentialAction":[{"@type":"ReadAction","target":["https:\/\/watersino.net\/sustainability\/"]}]},{"@type":"ImageObject","inLanguage":"fr-FR","@id":"https:\/\/watersino.net\/sustainability\/#primaryimage","url":"https:\/\/watersino.net\/wp-content\/uploads\/2023\/08\/P01_S06_2.webp","contentUrl":"https:\/\/watersino.net\/wp-content\/uploads\/2023\/08\/P01_S06_2.webp"},{"@type":"BreadcrumbList","@id":"https:\/\/watersino.net\/sustainability\/#breadcrumb","itemListElement":[{"@type":"ListItem","position":1,"name":"Home","item":"https:\/\/watersino.net\/"},{"@type":"ListItem","position":2,"name":"Sustainability"}]},{"@type":"WebSite","@id":"https:\/\/watersino.net\/#website","url":"https:\/\/watersino.net\/","name":"Watersino","description":"","potentialAction":[{"@type":"SearchAction","target":{"@type":"EntryPoint","urlTemplate":"https:\/\/watersino.net\/?s={search_term_string}"},"query-input":{"@type":"PropertyValueSpecification","valueRequired":true,"valueName":"search_term_string"}}],"inLanguage":"fr-FR"}]}},"_links":{"self":[{"href":"https:\/\/watersino.net\/fr\/wp-json\/wp\/v2\/pages\/3818","targetHints":{"allow":["GET"]}}],"collection":[{"href":"https:\/\/watersino.net\/fr\/wp-json\/wp\/v2\/pages"}],"about":[{"href":"https:\/\/watersino.net\/fr\/wp-json\/wp\/v2\/types\/page"}],"author":[{"embeddable":true,"href":"https:\/\/watersino.net\/fr\/wp-json\/wp\/v2\/users\/2"}],"replies":[{"embeddable":true,"href":"https:\/\/watersino.net\/fr\/wp-json\/wp\/v2\/comments?post=3818"}],"version-history":[{"count":0,"href":"https:\/\/watersino.net\/fr\/wp-json\/wp\/v2\/pages\/3818\/revisions"}],"wp:attachment":[{"href":"https:\/\/watersino.net\/fr\/wp-json\/wp\/v2\/media?parent=3818"}],"curies":[{"name":"wp","href":"https:\/\/api.w.org\/{rel}","templated":true}]}}