{"id":14513,"date":"2025-10-16T02:36:45","date_gmt":"2025-10-16T02:36:45","guid":{"rendered":"https:\/\/watersino.net\/?post_type=product&#038;p=14513"},"modified":"2025-11-27T07:57:37","modified_gmt":"2025-11-27T07:57:37","slug":"3-hole-countertop-washbasitap-antique-brass-widespread-2-handle-bathroom-faucet","status":"publish","type":"product","link":"https:\/\/watersino.net\/es\/product\/3-hole-countertop-washbasitap-antique-brass-widespread-2-handle-bathroom-faucet\/","title":{"rendered":"3 Hole Countertop WashbasiTap Antique Brass Widespread 2-Handle Bathroom Faucet"},"content":{"rendered":"<p>Como socio de confianza para contratistas y proveedores, ofrecemos&nbsp;<strong>Soluciones integrales de herrajes para ba\u00f1o<\/strong>Eliminamos las complicaciones de la coordinaci\u00f3n con m\u00faltiples proveedores al ofrecer grifer\u00eda, duchas, accesorios y m\u00e1s. Nuestra amplia gama de productos incluye m\u00e1s de 1000 art\u00edculos con certificaci\u00f3n Watermark, con certificaciones globales integrales como WELS, WRAS, UPC, CE, ACS y SAA para garantizar el cumplimiento normativo en todos los mercados. Aceptamos pedidos al por mayor, personalizaci\u00f3n flexible (igualaci\u00f3n de acabados, ajustes dimensionales) y mantenemos un control de calidad constante con plazos de entrega confiables, lo que le permite cumplir con los plazos de sus proyectos, reducir los riesgos de adquisici\u00f3n y satisfacer los diversos requisitos de sus clientes de manera eficiente.<\/p>\n\n\n\n<p><\/p>","protected":false},"featured_media":14446,"template":"","product_category":[57,84],"products_tags":[63],"class_list":["post-14513","product","type-product","status-publish","has-post-thumbnail","hentry","product_category-bathroom-faucet","product_category-short-deck-mounted-faucet","products_tags-watermark"],"acf":[],"yoast_head":"<!-- This site is optimized with the Yoast SEO plugin v26.6 - https:\/\/yoast.com\/wordpress\/plugins\/seo\/ -->\n<title>3 Hole Countertop WashbasiTap Antique Brass Widespread 2-Handle Bathroom Faucet - Watersino<\/title>\n<meta name=\"description\" content=\"Combining classic styling with modern craftsmanship, this durable bathroom solution is designed for high-end commercial and residential spaces.\" \/>\n<meta name=\"robots\" content=\"index, follow, max-snippet:-1, max-image-preview:large, max-video-preview:-1\" \/>\n<link rel=\"canonical\" href=\"https:\/\/watersino.net\/es\/product\/3-hole-countertop-washbasitap-antique-brass-widespread-2-handle-bathroom-faucet\/\" \/>\n<meta property=\"og:locale\" content=\"es_ES\" \/>\n<meta property=\"og:type\" content=\"article\" \/>\n<meta property=\"og:title\" content=\"3 Hole Countertop WashbasiTap Antique Brass Widespread 2-Handle Bathroom Faucet - Watersino\" \/>\n<meta property=\"og:description\" content=\"Combining classic styling with modern craftsmanship, this durable bathroom solution is designed for high-end commercial and residential spaces.\" \/>\n<meta property=\"og:url\" content=\"https:\/\/watersino.net\/es\/product\/3-hole-countertop-washbasitap-antique-brass-widespread-2-handle-bathroom-faucet\/\" \/>\n<meta property=\"og:site_name\" content=\"Watersino\" \/>\n<meta property=\"article:modified_time\" content=\"2025-11-27T07:57:37+00:00\" \/>\n<meta property=\"og:image\" content=\"https:\/\/watersino.net\/wp-content\/uploads\/2025\/10\/WB863_4.png\" \/>\n\t<meta property=\"og:image:width\" content=\"600\" \/>\n\t<meta property=\"og:image:height\" content=\"600\" \/>\n\t<meta property=\"og:image:type\" content=\"image\/png\" \/>\n<meta name=\"twitter:card\" content=\"summary_large_image\" \/>\n<meta name=\"twitter:label1\" content=\"Tiempo de lectura\" \/>\n\t<meta name=\"twitter:data1\" content=\"1 minuto\" \/>\n<script type=\"application\/ld+json\" class=\"yoast-schema-graph\">{\"@context\":\"https:\/\/schema.org\",\"@graph\":[{\"@type\":\"WebPage\",\"@id\":\"https:\/\/watersino.net\/product\/3-hole-countertop-washbasitap-antique-brass-widespread-2-handle-bathroom-faucet\/\",\"url\":\"https:\/\/watersino.net\/product\/3-hole-countertop-washbasitap-antique-brass-widespread-2-handle-bathroom-faucet\/\",\"name\":\"3 Hole Countertop WashbasiTap Antique Brass Widespread 2-Handle Bathroom Faucet - Watersino\",\"isPartOf\":{\"@id\":\"https:\/\/watersino.net\/#website\"},\"primaryImageOfPage\":{\"@id\":\"https:\/\/watersino.net\/product\/3-hole-countertop-washbasitap-antique-brass-widespread-2-handle-bathroom-faucet\/#primaryimage\"},\"image\":{\"@id\":\"https:\/\/watersino.net\/product\/3-hole-countertop-washbasitap-antique-brass-widespread-2-handle-bathroom-faucet\/#primaryimage\"},\"thumbnailUrl\":\"https:\/\/watersino.net\/wp-content\/uploads\/2025\/10\/WB863_4.png\",\"datePublished\":\"2025-10-16T02:36:45+00:00\",\"dateModified\":\"2025-11-27T07:57:37+00:00\",\"description\":\"Combining classic styling with modern craftsmanship, this durable bathroom solution is designed for high-end commercial and residential spaces.\",\"breadcrumb\":{\"@id\":\"https:\/\/watersino.net\/product\/3-hole-countertop-washbasitap-antique-brass-widespread-2-handle-bathroom-faucet\/#breadcrumb\"},\"inLanguage\":\"es\",\"potentialAction\":[{\"@type\":\"ReadAction\",\"target\":[\"https:\/\/watersino.net\/product\/3-hole-countertop-washbasitap-antique-brass-widespread-2-handle-bathroom-faucet\/\"]}]},{\"@type\":\"ImageObject\",\"inLanguage\":\"es\",\"@id\":\"https:\/\/watersino.net\/product\/3-hole-countertop-washbasitap-antique-brass-widespread-2-handle-bathroom-faucet\/#primaryimage\",\"url\":\"https:\/\/watersino.net\/wp-content\/uploads\/2025\/10\/WB863_4.png\",\"contentUrl\":\"https:\/\/watersino.net\/wp-content\/uploads\/2025\/10\/WB863_4.png\",\"width\":600,\"height\":600,\"caption\":\"WB863 4\"},{\"@type\":\"BreadcrumbList\",\"@id\":\"https:\/\/watersino.net\/product\/3-hole-countertop-washbasitap-antique-brass-widespread-2-handle-bathroom-faucet\/#breadcrumb\",\"itemListElement\":[{\"@type\":\"ListItem\",\"position\":1,\"name\":\"Home\",\"item\":\"https:\/\/watersino.net\/\"},{\"@type\":\"ListItem\",\"position\":2,\"name\":\"Product\",\"item\":\"https:\/\/watersino.net\/product\/\"},{\"@type\":\"ListItem\",\"position\":3,\"name\":\"3 Hole Countertop WashbasiTap Antique Brass Widespread 2-Handle Bathroom Faucet\"}]},{\"@type\":\"WebSite\",\"@id\":\"https:\/\/watersino.net\/#website\",\"url\":\"https:\/\/watersino.net\/\",\"name\":\"Watersino\",\"description\":\"\",\"potentialAction\":[{\"@type\":\"SearchAction\",\"target\":{\"@type\":\"EntryPoint\",\"urlTemplate\":\"https:\/\/watersino.net\/?s={search_term_string}\"},\"query-input\":{\"@type\":\"PropertyValueSpecification\",\"valueRequired\":true,\"valueName\":\"search_term_string\"}}],\"inLanguage\":\"es\"}]}<\/script>\n<!-- \/ Yoast SEO plugin. -->","yoast_head_json":{"title":"3 Hole Countertop WashbasiTap Antique Brass Widespread 2-Handle Bathroom Faucet - Watersino","description":"Combining classic styling with modern craftsmanship, this durable bathroom solution is designed for high-end commercial and residential spaces.","robots":{"index":"index","follow":"follow","max-snippet":"max-snippet:-1","max-image-preview":"max-image-preview:large","max-video-preview":"max-video-preview:-1"},"canonical":"https:\/\/watersino.net\/es\/product\/3-hole-countertop-washbasitap-antique-brass-widespread-2-handle-bathroom-faucet\/","og_locale":"es_ES","og_type":"article","og_title":"3 Hole Countertop WashbasiTap Antique Brass Widespread 2-Handle Bathroom Faucet - Watersino","og_description":"Combining classic styling with modern craftsmanship, this durable bathroom solution is designed for high-end commercial and residential spaces.","og_url":"https:\/\/watersino.net\/es\/product\/3-hole-countertop-washbasitap-antique-brass-widespread-2-handle-bathroom-faucet\/","og_site_name":"Watersino","article_modified_time":"2025-11-27T07:57:37+00:00","og_image":[{"width":600,"height":600,"url":"https:\/\/watersino.net\/wp-content\/uploads\/2025\/10\/WB863_4.png","type":"image\/png"}],"twitter_card":"summary_large_image","twitter_misc":{"Tiempo de lectura":"1 minuto"},"schema":{"@context":"https:\/\/schema.org","@graph":[{"@type":"WebPage","@id":"https:\/\/watersino.net\/product\/3-hole-countertop-washbasitap-antique-brass-widespread-2-handle-bathroom-faucet\/","url":"https:\/\/watersino.net\/product\/3-hole-countertop-washbasitap-antique-brass-widespread-2-handle-bathroom-faucet\/","name":"3 Hole Countertop WashbasiTap Antique Brass Widespread 2-Handle Bathroom Faucet - Watersino","isPartOf":{"@id":"https:\/\/watersino.net\/#website"},"primaryImageOfPage":{"@id":"https:\/\/watersino.net\/product\/3-hole-countertop-washbasitap-antique-brass-widespread-2-handle-bathroom-faucet\/#primaryimage"},"image":{"@id":"https:\/\/watersino.net\/product\/3-hole-countertop-washbasitap-antique-brass-widespread-2-handle-bathroom-faucet\/#primaryimage"},"thumbnailUrl":"https:\/\/watersino.net\/wp-content\/uploads\/2025\/10\/WB863_4.png","datePublished":"2025-10-16T02:36:45+00:00","dateModified":"2025-11-27T07:57:37+00:00","description":"Combining classic styling with modern craftsmanship, this durable bathroom solution is designed for high-end commercial and residential spaces.","breadcrumb":{"@id":"https:\/\/watersino.net\/product\/3-hole-countertop-washbasitap-antique-brass-widespread-2-handle-bathroom-faucet\/#breadcrumb"},"inLanguage":"es","potentialAction":[{"@type":"ReadAction","target":["https:\/\/watersino.net\/product\/3-hole-countertop-washbasitap-antique-brass-widespread-2-handle-bathroom-faucet\/"]}]},{"@type":"ImageObject","inLanguage":"es","@id":"https:\/\/watersino.net\/product\/3-hole-countertop-washbasitap-antique-brass-widespread-2-handle-bathroom-faucet\/#primaryimage","url":"https:\/\/watersino.net\/wp-content\/uploads\/2025\/10\/WB863_4.png","contentUrl":"https:\/\/watersino.net\/wp-content\/uploads\/2025\/10\/WB863_4.png","width":600,"height":600,"caption":"WB863 4"},{"@type":"BreadcrumbList","@id":"https:\/\/watersino.net\/product\/3-hole-countertop-washbasitap-antique-brass-widespread-2-handle-bathroom-faucet\/#breadcrumb","itemListElement":[{"@type":"ListItem","position":1,"name":"Home","item":"https:\/\/watersino.net\/"},{"@type":"ListItem","position":2,"name":"Product","item":"https:\/\/watersino.net\/product\/"},{"@type":"ListItem","position":3,"name":"3 Hole Countertop WashbasiTap Antique Brass Widespread 2-Handle Bathroom Faucet"}]},{"@type":"WebSite","@id":"https:\/\/watersino.net\/#website","url":"https:\/\/watersino.net\/","name":"Watersino","description":"","potentialAction":[{"@type":"SearchAction","target":{"@type":"EntryPoint","urlTemplate":"https:\/\/watersino.net\/?s={search_term_string}"},"query-input":{"@type":"PropertyValueSpecification","valueRequired":true,"valueName":"search_term_string"}}],"inLanguage":"es"}]}},"_links":{"self":[{"href":"https:\/\/watersino.net\/es\/wp-json\/wp\/v2\/product\/14513","targetHints":{"allow":["GET"]}}],"collection":[{"href":"https:\/\/watersino.net\/es\/wp-json\/wp\/v2\/product"}],"about":[{"href":"https:\/\/watersino.net\/es\/wp-json\/wp\/v2\/types\/product"}],"wp:featuredmedia":[{"embeddable":true,"href":"https:\/\/watersino.net\/es\/wp-json\/wp\/v2\/media\/14446"}],"wp:attachment":[{"href":"https:\/\/watersino.net\/es\/wp-json\/wp\/v2\/media?parent=14513"}],"wp:term":[{"taxonomy":"product_category","embeddable":true,"href":"https:\/\/watersino.net\/es\/wp-json\/wp\/v2\/product_category?post=14513"},{"taxonomy":"products_tags","embeddable":true,"href":"https:\/\/watersino.net\/es\/wp-json\/wp\/v2\/products_tags?post=14513"}],"curies":[{"name":"wp","href":"https:\/\/api.w.org\/{rel}","templated":true}]}}