{"id":14295,"date":"2025-09-18T08:14:25","date_gmt":"2025-09-18T08:14:25","guid":{"rendered":"https:\/\/watersino.net\/?post_type=product&#038;p=14295"},"modified":"2025-09-18T08:14:28","modified_gmt":"2025-09-18T08:14:28","slug":"bath-tub-brushed-nickel-brass-chrome-mixer-freestanding-spout-filler","status":"publish","type":"product","link":"https:\/\/watersino.net\/es\/product\/bath-tub-brushed-nickel-brass-chrome-mixer-freestanding-spout-filler\/","title":{"rendered":"Ba\u00f1era Mezclador de lat\u00f3n cromado y n\u00edquel cepillado con ca\u00f1o independiente"},"content":{"rendered":"<ul class=\"wp-block-list\"><\/ul>\n\n\n\n<p>Fabricado en lat\u00f3n sin plomo, este grifo ofrece una resistencia a la corrosi\u00f3n y durabilidad excepcionales, cumpliendo con los est\u00e1ndares de calidad comercial. Su dise\u00f1o experto garantiza un rendimiento confiable y un atractivo atemporal en ambos casos:<\/p>\n\n\n\n<ul class=\"wp-block-list\">\n<li>Espacios residenciales de lujo: Elevando la experiencia del ba\u00f1o en villas de alta gama, \u00e1ticos y apartamentos premium, donde sirve como punto focal del dise\u00f1o del ba\u00f1o.<\/li>\n\n\n\n<li>Lugares de hospitalidad de alta gama: Resistentes al uso frecuente en hoteles de lujo, complejos tur\u00edsticos boutique y spas de lujo, al tiempo que se alinean con las sofisticadas demandas est\u00e9ticas de los lugares.<\/li>\n<\/ul>\n\n\n\n<p><\/p>","protected":false},"featured_media":14303,"template":"","product_category":[57,50],"products_tags":[63],"class_list":["post-14295","product","type-product","status-publish","has-post-thumbnail","hentry","product_category-bathroom-faucet","product_category-bathtub-faucets","products_tags-watermark"],"acf":[],"yoast_head":"<!-- This site is optimized with the Yoast SEO plugin v26.6 - https:\/\/yoast.com\/wordpress\/plugins\/seo\/ -->\n<title>Bath tub Brushed Nickel Brass Chrome Mixer Freestanding spout filler - Watersino<\/title>\n<meta name=\"description\" content=\"OEM Freestanding Tub Faucet: 30+ durable finishes, lead-free brass, bulk customization &amp; logo engraving for luxury homes\/hotels\" \/>\n<meta name=\"robots\" content=\"index, follow, max-snippet:-1, max-image-preview:large, max-video-preview:-1\" \/>\n<link rel=\"canonical\" href=\"https:\/\/watersino.net\/es\/product\/bath-tub-brushed-nickel-brass-chrome-mixer-freestanding-spout-filler\/\" \/>\n<meta property=\"og:locale\" content=\"es_ES\" \/>\n<meta property=\"og:type\" content=\"article\" \/>\n<meta property=\"og:title\" content=\"Bath tub Brushed Nickel Brass Chrome Mixer Freestanding spout filler - Watersino\" \/>\n<meta property=\"og:description\" content=\"OEM Freestanding Tub Faucet: 30+ durable finishes, lead-free brass, bulk customization &amp; logo engraving for luxury homes\/hotels\" \/>\n<meta property=\"og:url\" content=\"https:\/\/watersino.net\/es\/product\/bath-tub-brushed-nickel-brass-chrome-mixer-freestanding-spout-filler\/\" \/>\n<meta property=\"og:site_name\" content=\"Watersino\" \/>\n<meta property=\"article:modified_time\" content=\"2025-09-18T08:14:28+00:00\" \/>\n<meta property=\"og:image\" content=\"https:\/\/watersino.net\/wp-content\/uploads\/2025\/09\/5086_6.png\" \/>\n\t<meta property=\"og:image:width\" content=\"600\" \/>\n\t<meta property=\"og:image:height\" content=\"600\" \/>\n\t<meta property=\"og:image:type\" content=\"image\/png\" \/>\n<meta name=\"twitter:card\" content=\"summary_large_image\" \/>\n<meta name=\"twitter:label1\" content=\"Tiempo de lectura\" \/>\n\t<meta name=\"twitter:data1\" content=\"1 minuto\" \/>\n<script type=\"application\/ld+json\" class=\"yoast-schema-graph\">{\"@context\":\"https:\/\/schema.org\",\"@graph\":[{\"@type\":\"WebPage\",\"@id\":\"https:\/\/watersino.net\/product\/bath-tub-brushed-nickel-brass-chrome-mixer-freestanding-spout-filler\/\",\"url\":\"https:\/\/watersino.net\/product\/bath-tub-brushed-nickel-brass-chrome-mixer-freestanding-spout-filler\/\",\"name\":\"Bath tub Brushed Nickel Brass Chrome Mixer Freestanding spout filler - Watersino\",\"isPartOf\":{\"@id\":\"https:\/\/watersino.net\/#website\"},\"primaryImageOfPage\":{\"@id\":\"https:\/\/watersino.net\/product\/bath-tub-brushed-nickel-brass-chrome-mixer-freestanding-spout-filler\/#primaryimage\"},\"image\":{\"@id\":\"https:\/\/watersino.net\/product\/bath-tub-brushed-nickel-brass-chrome-mixer-freestanding-spout-filler\/#primaryimage\"},\"thumbnailUrl\":\"https:\/\/watersino.net\/wp-content\/uploads\/2025\/09\/5086_6.png\",\"datePublished\":\"2025-09-18T08:14:25+00:00\",\"dateModified\":\"2025-09-18T08:14:28+00:00\",\"description\":\"OEM Freestanding Tub Faucet: 30+ durable finishes, lead-free brass, bulk customization & logo engraving for luxury homes\/hotels\",\"breadcrumb\":{\"@id\":\"https:\/\/watersino.net\/product\/bath-tub-brushed-nickel-brass-chrome-mixer-freestanding-spout-filler\/#breadcrumb\"},\"inLanguage\":\"es\",\"potentialAction\":[{\"@type\":\"ReadAction\",\"target\":[\"https:\/\/watersino.net\/product\/bath-tub-brushed-nickel-brass-chrome-mixer-freestanding-spout-filler\/\"]}]},{\"@type\":\"ImageObject\",\"inLanguage\":\"es\",\"@id\":\"https:\/\/watersino.net\/product\/bath-tub-brushed-nickel-brass-chrome-mixer-freestanding-spout-filler\/#primaryimage\",\"url\":\"https:\/\/watersino.net\/wp-content\/uploads\/2025\/09\/5086_6.png\",\"contentUrl\":\"https:\/\/watersino.net\/wp-content\/uploads\/2025\/09\/5086_6.png\",\"width\":600,\"height\":600,\"caption\":\"Brushed NiCkel-OEM Freestanding Bathtub Faucet\"},{\"@type\":\"BreadcrumbList\",\"@id\":\"https:\/\/watersino.net\/product\/bath-tub-brushed-nickel-brass-chrome-mixer-freestanding-spout-filler\/#breadcrumb\",\"itemListElement\":[{\"@type\":\"ListItem\",\"position\":1,\"name\":\"Home\",\"item\":\"https:\/\/watersino.net\/\"},{\"@type\":\"ListItem\",\"position\":2,\"name\":\"Product\",\"item\":\"https:\/\/watersino.net\/product\/\"},{\"@type\":\"ListItem\",\"position\":3,\"name\":\"Bath tub Brushed Nickel Brass Chrome Mixer Freestanding spout filler\"}]},{\"@type\":\"WebSite\",\"@id\":\"https:\/\/watersino.net\/#website\",\"url\":\"https:\/\/watersino.net\/\",\"name\":\"Watersino\",\"description\":\"\",\"potentialAction\":[{\"@type\":\"SearchAction\",\"target\":{\"@type\":\"EntryPoint\",\"urlTemplate\":\"https:\/\/watersino.net\/?s={search_term_string}\"},\"query-input\":{\"@type\":\"PropertyValueSpecification\",\"valueRequired\":true,\"valueName\":\"search_term_string\"}}],\"inLanguage\":\"es\"}]}<\/script>\n<!-- \/ Yoast SEO plugin. -->","yoast_head_json":{"title":"Ba\u00f1era mezcladora de lat\u00f3n cromado y n\u00edquel cepillado con ca\u00f1o independiente - Watersino","description":"Grifo de ba\u00f1era independiente OEM: m\u00e1s de 30 acabados duraderos, lat\u00f3n sin plomo, personalizaci\u00f3n a granel y grabado de logotipos para casas y hoteles de lujo.","robots":{"index":"index","follow":"follow","max-snippet":"max-snippet:-1","max-image-preview":"max-image-preview:large","max-video-preview":"max-video-preview:-1"},"canonical":"https:\/\/watersino.net\/es\/product\/bath-tub-brushed-nickel-brass-chrome-mixer-freestanding-spout-filler\/","og_locale":"es_ES","og_type":"article","og_title":"Bath tub Brushed Nickel Brass Chrome Mixer Freestanding spout filler - Watersino","og_description":"OEM Freestanding Tub Faucet: 30+ durable finishes, lead-free brass, bulk customization & logo engraving for luxury homes\/hotels","og_url":"https:\/\/watersino.net\/es\/product\/bath-tub-brushed-nickel-brass-chrome-mixer-freestanding-spout-filler\/","og_site_name":"Watersino","article_modified_time":"2025-09-18T08:14:28+00:00","og_image":[{"width":600,"height":600,"url":"https:\/\/watersino.net\/wp-content\/uploads\/2025\/09\/5086_6.png","type":"image\/png"}],"twitter_card":"summary_large_image","twitter_misc":{"Tiempo de lectura":"1 minuto"},"schema":{"@context":"https:\/\/schema.org","@graph":[{"@type":"WebPage","@id":"https:\/\/watersino.net\/product\/bath-tub-brushed-nickel-brass-chrome-mixer-freestanding-spout-filler\/","url":"https:\/\/watersino.net\/product\/bath-tub-brushed-nickel-brass-chrome-mixer-freestanding-spout-filler\/","name":"Ba\u00f1era mezcladora de lat\u00f3n cromado y n\u00edquel cepillado con ca\u00f1o independiente - Watersino","isPartOf":{"@id":"https:\/\/watersino.net\/#website"},"primaryImageOfPage":{"@id":"https:\/\/watersino.net\/product\/bath-tub-brushed-nickel-brass-chrome-mixer-freestanding-spout-filler\/#primaryimage"},"image":{"@id":"https:\/\/watersino.net\/product\/bath-tub-brushed-nickel-brass-chrome-mixer-freestanding-spout-filler\/#primaryimage"},"thumbnailUrl":"https:\/\/watersino.net\/wp-content\/uploads\/2025\/09\/5086_6.png","datePublished":"2025-09-18T08:14:25+00:00","dateModified":"2025-09-18T08:14:28+00:00","description":"Grifo de ba\u00f1era independiente OEM: m\u00e1s de 30 acabados duraderos, lat\u00f3n sin plomo, personalizaci\u00f3n a granel y grabado de logotipos para casas y hoteles de lujo.","breadcrumb":{"@id":"https:\/\/watersino.net\/product\/bath-tub-brushed-nickel-brass-chrome-mixer-freestanding-spout-filler\/#breadcrumb"},"inLanguage":"es","potentialAction":[{"@type":"ReadAction","target":["https:\/\/watersino.net\/product\/bath-tub-brushed-nickel-brass-chrome-mixer-freestanding-spout-filler\/"]}]},{"@type":"ImageObject","inLanguage":"es","@id":"https:\/\/watersino.net\/product\/bath-tub-brushed-nickel-brass-chrome-mixer-freestanding-spout-filler\/#primaryimage","url":"https:\/\/watersino.net\/wp-content\/uploads\/2025\/09\/5086_6.png","contentUrl":"https:\/\/watersino.net\/wp-content\/uploads\/2025\/09\/5086_6.png","width":600,"height":600,"caption":"Brushed NiCkel-OEM Freestanding Bathtub Faucet"},{"@type":"BreadcrumbList","@id":"https:\/\/watersino.net\/product\/bath-tub-brushed-nickel-brass-chrome-mixer-freestanding-spout-filler\/#breadcrumb","itemListElement":[{"@type":"ListItem","position":1,"name":"Home","item":"https:\/\/watersino.net\/"},{"@type":"ListItem","position":2,"name":"Product","item":"https:\/\/watersino.net\/product\/"},{"@type":"ListItem","position":3,"name":"Bath tub Brushed Nickel Brass Chrome Mixer Freestanding spout filler"}]},{"@type":"WebSite","@id":"https:\/\/watersino.net\/#website","url":"https:\/\/watersino.net\/","name":"Watersino","description":"","potentialAction":[{"@type":"SearchAction","target":{"@type":"EntryPoint","urlTemplate":"https:\/\/watersino.net\/?s={search_term_string}"},"query-input":{"@type":"PropertyValueSpecification","valueRequired":true,"valueName":"search_term_string"}}],"inLanguage":"es"}]}},"_links":{"self":[{"href":"https:\/\/watersino.net\/es\/wp-json\/wp\/v2\/product\/14295","targetHints":{"allow":["GET"]}}],"collection":[{"href":"https:\/\/watersino.net\/es\/wp-json\/wp\/v2\/product"}],"about":[{"href":"https:\/\/watersino.net\/es\/wp-json\/wp\/v2\/types\/product"}],"wp:featuredmedia":[{"embeddable":true,"href":"https:\/\/watersino.net\/es\/wp-json\/wp\/v2\/media\/14303"}],"wp:attachment":[{"href":"https:\/\/watersino.net\/es\/wp-json\/wp\/v2\/media?parent=14295"}],"wp:term":[{"taxonomy":"product_category","embeddable":true,"href":"https:\/\/watersino.net\/es\/wp-json\/wp\/v2\/product_category?post=14295"},{"taxonomy":"products_tags","embeddable":true,"href":"https:\/\/watersino.net\/es\/wp-json\/wp\/v2\/products_tags?post=14295"}],"curies":[{"name":"wp","href":"https:\/\/api.w.org\/{rel}","templated":true}]}}