{"id":14123,"date":"2025-08-18T10:23:03","date_gmt":"2025-08-18T10:23:03","guid":{"rendered":"https:\/\/watersino.net\/?post_type=product&#038;p=14123"},"modified":"2025-11-28T07:19:17","modified_gmt":"2025-11-28T07:19:17","slug":"black-rose-gold-brass-wall-mounted-wash-basin-mixer-faucet","status":"publish","type":"product","link":"https:\/\/watersino.net\/es\/product\/black-rose-gold-brass-wall-mounted-wash-basin-mixer-faucet\/","title":{"rendered":"Grifo mezclador de lavabo de pared de lat\u00f3n negro y oro rosa"},"content":{"rendered":"<p>Grifo de ba\u00f1o cepillado de 2 orificios para hotel de lujo con doble control de agua fr\u00eda y caliente.<br>Grifo de cocina de gran alcance con v\u00e1lvula de cer\u00e1mica y acabado en bronce.<br>Grifo de lavabo de ba\u00f1o de pared de lat\u00f3n de primera calidad con doble manija y acabado en negro pulido y oro rosa. Grifo mezclador de lat\u00f3n moderno para ba\u00f1o.<\/p>","protected":false},"featured_media":14124,"template":"","product_category":[57,86],"products_tags":[],"class_list":["post-14123","product","type-product","status-publish","has-post-thumbnail","hentry","product_category-bathroom-faucet","product_category-wall-mounted-basin-faucet"],"acf":[],"yoast_head":"<!-- This site is optimized with the Yoast SEO plugin v26.6 - https:\/\/yoast.com\/wordpress\/plugins\/seo\/ -->\n<title>Black &amp; Rose Gold Brass Wall Mounted Wash Basin Mixer Faucet - Watersino<\/title>\n<meta name=\"description\" content=\"Factory Price Modern Luxury Brass Bathroom Sink Taps Hot Cold Water Wall Mounted Wash Basin Mixer Faucet Tap\" \/>\n<meta name=\"robots\" content=\"index, follow, max-snippet:-1, max-image-preview:large, max-video-preview:-1\" \/>\n<link rel=\"canonical\" href=\"https:\/\/watersino.net\/es\/product\/black-rose-gold-brass-wall-mounted-wash-basin-mixer-faucet\/\" \/>\n<meta property=\"og:locale\" content=\"es_ES\" \/>\n<meta property=\"og:type\" content=\"article\" \/>\n<meta property=\"og:title\" content=\"Black &amp; Rose Gold Brass Wall Mounted Wash Basin Mixer Faucet - Watersino\" \/>\n<meta property=\"og:description\" content=\"Factory Price Modern Luxury Brass Bathroom Sink Taps Hot Cold Water Wall Mounted Wash Basin Mixer Faucet Tap\" \/>\n<meta property=\"og:url\" content=\"https:\/\/watersino.net\/es\/product\/black-rose-gold-brass-wall-mounted-wash-basin-mixer-faucet\/\" \/>\n<meta property=\"og:site_name\" content=\"Watersino\" \/>\n<meta property=\"article:modified_time\" content=\"2025-11-28T07:19:17+00:00\" \/>\n<meta property=\"og:image\" content=\"https:\/\/watersino.net\/wp-content\/uploads\/2025\/08\/JD-WB793-1BR2.jpg\" \/>\n\t<meta property=\"og:image:width\" content=\"600\" \/>\n\t<meta property=\"og:image:height\" content=\"600\" \/>\n\t<meta property=\"og:image:type\" content=\"image\/jpeg\" \/>\n<meta name=\"twitter:card\" content=\"summary_large_image\" \/>\n<meta name=\"twitter:label1\" content=\"Tiempo de lectura\" \/>\n\t<meta name=\"twitter:data1\" content=\"1 minuto\" \/>\n<script type=\"application\/ld+json\" class=\"yoast-schema-graph\">{\"@context\":\"https:\/\/schema.org\",\"@graph\":[{\"@type\":\"WebPage\",\"@id\":\"https:\/\/watersino.net\/product\/black-rose-gold-brass-wall-mounted-wash-basin-mixer-faucet\/\",\"url\":\"https:\/\/watersino.net\/product\/black-rose-gold-brass-wall-mounted-wash-basin-mixer-faucet\/\",\"name\":\"Black &amp; Rose Gold Brass Wall Mounted Wash Basin Mixer Faucet - Watersino\",\"isPartOf\":{\"@id\":\"https:\/\/watersino.net\/#website\"},\"primaryImageOfPage\":{\"@id\":\"https:\/\/watersino.net\/product\/black-rose-gold-brass-wall-mounted-wash-basin-mixer-faucet\/#primaryimage\"},\"image\":{\"@id\":\"https:\/\/watersino.net\/product\/black-rose-gold-brass-wall-mounted-wash-basin-mixer-faucet\/#primaryimage\"},\"thumbnailUrl\":\"https:\/\/watersino.net\/wp-content\/uploads\/2025\/08\/JD-WB793-1BR2.jpg\",\"datePublished\":\"2025-08-18T10:23:03+00:00\",\"dateModified\":\"2025-11-28T07:19:17+00:00\",\"description\":\"Factory Price Modern Luxury Brass Bathroom Sink Taps Hot Cold Water Wall Mounted Wash Basin Mixer Faucet Tap\",\"breadcrumb\":{\"@id\":\"https:\/\/watersino.net\/product\/black-rose-gold-brass-wall-mounted-wash-basin-mixer-faucet\/#breadcrumb\"},\"inLanguage\":\"es\",\"potentialAction\":[{\"@type\":\"ReadAction\",\"target\":[\"https:\/\/watersino.net\/product\/black-rose-gold-brass-wall-mounted-wash-basin-mixer-faucet\/\"]}]},{\"@type\":\"ImageObject\",\"inLanguage\":\"es\",\"@id\":\"https:\/\/watersino.net\/product\/black-rose-gold-brass-wall-mounted-wash-basin-mixer-faucet\/#primaryimage\",\"url\":\"https:\/\/watersino.net\/wp-content\/uploads\/2025\/08\/JD-WB793-1BR2.jpg\",\"contentUrl\":\"https:\/\/watersino.net\/wp-content\/uploads\/2025\/08\/JD-WB793-1BR2.jpg\",\"width\":600,\"height\":600,\"caption\":\"Bathroom Basin Faucet\"},{\"@type\":\"BreadcrumbList\",\"@id\":\"https:\/\/watersino.net\/product\/black-rose-gold-brass-wall-mounted-wash-basin-mixer-faucet\/#breadcrumb\",\"itemListElement\":[{\"@type\":\"ListItem\",\"position\":1,\"name\":\"Home\",\"item\":\"https:\/\/watersino.net\/\"},{\"@type\":\"ListItem\",\"position\":2,\"name\":\"Product\",\"item\":\"https:\/\/watersino.net\/product\/\"},{\"@type\":\"ListItem\",\"position\":3,\"name\":\"Black &amp; Rose Gold Brass Wall Mounted Wash Basin Mixer Faucet\"}]},{\"@type\":\"WebSite\",\"@id\":\"https:\/\/watersino.net\/#website\",\"url\":\"https:\/\/watersino.net\/\",\"name\":\"Watersino\",\"description\":\"\",\"potentialAction\":[{\"@type\":\"SearchAction\",\"target\":{\"@type\":\"EntryPoint\",\"urlTemplate\":\"https:\/\/watersino.net\/?s={search_term_string}\"},\"query-input\":{\"@type\":\"PropertyValueSpecification\",\"valueRequired\":true,\"valueName\":\"search_term_string\"}}],\"inLanguage\":\"es\"}]}<\/script>\n<!-- \/ Yoast SEO plugin. -->","yoast_head_json":{"title":"Grifo mezclador de lavabo de pared de lat\u00f3n negro y oro rosa - Watersino","description":"Grifos de lavabo de ba\u00f1o de lat\u00f3n de lujo modernos a precio de f\u00e1brica, grifo mezclador de lavabo de pared con agua fr\u00eda y caliente","robots":{"index":"index","follow":"follow","max-snippet":"max-snippet:-1","max-image-preview":"max-image-preview:large","max-video-preview":"max-video-preview:-1"},"canonical":"https:\/\/watersino.net\/es\/product\/black-rose-gold-brass-wall-mounted-wash-basin-mixer-faucet\/","og_locale":"es_ES","og_type":"article","og_title":"Black &amp; Rose Gold Brass Wall Mounted Wash Basin Mixer Faucet - Watersino","og_description":"Factory Price Modern Luxury Brass Bathroom Sink Taps Hot Cold Water Wall Mounted Wash Basin Mixer Faucet Tap","og_url":"https:\/\/watersino.net\/es\/product\/black-rose-gold-brass-wall-mounted-wash-basin-mixer-faucet\/","og_site_name":"Watersino","article_modified_time":"2025-11-28T07:19:17+00:00","og_image":[{"width":600,"height":600,"url":"https:\/\/watersino.net\/wp-content\/uploads\/2025\/08\/JD-WB793-1BR2.jpg","type":"image\/jpeg"}],"twitter_card":"summary_large_image","twitter_misc":{"Tiempo de lectura":"1 minuto"},"schema":{"@context":"https:\/\/schema.org","@graph":[{"@type":"WebPage","@id":"https:\/\/watersino.net\/product\/black-rose-gold-brass-wall-mounted-wash-basin-mixer-faucet\/","url":"https:\/\/watersino.net\/product\/black-rose-gold-brass-wall-mounted-wash-basin-mixer-faucet\/","name":"Grifo mezclador de lavabo de pared de lat\u00f3n negro y oro rosa - Watersino","isPartOf":{"@id":"https:\/\/watersino.net\/#website"},"primaryImageOfPage":{"@id":"https:\/\/watersino.net\/product\/black-rose-gold-brass-wall-mounted-wash-basin-mixer-faucet\/#primaryimage"},"image":{"@id":"https:\/\/watersino.net\/product\/black-rose-gold-brass-wall-mounted-wash-basin-mixer-faucet\/#primaryimage"},"thumbnailUrl":"https:\/\/watersino.net\/wp-content\/uploads\/2025\/08\/JD-WB793-1BR2.jpg","datePublished":"2025-08-18T10:23:03+00:00","dateModified":"2025-11-28T07:19:17+00:00","description":"Grifos de lavabo de ba\u00f1o de lat\u00f3n de lujo modernos a precio de f\u00e1brica, grifo mezclador de lavabo de pared con agua fr\u00eda y caliente","breadcrumb":{"@id":"https:\/\/watersino.net\/product\/black-rose-gold-brass-wall-mounted-wash-basin-mixer-faucet\/#breadcrumb"},"inLanguage":"es","potentialAction":[{"@type":"ReadAction","target":["https:\/\/watersino.net\/product\/black-rose-gold-brass-wall-mounted-wash-basin-mixer-faucet\/"]}]},{"@type":"ImageObject","inLanguage":"es","@id":"https:\/\/watersino.net\/product\/black-rose-gold-brass-wall-mounted-wash-basin-mixer-faucet\/#primaryimage","url":"https:\/\/watersino.net\/wp-content\/uploads\/2025\/08\/JD-WB793-1BR2.jpg","contentUrl":"https:\/\/watersino.net\/wp-content\/uploads\/2025\/08\/JD-WB793-1BR2.jpg","width":600,"height":600,"caption":"Bathroom Basin Faucet"},{"@type":"BreadcrumbList","@id":"https:\/\/watersino.net\/product\/black-rose-gold-brass-wall-mounted-wash-basin-mixer-faucet\/#breadcrumb","itemListElement":[{"@type":"ListItem","position":1,"name":"Home","item":"https:\/\/watersino.net\/"},{"@type":"ListItem","position":2,"name":"Product","item":"https:\/\/watersino.net\/product\/"},{"@type":"ListItem","position":3,"name":"Black &amp; Rose Gold Brass Wall Mounted Wash Basin Mixer Faucet"}]},{"@type":"WebSite","@id":"https:\/\/watersino.net\/#website","url":"https:\/\/watersino.net\/","name":"Watersino","description":"","potentialAction":[{"@type":"SearchAction","target":{"@type":"EntryPoint","urlTemplate":"https:\/\/watersino.net\/?s={search_term_string}"},"query-input":{"@type":"PropertyValueSpecification","valueRequired":true,"valueName":"search_term_string"}}],"inLanguage":"es"}]}},"_links":{"self":[{"href":"https:\/\/watersino.net\/es\/wp-json\/wp\/v2\/product\/14123","targetHints":{"allow":["GET"]}}],"collection":[{"href":"https:\/\/watersino.net\/es\/wp-json\/wp\/v2\/product"}],"about":[{"href":"https:\/\/watersino.net\/es\/wp-json\/wp\/v2\/types\/product"}],"wp:featuredmedia":[{"embeddable":true,"href":"https:\/\/watersino.net\/es\/wp-json\/wp\/v2\/media\/14124"}],"wp:attachment":[{"href":"https:\/\/watersino.net\/es\/wp-json\/wp\/v2\/media?parent=14123"}],"wp:term":[{"taxonomy":"product_category","embeddable":true,"href":"https:\/\/watersino.net\/es\/wp-json\/wp\/v2\/product_category?post=14123"},{"taxonomy":"products_tags","embeddable":true,"href":"https:\/\/watersino.net\/es\/wp-json\/wp\/v2\/products_tags?post=14123"}],"curies":[{"name":"wp","href":"https:\/\/api.w.org\/{rel}","templated":true}]}}