{"id":14068,"date":"2025-08-09T02:46:24","date_gmt":"2025-08-09T02:46:24","guid":{"rendered":"https:\/\/watersino.net\/?post_type=product&#038;p=14068"},"modified":"2025-11-28T07:25:58","modified_gmt":"2025-11-28T07:25:58","slug":"brushed-rose-gold-mixer-tap-hot-cold-hotel-washroom-brass-faucets","status":"publish","type":"product","link":"https:\/\/watersino.net\/es\/product\/brushed-rose-gold-mixer-tap-hot-cold-hotel-washroom-brass-faucets\/","title":{"rendered":"Grifo mezclador de lat\u00f3n para ba\u00f1o de hotel con agua caliente y fr\u00eda en oro rosa cepillado"},"content":{"rendered":"<p>\u2714 Recubrimiento PVD de primera calidad: superficie resistente a la corrosi\u00f3n y a la decoloraci\u00f3n para un lujo duradero.<br>\u2714 M\u00faltiples opciones de acabado: cepillado, mate, pulido, satinado o negro pulido para combinar con cualquier dise\u00f1o de alta gama.<br>\u2714 Dise\u00f1o de montaje en pared con tres orificios y doble manija: n\u00facleos de v\u00e1lvula de cer\u00e1mica de precisi\u00f3n para un control suave de agua fr\u00eda\/caliente.<br>\u2714 Instalaci\u00f3n oculta: minimalista, que ahorra espacio y es elegante para lavabos de hoteles modernos, fregaderos comerciales y ba\u00f1os de lujo.<br>\u2714 Construcci\u00f3n de lat\u00f3n macizo: resistente, sin plomo y resistente a la corrosi\u00f3n para mayor durabilidad en el sector hotelero y comercial.<\/p>\n\n\n\n<p><\/p>","protected":false},"featured_media":14059,"template":"","product_category":[57,86],"products_tags":[],"class_list":["post-14068","product","type-product","status-publish","has-post-thumbnail","hentry","product_category-bathroom-faucet","product_category-wall-mounted-basin-faucet"],"acf":[],"yoast_head":"<!-- This site is optimized with the Yoast SEO plugin v26.6 - https:\/\/yoast.com\/wordpress\/plugins\/seo\/ -->\n<title>Brushed Rose Gold-Mixer Tap Hot Cold Hotel Washroom Brass Faucets - Watersino<\/title>\n<meta name=\"description\" content=\"High Quality Wall Mounted Split Luxury Wall Mounted Water Faucet 3 Holes Conceal Washbasin Taps Hotel Washroom Brass Faucets\" \/>\n<meta name=\"robots\" content=\"index, follow, max-snippet:-1, max-image-preview:large, max-video-preview:-1\" \/>\n<link rel=\"canonical\" href=\"https:\/\/watersino.net\/es\/product\/brushed-rose-gold-mixer-tap-hot-cold-hotel-washroom-brass-faucets\/\" \/>\n<meta property=\"og:locale\" content=\"es_ES\" \/>\n<meta property=\"og:type\" content=\"article\" \/>\n<meta property=\"og:title\" content=\"Brushed Rose Gold-Mixer Tap Hot Cold Hotel Washroom Brass Faucets - Watersino\" \/>\n<meta property=\"og:description\" content=\"High Quality Wall Mounted Split Luxury Wall Mounted Water Faucet 3 Holes Conceal Washbasin Taps Hotel Washroom Brass Faucets\" \/>\n<meta property=\"og:url\" content=\"https:\/\/watersino.net\/es\/product\/brushed-rose-gold-mixer-tap-hot-cold-hotel-washroom-brass-faucets\/\" \/>\n<meta property=\"og:site_name\" content=\"Watersino\" \/>\n<meta property=\"article:modified_time\" content=\"2025-11-28T07:25:58+00:00\" \/>\n<meta property=\"og:image\" content=\"https:\/\/watersino.net\/wp-content\/uploads\/2025\/08\/HB904RS.png\" \/>\n\t<meta property=\"og:image:width\" content=\"600\" \/>\n\t<meta property=\"og:image:height\" content=\"600\" \/>\n\t<meta property=\"og:image:type\" content=\"image\/png\" \/>\n<meta name=\"twitter:card\" content=\"summary_large_image\" \/>\n<meta name=\"twitter:label1\" content=\"Tiempo de lectura\" \/>\n\t<meta name=\"twitter:data1\" content=\"1 minuto\" \/>\n<script type=\"application\/ld+json\" class=\"yoast-schema-graph\">{\"@context\":\"https:\/\/schema.org\",\"@graph\":[{\"@type\":\"WebPage\",\"@id\":\"https:\/\/watersino.net\/product\/brushed-rose-gold-mixer-tap-hot-cold-hotel-washroom-brass-faucets\/\",\"url\":\"https:\/\/watersino.net\/product\/brushed-rose-gold-mixer-tap-hot-cold-hotel-washroom-brass-faucets\/\",\"name\":\"Brushed Rose Gold-Mixer Tap Hot Cold Hotel Washroom Brass Faucets - Watersino\",\"isPartOf\":{\"@id\":\"https:\/\/watersino.net\/#website\"},\"primaryImageOfPage\":{\"@id\":\"https:\/\/watersino.net\/product\/brushed-rose-gold-mixer-tap-hot-cold-hotel-washroom-brass-faucets\/#primaryimage\"},\"image\":{\"@id\":\"https:\/\/watersino.net\/product\/brushed-rose-gold-mixer-tap-hot-cold-hotel-washroom-brass-faucets\/#primaryimage\"},\"thumbnailUrl\":\"https:\/\/watersino.net\/wp-content\/uploads\/2025\/08\/HB904RS.png\",\"datePublished\":\"2025-08-09T02:46:24+00:00\",\"dateModified\":\"2025-11-28T07:25:58+00:00\",\"description\":\"High Quality Wall Mounted Split Luxury Wall Mounted Water Faucet 3 Holes Conceal Washbasin Taps Hotel Washroom Brass Faucets\",\"breadcrumb\":{\"@id\":\"https:\/\/watersino.net\/product\/brushed-rose-gold-mixer-tap-hot-cold-hotel-washroom-brass-faucets\/#breadcrumb\"},\"inLanguage\":\"es\",\"potentialAction\":[{\"@type\":\"ReadAction\",\"target\":[\"https:\/\/watersino.net\/product\/brushed-rose-gold-mixer-tap-hot-cold-hotel-washroom-brass-faucets\/\"]}]},{\"@type\":\"ImageObject\",\"inLanguage\":\"es\",\"@id\":\"https:\/\/watersino.net\/product\/brushed-rose-gold-mixer-tap-hot-cold-hotel-washroom-brass-faucets\/#primaryimage\",\"url\":\"https:\/\/watersino.net\/wp-content\/uploads\/2025\/08\/HB904RS.png\",\"contentUrl\":\"https:\/\/watersino.net\/wp-content\/uploads\/2025\/08\/HB904RS.png\",\"width\":600,\"height\":600,\"caption\":\"Brushed rose Gold--Wall Mounted Mixer Tap\"},{\"@type\":\"BreadcrumbList\",\"@id\":\"https:\/\/watersino.net\/product\/brushed-rose-gold-mixer-tap-hot-cold-hotel-washroom-brass-faucets\/#breadcrumb\",\"itemListElement\":[{\"@type\":\"ListItem\",\"position\":1,\"name\":\"Home\",\"item\":\"https:\/\/watersino.net\/\"},{\"@type\":\"ListItem\",\"position\":2,\"name\":\"Product\",\"item\":\"https:\/\/watersino.net\/product\/\"},{\"@type\":\"ListItem\",\"position\":3,\"name\":\"Brushed Rose Gold-Mixer Tap Hot Cold Hotel Washroom Brass Faucets\"}]},{\"@type\":\"WebSite\",\"@id\":\"https:\/\/watersino.net\/#website\",\"url\":\"https:\/\/watersino.net\/\",\"name\":\"Watersino\",\"description\":\"\",\"potentialAction\":[{\"@type\":\"SearchAction\",\"target\":{\"@type\":\"EntryPoint\",\"urlTemplate\":\"https:\/\/watersino.net\/?s={search_term_string}\"},\"query-input\":{\"@type\":\"PropertyValueSpecification\",\"valueRequired\":true,\"valueName\":\"search_term_string\"}}],\"inLanguage\":\"es\"}]}<\/script>\n<!-- \/ Yoast SEO plugin. -->","yoast_head_json":{"title":"Grifo mezclador de lat\u00f3n para ba\u00f1o de hotel con agua caliente y fr\u00eda en oro rosa cepillado - Watersino","description":"Grifo de pared de lujo dividido de alta calidad con 3 orificios para lavabo oculto, grifos de lat\u00f3n para ba\u00f1o de hotel.","robots":{"index":"index","follow":"follow","max-snippet":"max-snippet:-1","max-image-preview":"max-image-preview:large","max-video-preview":"max-video-preview:-1"},"canonical":"https:\/\/watersino.net\/es\/product\/brushed-rose-gold-mixer-tap-hot-cold-hotel-washroom-brass-faucets\/","og_locale":"es_ES","og_type":"article","og_title":"Brushed Rose Gold-Mixer Tap Hot Cold Hotel Washroom Brass Faucets - Watersino","og_description":"High Quality Wall Mounted Split Luxury Wall Mounted Water Faucet 3 Holes Conceal Washbasin Taps Hotel Washroom Brass Faucets","og_url":"https:\/\/watersino.net\/es\/product\/brushed-rose-gold-mixer-tap-hot-cold-hotel-washroom-brass-faucets\/","og_site_name":"Watersino","article_modified_time":"2025-11-28T07:25:58+00:00","og_image":[{"width":600,"height":600,"url":"https:\/\/watersino.net\/wp-content\/uploads\/2025\/08\/HB904RS.png","type":"image\/png"}],"twitter_card":"summary_large_image","twitter_misc":{"Tiempo de lectura":"1 minuto"},"schema":{"@context":"https:\/\/schema.org","@graph":[{"@type":"WebPage","@id":"https:\/\/watersino.net\/product\/brushed-rose-gold-mixer-tap-hot-cold-hotel-washroom-brass-faucets\/","url":"https:\/\/watersino.net\/product\/brushed-rose-gold-mixer-tap-hot-cold-hotel-washroom-brass-faucets\/","name":"Grifo mezclador de lat\u00f3n para ba\u00f1o de hotel con agua caliente y fr\u00eda en oro rosa cepillado - Watersino","isPartOf":{"@id":"https:\/\/watersino.net\/#website"},"primaryImageOfPage":{"@id":"https:\/\/watersino.net\/product\/brushed-rose-gold-mixer-tap-hot-cold-hotel-washroom-brass-faucets\/#primaryimage"},"image":{"@id":"https:\/\/watersino.net\/product\/brushed-rose-gold-mixer-tap-hot-cold-hotel-washroom-brass-faucets\/#primaryimage"},"thumbnailUrl":"https:\/\/watersino.net\/wp-content\/uploads\/2025\/08\/HB904RS.png","datePublished":"2025-08-09T02:46:24+00:00","dateModified":"2025-11-28T07:25:58+00:00","description":"Grifo de pared de lujo dividido de alta calidad con 3 orificios para lavabo oculto, grifos de lat\u00f3n para ba\u00f1o de hotel.","breadcrumb":{"@id":"https:\/\/watersino.net\/product\/brushed-rose-gold-mixer-tap-hot-cold-hotel-washroom-brass-faucets\/#breadcrumb"},"inLanguage":"es","potentialAction":[{"@type":"ReadAction","target":["https:\/\/watersino.net\/product\/brushed-rose-gold-mixer-tap-hot-cold-hotel-washroom-brass-faucets\/"]}]},{"@type":"ImageObject","inLanguage":"es","@id":"https:\/\/watersino.net\/product\/brushed-rose-gold-mixer-tap-hot-cold-hotel-washroom-brass-faucets\/#primaryimage","url":"https:\/\/watersino.net\/wp-content\/uploads\/2025\/08\/HB904RS.png","contentUrl":"https:\/\/watersino.net\/wp-content\/uploads\/2025\/08\/HB904RS.png","width":600,"height":600,"caption":"Brushed rose Gold--Wall Mounted Mixer Tap"},{"@type":"BreadcrumbList","@id":"https:\/\/watersino.net\/product\/brushed-rose-gold-mixer-tap-hot-cold-hotel-washroom-brass-faucets\/#breadcrumb","itemListElement":[{"@type":"ListItem","position":1,"name":"Home","item":"https:\/\/watersino.net\/"},{"@type":"ListItem","position":2,"name":"Product","item":"https:\/\/watersino.net\/product\/"},{"@type":"ListItem","position":3,"name":"Brushed Rose Gold-Mixer Tap Hot Cold Hotel Washroom Brass Faucets"}]},{"@type":"WebSite","@id":"https:\/\/watersino.net\/#website","url":"https:\/\/watersino.net\/","name":"Watersino","description":"","potentialAction":[{"@type":"SearchAction","target":{"@type":"EntryPoint","urlTemplate":"https:\/\/watersino.net\/?s={search_term_string}"},"query-input":{"@type":"PropertyValueSpecification","valueRequired":true,"valueName":"search_term_string"}}],"inLanguage":"es"}]}},"_links":{"self":[{"href":"https:\/\/watersino.net\/es\/wp-json\/wp\/v2\/product\/14068","targetHints":{"allow":["GET"]}}],"collection":[{"href":"https:\/\/watersino.net\/es\/wp-json\/wp\/v2\/product"}],"about":[{"href":"https:\/\/watersino.net\/es\/wp-json\/wp\/v2\/types\/product"}],"wp:featuredmedia":[{"embeddable":true,"href":"https:\/\/watersino.net\/es\/wp-json\/wp\/v2\/media\/14059"}],"wp:attachment":[{"href":"https:\/\/watersino.net\/es\/wp-json\/wp\/v2\/media?parent=14068"}],"wp:term":[{"taxonomy":"product_category","embeddable":true,"href":"https:\/\/watersino.net\/es\/wp-json\/wp\/v2\/product_category?post=14068"},{"taxonomy":"products_tags","embeddable":true,"href":"https:\/\/watersino.net\/es\/wp-json\/wp\/v2\/products_tags?post=14068"}],"curies":[{"name":"wp","href":"https:\/\/api.w.org\/{rel}","templated":true}]}}