{"id":14067,"date":"2025-08-09T02:03:21","date_gmt":"2025-08-09T02:03:21","guid":{"rendered":"https:\/\/watersino.net\/?post_type=product&#038;p=14067"},"modified":"2025-11-28T07:27:10","modified_gmt":"2025-11-28T07:27:10","slug":"brass-concealed-bathroom-faucet-wall-mounted-basin-faucet-tap","status":"publish","type":"product","link":"https:\/\/watersino.net\/es\/product\/brass-concealed-bathroom-faucet-wall-mounted-basin-faucet-tap\/","title":{"rendered":"Grifo de ba\u00f1o oculto de lat\u00f3n para lavabo de pared"},"content":{"rendered":"<p>\u2714 Recubrimiento PVD de primera calidad: superficie ultradura, resistente a la corrosi\u00f3n y a la decoloraci\u00f3n para un lujo duradero.<br>\u2714 M\u00faltiples opciones de acabado: cepillado, mate, pulido, satinado o negro pulido para combinar con cualquier dise\u00f1o de alta gama.<br>\u2714 Dise\u00f1o de montaje en pared con tres orificios y doble manija: n\u00facleos de v\u00e1lvula de cer\u00e1mica de precisi\u00f3n para un control suave de agua fr\u00eda\/caliente.<br>\u2714 Instalaci\u00f3n oculta: minimalista, que ahorra espacio y es elegante para lavabos de hoteles modernos, fregaderos comerciales y ba\u00f1os de lujo.<br>\u2714 Construcci\u00f3n de lat\u00f3n macizo: resistente, sin plomo y resistente a la corrosi\u00f3n para mayor durabilidad en el sector hotelero y comercial.<\/p>\n\n\n\n<p><\/p>","protected":false},"featured_media":14055,"template":"","product_category":[57,86],"products_tags":[],"class_list":["post-14067","product","type-product","status-publish","has-post-thumbnail","hentry","product_category-bathroom-faucet","product_category-wall-mounted-basin-faucet"],"acf":[],"yoast_head":"<!-- This site is optimized with the Yoast SEO plugin v26.6 - https:\/\/yoast.com\/wordpress\/plugins\/seo\/ -->\n<title>Brass Concealed Bathroom Faucet Wall Mounted Basin Faucet Tap - Watersino<\/title>\n<meta name=\"description\" content=\"Hotel Black Wall-mounted Cold and Hot Water Basin Faucet Three Hole Concealed Wash Basin Embedded Bathroom Faucet\" \/>\n<meta name=\"robots\" content=\"index, follow, max-snippet:-1, max-image-preview:large, max-video-preview:-1\" \/>\n<link rel=\"canonical\" href=\"https:\/\/watersino.net\/es\/product\/brass-concealed-bathroom-faucet-wall-mounted-basin-faucet-tap\/\" \/>\n<meta property=\"og:locale\" content=\"es_ES\" \/>\n<meta property=\"og:type\" content=\"article\" \/>\n<meta property=\"og:title\" content=\"Brass Concealed Bathroom Faucet Wall Mounted Basin Faucet Tap - Watersino\" \/>\n<meta property=\"og:description\" content=\"Hotel Black Wall-mounted Cold and Hot Water Basin Faucet Three Hole Concealed Wash Basin Embedded Bathroom Faucet\" \/>\n<meta property=\"og:url\" content=\"https:\/\/watersino.net\/es\/product\/brass-concealed-bathroom-faucet-wall-mounted-basin-faucet-tap\/\" \/>\n<meta property=\"og:site_name\" content=\"Watersino\" \/>\n<meta property=\"article:modified_time\" content=\"2025-11-28T07:27:10+00:00\" \/>\n<meta property=\"og:image\" content=\"https:\/\/watersino.net\/wp-content\/uploads\/2025\/08\/HB904PB.png\" \/>\n\t<meta property=\"og:image:width\" content=\"600\" \/>\n\t<meta property=\"og:image:height\" content=\"600\" \/>\n\t<meta property=\"og:image:type\" content=\"image\/png\" \/>\n<meta name=\"twitter:card\" content=\"summary_large_image\" \/>\n<meta name=\"twitter:label1\" content=\"Tiempo de lectura\" \/>\n\t<meta name=\"twitter:data1\" content=\"1 minuto\" \/>\n<script type=\"application\/ld+json\" class=\"yoast-schema-graph\">{\"@context\":\"https:\/\/schema.org\",\"@graph\":[{\"@type\":\"WebPage\",\"@id\":\"https:\/\/watersino.net\/product\/brass-concealed-bathroom-faucet-wall-mounted-basin-faucet-tap\/\",\"url\":\"https:\/\/watersino.net\/product\/brass-concealed-bathroom-faucet-wall-mounted-basin-faucet-tap\/\",\"name\":\"Brass Concealed Bathroom Faucet Wall Mounted Basin Faucet Tap - Watersino\",\"isPartOf\":{\"@id\":\"https:\/\/watersino.net\/#website\"},\"primaryImageOfPage\":{\"@id\":\"https:\/\/watersino.net\/product\/brass-concealed-bathroom-faucet-wall-mounted-basin-faucet-tap\/#primaryimage\"},\"image\":{\"@id\":\"https:\/\/watersino.net\/product\/brass-concealed-bathroom-faucet-wall-mounted-basin-faucet-tap\/#primaryimage\"},\"thumbnailUrl\":\"https:\/\/watersino.net\/wp-content\/uploads\/2025\/08\/HB904PB.png\",\"datePublished\":\"2025-08-09T02:03:21+00:00\",\"dateModified\":\"2025-11-28T07:27:10+00:00\",\"description\":\"Hotel Black Wall-mounted Cold and Hot Water Basin Faucet Three Hole Concealed Wash Basin Embedded Bathroom Faucet\",\"breadcrumb\":{\"@id\":\"https:\/\/watersino.net\/product\/brass-concealed-bathroom-faucet-wall-mounted-basin-faucet-tap\/#breadcrumb\"},\"inLanguage\":\"es\",\"potentialAction\":[{\"@type\":\"ReadAction\",\"target\":[\"https:\/\/watersino.net\/product\/brass-concealed-bathroom-faucet-wall-mounted-basin-faucet-tap\/\"]}]},{\"@type\":\"ImageObject\",\"inLanguage\":\"es\",\"@id\":\"https:\/\/watersino.net\/product\/brass-concealed-bathroom-faucet-wall-mounted-basin-faucet-tap\/#primaryimage\",\"url\":\"https:\/\/watersino.net\/wp-content\/uploads\/2025\/08\/HB904PB.png\",\"contentUrl\":\"https:\/\/watersino.net\/wp-content\/uploads\/2025\/08\/HB904PB.png\",\"width\":600,\"height\":600,\"caption\":\"Polished Black-Wall Mounted Mixer Tap\"},{\"@type\":\"BreadcrumbList\",\"@id\":\"https:\/\/watersino.net\/product\/brass-concealed-bathroom-faucet-wall-mounted-basin-faucet-tap\/#breadcrumb\",\"itemListElement\":[{\"@type\":\"ListItem\",\"position\":1,\"name\":\"Home\",\"item\":\"https:\/\/watersino.net\/\"},{\"@type\":\"ListItem\",\"position\":2,\"name\":\"Product\",\"item\":\"https:\/\/watersino.net\/product\/\"},{\"@type\":\"ListItem\",\"position\":3,\"name\":\"Brass Concealed Bathroom Faucet Wall Mounted Basin Faucet Tap\"}]},{\"@type\":\"WebSite\",\"@id\":\"https:\/\/watersino.net\/#website\",\"url\":\"https:\/\/watersino.net\/\",\"name\":\"Watersino\",\"description\":\"\",\"potentialAction\":[{\"@type\":\"SearchAction\",\"target\":{\"@type\":\"EntryPoint\",\"urlTemplate\":\"https:\/\/watersino.net\/?s={search_term_string}\"},\"query-input\":{\"@type\":\"PropertyValueSpecification\",\"valueRequired\":true,\"valueName\":\"search_term_string\"}}],\"inLanguage\":\"es\"}]}<\/script>\n<!-- \/ Yoast SEO plugin. -->","yoast_head_json":{"title":"Grifo de ba\u00f1o empotrado de lat\u00f3n para lavabo de pared - Watersino","description":"Grifo de lavabo de pared negro para hotel, con agua fr\u00eda y caliente, de tres orificios, para lavabo oculto, grifo de ba\u00f1o integrado","robots":{"index":"index","follow":"follow","max-snippet":"max-snippet:-1","max-image-preview":"max-image-preview:large","max-video-preview":"max-video-preview:-1"},"canonical":"https:\/\/watersino.net\/es\/product\/brass-concealed-bathroom-faucet-wall-mounted-basin-faucet-tap\/","og_locale":"es_ES","og_type":"article","og_title":"Brass Concealed Bathroom Faucet Wall Mounted Basin Faucet Tap - Watersino","og_description":"Hotel Black Wall-mounted Cold and Hot Water Basin Faucet Three Hole Concealed Wash Basin Embedded Bathroom Faucet","og_url":"https:\/\/watersino.net\/es\/product\/brass-concealed-bathroom-faucet-wall-mounted-basin-faucet-tap\/","og_site_name":"Watersino","article_modified_time":"2025-11-28T07:27:10+00:00","og_image":[{"width":600,"height":600,"url":"https:\/\/watersino.net\/wp-content\/uploads\/2025\/08\/HB904PB.png","type":"image\/png"}],"twitter_card":"summary_large_image","twitter_misc":{"Tiempo de lectura":"1 minuto"},"schema":{"@context":"https:\/\/schema.org","@graph":[{"@type":"WebPage","@id":"https:\/\/watersino.net\/product\/brass-concealed-bathroom-faucet-wall-mounted-basin-faucet-tap\/","url":"https:\/\/watersino.net\/product\/brass-concealed-bathroom-faucet-wall-mounted-basin-faucet-tap\/","name":"Grifo de ba\u00f1o empotrado de lat\u00f3n para lavabo de pared - Watersino","isPartOf":{"@id":"https:\/\/watersino.net\/#website"},"primaryImageOfPage":{"@id":"https:\/\/watersino.net\/product\/brass-concealed-bathroom-faucet-wall-mounted-basin-faucet-tap\/#primaryimage"},"image":{"@id":"https:\/\/watersino.net\/product\/brass-concealed-bathroom-faucet-wall-mounted-basin-faucet-tap\/#primaryimage"},"thumbnailUrl":"https:\/\/watersino.net\/wp-content\/uploads\/2025\/08\/HB904PB.png","datePublished":"2025-08-09T02:03:21+00:00","dateModified":"2025-11-28T07:27:10+00:00","description":"Grifo de lavabo de pared negro para hotel, con agua fr\u00eda y caliente, de tres orificios, para lavabo oculto, grifo de ba\u00f1o integrado","breadcrumb":{"@id":"https:\/\/watersino.net\/product\/brass-concealed-bathroom-faucet-wall-mounted-basin-faucet-tap\/#breadcrumb"},"inLanguage":"es","potentialAction":[{"@type":"ReadAction","target":["https:\/\/watersino.net\/product\/brass-concealed-bathroom-faucet-wall-mounted-basin-faucet-tap\/"]}]},{"@type":"ImageObject","inLanguage":"es","@id":"https:\/\/watersino.net\/product\/brass-concealed-bathroom-faucet-wall-mounted-basin-faucet-tap\/#primaryimage","url":"https:\/\/watersino.net\/wp-content\/uploads\/2025\/08\/HB904PB.png","contentUrl":"https:\/\/watersino.net\/wp-content\/uploads\/2025\/08\/HB904PB.png","width":600,"height":600,"caption":"Polished Black-Wall Mounted Mixer Tap"},{"@type":"BreadcrumbList","@id":"https:\/\/watersino.net\/product\/brass-concealed-bathroom-faucet-wall-mounted-basin-faucet-tap\/#breadcrumb","itemListElement":[{"@type":"ListItem","position":1,"name":"Home","item":"https:\/\/watersino.net\/"},{"@type":"ListItem","position":2,"name":"Product","item":"https:\/\/watersino.net\/product\/"},{"@type":"ListItem","position":3,"name":"Brass Concealed Bathroom Faucet Wall Mounted Basin Faucet Tap"}]},{"@type":"WebSite","@id":"https:\/\/watersino.net\/#website","url":"https:\/\/watersino.net\/","name":"Watersino","description":"","potentialAction":[{"@type":"SearchAction","target":{"@type":"EntryPoint","urlTemplate":"https:\/\/watersino.net\/?s={search_term_string}"},"query-input":{"@type":"PropertyValueSpecification","valueRequired":true,"valueName":"search_term_string"}}],"inLanguage":"es"}]}},"_links":{"self":[{"href":"https:\/\/watersino.net\/es\/wp-json\/wp\/v2\/product\/14067","targetHints":{"allow":["GET"]}}],"collection":[{"href":"https:\/\/watersino.net\/es\/wp-json\/wp\/v2\/product"}],"about":[{"href":"https:\/\/watersino.net\/es\/wp-json\/wp\/v2\/types\/product"}],"wp:featuredmedia":[{"embeddable":true,"href":"https:\/\/watersino.net\/es\/wp-json\/wp\/v2\/media\/14055"}],"wp:attachment":[{"href":"https:\/\/watersino.net\/es\/wp-json\/wp\/v2\/media?parent=14067"}],"wp:term":[{"taxonomy":"product_category","embeddable":true,"href":"https:\/\/watersino.net\/es\/wp-json\/wp\/v2\/product_category?post=14067"},{"taxonomy":"products_tags","embeddable":true,"href":"https:\/\/watersino.net\/es\/wp-json\/wp\/v2\/products_tags?post=14067"}],"curies":[{"name":"wp","href":"https:\/\/api.w.org\/{rel}","templated":true}]}}