{"id":3818,"date":"2023-08-10T02:04:45","date_gmt":"2023-08-10T02:04:45","guid":{"rendered":"https:\/\/watersino.net\/?page_id=3818"},"modified":"2023-10-23T06:46:54","modified_gmt":"2023-10-23T06:46:54","slug":"sustainability","status":"publish","type":"page","link":"https:\/\/watersino.net\/es\/sustainability\/","title":{"rendered":"Sostenibilidad"},"content":{"rendered":"<div data-elementor-type=\"wp-page\" data-elementor-id=\"3818\" class=\"elementor elementor-3818\" data-elementor-post-type=\"page\">\n\t\t\t\t<div class=\"elementor-element elementor-element-327f5cd e-flex e-con-boxed e-con e-parent\" data-id=\"327f5cd\" data-element_type=\"container\" data-settings=\"{&quot;background_background&quot;:&quot;classic&quot;}\">\n\t\t\t\t\t<div class=\"e-con-inner\">\n\t\t<div class=\"elementor-element elementor-element-e7d70fd e-con-full e-flex e-con e-parent\" data-id=\"e7d70fd\" data-element_type=\"container\">\n\t\t\t\t<div class=\"elementor-element elementor-element-f1168c4 elementor-widget elementor-widget-heading\" data-id=\"f1168c4\" data-element_type=\"widget\" data-widget_type=\"heading.default\">\n\t\t\t\t<div class=\"elementor-widget-container\">\n\t\t\t\t\t<h1 class=\"elementor-heading-title elementor-size-default\">Sostenibilidad\n<\/h1>\t\t\t\t<\/div>\n\t\t\t\t<\/div>\n\t\t\t\t<div class=\"elementor-element elementor-element-75555cc elementor-widget elementor-widget-text-editor\" data-id=\"75555cc\" data-element_type=\"widget\" data-widget_type=\"text-editor.default\">\n\t\t\t\t<div class=\"elementor-widget-container\">\n\t\t\t\t\t\t\t\t\tWatersino se dedica a la sostenibilidad y ofrece grifer\u00eda ecol\u00f3gica, desde materiales hasta tecnolog\u00eda. Experimente nuestro compromiso con un futuro m\u00e1s verde con nuestra grifer\u00eda de ba\u00f1o sostenible.\n\n\t\t\t\t\t\t\t\t<\/div>\n\t\t\t\t<\/div>\n\t\t\t\t<div class=\"elementor-element elementor-element-9a49b43 elementor-widget elementor-widget-inf_breadcrumbs\" data-id=\"9a49b43\" data-element_type=\"widget\" data-widget_type=\"inf_breadcrumbs.default\">\n\t\t\t\t<div class=\"elementor-widget-container\">\n\t\t\t\t\t\t\t<div id=\"infility_position\" class=''>\n\t\t\t\t\t\t\t\t\t\t\t<p class='0'>\n\t\t\t\t\t<a href=\"\/es\/\" >\t\t\t\t\t\tHogar\t\t\t\t\t<\/a>\t\t\t\t<\/p>\n\t\t\t\t\t\t\t <span>><\/span> \t\t\t\t<p class='this'>\n\t\t\t\t\t\t\t\t\t\t\t\t\t\t\t\t\t\t\t\t<\/p>\n\t\t\t\t\t<\/div>\n\t\t\t\t<\/div>\n\t\t\t\t<\/div>\n\t\t\t\t<\/div>\n\t\t<div class=\"elementor-element elementor-element-3f190fa e-con-full e-flex e-con e-parent\" data-id=\"3f190fa\" data-element_type=\"container\">\n\t\t\t\t<div class=\"elementor-element elementor-element-89ab305 elementor-widget elementor-widget-image\" data-id=\"89ab305\" data-element_type=\"widget\" data-widget_type=\"image.default\">\n\t\t\t\t<div class=\"elementor-widget-container\">\n\t\t\t\t\t\t\t\t\t\t\t\t\t\t\t<img fetchpriority=\"high\" decoding=\"async\" width=\"1200\" height=\"799\" src=\"https:\/\/watersino.net\/wp-content\/uploads\/2023\/08\/P01_S06_2.webp\" class=\"attachment-full size-full wp-image-4070\" alt=\"P01 S06 2\" srcset=\"https:\/\/watersino.net\/wp-content\/uploads\/2023\/08\/P01_S06_2.webp 1200w, https:\/\/watersino.net\/wp-content\/uploads\/2023\/08\/P01_S06_2-300x200.webp 300w, https:\/\/watersino.net\/wp-content\/uploads\/2023\/08\/P01_S06_2-1024x682.webp 1024w, https:\/\/watersino.net\/wp-content\/uploads\/2023\/08\/P01_S06_2-768x511.webp 768w, https:\/\/watersino.net\/wp-content\/uploads\/2023\/08\/P01_S06_2-600x400.webp 600w\" sizes=\"(max-width: 1200px) 100vw, 1200px\" \/>\t\t\t\t\t\t\t\t\t\t\t\t\t\t\t<\/div>\n\t\t\t\t<\/div>\n\t\t\t\t<\/div>\n\t\t\t\t\t<\/div>\n\t\t\t\t<\/div>\n\t\t<div class=\"elementor-element elementor-element-35d512b e-flex e-con-boxed e-con e-parent\" data-id=\"35d512b\" data-element_type=\"container\">\n\t\t\t\t\t<div class=\"e-con-inner\">\n\t\t<div class=\"elementor-element elementor-element-d79e49c e-con-full e-flex e-con e-parent\" data-id=\"d79e49c\" data-element_type=\"container\">\n\t\t\t\t<div class=\"elementor-element elementor-element-2d1ac39 elementor-widget elementor-widget-heading\" data-id=\"2d1ac39\" data-element_type=\"widget\" data-widget_type=\"heading.default\">\n\t\t\t\t<div class=\"elementor-widget-container\">\n\t\t\t\t\t<h2 class=\"elementor-heading-title elementor-size-default\">Compromisos sostenibles\n\n\n\n<\/h2>\t\t\t\t<\/div>\n\t\t\t\t<\/div>\n\t\t\t\t<div class=\"elementor-element elementor-element-8c0b26e elementor-widget elementor-widget-text-editor\" data-id=\"8c0b26e\" data-element_type=\"widget\" data-widget_type=\"text-editor.default\">\n\t\t\t\t<div class=\"elementor-widget-container\">\n\t\t\t\t\t\t\t\t\tEn Watersino, nos dedicamos a hacer realidad los sanitarios sostenibles para ba\u00f1os y cocinas. Utilizamos materiales ecol\u00f3gicos, m\u00e9todos de ahorro de agua y alternativas energ\u00e9ticamente eficientes en el dise\u00f1o y la fabricaci\u00f3n de nuestros sanitarios.\n\n<br>\n<br>\n\nReducimos nuestro impacto ambiental, conservamos recursos y promovemos un futuro mejor priorizando la sostenibilidad. Descubra accesorios elegantes y pr\u00e1cticos que se ajustan a sus valores y contribuyen al desarrollo de una marca corporativa m\u00e1s duradera.\t\t\t\t\t\t\t\t<\/div>\n\t\t\t\t<\/div>\n\t\t\t\t<\/div>\n\t\t<div class=\"elementor-element elementor-element-3228972 e-con-full e-flex e-con e-parent\" data-id=\"3228972\" data-element_type=\"container\">\n\t\t\t\t<div class=\"elementor-element elementor-element-0aa22e5 elementor-widget elementor-widget-image\" data-id=\"0aa22e5\" data-element_type=\"widget\" data-widget_type=\"image.default\">\n\t\t\t\t<div class=\"elementor-widget-container\">\n\t\t\t\t\t\t\t\t\t\t\t\t\t\t\t<img decoding=\"async\" width=\"900\" height=\"600\" src=\"https:\/\/watersino.net\/wp-content\/uploads\/2023\/10\/P06_S02_4.webp\" class=\"attachment-full size-full wp-image-10816\" alt=\"P06 S02 4\" srcset=\"https:\/\/watersino.net\/wp-content\/uploads\/2023\/10\/P06_S02_4.webp 900w, https:\/\/watersino.net\/wp-content\/uploads\/2023\/10\/P06_S02_4-300x200.webp 300w, https:\/\/watersino.net\/wp-content\/uploads\/2023\/10\/P06_S02_4-768x512.webp 768w, https:\/\/watersino.net\/wp-content\/uploads\/2023\/10\/P06_S02_4-600x400.webp 600w\" sizes=\"(max-width: 900px) 100vw, 900px\" \/>\t\t\t\t\t\t\t\t\t\t\t\t\t\t\t<\/div>\n\t\t\t\t<\/div>\n\t\t\t\t<\/div>\n\t\t\t\t\t<\/div>\n\t\t\t\t<\/div>\n\t\t<div class=\"elementor-element elementor-element-bb521e5 e-flex e-con-boxed e-con e-parent\" data-id=\"bb521e5\" data-element_type=\"container\">\n\t\t\t\t\t<div class=\"e-con-inner\">\n\t\t<div class=\"elementor-element elementor-element-a326e59 e-con-full e-flex e-con e-parent\" data-id=\"a326e59\" data-element_type=\"container\">\n\t\t\t\t<div class=\"elementor-element elementor-element-f666b41 elementor-widget elementor-widget-heading\" data-id=\"f666b41\" data-element_type=\"widget\" data-widget_type=\"heading.default\">\n\t\t\t\t<div class=\"elementor-widget-container\">\n\t\t\t\t\t<h2 class=\"elementor-heading-title elementor-size-default\">Metal no peligroso\n\n<\/h2>\t\t\t\t<\/div>\n\t\t\t\t<\/div>\n\t\t\t\t<div class=\"elementor-element elementor-element-3b38c88 elementor-widget elementor-widget-text-editor\" data-id=\"3b38c88\" data-element_type=\"widget\" data-widget_type=\"text-editor.default\">\n\t\t\t\t<div class=\"elementor-widget-container\">\n\t\t\t\t\t\t\t\t\tFabricados con acero inoxidable 304 y lat\u00f3n DZR sin plomo, los accesorios de ba\u00f1o y cocina Watersino ofrecen numerosas ventajas ambientales, como anticorrosi\u00f3n, durabilidad y longevidad. Adem\u00e1s, son totalmente reciclables, lo que contribuye a la econom\u00eda circular. Gracias a su bajo mantenimiento y resistencia al crecimiento bacteriano, el acero inoxidable promueve la limpieza y la higiene.\n\n\t\t\t\t\t\t\t\t<\/div>\n\t\t\t\t<\/div>\n\t\t\t\t<\/div>\n\t\t<div class=\"elementor-element elementor-element-bbe9d0c e-con-full e-flex e-con e-parent\" data-id=\"bbe9d0c\" data-element_type=\"container\">\n\t\t\t\t<div class=\"elementor-element elementor-element-34afe22 elementor-widget elementor-widget-image\" data-id=\"34afe22\" data-element_type=\"widget\" data-widget_type=\"image.default\">\n\t\t\t\t<div class=\"elementor-widget-container\">\n\t\t\t\t\t\t\t\t\t\t\t\t\t\t\t<img decoding=\"async\" width=\"1200\" height=\"484\" src=\"https:\/\/watersino.net\/wp-content\/uploads\/2023\/10\/P06_S02_5.webp\" class=\"attachment-full size-full wp-image-10820\" alt=\"P06 S02 5\" srcset=\"https:\/\/watersino.net\/wp-content\/uploads\/2023\/10\/P06_S02_5.webp 1200w, https:\/\/watersino.net\/wp-content\/uploads\/2023\/10\/P06_S02_5-300x121.webp 300w, https:\/\/watersino.net\/wp-content\/uploads\/2023\/10\/P06_S02_5-1024x413.webp 1024w, https:\/\/watersino.net\/wp-content\/uploads\/2023\/10\/P06_S02_5-768x310.webp 768w, https:\/\/watersino.net\/wp-content\/uploads\/2023\/10\/P06_S02_5-600x242.webp 600w\" sizes=\"(max-width: 1200px) 100vw, 1200px\" \/>\t\t\t\t\t\t\t\t\t\t\t\t\t\t\t<\/div>\n\t\t\t\t<\/div>\n\t\t\t\t<\/div>\n\t\t\t\t\t<\/div>\n\t\t\t\t<\/div>\n\t\t<div class=\"elementor-element elementor-element-3f0df19 e-con-full e-flex e-con e-parent\" data-id=\"3f0df19\" data-element_type=\"container\" data-settings=\"{&quot;background_background&quot;:&quot;classic&quot;}\">\n\t\t<div class=\"elementor-element elementor-element-8b9295f e-con-full e-flex e-con e-parent\" data-id=\"8b9295f\" data-element_type=\"container\" data-settings=\"{&quot;background_background&quot;:&quot;classic&quot;}\">\n\t\t\t\t<div class=\"elementor-element elementor-element-7cc2999 elementor-widget elementor-widget-heading\" data-id=\"7cc2999\" data-element_type=\"widget\" data-widget_type=\"heading.default\">\n\t\t\t\t<div class=\"elementor-widget-container\">\n\t\t\t\t\t<h2 class=\"elementor-heading-title elementor-size-default\">Acabados con revestimiento PVD duradero\n\n\n<\/h2>\t\t\t\t<\/div>\n\t\t\t\t<\/div>\n\t\t\t\t<div class=\"elementor-element elementor-element-5828615 elementor-widget elementor-widget-text-editor\" data-id=\"5828615\" data-element_type=\"widget\" data-widget_type=\"text-editor.default\">\n\t\t\t\t<div class=\"elementor-widget-container\">\n\t\t\t\t\t\t\t\t\tLos recubrimientos PVD (deposici\u00f3n f\u00edsica de vapor) sin subproductos peligrosos ni compuestos org\u00e1nicos vol\u00e1tiles son respetuosos con el medio ambiente. Estos recubrimientos mejoran la durabilidad, la resistencia a la corrosi\u00f3n y el desgaste, prolongando as\u00ed la vida \u00fatil de nuestros accesorios. Adem\u00e1s, la tecnolog\u00eda PVD permite un uso eficiente de los recursos, reduciendo el desperdicio de materiales y el consumo de energ\u00eda durante el proceso de fabricaci\u00f3n.\n\n\t\t\t\t\t\t\t\t<\/div>\n\t\t\t\t<\/div>\n\t\t\t\t<\/div>\n\t\t<div class=\"elementor-element elementor-element-4d9ebcd e-con-full e-flex e-con e-parent\" data-id=\"4d9ebcd\" data-element_type=\"container\">\n\t\t\t\t<div class=\"elementor-element elementor-element-856f112 elementor-widget elementor-widget-image\" data-id=\"856f112\" data-element_type=\"widget\" data-widget_type=\"image.default\">\n\t\t\t\t<div class=\"elementor-widget-container\">\n\t\t\t\t\t\t\t\t\t\t\t\t\t\t\t<img loading=\"lazy\" decoding=\"async\" width=\"1200\" height=\"800\" src=\"https:\/\/watersino.net\/wp-content\/uploads\/2023\/08\/P05_S04_2.webp\" class=\"attachment-full size-full wp-image-6330\" alt=\"P05 S04 2\" srcset=\"https:\/\/watersino.net\/wp-content\/uploads\/2023\/08\/P05_S04_2.webp 1200w, https:\/\/watersino.net\/wp-content\/uploads\/2023\/08\/P05_S04_2-300x200.webp 300w, https:\/\/watersino.net\/wp-content\/uploads\/2023\/08\/P05_S04_2-1024x683.webp 1024w, https:\/\/watersino.net\/wp-content\/uploads\/2023\/08\/P05_S04_2-768x512.webp 768w, https:\/\/watersino.net\/wp-content\/uploads\/2023\/08\/P05_S04_2-600x400.webp 600w\" sizes=\"(max-width: 1200px) 100vw, 1200px\" \/>\t\t\t\t\t\t\t\t\t\t\t\t\t\t\t<\/div>\n\t\t\t\t<\/div>\n\t\t\t\t<\/div>\n\t\t\t\t<\/div>\n\t\t<div class=\"elementor-element elementor-element-f52e5e3 e-flex e-con-boxed e-con e-parent\" data-id=\"f52e5e3\" data-element_type=\"container\" data-settings=\"{&quot;background_background&quot;:&quot;classic&quot;}\">\n\t\t\t\t\t<div class=\"e-con-inner\">\n\t\t<div class=\"elementor-element elementor-element-5e3eca7 e-con-full e-flex e-con e-parent\" data-id=\"5e3eca7\" data-element_type=\"container\">\n\t\t\t\t<div class=\"elementor-element elementor-element-01bbab5 elementor-widget elementor-widget-heading\" data-id=\"01bbab5\" data-element_type=\"widget\" data-widget_type=\"heading.default\">\n\t\t\t\t<div class=\"elementor-widget-container\">\n\t\t\t\t\t<h2 class=\"elementor-heading-title elementor-size-default\">Dise\u00f1o de grifos que ahorran agua\n\n<\/h2>\t\t\t\t<\/div>\n\t\t\t\t<\/div>\n\t\t\t\t<div class=\"elementor-element elementor-element-740f905 elementor-widget elementor-widget-text-editor\" data-id=\"740f905\" data-element_type=\"widget\" data-widget_type=\"text-editor.default\">\n\t\t\t\t<div class=\"elementor-widget-container\">\n\t\t\t\t\t\t\t\t\tWatersino, comprometido con est\u00e1ndares globales desde hace m\u00e1s de 10 a\u00f1os, cuenta con una amplia experiencia en el dise\u00f1o y control de grifos que cumplen con los requisitos y est\u00e1ndares de ahorro de agua. Ofrecemos grifos ahorradores dise\u00f1ados espec\u00edficamente para zonas con consumo responsable de agua, incluyendo grifos de retardo, grifos con sensor y grifos de pedal.\t\t\t\t\t\t\t\t<\/div>\n\t\t\t\t<\/div>\n\t\t\t\t<\/div>\n\t\t<div class=\"elementor-element elementor-element-23d176a e-con-full e-flex e-con e-parent\" data-id=\"23d176a\" data-element_type=\"container\">\n\t\t\t\t<div class=\"elementor-element elementor-element-d10a4d0 elementor-widget elementor-widget-image\" data-id=\"d10a4d0\" data-element_type=\"widget\" data-widget_type=\"image.default\">\n\t\t\t\t<div class=\"elementor-widget-container\">\n\t\t\t\t\t\t\t\t\t\t\t\t\t\t\t<img loading=\"lazy\" decoding=\"async\" width=\"900\" height=\"600\" src=\"https:\/\/watersino.net\/wp-content\/uploads\/2023\/09\/P06_S05.webp\" class=\"attachment-full size-full wp-image-6631\" alt=\"P06 S05\" srcset=\"https:\/\/watersino.net\/wp-content\/uploads\/2023\/09\/P06_S05.webp 900w, https:\/\/watersino.net\/wp-content\/uploads\/2023\/09\/P06_S05-300x200.webp 300w, https:\/\/watersino.net\/wp-content\/uploads\/2023\/09\/P06_S05-768x512.webp 768w, https:\/\/watersino.net\/wp-content\/uploads\/2023\/09\/P06_S05-600x400.webp 600w\" sizes=\"(max-width: 900px) 100vw, 900px\" \/>\t\t\t\t\t\t\t\t\t\t\t\t\t\t\t<\/div>\n\t\t\t\t<\/div>\n\t\t\t\t<\/div>\n\t\t\t\t\t<\/div>\n\t\t\t\t<\/div>\n\t\t\t\t<\/div>","protected":false},"excerpt":{"rendered":"<p>Sostenibilidad. Watersino se dedica a la sostenibilidad y ofrece grifer\u00eda ecol\u00f3gica, desde materiales hasta tecnolog\u00eda. Experimente nuestro compromiso con un futuro m\u00e1s verde con nuestra grifer\u00eda de ba\u00f1o sostenible. Inicio &gt; Compromisos Sostenibles. En Watersino, nos dedicamos a hacer realidad la grifer\u00eda sostenible para ba\u00f1os y cocinas. Utilizamos materiales ecol\u00f3gicos, m\u00e9todos de ahorro de agua y alternativas energ\u00e9ticamente eficientes [\u2026]<\/p>","protected":false},"author":2,"featured_media":0,"parent":0,"menu_order":0,"comment_status":"closed","ping_status":"closed","template":"","meta":{"_acf_changed":false,"two_page_speed":[],"footnotes":""},"class_list":["post-3818","page","type-page","status-publish","hentry"],"acf":[],"yoast_head":"<!-- This site is optimized with the Yoast SEO plugin v26.6 - https:\/\/yoast.com\/wordpress\/plugins\/seo\/ -->\n<title>Fulfilling Sustainability in Faucet Manufacturing | Watersino<\/title>\n<meta name=\"description\" content=\"Elevate your offerings with Watersino, a faucet manufacturer committed to non-hazardous metal, durable PVD coating finishes, and water-efficient designs.\" \/>\n<meta name=\"robots\" content=\"index, follow, max-snippet:-1, max-image-preview:large, max-video-preview:-1\" \/>\n<link rel=\"canonical\" href=\"https:\/\/watersino.net\/es\/sustainability\/\" \/>\n<meta property=\"og:locale\" content=\"es_ES\" \/>\n<meta property=\"og:type\" content=\"article\" \/>\n<meta property=\"og:title\" content=\"Fulfilling Sustainability in Faucet Manufacturing | Watersino\" \/>\n<meta property=\"og:description\" content=\"Elevate your offerings with Watersino, a faucet manufacturer committed to non-hazardous metal, durable PVD coating finishes, and water-efficient designs.\" \/>\n<meta property=\"og:url\" content=\"https:\/\/watersino.net\/es\/sustainability\/\" \/>\n<meta property=\"og:site_name\" content=\"Watersino\" \/>\n<meta property=\"article:modified_time\" content=\"2023-10-23T06:46:54+00:00\" \/>\n<meta property=\"og:image\" content=\"https:\/\/watersino.net\/wp-content\/uploads\/2023\/08\/P01_S06_2.webp\" \/>\n<meta name=\"twitter:card\" content=\"summary_large_image\" \/>\n<meta name=\"twitter:label1\" content=\"Tiempo de lectura\" \/>\n\t<meta name=\"twitter:data1\" content=\"3 minutos\" \/>\n<script type=\"application\/ld+json\" class=\"yoast-schema-graph\">{\"@context\":\"https:\/\/schema.org\",\"@graph\":[{\"@type\":\"WebPage\",\"@id\":\"https:\/\/watersino.net\/sustainability\/\",\"url\":\"https:\/\/watersino.net\/sustainability\/\",\"name\":\"Fulfilling Sustainability in Faucet Manufacturing | Watersino\",\"isPartOf\":{\"@id\":\"https:\/\/watersino.net\/#website\"},\"primaryImageOfPage\":{\"@id\":\"https:\/\/watersino.net\/sustainability\/#primaryimage\"},\"image\":{\"@id\":\"https:\/\/watersino.net\/sustainability\/#primaryimage\"},\"thumbnailUrl\":\"https:\/\/watersino.net\/wp-content\/uploads\/2023\/08\/P01_S06_2.webp\",\"datePublished\":\"2023-08-10T02:04:45+00:00\",\"dateModified\":\"2023-10-23T06:46:54+00:00\",\"description\":\"Elevate your offerings with Watersino, a faucet manufacturer committed to non-hazardous metal, durable PVD coating finishes, and water-efficient designs.\",\"breadcrumb\":{\"@id\":\"https:\/\/watersino.net\/sustainability\/#breadcrumb\"},\"inLanguage\":\"es\",\"potentialAction\":[{\"@type\":\"ReadAction\",\"target\":[\"https:\/\/watersino.net\/sustainability\/\"]}]},{\"@type\":\"ImageObject\",\"inLanguage\":\"es\",\"@id\":\"https:\/\/watersino.net\/sustainability\/#primaryimage\",\"url\":\"https:\/\/watersino.net\/wp-content\/uploads\/2023\/08\/P01_S06_2.webp\",\"contentUrl\":\"https:\/\/watersino.net\/wp-content\/uploads\/2023\/08\/P01_S06_2.webp\"},{\"@type\":\"BreadcrumbList\",\"@id\":\"https:\/\/watersino.net\/sustainability\/#breadcrumb\",\"itemListElement\":[{\"@type\":\"ListItem\",\"position\":1,\"name\":\"Home\",\"item\":\"https:\/\/watersino.net\/\"},{\"@type\":\"ListItem\",\"position\":2,\"name\":\"Sustainability\"}]},{\"@type\":\"WebSite\",\"@id\":\"https:\/\/watersino.net\/#website\",\"url\":\"https:\/\/watersino.net\/\",\"name\":\"Watersino\",\"description\":\"\",\"potentialAction\":[{\"@type\":\"SearchAction\",\"target\":{\"@type\":\"EntryPoint\",\"urlTemplate\":\"https:\/\/watersino.net\/?s={search_term_string}\"},\"query-input\":{\"@type\":\"PropertyValueSpecification\",\"valueRequired\":true,\"valueName\":\"search_term_string\"}}],\"inLanguage\":\"es\"}]}<\/script>\n<!-- \/ Yoast SEO plugin. -->","yoast_head_json":{"title":"Logrando la sostenibilidad en la fabricaci\u00f3n de grifer\u00eda | Watersino","description":"Mejore sus ofertas con Watersino, un fabricante de grifos comprometido con metales no peligrosos, acabados con revestimiento de PVD duraderos y dise\u00f1os que ahorran agua.","robots":{"index":"index","follow":"follow","max-snippet":"max-snippet:-1","max-image-preview":"max-image-preview:large","max-video-preview":"max-video-preview:-1"},"canonical":"https:\/\/watersino.net\/es\/sustainability\/","og_locale":"es_ES","og_type":"article","og_title":"Fulfilling Sustainability in Faucet Manufacturing | Watersino","og_description":"Elevate your offerings with Watersino, a faucet manufacturer committed to non-hazardous metal, durable PVD coating finishes, and water-efficient designs.","og_url":"https:\/\/watersino.net\/es\/sustainability\/","og_site_name":"Watersino","article_modified_time":"2023-10-23T06:46:54+00:00","og_image":[{"url":"https:\/\/watersino.net\/wp-content\/uploads\/2023\/08\/P01_S06_2.webp","type":"","width":"","height":""}],"twitter_card":"summary_large_image","twitter_misc":{"Tiempo de lectura":"3 minutos"},"schema":{"@context":"https:\/\/schema.org","@graph":[{"@type":"WebPage","@id":"https:\/\/watersino.net\/sustainability\/","url":"https:\/\/watersino.net\/sustainability\/","name":"Logrando la sostenibilidad en la fabricaci\u00f3n de grifer\u00eda | Watersino","isPartOf":{"@id":"https:\/\/watersino.net\/#website"},"primaryImageOfPage":{"@id":"https:\/\/watersino.net\/sustainability\/#primaryimage"},"image":{"@id":"https:\/\/watersino.net\/sustainability\/#primaryimage"},"thumbnailUrl":"https:\/\/watersino.net\/wp-content\/uploads\/2023\/08\/P01_S06_2.webp","datePublished":"2023-08-10T02:04:45+00:00","dateModified":"2023-10-23T06:46:54+00:00","description":"Mejore sus ofertas con Watersino, un fabricante de grifos comprometido con metales no peligrosos, acabados con revestimiento de PVD duraderos y dise\u00f1os que ahorran agua.","breadcrumb":{"@id":"https:\/\/watersino.net\/sustainability\/#breadcrumb"},"inLanguage":"es","potentialAction":[{"@type":"ReadAction","target":["https:\/\/watersino.net\/sustainability\/"]}]},{"@type":"ImageObject","inLanguage":"es","@id":"https:\/\/watersino.net\/sustainability\/#primaryimage","url":"https:\/\/watersino.net\/wp-content\/uploads\/2023\/08\/P01_S06_2.webp","contentUrl":"https:\/\/watersino.net\/wp-content\/uploads\/2023\/08\/P01_S06_2.webp"},{"@type":"BreadcrumbList","@id":"https:\/\/watersino.net\/sustainability\/#breadcrumb","itemListElement":[{"@type":"ListItem","position":1,"name":"Home","item":"https:\/\/watersino.net\/"},{"@type":"ListItem","position":2,"name":"Sustainability"}]},{"@type":"WebSite","@id":"https:\/\/watersino.net\/#website","url":"https:\/\/watersino.net\/","name":"Watersino","description":"","potentialAction":[{"@type":"SearchAction","target":{"@type":"EntryPoint","urlTemplate":"https:\/\/watersino.net\/?s={search_term_string}"},"query-input":{"@type":"PropertyValueSpecification","valueRequired":true,"valueName":"search_term_string"}}],"inLanguage":"es"}]}},"_links":{"self":[{"href":"https:\/\/watersino.net\/es\/wp-json\/wp\/v2\/pages\/3818","targetHints":{"allow":["GET"]}}],"collection":[{"href":"https:\/\/watersino.net\/es\/wp-json\/wp\/v2\/pages"}],"about":[{"href":"https:\/\/watersino.net\/es\/wp-json\/wp\/v2\/types\/page"}],"author":[{"embeddable":true,"href":"https:\/\/watersino.net\/es\/wp-json\/wp\/v2\/users\/2"}],"replies":[{"embeddable":true,"href":"https:\/\/watersino.net\/es\/wp-json\/wp\/v2\/comments?post=3818"}],"version-history":[{"count":0,"href":"https:\/\/watersino.net\/es\/wp-json\/wp\/v2\/pages\/3818\/revisions"}],"wp:attachment":[{"href":"https:\/\/watersino.net\/es\/wp-json\/wp\/v2\/media?parent=3818"}],"curies":[{"name":"wp","href":"https:\/\/api.w.org\/{rel}","templated":true}]}}