{"id":14501,"date":"2025-10-15T06:51:05","date_gmt":"2025-10-15T06:51:05","guid":{"rendered":"https:\/\/watersino.net\/?post_type=product&#038;p=14501"},"modified":"2025-11-28T02:55:56","modified_gmt":"2025-11-28T02:55:56","slug":"solid-brass-wall-tap-set-wall-mount-pin-lever-mixer-with-tube-basin-spout","status":"publish","type":"product","link":"https:\/\/watersino.net\/de\/product\/solid-brass-wall-tap-set-wall-mount-pin-lever-mixer-with-tube-basin-spout\/","title":{"rendered":"Solid Brass Wall Tap Set Wall Mount Pin Lever Mixer with Tube Basin Spout"},"content":{"rendered":"<p>Als zuverl\u00e4ssiger Partner f\u00fcr Auftragnehmer und Lieferanten bieten wir&nbsp;<strong>Komplettl\u00f6sungen f\u00fcr Badezimmer-Hardware<\/strong>, wodurch die Koordination mit mehreren Lieferanten entf\u00e4llt und wir bieten Armaturen, Duschen, Zubeh\u00f6r und mehr. Unser umfangreiches Produktsortiment umfasst \u00fcber 1000 Watermark-zertifizierte Artikel mit umfassenden globalen Zertifizierungen wie WELS, WRAS, UPC, CE, ACS und SAA, um die Konformit\u00e4t in allen M\u00e4rkten sicherzustellen. Wir unterst\u00fctzen Gro\u00dfbestellungen, flexible Anpassungen (Oberfl\u00e4chenanpassung, Ma\u00dfanpassungen) und gew\u00e4hrleisten eine konsistente Qualit\u00e4tskontrolle mit zuverl\u00e4ssigen Lieferzeiten. So k\u00f6nnen Sie Projekttermine einhalten, Beschaffungsrisiken reduzieren und vielf\u00e4ltige Kundenanforderungen effizient erf\u00fcllen.<\/p>\n\n\n\n<p>Watersino presents its round wall-mounted mixer, a sophisticated fusion of architectural precision and mechanical elegance. The collection features a harmoniously balanced design where a substantial round wall plate with graduated edge detailing provides a commanding presence, perfectly complementing the structural tube spout that extends in multiple projection options.<\/p>\n\n\n\n<p><\/p>","protected":false},"featured_media":14418,"template":"","product_category":[57,86],"products_tags":[63],"class_list":["post-14501","product","type-product","status-publish","has-post-thumbnail","hentry","product_category-bathroom-faucet","product_category-wall-mounted-basin-faucet","products_tags-watermark"],"acf":[],"yoast_head":"<!-- This site is optimized with the Yoast SEO plugin v26.6 - https:\/\/yoast.com\/wordpress\/plugins\/seo\/ -->\n<title>Solid Brass Wall Tap Set Wall Mount Pin Lever Mixer with Tube Basin Spout - Watersino<\/title>\n<meta name=\"description\" content=\"A wall-mounted mixer that turns water into an art form, providing reliable performance and elegant style.\" \/>\n<meta name=\"robots\" content=\"index, follow, max-snippet:-1, max-image-preview:large, max-video-preview:-1\" \/>\n<link rel=\"canonical\" href=\"https:\/\/watersino.net\/de\/product\/solid-brass-wall-tap-set-wall-mount-pin-lever-mixer-with-tube-basin-spout\/\" \/>\n<meta property=\"og:locale\" content=\"de_DE\" \/>\n<meta property=\"og:type\" content=\"article\" \/>\n<meta property=\"og:title\" content=\"Solid Brass Wall Tap Set Wall Mount Pin Lever Mixer with Tube Basin Spout - Watersino\" \/>\n<meta property=\"og:description\" content=\"A wall-mounted mixer that turns water into an art form, providing reliable performance and elegant style.\" \/>\n<meta property=\"og:url\" content=\"https:\/\/watersino.net\/de\/product\/solid-brass-wall-tap-set-wall-mount-pin-lever-mixer-with-tube-basin-spout\/\" \/>\n<meta property=\"og:site_name\" content=\"Watersino\" \/>\n<meta property=\"article:modified_time\" content=\"2025-11-28T02:55:56+00:00\" \/>\n<meta property=\"og:image\" content=\"https:\/\/watersino.net\/wp-content\/uploads\/2025\/10\/WB862_9.png\" \/>\n\t<meta property=\"og:image:width\" content=\"600\" \/>\n\t<meta property=\"og:image:height\" content=\"600\" \/>\n\t<meta property=\"og:image:type\" content=\"image\/png\" \/>\n<meta name=\"twitter:card\" content=\"summary_large_image\" \/>\n<meta name=\"twitter:label1\" content=\"Gesch\u00e4tzte Lesezeit\" \/>\n\t<meta name=\"twitter:data1\" content=\"1\u00a0Minute\" \/>\n<script type=\"application\/ld+json\" class=\"yoast-schema-graph\">{\"@context\":\"https:\/\/schema.org\",\"@graph\":[{\"@type\":\"WebPage\",\"@id\":\"https:\/\/watersino.net\/product\/solid-brass-wall-tap-set-wall-mount-pin-lever-mixer-with-tube-basin-spout\/\",\"url\":\"https:\/\/watersino.net\/product\/solid-brass-wall-tap-set-wall-mount-pin-lever-mixer-with-tube-basin-spout\/\",\"name\":\"Solid Brass Wall Tap Set Wall Mount Pin Lever Mixer with Tube Basin Spout - Watersino\",\"isPartOf\":{\"@id\":\"https:\/\/watersino.net\/#website\"},\"primaryImageOfPage\":{\"@id\":\"https:\/\/watersino.net\/product\/solid-brass-wall-tap-set-wall-mount-pin-lever-mixer-with-tube-basin-spout\/#primaryimage\"},\"image\":{\"@id\":\"https:\/\/watersino.net\/product\/solid-brass-wall-tap-set-wall-mount-pin-lever-mixer-with-tube-basin-spout\/#primaryimage\"},\"thumbnailUrl\":\"https:\/\/watersino.net\/wp-content\/uploads\/2025\/10\/WB862_9.png\",\"datePublished\":\"2025-10-15T06:51:05+00:00\",\"dateModified\":\"2025-11-28T02:55:56+00:00\",\"description\":\"A wall-mounted mixer that turns water into an art form, providing reliable performance and elegant style.\",\"breadcrumb\":{\"@id\":\"https:\/\/watersino.net\/product\/solid-brass-wall-tap-set-wall-mount-pin-lever-mixer-with-tube-basin-spout\/#breadcrumb\"},\"inLanguage\":\"de\",\"potentialAction\":[{\"@type\":\"ReadAction\",\"target\":[\"https:\/\/watersino.net\/product\/solid-brass-wall-tap-set-wall-mount-pin-lever-mixer-with-tube-basin-spout\/\"]}]},{\"@type\":\"ImageObject\",\"inLanguage\":\"de\",\"@id\":\"https:\/\/watersino.net\/product\/solid-brass-wall-tap-set-wall-mount-pin-lever-mixer-with-tube-basin-spout\/#primaryimage\",\"url\":\"https:\/\/watersino.net\/wp-content\/uploads\/2025\/10\/WB862_9.png\",\"contentUrl\":\"https:\/\/watersino.net\/wp-content\/uploads\/2025\/10\/WB862_9.png\",\"width\":600,\"height\":600,\"caption\":\"WB862 9\"},{\"@type\":\"BreadcrumbList\",\"@id\":\"https:\/\/watersino.net\/product\/solid-brass-wall-tap-set-wall-mount-pin-lever-mixer-with-tube-basin-spout\/#breadcrumb\",\"itemListElement\":[{\"@type\":\"ListItem\",\"position\":1,\"name\":\"Home\",\"item\":\"https:\/\/watersino.net\/\"},{\"@type\":\"ListItem\",\"position\":2,\"name\":\"Product\",\"item\":\"https:\/\/watersino.net\/product\/\"},{\"@type\":\"ListItem\",\"position\":3,\"name\":\"Solid Brass Wall Tap Set Wall Mount Pin Lever Mixer with Tube Basin Spout\"}]},{\"@type\":\"WebSite\",\"@id\":\"https:\/\/watersino.net\/#website\",\"url\":\"https:\/\/watersino.net\/\",\"name\":\"Watersino\",\"description\":\"\",\"potentialAction\":[{\"@type\":\"SearchAction\",\"target\":{\"@type\":\"EntryPoint\",\"urlTemplate\":\"https:\/\/watersino.net\/?s={search_term_string}\"},\"query-input\":{\"@type\":\"PropertyValueSpecification\",\"valueRequired\":true,\"valueName\":\"search_term_string\"}}],\"inLanguage\":\"de\"}]}<\/script>\n<!-- \/ Yoast SEO plugin. -->","yoast_head_json":{"title":"Solid Brass Wall Tap Set Wall Mount Pin Lever Mixer with Tube Basin Spout - Watersino","description":"A wall-mounted mixer that turns water into an art form, providing reliable performance and elegant style.","robots":{"index":"index","follow":"follow","max-snippet":"max-snippet:-1","max-image-preview":"max-image-preview:large","max-video-preview":"max-video-preview:-1"},"canonical":"https:\/\/watersino.net\/de\/product\/solid-brass-wall-tap-set-wall-mount-pin-lever-mixer-with-tube-basin-spout\/","og_locale":"de_DE","og_type":"article","og_title":"Solid Brass Wall Tap Set Wall Mount Pin Lever Mixer with Tube Basin Spout - Watersino","og_description":"A wall-mounted mixer that turns water into an art form, providing reliable performance and elegant style.","og_url":"https:\/\/watersino.net\/de\/product\/solid-brass-wall-tap-set-wall-mount-pin-lever-mixer-with-tube-basin-spout\/","og_site_name":"Watersino","article_modified_time":"2025-11-28T02:55:56+00:00","og_image":[{"width":600,"height":600,"url":"https:\/\/watersino.net\/wp-content\/uploads\/2025\/10\/WB862_9.png","type":"image\/png"}],"twitter_card":"summary_large_image","twitter_misc":{"Gesch\u00e4tzte Lesezeit":"1\u00a0Minute"},"schema":{"@context":"https:\/\/schema.org","@graph":[{"@type":"WebPage","@id":"https:\/\/watersino.net\/product\/solid-brass-wall-tap-set-wall-mount-pin-lever-mixer-with-tube-basin-spout\/","url":"https:\/\/watersino.net\/product\/solid-brass-wall-tap-set-wall-mount-pin-lever-mixer-with-tube-basin-spout\/","name":"Solid Brass Wall Tap Set Wall Mount Pin Lever Mixer with Tube Basin Spout - Watersino","isPartOf":{"@id":"https:\/\/watersino.net\/#website"},"primaryImageOfPage":{"@id":"https:\/\/watersino.net\/product\/solid-brass-wall-tap-set-wall-mount-pin-lever-mixer-with-tube-basin-spout\/#primaryimage"},"image":{"@id":"https:\/\/watersino.net\/product\/solid-brass-wall-tap-set-wall-mount-pin-lever-mixer-with-tube-basin-spout\/#primaryimage"},"thumbnailUrl":"https:\/\/watersino.net\/wp-content\/uploads\/2025\/10\/WB862_9.png","datePublished":"2025-10-15T06:51:05+00:00","dateModified":"2025-11-28T02:55:56+00:00","description":"A wall-mounted mixer that turns water into an art form, providing reliable performance and elegant style.","breadcrumb":{"@id":"https:\/\/watersino.net\/product\/solid-brass-wall-tap-set-wall-mount-pin-lever-mixer-with-tube-basin-spout\/#breadcrumb"},"inLanguage":"de","potentialAction":[{"@type":"ReadAction","target":["https:\/\/watersino.net\/product\/solid-brass-wall-tap-set-wall-mount-pin-lever-mixer-with-tube-basin-spout\/"]}]},{"@type":"ImageObject","inLanguage":"de","@id":"https:\/\/watersino.net\/product\/solid-brass-wall-tap-set-wall-mount-pin-lever-mixer-with-tube-basin-spout\/#primaryimage","url":"https:\/\/watersino.net\/wp-content\/uploads\/2025\/10\/WB862_9.png","contentUrl":"https:\/\/watersino.net\/wp-content\/uploads\/2025\/10\/WB862_9.png","width":600,"height":600,"caption":"WB862 9"},{"@type":"BreadcrumbList","@id":"https:\/\/watersino.net\/product\/solid-brass-wall-tap-set-wall-mount-pin-lever-mixer-with-tube-basin-spout\/#breadcrumb","itemListElement":[{"@type":"ListItem","position":1,"name":"Home","item":"https:\/\/watersino.net\/"},{"@type":"ListItem","position":2,"name":"Product","item":"https:\/\/watersino.net\/product\/"},{"@type":"ListItem","position":3,"name":"Solid Brass Wall Tap Set Wall Mount Pin Lever Mixer with Tube Basin Spout"}]},{"@type":"WebSite","@id":"https:\/\/watersino.net\/#website","url":"https:\/\/watersino.net\/","name":"Watersino","description":"","potentialAction":[{"@type":"SearchAction","target":{"@type":"EntryPoint","urlTemplate":"https:\/\/watersino.net\/?s={search_term_string}"},"query-input":{"@type":"PropertyValueSpecification","valueRequired":true,"valueName":"search_term_string"}}],"inLanguage":"de"}]}},"_links":{"self":[{"href":"https:\/\/watersino.net\/de\/wp-json\/wp\/v2\/product\/14501","targetHints":{"allow":["GET"]}}],"collection":[{"href":"https:\/\/watersino.net\/de\/wp-json\/wp\/v2\/product"}],"about":[{"href":"https:\/\/watersino.net\/de\/wp-json\/wp\/v2\/types\/product"}],"wp:featuredmedia":[{"embeddable":true,"href":"https:\/\/watersino.net\/de\/wp-json\/wp\/v2\/media\/14418"}],"wp:attachment":[{"href":"https:\/\/watersino.net\/de\/wp-json\/wp\/v2\/media?parent=14501"}],"wp:term":[{"taxonomy":"product_category","embeddable":true,"href":"https:\/\/watersino.net\/de\/wp-json\/wp\/v2\/product_category?post=14501"},{"taxonomy":"products_tags","embeddable":true,"href":"https:\/\/watersino.net\/de\/wp-json\/wp\/v2\/products_tags?post=14501"}],"curies":[{"name":"wp","href":"https:\/\/api.w.org\/{rel}","templated":true}]}}