{"id":14320,"date":"2025-09-18T09:42:16","date_gmt":"2025-09-18T09:42:16","guid":{"rendered":"https:\/\/watersino.net\/?post_type=product&#038;p=14320"},"modified":"2025-12-03T01:12:52","modified_gmt":"2025-12-03T01:12:52","slug":"7-shaped-basin-faucet-watermark-bathroom-hardware-one-stop-service","status":"publish","type":"product","link":"https:\/\/watersino.net\/de\/product\/7-shaped-basin-faucet-watermark-bathroom-hardware-one-stop-service\/","title":{"rendered":"7-f\u00f6rmiger Waschbeckenhahn Watermark Badezimmer-Hardware One-Stop-Service"},"content":{"rendered":"<ul class=\"wp-block-list\"><\/ul>\n\n\n\n<p>WATERSINO Dank unserer starken Fertigungs- und Lieferkapazit\u00e4ten bieten wir nicht nur Einzelprodukte, sondern auch einen Komplettservice f\u00fcr Badezimmerausstattungen. Wir vereinfachen Ihren Beschaffungsprozess mit Armaturen, Duschen, Zubeh\u00f6r und mehr und machen die Koordination mit mehreren Lieferanten \u00fcberfl\u00fcssig. Unser Produktportfolio umfasst \u00fcber 1000 Watermark-zertifizierte Artikel, und wir verf\u00fcgen \u00fcber eine breite Palette globaler Zertifizierungen wie WELS, WRAS, UPC, CE, ACS und SAA, die die Einhaltung regionaler Standards in verschiedenen M\u00e4rkten gew\u00e4hrleisten. Wir unterst\u00fctzen Gro\u00dfbestellungen, flexible Anpassungen (einschlie\u00dflich Oberfl\u00e4chenanpassung und Gr\u00f6\u00dfenanpassungen) und sorgen f\u00fcr stabile Lieferzeiten und eine durchg\u00e4ngige Qualit\u00e4tskontrolle. So k\u00f6nnen Auftragnehmer und Lieferanten Projekttermine einhalten, Beschaffungsrisiken minimieren und die vielf\u00e4ltigen Kundenanforderungen zuverl\u00e4ssig erf\u00fcllen.<\/p>","protected":false},"featured_media":14325,"template":"","product_category":[57,85],"products_tags":[63],"class_list":["post-14320","product","type-product","status-publish","has-post-thumbnail","hentry","product_category-bathroom-faucet","product_category-high-deck-mounted-faucet","products_tags-watermark"],"acf":[],"yoast_head":"<!-- This site is optimized with the Yoast SEO plugin v26.6 - https:\/\/yoast.com\/wordpress\/plugins\/seo\/ -->\n<title>7-Shaped Basin Faucet Watermark Bathroom Hardware One-Stop Service - Watersino<\/title>\n<meta name=\"description\" content=\"Basin faucets with 30+ custom finishes. Watermark certified Bathroom hardware one-stop service for contractors &amp; suppliers.\" \/>\n<meta name=\"robots\" content=\"index, follow, max-snippet:-1, max-image-preview:large, max-video-preview:-1\" \/>\n<link rel=\"canonical\" href=\"https:\/\/watersino.net\/de\/product\/7-shaped-basin-faucet-watermark-bathroom-hardware-one-stop-service\/\" \/>\n<meta property=\"og:locale\" content=\"de_DE\" \/>\n<meta property=\"og:type\" content=\"article\" \/>\n<meta property=\"og:title\" content=\"7-Shaped Basin Faucet Watermark Bathroom Hardware One-Stop Service - Watersino\" \/>\n<meta property=\"og:description\" content=\"Basin faucets with 30+ custom finishes. Watermark certified Bathroom hardware one-stop service for contractors &amp; suppliers.\" \/>\n<meta property=\"og:url\" content=\"https:\/\/watersino.net\/de\/product\/7-shaped-basin-faucet-watermark-bathroom-hardware-one-stop-service\/\" \/>\n<meta property=\"og:site_name\" content=\"Watersino\" \/>\n<meta property=\"article:modified_time\" content=\"2025-12-03T01:12:52+00:00\" \/>\n<meta property=\"og:image\" content=\"https:\/\/watersino.net\/wp-content\/uploads\/2025\/09\/L2186_3.png\" \/>\n\t<meta property=\"og:image:width\" content=\"600\" \/>\n\t<meta property=\"og:image:height\" content=\"600\" \/>\n\t<meta property=\"og:image:type\" content=\"image\/png\" \/>\n<meta name=\"twitter:card\" content=\"summary_large_image\" \/>\n<meta name=\"twitter:label1\" content=\"Gesch\u00e4tzte Lesezeit\" \/>\n\t<meta name=\"twitter:data1\" content=\"1\u00a0Minute\" \/>\n<script type=\"application\/ld+json\" class=\"yoast-schema-graph\">{\"@context\":\"https:\/\/schema.org\",\"@graph\":[{\"@type\":\"WebPage\",\"@id\":\"https:\/\/watersino.net\/product\/7-shaped-basin-faucet-watermark-bathroom-hardware-one-stop-service\/\",\"url\":\"https:\/\/watersino.net\/product\/7-shaped-basin-faucet-watermark-bathroom-hardware-one-stop-service\/\",\"name\":\"7-Shaped Basin Faucet Watermark Bathroom Hardware One-Stop Service - Watersino\",\"isPartOf\":{\"@id\":\"https:\/\/watersino.net\/#website\"},\"primaryImageOfPage\":{\"@id\":\"https:\/\/watersino.net\/product\/7-shaped-basin-faucet-watermark-bathroom-hardware-one-stop-service\/#primaryimage\"},\"image\":{\"@id\":\"https:\/\/watersino.net\/product\/7-shaped-basin-faucet-watermark-bathroom-hardware-one-stop-service\/#primaryimage\"},\"thumbnailUrl\":\"https:\/\/watersino.net\/wp-content\/uploads\/2025\/09\/L2186_3.png\",\"datePublished\":\"2025-09-18T09:42:16+00:00\",\"dateModified\":\"2025-12-03T01:12:52+00:00\",\"description\":\"Basin faucets with 30+ custom finishes. Watermark certified Bathroom hardware one-stop service for contractors & suppliers.\",\"breadcrumb\":{\"@id\":\"https:\/\/watersino.net\/product\/7-shaped-basin-faucet-watermark-bathroom-hardware-one-stop-service\/#breadcrumb\"},\"inLanguage\":\"de\",\"potentialAction\":[{\"@type\":\"ReadAction\",\"target\":[\"https:\/\/watersino.net\/product\/7-shaped-basin-faucet-watermark-bathroom-hardware-one-stop-service\/\"]}]},{\"@type\":\"ImageObject\",\"inLanguage\":\"de\",\"@id\":\"https:\/\/watersino.net\/product\/7-shaped-basin-faucet-watermark-bathroom-hardware-one-stop-service\/#primaryimage\",\"url\":\"https:\/\/watersino.net\/wp-content\/uploads\/2025\/09\/L2186_3.png\",\"contentUrl\":\"https:\/\/watersino.net\/wp-content\/uploads\/2025\/09\/L2186_3.png\",\"width\":600,\"height\":600,\"caption\":\"Polished Chrome 7-Shaped Basin Faucet\"},{\"@type\":\"BreadcrumbList\",\"@id\":\"https:\/\/watersino.net\/product\/7-shaped-basin-faucet-watermark-bathroom-hardware-one-stop-service\/#breadcrumb\",\"itemListElement\":[{\"@type\":\"ListItem\",\"position\":1,\"name\":\"Home\",\"item\":\"https:\/\/watersino.net\/\"},{\"@type\":\"ListItem\",\"position\":2,\"name\":\"Product\",\"item\":\"https:\/\/watersino.net\/product\/\"},{\"@type\":\"ListItem\",\"position\":3,\"name\":\"7-Shaped Basin Faucet Watermark Bathroom Hardware One-Stop Service\"}]},{\"@type\":\"WebSite\",\"@id\":\"https:\/\/watersino.net\/#website\",\"url\":\"https:\/\/watersino.net\/\",\"name\":\"Watersino\",\"description\":\"\",\"potentialAction\":[{\"@type\":\"SearchAction\",\"target\":{\"@type\":\"EntryPoint\",\"urlTemplate\":\"https:\/\/watersino.net\/?s={search_term_string}\"},\"query-input\":{\"@type\":\"PropertyValueSpecification\",\"valueRequired\":true,\"valueName\":\"search_term_string\"}}],\"inLanguage\":\"de\"}]}<\/script>\n<!-- \/ Yoast SEO plugin. -->","yoast_head_json":{"title":"7-f\u00f6rmiger Waschtischhahn Watermark Badezimmer-Hardware One-Stop-Service - Watersino","description":"Waschtischarmaturen mit \u00fcber 30 individuellen Oberfl\u00e4chen. Watermark-zertifizierter Komplettservice f\u00fcr Badezimmer-Hardware f\u00fcr Bauunternehmer und Lieferanten.","robots":{"index":"index","follow":"follow","max-snippet":"max-snippet:-1","max-image-preview":"max-image-preview:large","max-video-preview":"max-video-preview:-1"},"canonical":"https:\/\/watersino.net\/de\/product\/7-shaped-basin-faucet-watermark-bathroom-hardware-one-stop-service\/","og_locale":"de_DE","og_type":"article","og_title":"7-Shaped Basin Faucet Watermark Bathroom Hardware One-Stop Service - Watersino","og_description":"Basin faucets with 30+ custom finishes. Watermark certified Bathroom hardware one-stop service for contractors & suppliers.","og_url":"https:\/\/watersino.net\/de\/product\/7-shaped-basin-faucet-watermark-bathroom-hardware-one-stop-service\/","og_site_name":"Watersino","article_modified_time":"2025-12-03T01:12:52+00:00","og_image":[{"width":600,"height":600,"url":"https:\/\/watersino.net\/wp-content\/uploads\/2025\/09\/L2186_3.png","type":"image\/png"}],"twitter_card":"summary_large_image","twitter_misc":{"Gesch\u00e4tzte Lesezeit":"1\u00a0Minute"},"schema":{"@context":"https:\/\/schema.org","@graph":[{"@type":"WebPage","@id":"https:\/\/watersino.net\/product\/7-shaped-basin-faucet-watermark-bathroom-hardware-one-stop-service\/","url":"https:\/\/watersino.net\/product\/7-shaped-basin-faucet-watermark-bathroom-hardware-one-stop-service\/","name":"7-f\u00f6rmiger Waschtischhahn Watermark Badezimmer-Hardware One-Stop-Service - Watersino","isPartOf":{"@id":"https:\/\/watersino.net\/#website"},"primaryImageOfPage":{"@id":"https:\/\/watersino.net\/product\/7-shaped-basin-faucet-watermark-bathroom-hardware-one-stop-service\/#primaryimage"},"image":{"@id":"https:\/\/watersino.net\/product\/7-shaped-basin-faucet-watermark-bathroom-hardware-one-stop-service\/#primaryimage"},"thumbnailUrl":"https:\/\/watersino.net\/wp-content\/uploads\/2025\/09\/L2186_3.png","datePublished":"2025-09-18T09:42:16+00:00","dateModified":"2025-12-03T01:12:52+00:00","description":"Waschtischarmaturen mit \u00fcber 30 individuellen Oberfl\u00e4chen. Watermark-zertifizierter Komplettservice f\u00fcr Badezimmer-Hardware f\u00fcr Bauunternehmer und Lieferanten.","breadcrumb":{"@id":"https:\/\/watersino.net\/product\/7-shaped-basin-faucet-watermark-bathroom-hardware-one-stop-service\/#breadcrumb"},"inLanguage":"de","potentialAction":[{"@type":"ReadAction","target":["https:\/\/watersino.net\/product\/7-shaped-basin-faucet-watermark-bathroom-hardware-one-stop-service\/"]}]},{"@type":"ImageObject","inLanguage":"de","@id":"https:\/\/watersino.net\/product\/7-shaped-basin-faucet-watermark-bathroom-hardware-one-stop-service\/#primaryimage","url":"https:\/\/watersino.net\/wp-content\/uploads\/2025\/09\/L2186_3.png","contentUrl":"https:\/\/watersino.net\/wp-content\/uploads\/2025\/09\/L2186_3.png","width":600,"height":600,"caption":"Polished Chrome 7-Shaped Basin Faucet"},{"@type":"BreadcrumbList","@id":"https:\/\/watersino.net\/product\/7-shaped-basin-faucet-watermark-bathroom-hardware-one-stop-service\/#breadcrumb","itemListElement":[{"@type":"ListItem","position":1,"name":"Home","item":"https:\/\/watersino.net\/"},{"@type":"ListItem","position":2,"name":"Product","item":"https:\/\/watersino.net\/product\/"},{"@type":"ListItem","position":3,"name":"7-Shaped Basin Faucet Watermark Bathroom Hardware One-Stop Service"}]},{"@type":"WebSite","@id":"https:\/\/watersino.net\/#website","url":"https:\/\/watersino.net\/","name":"Watersino","description":"","potentialAction":[{"@type":"SearchAction","target":{"@type":"EntryPoint","urlTemplate":"https:\/\/watersino.net\/?s={search_term_string}"},"query-input":{"@type":"PropertyValueSpecification","valueRequired":true,"valueName":"search_term_string"}}],"inLanguage":"de"}]}},"_links":{"self":[{"href":"https:\/\/watersino.net\/de\/wp-json\/wp\/v2\/product\/14320","targetHints":{"allow":["GET"]}}],"collection":[{"href":"https:\/\/watersino.net\/de\/wp-json\/wp\/v2\/product"}],"about":[{"href":"https:\/\/watersino.net\/de\/wp-json\/wp\/v2\/types\/product"}],"wp:featuredmedia":[{"embeddable":true,"href":"https:\/\/watersino.net\/de\/wp-json\/wp\/v2\/media\/14325"}],"wp:attachment":[{"href":"https:\/\/watersino.net\/de\/wp-json\/wp\/v2\/media?parent=14320"}],"wp:term":[{"taxonomy":"product_category","embeddable":true,"href":"https:\/\/watersino.net\/de\/wp-json\/wp\/v2\/product_category?post=14320"},{"taxonomy":"products_tags","embeddable":true,"href":"https:\/\/watersino.net\/de\/wp-json\/wp\/v2\/products_tags?post=14320"}],"curies":[{"name":"wp","href":"https:\/\/api.w.org\/{rel}","templated":true}]}}