{"id":14307,"date":"2025-09-18T08:50:08","date_gmt":"2025-09-18T08:50:08","guid":{"rendered":"https:\/\/watersino.net\/?post_type=product&#038;p=14307"},"modified":"2025-11-29T08:04:24","modified_gmt":"2025-11-29T08:04:24","slug":"oem-odm-custom-factory-lead-free-brass-bathtub-spout","status":"publish","type":"product","link":"https:\/\/watersino.net\/de\/product\/oem-odm-custom-factory-lead-free-brass-bathtub-spout\/","title":{"rendered":"OEM\/ODM Custom Factory Bleifreier Badewannenauslauf aus Messing"},"content":{"rendered":"<ul class=\"wp-block-list\"><\/ul>\n\n\n\n<p>Unser Badewannenhahn ist eine zuverl\u00e4ssige, projektspezifische L\u00f6sung f\u00fcr Bauunternehmer und Lieferanten. Er ist in \u00fcber 30 Ausf\u00fchrungen erh\u00e4ltlich \u2013 von poliert \u00fcber mattschwarz und antikmessing bis hin zu geb\u00fcrstetem Zr-Gold, geb\u00fcrstetem Gunmetal und geb\u00fcrstetem Nickel \u2013 und passt sich so optimal an unterschiedliche Badezimmer-\u00c4sthetiken an. Hergestellt aus korrosionsbest\u00e4ndigen, verschlei\u00dffesten Materialien gew\u00e4hrleistet er eine langfristig stabile Leistung in Badezimmerprojekten im Wohn-, Hotel- oder Gewerbebereich. Gleichzeitig ist er universell mit den meisten Badewannenhahnsystemen kompatibel, was Installation und Bestandsverwaltung vereinfacht.<\/p>\n\n\n\n<p>\u00dcber den Wasserhahn selbst hinaus bieten wir Ihnen einen Komplettservice f\u00fcr Badezimmer-Hardware \u2013 wir optimieren Ihren Beschaffungsprozess durch ein umfassendes Sortiment an aufeinander abgestimmter Badezimmer-Hardware, sodass Sie nicht von mehreren Lieferanten beziehen m\u00fcssen. Dar\u00fcber hinaus verf\u00fcgen wir \u00fcber mehr als 1000 von Watermark zertifizierte Produkte und besitzen weltweit anerkannte Zertifizierungen wie WELS, WRAS, UPC, CE, ACS und SAA \u2013 und garantieren so die Einhaltung regionaler Standards f\u00fcr verschiedene M\u00e4rkte. Wir unterst\u00fctzen Gro\u00dfbestellungen, flexible Individualisierung (Oberfl\u00e4chenanpassung, Gr\u00f6\u00dfenanpassung) und eine konsequente Qualit\u00e4tskontrolle. So k\u00f6nnen Sie enge Projektzeitpl\u00e4ne einhalten, den Beschaffungsaufwand reduzieren und die \u00e4sthetischen und regulatorischen Anforderungen unserer Kunden zuverl\u00e4ssig erf\u00fcllen.<\/p>\n\n\n\n<p><\/p>","protected":false},"featured_media":14311,"template":"","product_category":[57,49,50],"products_tags":[63],"class_list":["post-14307","product","type-product","status-publish","has-post-thumbnail","hentry","product_category-bathroom-faucet","product_category-shower-sets","product_category-bathtub-faucets","products_tags-watermark"],"acf":[],"yoast_head":"<!-- This site is optimized with the Yoast SEO plugin v26.6 - https:\/\/yoast.com\/wordpress\/plugins\/seo\/ -->\n<title>OEM\/ODM Custom Factory Lead-Free Brass Bathtub Spout - Watersino<\/title>\n<meta name=\"description\" content=\"Bathtub Spout Custom Expert: 30+ finishes (Polished Chrome\/Zr Gold Brushed), lead-free brass,urgent Ideal for luxury homes\/hotels!\" \/>\n<meta name=\"robots\" content=\"index, follow, max-snippet:-1, max-image-preview:large, max-video-preview:-1\" \/>\n<link rel=\"canonical\" href=\"https:\/\/watersino.net\/de\/product\/oem-odm-custom-factory-lead-free-brass-bathtub-spout\/\" \/>\n<meta property=\"og:locale\" content=\"de_DE\" \/>\n<meta property=\"og:type\" content=\"article\" \/>\n<meta property=\"og:title\" content=\"OEM\/ODM Custom Factory Lead-Free Brass Bathtub Spout - Watersino\" \/>\n<meta property=\"og:description\" content=\"Bathtub Spout Custom Expert: 30+ finishes (Polished Chrome\/Zr Gold Brushed), lead-free brass,urgent Ideal for luxury homes\/hotels!\" \/>\n<meta property=\"og:url\" content=\"https:\/\/watersino.net\/de\/product\/oem-odm-custom-factory-lead-free-brass-bathtub-spout\/\" \/>\n<meta property=\"og:site_name\" content=\"Watersino\" \/>\n<meta property=\"article:modified_time\" content=\"2025-11-29T08:04:24+00:00\" \/>\n<meta property=\"og:image\" content=\"https:\/\/watersino.net\/wp-content\/uploads\/2025\/09\/L2086_2.png\" \/>\n\t<meta property=\"og:image:width\" content=\"600\" \/>\n\t<meta property=\"og:image:height\" content=\"600\" \/>\n\t<meta property=\"og:image:type\" content=\"image\/png\" \/>\n<meta name=\"twitter:card\" content=\"summary_large_image\" \/>\n<meta name=\"twitter:label1\" content=\"Gesch\u00e4tzte Lesezeit\" \/>\n\t<meta name=\"twitter:data1\" content=\"1\u00a0Minute\" \/>\n<script type=\"application\/ld+json\" class=\"yoast-schema-graph\">{\"@context\":\"https:\/\/schema.org\",\"@graph\":[{\"@type\":\"WebPage\",\"@id\":\"https:\/\/watersino.net\/product\/oem-odm-custom-factory-lead-free-brass-bathtub-spout\/\",\"url\":\"https:\/\/watersino.net\/product\/oem-odm-custom-factory-lead-free-brass-bathtub-spout\/\",\"name\":\"OEM\/ODM Custom Factory Lead-Free Brass Bathtub Spout - Watersino\",\"isPartOf\":{\"@id\":\"https:\/\/watersino.net\/#website\"},\"primaryImageOfPage\":{\"@id\":\"https:\/\/watersino.net\/product\/oem-odm-custom-factory-lead-free-brass-bathtub-spout\/#primaryimage\"},\"image\":{\"@id\":\"https:\/\/watersino.net\/product\/oem-odm-custom-factory-lead-free-brass-bathtub-spout\/#primaryimage\"},\"thumbnailUrl\":\"https:\/\/watersino.net\/wp-content\/uploads\/2025\/09\/L2086_2.png\",\"datePublished\":\"2025-09-18T08:50:08+00:00\",\"dateModified\":\"2025-11-29T08:04:24+00:00\",\"description\":\"Bathtub Spout Custom Expert: 30+ finishes (Polished Chrome\/Zr Gold Brushed), lead-free brass,urgent Ideal for luxury homes\/hotels!\",\"breadcrumb\":{\"@id\":\"https:\/\/watersino.net\/product\/oem-odm-custom-factory-lead-free-brass-bathtub-spout\/#breadcrumb\"},\"inLanguage\":\"de\",\"potentialAction\":[{\"@type\":\"ReadAction\",\"target\":[\"https:\/\/watersino.net\/product\/oem-odm-custom-factory-lead-free-brass-bathtub-spout\/\"]}]},{\"@type\":\"ImageObject\",\"inLanguage\":\"de\",\"@id\":\"https:\/\/watersino.net\/product\/oem-odm-custom-factory-lead-free-brass-bathtub-spout\/#primaryimage\",\"url\":\"https:\/\/watersino.net\/wp-content\/uploads\/2025\/09\/L2086_2.png\",\"contentUrl\":\"https:\/\/watersino.net\/wp-content\/uploads\/2025\/09\/L2086_2.png\",\"width\":600,\"height\":600,\"caption\":\"Brushed Gunmetal Grey-faucet spout\"},{\"@type\":\"BreadcrumbList\",\"@id\":\"https:\/\/watersino.net\/product\/oem-odm-custom-factory-lead-free-brass-bathtub-spout\/#breadcrumb\",\"itemListElement\":[{\"@type\":\"ListItem\",\"position\":1,\"name\":\"Home\",\"item\":\"https:\/\/watersino.net\/\"},{\"@type\":\"ListItem\",\"position\":2,\"name\":\"Product\",\"item\":\"https:\/\/watersino.net\/product\/\"},{\"@type\":\"ListItem\",\"position\":3,\"name\":\"OEM\/ODM Custom Factory Lead-Free Brass Bathtub Spout\"}]},{\"@type\":\"WebSite\",\"@id\":\"https:\/\/watersino.net\/#website\",\"url\":\"https:\/\/watersino.net\/\",\"name\":\"Watersino\",\"description\":\"\",\"potentialAction\":[{\"@type\":\"SearchAction\",\"target\":{\"@type\":\"EntryPoint\",\"urlTemplate\":\"https:\/\/watersino.net\/?s={search_term_string}\"},\"query-input\":{\"@type\":\"PropertyValueSpecification\",\"valueRequired\":true,\"valueName\":\"search_term_string\"}}],\"inLanguage\":\"de\"}]}<\/script>\n<!-- \/ Yoast SEO plugin. -->","yoast_head_json":{"title":"OEM\/ODM Custom Factory Bleifreier Badewannenauslauf aus Messing - Watersino","description":"Badewannenauslauf nach Ma\u00df, Experte: \u00dcber 30 Ausf\u00fchrungen (poliertes Chrom\/geb\u00fcrstetes Zr-Gold), bleifreies Messing, dringend, ideal f\u00fcr Luxush\u00e4user\/Hotels!","robots":{"index":"index","follow":"follow","max-snippet":"max-snippet:-1","max-image-preview":"max-image-preview:large","max-video-preview":"max-video-preview:-1"},"canonical":"https:\/\/watersino.net\/de\/product\/oem-odm-custom-factory-lead-free-brass-bathtub-spout\/","og_locale":"de_DE","og_type":"article","og_title":"OEM\/ODM Custom Factory Lead-Free Brass Bathtub Spout - Watersino","og_description":"Bathtub Spout Custom Expert: 30+ finishes (Polished Chrome\/Zr Gold Brushed), lead-free brass,urgent Ideal for luxury homes\/hotels!","og_url":"https:\/\/watersino.net\/de\/product\/oem-odm-custom-factory-lead-free-brass-bathtub-spout\/","og_site_name":"Watersino","article_modified_time":"2025-11-29T08:04:24+00:00","og_image":[{"width":600,"height":600,"url":"https:\/\/watersino.net\/wp-content\/uploads\/2025\/09\/L2086_2.png","type":"image\/png"}],"twitter_card":"summary_large_image","twitter_misc":{"Gesch\u00e4tzte Lesezeit":"1\u00a0Minute"},"schema":{"@context":"https:\/\/schema.org","@graph":[{"@type":"WebPage","@id":"https:\/\/watersino.net\/product\/oem-odm-custom-factory-lead-free-brass-bathtub-spout\/","url":"https:\/\/watersino.net\/product\/oem-odm-custom-factory-lead-free-brass-bathtub-spout\/","name":"OEM\/ODM Custom Factory Bleifreier Badewannenauslauf aus Messing - Watersino","isPartOf":{"@id":"https:\/\/watersino.net\/#website"},"primaryImageOfPage":{"@id":"https:\/\/watersino.net\/product\/oem-odm-custom-factory-lead-free-brass-bathtub-spout\/#primaryimage"},"image":{"@id":"https:\/\/watersino.net\/product\/oem-odm-custom-factory-lead-free-brass-bathtub-spout\/#primaryimage"},"thumbnailUrl":"https:\/\/watersino.net\/wp-content\/uploads\/2025\/09\/L2086_2.png","datePublished":"2025-09-18T08:50:08+00:00","dateModified":"2025-11-29T08:04:24+00:00","description":"Badewannenauslauf nach Ma\u00df, Experte: \u00dcber 30 Ausf\u00fchrungen (poliertes Chrom\/geb\u00fcrstetes Zr-Gold), bleifreies Messing, dringend, ideal f\u00fcr Luxush\u00e4user\/Hotels!","breadcrumb":{"@id":"https:\/\/watersino.net\/product\/oem-odm-custom-factory-lead-free-brass-bathtub-spout\/#breadcrumb"},"inLanguage":"de","potentialAction":[{"@type":"ReadAction","target":["https:\/\/watersino.net\/product\/oem-odm-custom-factory-lead-free-brass-bathtub-spout\/"]}]},{"@type":"ImageObject","inLanguage":"de","@id":"https:\/\/watersino.net\/product\/oem-odm-custom-factory-lead-free-brass-bathtub-spout\/#primaryimage","url":"https:\/\/watersino.net\/wp-content\/uploads\/2025\/09\/L2086_2.png","contentUrl":"https:\/\/watersino.net\/wp-content\/uploads\/2025\/09\/L2086_2.png","width":600,"height":600,"caption":"Brushed Gunmetal Grey-faucet spout"},{"@type":"BreadcrumbList","@id":"https:\/\/watersino.net\/product\/oem-odm-custom-factory-lead-free-brass-bathtub-spout\/#breadcrumb","itemListElement":[{"@type":"ListItem","position":1,"name":"Home","item":"https:\/\/watersino.net\/"},{"@type":"ListItem","position":2,"name":"Product","item":"https:\/\/watersino.net\/product\/"},{"@type":"ListItem","position":3,"name":"OEM\/ODM Custom Factory Lead-Free Brass Bathtub Spout"}]},{"@type":"WebSite","@id":"https:\/\/watersino.net\/#website","url":"https:\/\/watersino.net\/","name":"Watersino","description":"","potentialAction":[{"@type":"SearchAction","target":{"@type":"EntryPoint","urlTemplate":"https:\/\/watersino.net\/?s={search_term_string}"},"query-input":{"@type":"PropertyValueSpecification","valueRequired":true,"valueName":"search_term_string"}}],"inLanguage":"de"}]}},"_links":{"self":[{"href":"https:\/\/watersino.net\/de\/wp-json\/wp\/v2\/product\/14307","targetHints":{"allow":["GET"]}}],"collection":[{"href":"https:\/\/watersino.net\/de\/wp-json\/wp\/v2\/product"}],"about":[{"href":"https:\/\/watersino.net\/de\/wp-json\/wp\/v2\/types\/product"}],"wp:featuredmedia":[{"embeddable":true,"href":"https:\/\/watersino.net\/de\/wp-json\/wp\/v2\/media\/14311"}],"wp:attachment":[{"href":"https:\/\/watersino.net\/de\/wp-json\/wp\/v2\/media?parent=14307"}],"wp:term":[{"taxonomy":"product_category","embeddable":true,"href":"https:\/\/watersino.net\/de\/wp-json\/wp\/v2\/product_category?post=14307"},{"taxonomy":"products_tags","embeddable":true,"href":"https:\/\/watersino.net\/de\/wp-json\/wp\/v2\/products_tags?post=14307"}],"curies":[{"name":"wp","href":"https:\/\/api.w.org\/{rel}","templated":true}]}}