{"id":14295,"date":"2025-09-18T08:14:25","date_gmt":"2025-09-18T08:14:25","guid":{"rendered":"https:\/\/watersino.net\/?post_type=product&#038;p=14295"},"modified":"2025-09-18T08:14:28","modified_gmt":"2025-09-18T08:14:28","slug":"bath-tub-brushed-nickel-brass-chrome-mixer-freestanding-spout-filler","status":"publish","type":"product","link":"https:\/\/watersino.net\/de\/product\/bath-tub-brushed-nickel-brass-chrome-mixer-freestanding-spout-filler\/","title":{"rendered":"Badewannenarmatur, geb\u00fcrstetes Nickel, Messing, Chrom, freistehender Auslauf"},"content":{"rendered":"<ul class=\"wp-block-list\"><\/ul>\n\n\n\n<p>Dieser Wasserhahn aus bleifreiem Messing zeichnet sich durch hervorragende Korrosionsbest\u00e4ndigkeit und Langlebigkeit aus und erf\u00fcllt die Qualit\u00e4tsstandards f\u00fcr gewerbliche Anwendungen. Er ist fachm\u00e4nnisch konstruiert, um in beiden F\u00e4llen zuverl\u00e4ssige Leistung und zeitlose \u00c4sthetik zu gew\u00e4hrleisten:<\/p>\n\n\n\n<ul class=\"wp-block-list\">\n<li>Luxuri\u00f6se Wohnr\u00e4ume: Steigert das Badeerlebnis in Luxusvillen, Penth\u00e4usern und Premium-Apartments, wo es als Mittelpunkt des Badezimmerdesigns dient.<\/li>\n\n\n\n<li>Hochwertige Gastronomie: H\u00e4lt der h\u00e4ufigen Nutzung in Luxushotels, Boutique-Resorts und gehobenen Spas stand und erf\u00fcllt gleichzeitig die anspruchsvollen \u00e4sthetischen Anspr\u00fcche der Veranstaltungsorte.<\/li>\n<\/ul>\n\n\n\n<p><\/p>","protected":false},"featured_media":14303,"template":"","product_category":[57,50],"products_tags":[63],"class_list":["post-14295","product","type-product","status-publish","has-post-thumbnail","hentry","product_category-bathroom-faucet","product_category-bathtub-faucets","products_tags-watermark"],"acf":[],"yoast_head":"<!-- This site is optimized with the Yoast SEO plugin v26.6 - https:\/\/yoast.com\/wordpress\/plugins\/seo\/ -->\n<title>Bath tub Brushed Nickel Brass Chrome Mixer Freestanding spout filler - Watersino<\/title>\n<meta name=\"description\" content=\"OEM Freestanding Tub Faucet: 30+ durable finishes, lead-free brass, bulk customization &amp; logo engraving for luxury homes\/hotels\" \/>\n<meta name=\"robots\" content=\"index, follow, max-snippet:-1, max-image-preview:large, max-video-preview:-1\" \/>\n<link rel=\"canonical\" href=\"https:\/\/watersino.net\/de\/product\/bath-tub-brushed-nickel-brass-chrome-mixer-freestanding-spout-filler\/\" \/>\n<meta property=\"og:locale\" content=\"de_DE\" \/>\n<meta property=\"og:type\" content=\"article\" \/>\n<meta property=\"og:title\" content=\"Bath tub Brushed Nickel Brass Chrome Mixer Freestanding spout filler - Watersino\" \/>\n<meta property=\"og:description\" content=\"OEM Freestanding Tub Faucet: 30+ durable finishes, lead-free brass, bulk customization &amp; logo engraving for luxury homes\/hotels\" \/>\n<meta property=\"og:url\" content=\"https:\/\/watersino.net\/de\/product\/bath-tub-brushed-nickel-brass-chrome-mixer-freestanding-spout-filler\/\" \/>\n<meta property=\"og:site_name\" content=\"Watersino\" \/>\n<meta property=\"article:modified_time\" content=\"2025-09-18T08:14:28+00:00\" \/>\n<meta property=\"og:image\" content=\"https:\/\/watersino.net\/wp-content\/uploads\/2025\/09\/5086_6.png\" \/>\n\t<meta property=\"og:image:width\" content=\"600\" \/>\n\t<meta property=\"og:image:height\" content=\"600\" \/>\n\t<meta property=\"og:image:type\" content=\"image\/png\" \/>\n<meta name=\"twitter:card\" content=\"summary_large_image\" \/>\n<meta name=\"twitter:label1\" content=\"Gesch\u00e4tzte Lesezeit\" \/>\n\t<meta name=\"twitter:data1\" content=\"1\u00a0Minute\" \/>\n<script type=\"application\/ld+json\" class=\"yoast-schema-graph\">{\"@context\":\"https:\/\/schema.org\",\"@graph\":[{\"@type\":\"WebPage\",\"@id\":\"https:\/\/watersino.net\/product\/bath-tub-brushed-nickel-brass-chrome-mixer-freestanding-spout-filler\/\",\"url\":\"https:\/\/watersino.net\/product\/bath-tub-brushed-nickel-brass-chrome-mixer-freestanding-spout-filler\/\",\"name\":\"Bath tub Brushed Nickel Brass Chrome Mixer Freestanding spout filler - Watersino\",\"isPartOf\":{\"@id\":\"https:\/\/watersino.net\/#website\"},\"primaryImageOfPage\":{\"@id\":\"https:\/\/watersino.net\/product\/bath-tub-brushed-nickel-brass-chrome-mixer-freestanding-spout-filler\/#primaryimage\"},\"image\":{\"@id\":\"https:\/\/watersino.net\/product\/bath-tub-brushed-nickel-brass-chrome-mixer-freestanding-spout-filler\/#primaryimage\"},\"thumbnailUrl\":\"https:\/\/watersino.net\/wp-content\/uploads\/2025\/09\/5086_6.png\",\"datePublished\":\"2025-09-18T08:14:25+00:00\",\"dateModified\":\"2025-09-18T08:14:28+00:00\",\"description\":\"OEM Freestanding Tub Faucet: 30+ durable finishes, lead-free brass, bulk customization & logo engraving for luxury homes\/hotels\",\"breadcrumb\":{\"@id\":\"https:\/\/watersino.net\/product\/bath-tub-brushed-nickel-brass-chrome-mixer-freestanding-spout-filler\/#breadcrumb\"},\"inLanguage\":\"de\",\"potentialAction\":[{\"@type\":\"ReadAction\",\"target\":[\"https:\/\/watersino.net\/product\/bath-tub-brushed-nickel-brass-chrome-mixer-freestanding-spout-filler\/\"]}]},{\"@type\":\"ImageObject\",\"inLanguage\":\"de\",\"@id\":\"https:\/\/watersino.net\/product\/bath-tub-brushed-nickel-brass-chrome-mixer-freestanding-spout-filler\/#primaryimage\",\"url\":\"https:\/\/watersino.net\/wp-content\/uploads\/2025\/09\/5086_6.png\",\"contentUrl\":\"https:\/\/watersino.net\/wp-content\/uploads\/2025\/09\/5086_6.png\",\"width\":600,\"height\":600,\"caption\":\"Brushed NiCkel-OEM Freestanding Bathtub Faucet\"},{\"@type\":\"BreadcrumbList\",\"@id\":\"https:\/\/watersino.net\/product\/bath-tub-brushed-nickel-brass-chrome-mixer-freestanding-spout-filler\/#breadcrumb\",\"itemListElement\":[{\"@type\":\"ListItem\",\"position\":1,\"name\":\"Home\",\"item\":\"https:\/\/watersino.net\/\"},{\"@type\":\"ListItem\",\"position\":2,\"name\":\"Product\",\"item\":\"https:\/\/watersino.net\/product\/\"},{\"@type\":\"ListItem\",\"position\":3,\"name\":\"Bath tub Brushed Nickel Brass Chrome Mixer Freestanding spout filler\"}]},{\"@type\":\"WebSite\",\"@id\":\"https:\/\/watersino.net\/#website\",\"url\":\"https:\/\/watersino.net\/\",\"name\":\"Watersino\",\"description\":\"\",\"potentialAction\":[{\"@type\":\"SearchAction\",\"target\":{\"@type\":\"EntryPoint\",\"urlTemplate\":\"https:\/\/watersino.net\/?s={search_term_string}\"},\"query-input\":{\"@type\":\"PropertyValueSpecification\",\"valueRequired\":true,\"valueName\":\"search_term_string\"}}],\"inLanguage\":\"de\"}]}<\/script>\n<!-- \/ Yoast SEO plugin. -->","yoast_head_json":{"title":"Badewannenarmatur, geb\u00fcrstetes Nickel, Messing, Chrom, freistehender Auslauf, Wassereinlauf \u2013 Watersino","description":"OEM-freistehender Wannenhahn: \u00dcber 30 langlebige Oberfl\u00e4chen, bleifreies Messing, Massenanpassung und Logogravur f\u00fcr Luxush\u00e4user\/-hotels","robots":{"index":"index","follow":"follow","max-snippet":"max-snippet:-1","max-image-preview":"max-image-preview:large","max-video-preview":"max-video-preview:-1"},"canonical":"https:\/\/watersino.net\/de\/product\/bath-tub-brushed-nickel-brass-chrome-mixer-freestanding-spout-filler\/","og_locale":"de_DE","og_type":"article","og_title":"Bath tub Brushed Nickel Brass Chrome Mixer Freestanding spout filler - Watersino","og_description":"OEM Freestanding Tub Faucet: 30+ durable finishes, lead-free brass, bulk customization & logo engraving for luxury homes\/hotels","og_url":"https:\/\/watersino.net\/de\/product\/bath-tub-brushed-nickel-brass-chrome-mixer-freestanding-spout-filler\/","og_site_name":"Watersino","article_modified_time":"2025-09-18T08:14:28+00:00","og_image":[{"width":600,"height":600,"url":"https:\/\/watersino.net\/wp-content\/uploads\/2025\/09\/5086_6.png","type":"image\/png"}],"twitter_card":"summary_large_image","twitter_misc":{"Gesch\u00e4tzte Lesezeit":"1\u00a0Minute"},"schema":{"@context":"https:\/\/schema.org","@graph":[{"@type":"WebPage","@id":"https:\/\/watersino.net\/product\/bath-tub-brushed-nickel-brass-chrome-mixer-freestanding-spout-filler\/","url":"https:\/\/watersino.net\/product\/bath-tub-brushed-nickel-brass-chrome-mixer-freestanding-spout-filler\/","name":"Badewannenarmatur, geb\u00fcrstetes Nickel, Messing, Chrom, freistehender Auslauf, Wassereinlauf \u2013 Watersino","isPartOf":{"@id":"https:\/\/watersino.net\/#website"},"primaryImageOfPage":{"@id":"https:\/\/watersino.net\/product\/bath-tub-brushed-nickel-brass-chrome-mixer-freestanding-spout-filler\/#primaryimage"},"image":{"@id":"https:\/\/watersino.net\/product\/bath-tub-brushed-nickel-brass-chrome-mixer-freestanding-spout-filler\/#primaryimage"},"thumbnailUrl":"https:\/\/watersino.net\/wp-content\/uploads\/2025\/09\/5086_6.png","datePublished":"2025-09-18T08:14:25+00:00","dateModified":"2025-09-18T08:14:28+00:00","description":"OEM-freistehender Wannenhahn: \u00dcber 30 langlebige Oberfl\u00e4chen, bleifreies Messing, Massenanpassung und Logogravur f\u00fcr Luxush\u00e4user\/-hotels","breadcrumb":{"@id":"https:\/\/watersino.net\/product\/bath-tub-brushed-nickel-brass-chrome-mixer-freestanding-spout-filler\/#breadcrumb"},"inLanguage":"de","potentialAction":[{"@type":"ReadAction","target":["https:\/\/watersino.net\/product\/bath-tub-brushed-nickel-brass-chrome-mixer-freestanding-spout-filler\/"]}]},{"@type":"ImageObject","inLanguage":"de","@id":"https:\/\/watersino.net\/product\/bath-tub-brushed-nickel-brass-chrome-mixer-freestanding-spout-filler\/#primaryimage","url":"https:\/\/watersino.net\/wp-content\/uploads\/2025\/09\/5086_6.png","contentUrl":"https:\/\/watersino.net\/wp-content\/uploads\/2025\/09\/5086_6.png","width":600,"height":600,"caption":"Brushed NiCkel-OEM Freestanding Bathtub Faucet"},{"@type":"BreadcrumbList","@id":"https:\/\/watersino.net\/product\/bath-tub-brushed-nickel-brass-chrome-mixer-freestanding-spout-filler\/#breadcrumb","itemListElement":[{"@type":"ListItem","position":1,"name":"Home","item":"https:\/\/watersino.net\/"},{"@type":"ListItem","position":2,"name":"Product","item":"https:\/\/watersino.net\/product\/"},{"@type":"ListItem","position":3,"name":"Bath tub Brushed Nickel Brass Chrome Mixer Freestanding spout filler"}]},{"@type":"WebSite","@id":"https:\/\/watersino.net\/#website","url":"https:\/\/watersino.net\/","name":"Watersino","description":"","potentialAction":[{"@type":"SearchAction","target":{"@type":"EntryPoint","urlTemplate":"https:\/\/watersino.net\/?s={search_term_string}"},"query-input":{"@type":"PropertyValueSpecification","valueRequired":true,"valueName":"search_term_string"}}],"inLanguage":"de"}]}},"_links":{"self":[{"href":"https:\/\/watersino.net\/de\/wp-json\/wp\/v2\/product\/14295","targetHints":{"allow":["GET"]}}],"collection":[{"href":"https:\/\/watersino.net\/de\/wp-json\/wp\/v2\/product"}],"about":[{"href":"https:\/\/watersino.net\/de\/wp-json\/wp\/v2\/types\/product"}],"wp:featuredmedia":[{"embeddable":true,"href":"https:\/\/watersino.net\/de\/wp-json\/wp\/v2\/media\/14303"}],"wp:attachment":[{"href":"https:\/\/watersino.net\/de\/wp-json\/wp\/v2\/media?parent=14295"}],"wp:term":[{"taxonomy":"product_category","embeddable":true,"href":"https:\/\/watersino.net\/de\/wp-json\/wp\/v2\/product_category?post=14295"},{"taxonomy":"products_tags","embeddable":true,"href":"https:\/\/watersino.net\/de\/wp-json\/wp\/v2\/products_tags?post=14295"}],"curies":[{"name":"wp","href":"https:\/\/api.w.org\/{rel}","templated":true}]}}