{"id":14182,"date":"2025-08-23T08:54:16","date_gmt":"2025-08-23T08:54:16","guid":{"rendered":"https:\/\/watersino.net\/?post_type=product&#038;p=14182"},"modified":"2025-11-28T07:18:16","modified_gmt":"2025-11-28T07:18:16","slug":"premium-kitchen-faucet-with-7-years-warranty-deck-mount-installation-factory-direct-supply","status":"publish","type":"product","link":"https:\/\/watersino.net\/de\/product\/premium-kitchen-faucet-with-7-years-warranty-deck-mount-installation-factory-direct-supply\/","title":{"rendered":"Geb\u00fcrsteter bronzegrauer Einhand-K\u00fcchenhahn zum Herunterziehen, OEM-Hersteller"},"content":{"rendered":"<ul class=\"wp-block-list\">\n<li>Fortschrittliche PVD-Beschichtung: Geb\u00fcrstetes bronzegraues Finish mit au\u00dfergew\u00f6hnlicher Korrosions- und Kratzfestigkeit<\/li>\n\n\n\n<li>Premium-Komponenten: Die deutsche Citec-Keramikkartusche sorgt f\u00fcr einen reibungslosen Betrieb und eine auslaufsichere Leistung<\/li>\n\n\n\n<li>Anpassungsservice: \u00dcber 30 Oberfl\u00e4chenoptionen, darunter poliertes Chrom, Mattschwarz, antikes Messing usw.<\/li>\n\n\n\n<li>Qualit\u00e4tssicherung: 7 Jahre Garantie auf Kernkomponenten mit strengen Qualit\u00e4tstests<\/li>\n\n\n\n<li>OEM\/ODM-Support: Benutzerdefinierte Logo-, Verpackungs- und Design\u00e4nderungen verf\u00fcgbar<\/li>\n\n\n\n<li>Globale Standards: Entspricht internationalen Qualit\u00e4ts- und Sicherheitszertifizierungen<\/li>\n<\/ul>","protected":false},"featured_media":14165,"template":"","product_category":[52,53],"products_tags":[63,64],"class_list":["post-14182","product","type-product","status-publish","has-post-thumbnail","hentry","product_category-kitchen","product_category-kitchen-faucet","products_tags-watermark","products_tags-wels"],"acf":[],"yoast_head":"<!-- This site is optimized with the Yoast SEO plugin v26.6 - https:\/\/yoast.com\/wordpress\/plugins\/seo\/ -->\n<title>Brushed Bronze Gray Single Handle Kitchen Pull Down Faucet OEM Manufacturer - Watersino<\/title>\n<meta name=\"description\" content=\"Premium Kitchen Faucet with 7 Years Warranty Deck Mount Installation Citec Cartridge &amp; Neoperl Aerator OEM ManufacturerFactory Direct Supply\" \/>\n<meta name=\"robots\" content=\"index, follow, max-snippet:-1, max-image-preview:large, max-video-preview:-1\" \/>\n<link rel=\"canonical\" href=\"https:\/\/watersino.net\/de\/product\/premium-kitchen-faucet-with-7-years-warranty-deck-mount-installation-factory-direct-supply\/\" \/>\n<meta property=\"og:locale\" content=\"de_DE\" \/>\n<meta property=\"og:type\" content=\"article\" \/>\n<meta property=\"og:title\" content=\"Brushed Bronze Gray Single Handle Kitchen Pull Down Faucet OEM Manufacturer - Watersino\" \/>\n<meta property=\"og:description\" content=\"Premium Kitchen Faucet with 7 Years Warranty Deck Mount Installation Citec Cartridge &amp; Neoperl Aerator OEM ManufacturerFactory Direct Supply\" \/>\n<meta property=\"og:url\" content=\"https:\/\/watersino.net\/de\/product\/premium-kitchen-faucet-with-7-years-warranty-deck-mount-installation-factory-direct-supply\/\" \/>\n<meta property=\"og:site_name\" content=\"Watersino\" \/>\n<meta property=\"article:modified_time\" content=\"2025-11-28T07:18:16+00:00\" \/>\n<meta property=\"og:image\" content=\"https:\/\/watersino.net\/wp-content\/uploads\/2025\/08\/WK875BS.png\" \/>\n\t<meta property=\"og:image:width\" content=\"600\" \/>\n\t<meta property=\"og:image:height\" content=\"600\" \/>\n\t<meta property=\"og:image:type\" content=\"image\/png\" \/>\n<meta name=\"twitter:card\" content=\"summary_large_image\" \/>\n<meta name=\"twitter:label1\" content=\"Gesch\u00e4tzte Lesezeit\" \/>\n\t<meta name=\"twitter:data1\" content=\"1\u00a0Minute\" \/>\n<script type=\"application\/ld+json\" class=\"yoast-schema-graph\">{\"@context\":\"https:\/\/schema.org\",\"@graph\":[{\"@type\":\"WebPage\",\"@id\":\"https:\/\/watersino.net\/product\/premium-kitchen-faucet-with-7-years-warranty-deck-mount-installation-factory-direct-supply\/\",\"url\":\"https:\/\/watersino.net\/product\/premium-kitchen-faucet-with-7-years-warranty-deck-mount-installation-factory-direct-supply\/\",\"name\":\"Brushed Bronze Gray Single Handle Kitchen Pull Down Faucet OEM Manufacturer - Watersino\",\"isPartOf\":{\"@id\":\"https:\/\/watersino.net\/#website\"},\"primaryImageOfPage\":{\"@id\":\"https:\/\/watersino.net\/product\/premium-kitchen-faucet-with-7-years-warranty-deck-mount-installation-factory-direct-supply\/#primaryimage\"},\"image\":{\"@id\":\"https:\/\/watersino.net\/product\/premium-kitchen-faucet-with-7-years-warranty-deck-mount-installation-factory-direct-supply\/#primaryimage\"},\"thumbnailUrl\":\"https:\/\/watersino.net\/wp-content\/uploads\/2025\/08\/WK875BS.png\",\"datePublished\":\"2025-08-23T08:54:16+00:00\",\"dateModified\":\"2025-11-28T07:18:16+00:00\",\"description\":\"Premium Kitchen Faucet with 7 Years Warranty Deck Mount Installation Citec Cartridge & Neoperl Aerator OEM ManufacturerFactory Direct Supply\",\"breadcrumb\":{\"@id\":\"https:\/\/watersino.net\/product\/premium-kitchen-faucet-with-7-years-warranty-deck-mount-installation-factory-direct-supply\/#breadcrumb\"},\"inLanguage\":\"de\",\"potentialAction\":[{\"@type\":\"ReadAction\",\"target\":[\"https:\/\/watersino.net\/product\/premium-kitchen-faucet-with-7-years-warranty-deck-mount-installation-factory-direct-supply\/\"]}]},{\"@type\":\"ImageObject\",\"inLanguage\":\"de\",\"@id\":\"https:\/\/watersino.net\/product\/premium-kitchen-faucet-with-7-years-warranty-deck-mount-installation-factory-direct-supply\/#primaryimage\",\"url\":\"https:\/\/watersino.net\/wp-content\/uploads\/2025\/08\/WK875BS.png\",\"contentUrl\":\"https:\/\/watersino.net\/wp-content\/uploads\/2025\/08\/WK875BS.png\",\"width\":600,\"height\":600,\"caption\":\"Brushed Gunmetal Grey-Single handle kitchen faucet\"},{\"@type\":\"BreadcrumbList\",\"@id\":\"https:\/\/watersino.net\/product\/premium-kitchen-faucet-with-7-years-warranty-deck-mount-installation-factory-direct-supply\/#breadcrumb\",\"itemListElement\":[{\"@type\":\"ListItem\",\"position\":1,\"name\":\"Home\",\"item\":\"https:\/\/watersino.net\/\"},{\"@type\":\"ListItem\",\"position\":2,\"name\":\"Product\",\"item\":\"https:\/\/watersino.net\/product\/\"},{\"@type\":\"ListItem\",\"position\":3,\"name\":\"Brushed Bronze Gray Single Handle Kitchen Pull Down Faucet OEM Manufacturer\"}]},{\"@type\":\"WebSite\",\"@id\":\"https:\/\/watersino.net\/#website\",\"url\":\"https:\/\/watersino.net\/\",\"name\":\"Watersino\",\"description\":\"\",\"potentialAction\":[{\"@type\":\"SearchAction\",\"target\":{\"@type\":\"EntryPoint\",\"urlTemplate\":\"https:\/\/watersino.net\/?s={search_term_string}\"},\"query-input\":{\"@type\":\"PropertyValueSpecification\",\"valueRequired\":true,\"valueName\":\"search_term_string\"}}],\"inLanguage\":\"de\"}]}<\/script>\n<!-- \/ Yoast SEO plugin. -->","yoast_head_json":{"title":"Geb\u00fcrsteter bronzegrauer Einhebel-K\u00fcchenhahn zum Herunterziehen, OEM-Hersteller - Watersino","description":"Premium-K\u00fcchenarmatur mit 7 Jahren Garantie, Deckmontage, Citec-Kartusche und Neoperl-Luftsprudler, OEM-Hersteller, Direktlieferung ab Werk","robots":{"index":"index","follow":"follow","max-snippet":"max-snippet:-1","max-image-preview":"max-image-preview:large","max-video-preview":"max-video-preview:-1"},"canonical":"https:\/\/watersino.net\/de\/product\/premium-kitchen-faucet-with-7-years-warranty-deck-mount-installation-factory-direct-supply\/","og_locale":"de_DE","og_type":"article","og_title":"Brushed Bronze Gray Single Handle Kitchen Pull Down Faucet OEM Manufacturer - Watersino","og_description":"Premium Kitchen Faucet with 7 Years Warranty Deck Mount Installation Citec Cartridge & Neoperl Aerator OEM ManufacturerFactory Direct Supply","og_url":"https:\/\/watersino.net\/de\/product\/premium-kitchen-faucet-with-7-years-warranty-deck-mount-installation-factory-direct-supply\/","og_site_name":"Watersino","article_modified_time":"2025-11-28T07:18:16+00:00","og_image":[{"width":600,"height":600,"url":"https:\/\/watersino.net\/wp-content\/uploads\/2025\/08\/WK875BS.png","type":"image\/png"}],"twitter_card":"summary_large_image","twitter_misc":{"Gesch\u00e4tzte Lesezeit":"1\u00a0Minute"},"schema":{"@context":"https:\/\/schema.org","@graph":[{"@type":"WebPage","@id":"https:\/\/watersino.net\/product\/premium-kitchen-faucet-with-7-years-warranty-deck-mount-installation-factory-direct-supply\/","url":"https:\/\/watersino.net\/product\/premium-kitchen-faucet-with-7-years-warranty-deck-mount-installation-factory-direct-supply\/","name":"Geb\u00fcrsteter bronzegrauer Einhebel-K\u00fcchenhahn zum Herunterziehen, OEM-Hersteller - Watersino","isPartOf":{"@id":"https:\/\/watersino.net\/#website"},"primaryImageOfPage":{"@id":"https:\/\/watersino.net\/product\/premium-kitchen-faucet-with-7-years-warranty-deck-mount-installation-factory-direct-supply\/#primaryimage"},"image":{"@id":"https:\/\/watersino.net\/product\/premium-kitchen-faucet-with-7-years-warranty-deck-mount-installation-factory-direct-supply\/#primaryimage"},"thumbnailUrl":"https:\/\/watersino.net\/wp-content\/uploads\/2025\/08\/WK875BS.png","datePublished":"2025-08-23T08:54:16+00:00","dateModified":"2025-11-28T07:18:16+00:00","description":"Premium-K\u00fcchenarmatur mit 7 Jahren Garantie, Deckmontage, Citec-Kartusche und Neoperl-Luftsprudler, OEM-Hersteller, Direktlieferung ab Werk","breadcrumb":{"@id":"https:\/\/watersino.net\/product\/premium-kitchen-faucet-with-7-years-warranty-deck-mount-installation-factory-direct-supply\/#breadcrumb"},"inLanguage":"de","potentialAction":[{"@type":"ReadAction","target":["https:\/\/watersino.net\/product\/premium-kitchen-faucet-with-7-years-warranty-deck-mount-installation-factory-direct-supply\/"]}]},{"@type":"ImageObject","inLanguage":"de","@id":"https:\/\/watersino.net\/product\/premium-kitchen-faucet-with-7-years-warranty-deck-mount-installation-factory-direct-supply\/#primaryimage","url":"https:\/\/watersino.net\/wp-content\/uploads\/2025\/08\/WK875BS.png","contentUrl":"https:\/\/watersino.net\/wp-content\/uploads\/2025\/08\/WK875BS.png","width":600,"height":600,"caption":"Brushed Gunmetal Grey-Single handle kitchen faucet"},{"@type":"BreadcrumbList","@id":"https:\/\/watersino.net\/product\/premium-kitchen-faucet-with-7-years-warranty-deck-mount-installation-factory-direct-supply\/#breadcrumb","itemListElement":[{"@type":"ListItem","position":1,"name":"Home","item":"https:\/\/watersino.net\/"},{"@type":"ListItem","position":2,"name":"Product","item":"https:\/\/watersino.net\/product\/"},{"@type":"ListItem","position":3,"name":"Brushed Bronze Gray Single Handle Kitchen Pull Down Faucet OEM Manufacturer"}]},{"@type":"WebSite","@id":"https:\/\/watersino.net\/#website","url":"https:\/\/watersino.net\/","name":"Watersino","description":"","potentialAction":[{"@type":"SearchAction","target":{"@type":"EntryPoint","urlTemplate":"https:\/\/watersino.net\/?s={search_term_string}"},"query-input":{"@type":"PropertyValueSpecification","valueRequired":true,"valueName":"search_term_string"}}],"inLanguage":"de"}]}},"_links":{"self":[{"href":"https:\/\/watersino.net\/de\/wp-json\/wp\/v2\/product\/14182","targetHints":{"allow":["GET"]}}],"collection":[{"href":"https:\/\/watersino.net\/de\/wp-json\/wp\/v2\/product"}],"about":[{"href":"https:\/\/watersino.net\/de\/wp-json\/wp\/v2\/types\/product"}],"wp:featuredmedia":[{"embeddable":true,"href":"https:\/\/watersino.net\/de\/wp-json\/wp\/v2\/media\/14165"}],"wp:attachment":[{"href":"https:\/\/watersino.net\/de\/wp-json\/wp\/v2\/media?parent=14182"}],"wp:term":[{"taxonomy":"product_category","embeddable":true,"href":"https:\/\/watersino.net\/de\/wp-json\/wp\/v2\/product_category?post=14182"},{"taxonomy":"products_tags","embeddable":true,"href":"https:\/\/watersino.net\/de\/wp-json\/wp\/v2\/products_tags?post=14182"}],"curies":[{"name":"wp","href":"https:\/\/api.w.org\/{rel}","templated":true}]}}