{"id":14161,"date":"2025-08-23T08:45:07","date_gmt":"2025-08-23T08:45:07","guid":{"rendered":"https:\/\/watersino.net\/?post_type=product&#038;p=14161"},"modified":"2025-11-28T07:18:24","modified_gmt":"2025-11-28T07:18:24","slug":"deck-mount-pull-down-kitchen-faucet-brass-with-citec-cartridge","status":"publish","type":"product","link":"https:\/\/watersino.net\/de\/product\/deck-mount-pull-down-kitchen-faucet-brass-with-citec-cartridge\/","title":{"rendered":"Ausziehbarer K\u00fcchenarmatur aus Messing f\u00fcr die Deckmontage mit Citec-Kartusche"},"content":{"rendered":"<p>Professioneller Hersteller hochwertiger K\u00fcchenarmaturen mit:<\/p>\n\n\n\n<ul class=\"wp-block-list\">\n<li>Einhebel-Deckmontagedesign mit hochgew\u00f6lbtem Auslauf<\/li>\n\n\n\n<li>Deutsche Citec-Keramikkartusche f\u00fcr reibungslosen Betrieb<\/li>\n\n\n\n<li>Schweizer Neoperl-Luftsprudler f\u00fcr wassersparende Leistung<\/li>\n\n\n\n<li>Massive Messingkonstruktion mit \u00fcber 30 Oberfl\u00e4chenoptionen<\/li>\n\n\n\n<li>7 Jahre Garantie auf Hauptkomponenten<\/li>\n\n\n\n<li>OEM\/ODM-Dienste mit kundenspezifischer Verpackung<\/li>\n\n\n\n<li>Mengenrabatte und zuverl\u00e4ssige Lieferkette<\/li>\n<\/ul>","protected":false},"featured_media":14162,"template":"","product_category":[52,53],"products_tags":[63,64],"class_list":["post-14161","product","type-product","status-publish","has-post-thumbnail","hentry","product_category-kitchen","product_category-kitchen-faucet","products_tags-watermark","products_tags-wels"],"acf":[],"yoast_head":"<!-- This site is optimized with the Yoast SEO plugin v26.6 - https:\/\/yoast.com\/wordpress\/plugins\/seo\/ -->\n<title>Deck Mount Pull Down Kitchen Faucet Brass with Citec Cartridge - Watersino<\/title>\n<meta name=\"description\" content=\"Modern Black Faucet with Ceramic Cartridge Custom Logo Acceptable Factory Direct Price 15 years warranty for main body\" \/>\n<meta name=\"robots\" content=\"index, follow, max-snippet:-1, max-image-preview:large, max-video-preview:-1\" \/>\n<link rel=\"canonical\" href=\"https:\/\/watersino.net\/de\/product\/deck-mount-pull-down-kitchen-faucet-brass-with-citec-cartridge\/\" \/>\n<meta property=\"og:locale\" content=\"de_DE\" \/>\n<meta property=\"og:type\" content=\"article\" \/>\n<meta property=\"og:title\" content=\"Deck Mount Pull Down Kitchen Faucet Brass with Citec Cartridge - Watersino\" \/>\n<meta property=\"og:description\" content=\"Modern Black Faucet with Ceramic Cartridge Custom Logo Acceptable Factory Direct Price 15 years warranty for main body\" \/>\n<meta property=\"og:url\" content=\"https:\/\/watersino.net\/de\/product\/deck-mount-pull-down-kitchen-faucet-brass-with-citec-cartridge\/\" \/>\n<meta property=\"og:site_name\" content=\"Watersino\" \/>\n<meta property=\"article:modified_time\" content=\"2025-11-28T07:18:24+00:00\" \/>\n<meta property=\"og:image\" content=\"https:\/\/watersino.net\/wp-content\/uploads\/2025\/08\/WK875BG.png\" \/>\n\t<meta property=\"og:image:width\" content=\"600\" \/>\n\t<meta property=\"og:image:height\" content=\"600\" \/>\n\t<meta property=\"og:image:type\" content=\"image\/png\" \/>\n<meta name=\"twitter:card\" content=\"summary_large_image\" \/>\n<meta name=\"twitter:label1\" content=\"Gesch\u00e4tzte Lesezeit\" \/>\n\t<meta name=\"twitter:data1\" content=\"1\u00a0Minute\" \/>\n<script type=\"application\/ld+json\" class=\"yoast-schema-graph\">{\"@context\":\"https:\/\/schema.org\",\"@graph\":[{\"@type\":\"WebPage\",\"@id\":\"https:\/\/watersino.net\/product\/deck-mount-pull-down-kitchen-faucet-brass-with-citec-cartridge\/\",\"url\":\"https:\/\/watersino.net\/product\/deck-mount-pull-down-kitchen-faucet-brass-with-citec-cartridge\/\",\"name\":\"Deck Mount Pull Down Kitchen Faucet Brass with Citec Cartridge - Watersino\",\"isPartOf\":{\"@id\":\"https:\/\/watersino.net\/#website\"},\"primaryImageOfPage\":{\"@id\":\"https:\/\/watersino.net\/product\/deck-mount-pull-down-kitchen-faucet-brass-with-citec-cartridge\/#primaryimage\"},\"image\":{\"@id\":\"https:\/\/watersino.net\/product\/deck-mount-pull-down-kitchen-faucet-brass-with-citec-cartridge\/#primaryimage\"},\"thumbnailUrl\":\"https:\/\/watersino.net\/wp-content\/uploads\/2025\/08\/WK875BG.png\",\"datePublished\":\"2025-08-23T08:45:07+00:00\",\"dateModified\":\"2025-11-28T07:18:24+00:00\",\"description\":\"Modern Black Faucet with Ceramic Cartridge Custom Logo Acceptable Factory Direct Price 15 years warranty for main body\",\"breadcrumb\":{\"@id\":\"https:\/\/watersino.net\/product\/deck-mount-pull-down-kitchen-faucet-brass-with-citec-cartridge\/#breadcrumb\"},\"inLanguage\":\"de\",\"potentialAction\":[{\"@type\":\"ReadAction\",\"target\":[\"https:\/\/watersino.net\/product\/deck-mount-pull-down-kitchen-faucet-brass-with-citec-cartridge\/\"]}]},{\"@type\":\"ImageObject\",\"inLanguage\":\"de\",\"@id\":\"https:\/\/watersino.net\/product\/deck-mount-pull-down-kitchen-faucet-brass-with-citec-cartridge\/#primaryimage\",\"url\":\"https:\/\/watersino.net\/wp-content\/uploads\/2025\/08\/WK875BG.png\",\"contentUrl\":\"https:\/\/watersino.net\/wp-content\/uploads\/2025\/08\/WK875BG.png\",\"width\":600,\"height\":600,\"caption\":\"Brushed Gold Single handle kitchen faucet\"},{\"@type\":\"BreadcrumbList\",\"@id\":\"https:\/\/watersino.net\/product\/deck-mount-pull-down-kitchen-faucet-brass-with-citec-cartridge\/#breadcrumb\",\"itemListElement\":[{\"@type\":\"ListItem\",\"position\":1,\"name\":\"Home\",\"item\":\"https:\/\/watersino.net\/\"},{\"@type\":\"ListItem\",\"position\":2,\"name\":\"Product\",\"item\":\"https:\/\/watersino.net\/product\/\"},{\"@type\":\"ListItem\",\"position\":3,\"name\":\"Deck Mount Pull Down Kitchen Faucet Brass with Citec Cartridge\"}]},{\"@type\":\"WebSite\",\"@id\":\"https:\/\/watersino.net\/#website\",\"url\":\"https:\/\/watersino.net\/\",\"name\":\"Watersino\",\"description\":\"\",\"potentialAction\":[{\"@type\":\"SearchAction\",\"target\":{\"@type\":\"EntryPoint\",\"urlTemplate\":\"https:\/\/watersino.net\/?s={search_term_string}\"},\"query-input\":{\"@type\":\"PropertyValueSpecification\",\"valueRequired\":true,\"valueName\":\"search_term_string\"}}],\"inLanguage\":\"de\"}]}<\/script>\n<!-- \/ Yoast SEO plugin. -->","yoast_head_json":{"title":"Ausziehbarer K\u00fcchenhahn aus Messing f\u00fcr die Deckmontage mit Citec-Kartusche \u2013 Watersino","description":"Moderner schwarzer Wasserhahn mit Keramikkartusche. Benutzerdefiniertes Logo. Akzeptabler Direktpreis ab Werk. 15 Jahre Garantie auf den Hauptk\u00f6rper.","robots":{"index":"index","follow":"follow","max-snippet":"max-snippet:-1","max-image-preview":"max-image-preview:large","max-video-preview":"max-video-preview:-1"},"canonical":"https:\/\/watersino.net\/de\/product\/deck-mount-pull-down-kitchen-faucet-brass-with-citec-cartridge\/","og_locale":"de_DE","og_type":"article","og_title":"Deck Mount Pull Down Kitchen Faucet Brass with Citec Cartridge - Watersino","og_description":"Modern Black Faucet with Ceramic Cartridge Custom Logo Acceptable Factory Direct Price 15 years warranty for main body","og_url":"https:\/\/watersino.net\/de\/product\/deck-mount-pull-down-kitchen-faucet-brass-with-citec-cartridge\/","og_site_name":"Watersino","article_modified_time":"2025-11-28T07:18:24+00:00","og_image":[{"width":600,"height":600,"url":"https:\/\/watersino.net\/wp-content\/uploads\/2025\/08\/WK875BG.png","type":"image\/png"}],"twitter_card":"summary_large_image","twitter_misc":{"Gesch\u00e4tzte Lesezeit":"1\u00a0Minute"},"schema":{"@context":"https:\/\/schema.org","@graph":[{"@type":"WebPage","@id":"https:\/\/watersino.net\/product\/deck-mount-pull-down-kitchen-faucet-brass-with-citec-cartridge\/","url":"https:\/\/watersino.net\/product\/deck-mount-pull-down-kitchen-faucet-brass-with-citec-cartridge\/","name":"Ausziehbarer K\u00fcchenhahn aus Messing f\u00fcr die Deckmontage mit Citec-Kartusche \u2013 Watersino","isPartOf":{"@id":"https:\/\/watersino.net\/#website"},"primaryImageOfPage":{"@id":"https:\/\/watersino.net\/product\/deck-mount-pull-down-kitchen-faucet-brass-with-citec-cartridge\/#primaryimage"},"image":{"@id":"https:\/\/watersino.net\/product\/deck-mount-pull-down-kitchen-faucet-brass-with-citec-cartridge\/#primaryimage"},"thumbnailUrl":"https:\/\/watersino.net\/wp-content\/uploads\/2025\/08\/WK875BG.png","datePublished":"2025-08-23T08:45:07+00:00","dateModified":"2025-11-28T07:18:24+00:00","description":"Moderner schwarzer Wasserhahn mit Keramikkartusche. Benutzerdefiniertes Logo. Akzeptabler Direktpreis ab Werk. 15 Jahre Garantie auf den Hauptk\u00f6rper.","breadcrumb":{"@id":"https:\/\/watersino.net\/product\/deck-mount-pull-down-kitchen-faucet-brass-with-citec-cartridge\/#breadcrumb"},"inLanguage":"de","potentialAction":[{"@type":"ReadAction","target":["https:\/\/watersino.net\/product\/deck-mount-pull-down-kitchen-faucet-brass-with-citec-cartridge\/"]}]},{"@type":"ImageObject","inLanguage":"de","@id":"https:\/\/watersino.net\/product\/deck-mount-pull-down-kitchen-faucet-brass-with-citec-cartridge\/#primaryimage","url":"https:\/\/watersino.net\/wp-content\/uploads\/2025\/08\/WK875BG.png","contentUrl":"https:\/\/watersino.net\/wp-content\/uploads\/2025\/08\/WK875BG.png","width":600,"height":600,"caption":"Brushed Gold Single handle kitchen faucet"},{"@type":"BreadcrumbList","@id":"https:\/\/watersino.net\/product\/deck-mount-pull-down-kitchen-faucet-brass-with-citec-cartridge\/#breadcrumb","itemListElement":[{"@type":"ListItem","position":1,"name":"Home","item":"https:\/\/watersino.net\/"},{"@type":"ListItem","position":2,"name":"Product","item":"https:\/\/watersino.net\/product\/"},{"@type":"ListItem","position":3,"name":"Deck Mount Pull Down Kitchen Faucet Brass with Citec Cartridge"}]},{"@type":"WebSite","@id":"https:\/\/watersino.net\/#website","url":"https:\/\/watersino.net\/","name":"Watersino","description":"","potentialAction":[{"@type":"SearchAction","target":{"@type":"EntryPoint","urlTemplate":"https:\/\/watersino.net\/?s={search_term_string}"},"query-input":{"@type":"PropertyValueSpecification","valueRequired":true,"valueName":"search_term_string"}}],"inLanguage":"de"}]}},"_links":{"self":[{"href":"https:\/\/watersino.net\/de\/wp-json\/wp\/v2\/product\/14161","targetHints":{"allow":["GET"]}}],"collection":[{"href":"https:\/\/watersino.net\/de\/wp-json\/wp\/v2\/product"}],"about":[{"href":"https:\/\/watersino.net\/de\/wp-json\/wp\/v2\/types\/product"}],"wp:featuredmedia":[{"embeddable":true,"href":"https:\/\/watersino.net\/de\/wp-json\/wp\/v2\/media\/14162"}],"wp:attachment":[{"href":"https:\/\/watersino.net\/de\/wp-json\/wp\/v2\/media?parent=14161"}],"wp:term":[{"taxonomy":"product_category","embeddable":true,"href":"https:\/\/watersino.net\/de\/wp-json\/wp\/v2\/product_category?post=14161"},{"taxonomy":"products_tags","embeddable":true,"href":"https:\/\/watersino.net\/de\/wp-json\/wp\/v2\/products_tags?post=14161"}],"curies":[{"name":"wp","href":"https:\/\/api.w.org\/{rel}","templated":true}]}}