{"id":14145,"date":"2025-08-22T08:55:25","date_gmt":"2025-08-22T08:55:25","guid":{"rendered":"https:\/\/watersino.net\/?post_type=product&#038;p=14145"},"modified":"2025-11-29T01:45:29","modified_gmt":"2025-11-29T01:45:29","slug":"deck-mount-vanity-mixer-tap-short-spout-bathroom-faucet","status":"publish","type":"product","link":"https:\/\/watersino.net\/de\/product\/deck-mount-vanity-mixer-tap-short-spout-bathroom-faucet\/","title":{"rendered":"Deck Mount Waschtisch-Mischbatterie Kurzer Auslauf Badezimmer Wasserhahn"},"content":{"rendered":"<p>Das benutzerfreundliche Design mit niedrigem Fu\u00df passt sich nahtlos an verschiedene Waschbecken an. Der elegant geschwungene Auslauf ist perfekt auf flache Becken\u00f6ffnungen zugeschnitten und verhindert effektiv Spritzwasser.<\/p>\n\n\n\n<p>Die Oberfl\u00e4che in edlem geb\u00fcrstetem Bronzegrau besticht durch einen dezenten, modernen Glanz, der Fingerabdr\u00fccken und Wasserflecken widersteht. Dieser edle, verwitterte Grauton verleiht modernen Industriecharme und dezenten Luxus und ist damit die perfekte Wahl f\u00fcr moderne, minimalistische und industriell gestaltete Badezimmer.<\/p>","protected":false},"featured_media":14135,"template":"","product_category":[57,84],"products_tags":[63,64],"class_list":["post-14145","product","type-product","status-publish","has-post-thumbnail","hentry","product_category-bathroom-faucet","product_category-short-deck-mounted-faucet","products_tags-watermark","products_tags-wels"],"acf":[],"yoast_head":"<!-- This site is optimized with the Yoast SEO plugin v26.6 - https:\/\/yoast.com\/wordpress\/plugins\/seo\/ -->\n<title>Deck Mount Vanity Mixer Tap Short Spout Bathroom Faucet - Watersino<\/title>\n<meta name=\"description\" content=\"The main body is made of high-density fine copper casting, heavy and solid. Lead-free and passed the salt spray test for more than 24 hours\" \/>\n<meta name=\"robots\" content=\"index, follow, max-snippet:-1, max-image-preview:large, max-video-preview:-1\" \/>\n<link rel=\"canonical\" href=\"https:\/\/watersino.net\/de\/product\/deck-mount-vanity-mixer-tap-short-spout-bathroom-faucet\/\" \/>\n<meta property=\"og:locale\" content=\"de_DE\" \/>\n<meta property=\"og:type\" content=\"article\" \/>\n<meta property=\"og:title\" content=\"Deck Mount Vanity Mixer Tap Short Spout Bathroom Faucet - Watersino\" \/>\n<meta property=\"og:description\" content=\"The main body is made of high-density fine copper casting, heavy and solid. Lead-free and passed the salt spray test for more than 24 hours\" \/>\n<meta property=\"og:url\" content=\"https:\/\/watersino.net\/de\/product\/deck-mount-vanity-mixer-tap-short-spout-bathroom-faucet\/\" \/>\n<meta property=\"og:site_name\" content=\"Watersino\" \/>\n<meta property=\"article:modified_time\" content=\"2025-11-29T01:45:29+00:00\" \/>\n<meta property=\"og:image\" content=\"https:\/\/watersino.net\/wp-content\/uploads\/2025\/08\/WB871BS.png\" \/>\n\t<meta property=\"og:image:width\" content=\"600\" \/>\n\t<meta property=\"og:image:height\" content=\"600\" \/>\n\t<meta property=\"og:image:type\" content=\"image\/png\" \/>\n<meta name=\"twitter:card\" content=\"summary_large_image\" \/>\n<meta name=\"twitter:label1\" content=\"Gesch\u00e4tzte Lesezeit\" \/>\n\t<meta name=\"twitter:data1\" content=\"1\u00a0Minute\" \/>\n<script type=\"application\/ld+json\" class=\"yoast-schema-graph\">{\"@context\":\"https:\/\/schema.org\",\"@graph\":[{\"@type\":\"WebPage\",\"@id\":\"https:\/\/watersino.net\/product\/deck-mount-vanity-mixer-tap-short-spout-bathroom-faucet\/\",\"url\":\"https:\/\/watersino.net\/product\/deck-mount-vanity-mixer-tap-short-spout-bathroom-faucet\/\",\"name\":\"Deck Mount Vanity Mixer Tap Short Spout Bathroom Faucet - Watersino\",\"isPartOf\":{\"@id\":\"https:\/\/watersino.net\/#website\"},\"primaryImageOfPage\":{\"@id\":\"https:\/\/watersino.net\/product\/deck-mount-vanity-mixer-tap-short-spout-bathroom-faucet\/#primaryimage\"},\"image\":{\"@id\":\"https:\/\/watersino.net\/product\/deck-mount-vanity-mixer-tap-short-spout-bathroom-faucet\/#primaryimage\"},\"thumbnailUrl\":\"https:\/\/watersino.net\/wp-content\/uploads\/2025\/08\/WB871BS.png\",\"datePublished\":\"2025-08-22T08:55:25+00:00\",\"dateModified\":\"2025-11-29T01:45:29+00:00\",\"description\":\"The main body is made of high-density fine copper casting, heavy and solid. Lead-free and passed the salt spray test for more than 24 hours\",\"breadcrumb\":{\"@id\":\"https:\/\/watersino.net\/product\/deck-mount-vanity-mixer-tap-short-spout-bathroom-faucet\/#breadcrumb\"},\"inLanguage\":\"de\",\"potentialAction\":[{\"@type\":\"ReadAction\",\"target\":[\"https:\/\/watersino.net\/product\/deck-mount-vanity-mixer-tap-short-spout-bathroom-faucet\/\"]}]},{\"@type\":\"ImageObject\",\"inLanguage\":\"de\",\"@id\":\"https:\/\/watersino.net\/product\/deck-mount-vanity-mixer-tap-short-spout-bathroom-faucet\/#primaryimage\",\"url\":\"https:\/\/watersino.net\/wp-content\/uploads\/2025\/08\/WB871BS.png\",\"contentUrl\":\"https:\/\/watersino.net\/wp-content\/uploads\/2025\/08\/WB871BS.png\",\"width\":600,\"height\":600,\"caption\":\"Brushed Gunmetal Grey-Low-Foot Curved Spout Basin Faucet\"},{\"@type\":\"BreadcrumbList\",\"@id\":\"https:\/\/watersino.net\/product\/deck-mount-vanity-mixer-tap-short-spout-bathroom-faucet\/#breadcrumb\",\"itemListElement\":[{\"@type\":\"ListItem\",\"position\":1,\"name\":\"Home\",\"item\":\"https:\/\/watersino.net\/\"},{\"@type\":\"ListItem\",\"position\":2,\"name\":\"Product\",\"item\":\"https:\/\/watersino.net\/product\/\"},{\"@type\":\"ListItem\",\"position\":3,\"name\":\"Deck Mount Vanity Mixer Tap Short Spout Bathroom Faucet\"}]},{\"@type\":\"WebSite\",\"@id\":\"https:\/\/watersino.net\/#website\",\"url\":\"https:\/\/watersino.net\/\",\"name\":\"Watersino\",\"description\":\"\",\"potentialAction\":[{\"@type\":\"SearchAction\",\"target\":{\"@type\":\"EntryPoint\",\"urlTemplate\":\"https:\/\/watersino.net\/?s={search_term_string}\"},\"query-input\":{\"@type\":\"PropertyValueSpecification\",\"valueRequired\":true,\"valueName\":\"search_term_string\"}}],\"inLanguage\":\"de\"}]}<\/script>\n<!-- \/ Yoast SEO plugin. -->","yoast_head_json":{"title":"Waschtisch-Mischbatterie f\u00fcr Deckmontage, kurzer Auslauf, Badezimmerarmatur \u2013 Watersino","description":"Der Hauptk\u00f6rper besteht aus hochdichtem Feinkupferguss, ist schwer und solide. Bleifrei und hat den Salzspr\u00fchtest f\u00fcr mehr als 24 Stunden bestanden","robots":{"index":"index","follow":"follow","max-snippet":"max-snippet:-1","max-image-preview":"max-image-preview:large","max-video-preview":"max-video-preview:-1"},"canonical":"https:\/\/watersino.net\/de\/product\/deck-mount-vanity-mixer-tap-short-spout-bathroom-faucet\/","og_locale":"de_DE","og_type":"article","og_title":"Deck Mount Vanity Mixer Tap Short Spout Bathroom Faucet - Watersino","og_description":"The main body is made of high-density fine copper casting, heavy and solid. Lead-free and passed the salt spray test for more than 24 hours","og_url":"https:\/\/watersino.net\/de\/product\/deck-mount-vanity-mixer-tap-short-spout-bathroom-faucet\/","og_site_name":"Watersino","article_modified_time":"2025-11-29T01:45:29+00:00","og_image":[{"width":600,"height":600,"url":"https:\/\/watersino.net\/wp-content\/uploads\/2025\/08\/WB871BS.png","type":"image\/png"}],"twitter_card":"summary_large_image","twitter_misc":{"Gesch\u00e4tzte Lesezeit":"1\u00a0Minute"},"schema":{"@context":"https:\/\/schema.org","@graph":[{"@type":"WebPage","@id":"https:\/\/watersino.net\/product\/deck-mount-vanity-mixer-tap-short-spout-bathroom-faucet\/","url":"https:\/\/watersino.net\/product\/deck-mount-vanity-mixer-tap-short-spout-bathroom-faucet\/","name":"Waschtisch-Mischbatterie f\u00fcr Deckmontage, kurzer Auslauf, Badezimmerarmatur \u2013 Watersino","isPartOf":{"@id":"https:\/\/watersino.net\/#website"},"primaryImageOfPage":{"@id":"https:\/\/watersino.net\/product\/deck-mount-vanity-mixer-tap-short-spout-bathroom-faucet\/#primaryimage"},"image":{"@id":"https:\/\/watersino.net\/product\/deck-mount-vanity-mixer-tap-short-spout-bathroom-faucet\/#primaryimage"},"thumbnailUrl":"https:\/\/watersino.net\/wp-content\/uploads\/2025\/08\/WB871BS.png","datePublished":"2025-08-22T08:55:25+00:00","dateModified":"2025-11-29T01:45:29+00:00","description":"Der Hauptk\u00f6rper besteht aus hochdichtem Feinkupferguss, ist schwer und solide. Bleifrei und hat den Salzspr\u00fchtest f\u00fcr mehr als 24 Stunden bestanden","breadcrumb":{"@id":"https:\/\/watersino.net\/product\/deck-mount-vanity-mixer-tap-short-spout-bathroom-faucet\/#breadcrumb"},"inLanguage":"de","potentialAction":[{"@type":"ReadAction","target":["https:\/\/watersino.net\/product\/deck-mount-vanity-mixer-tap-short-spout-bathroom-faucet\/"]}]},{"@type":"ImageObject","inLanguage":"de","@id":"https:\/\/watersino.net\/product\/deck-mount-vanity-mixer-tap-short-spout-bathroom-faucet\/#primaryimage","url":"https:\/\/watersino.net\/wp-content\/uploads\/2025\/08\/WB871BS.png","contentUrl":"https:\/\/watersino.net\/wp-content\/uploads\/2025\/08\/WB871BS.png","width":600,"height":600,"caption":"Brushed Gunmetal Grey-Low-Foot Curved Spout Basin Faucet"},{"@type":"BreadcrumbList","@id":"https:\/\/watersino.net\/product\/deck-mount-vanity-mixer-tap-short-spout-bathroom-faucet\/#breadcrumb","itemListElement":[{"@type":"ListItem","position":1,"name":"Home","item":"https:\/\/watersino.net\/"},{"@type":"ListItem","position":2,"name":"Product","item":"https:\/\/watersino.net\/product\/"},{"@type":"ListItem","position":3,"name":"Deck Mount Vanity Mixer Tap Short Spout Bathroom Faucet"}]},{"@type":"WebSite","@id":"https:\/\/watersino.net\/#website","url":"https:\/\/watersino.net\/","name":"Watersino","description":"","potentialAction":[{"@type":"SearchAction","target":{"@type":"EntryPoint","urlTemplate":"https:\/\/watersino.net\/?s={search_term_string}"},"query-input":{"@type":"PropertyValueSpecification","valueRequired":true,"valueName":"search_term_string"}}],"inLanguage":"de"}]}},"_links":{"self":[{"href":"https:\/\/watersino.net\/de\/wp-json\/wp\/v2\/product\/14145","targetHints":{"allow":["GET"]}}],"collection":[{"href":"https:\/\/watersino.net\/de\/wp-json\/wp\/v2\/product"}],"about":[{"href":"https:\/\/watersino.net\/de\/wp-json\/wp\/v2\/types\/product"}],"wp:featuredmedia":[{"embeddable":true,"href":"https:\/\/watersino.net\/de\/wp-json\/wp\/v2\/media\/14135"}],"wp:attachment":[{"href":"https:\/\/watersino.net\/de\/wp-json\/wp\/v2\/media?parent=14145"}],"wp:term":[{"taxonomy":"product_category","embeddable":true,"href":"https:\/\/watersino.net\/de\/wp-json\/wp\/v2\/product_category?post=14145"},{"taxonomy":"products_tags","embeddable":true,"href":"https:\/\/watersino.net\/de\/wp-json\/wp\/v2\/products_tags?post=14145"}],"curies":[{"name":"wp","href":"https:\/\/api.w.org\/{rel}","templated":true}]}}