{"id":14132,"date":"2025-08-22T08:43:17","date_gmt":"2025-08-22T08:43:17","guid":{"rendered":"https:\/\/watersino.net\/?post_type=product&#038;p=14132"},"modified":"2025-11-29T01:45:37","modified_gmt":"2025-11-29T01:45:37","slug":"classic-european-low-foot-curved-spout-basin-faucet","status":"publish","type":"product","link":"https:\/\/watersino.net\/de\/product\/classic-european-low-foot-curved-spout-basin-faucet\/","title":{"rendered":"Klassischer europ\u00e4ischer Waschtischhahn mit niedrigem Fu\u00df und gebogenem Auslauf"},"content":{"rendered":"<p>Das benutzerfreundliche Design mit niedrigem Fu\u00df passt sich verschiedenen Waschbecken an. Der geschwungene Auslauf passt perfekt zur flachen Becken\u00f6ffnung und verhindert Spritzer. Die antike Bronzevergoldung ist zeitlos, fingerabdruckresistent und korrosionsbest\u00e4ndig und f\u00fcgt sich perfekt in Badezimmer im europ\u00e4ischen Stil ein.<\/p>\n\n\n\n<p><\/p>","protected":false},"featured_media":14137,"template":"","product_category":[57,84],"products_tags":[63,64],"class_list":["post-14132","product","type-product","status-publish","has-post-thumbnail","hentry","product_category-bathroom-faucet","product_category-short-deck-mounted-faucet","products_tags-watermark","products_tags-wels"],"acf":[],"yoast_head":"<!-- This site is optimized with the Yoast SEO plugin v26.6 - https:\/\/yoast.com\/wordpress\/plugins\/seo\/ -->\n<title>Classic European Low-Foot Curved Spout Basin Faucet - Watersino<\/title>\n<meta name=\"description\" content=\"Thickened electroplating anti-fingerprint ceramic valve core is durable Short nozzle design is splash-proof Support customization\" \/>\n<meta name=\"robots\" content=\"index, follow, max-snippet:-1, max-image-preview:large, max-video-preview:-1\" \/>\n<link rel=\"canonical\" href=\"https:\/\/watersino.net\/de\/product\/classic-european-low-foot-curved-spout-basin-faucet\/\" \/>\n<meta property=\"og:locale\" content=\"de_DE\" \/>\n<meta property=\"og:type\" content=\"article\" \/>\n<meta property=\"og:title\" content=\"Classic European Low-Foot Curved Spout Basin Faucet - Watersino\" \/>\n<meta property=\"og:description\" content=\"Thickened electroplating anti-fingerprint ceramic valve core is durable Short nozzle design is splash-proof Support customization\" \/>\n<meta property=\"og:url\" content=\"https:\/\/watersino.net\/de\/product\/classic-european-low-foot-curved-spout-basin-faucet\/\" \/>\n<meta property=\"og:site_name\" content=\"Watersino\" \/>\n<meta property=\"article:modified_time\" content=\"2025-11-29T01:45:37+00:00\" \/>\n<meta property=\"og:image\" content=\"https:\/\/watersino.net\/wp-content\/uploads\/2025\/08\/WB871F.png\" \/>\n\t<meta property=\"og:image:width\" content=\"600\" \/>\n\t<meta property=\"og:image:height\" content=\"600\" \/>\n\t<meta property=\"og:image:type\" content=\"image\/png\" \/>\n<meta name=\"twitter:card\" content=\"summary_large_image\" \/>\n<meta name=\"twitter:label1\" content=\"Gesch\u00e4tzte Lesezeit\" \/>\n\t<meta name=\"twitter:data1\" content=\"1\u00a0Minute\" \/>\n<script type=\"application\/ld+json\" class=\"yoast-schema-graph\">{\"@context\":\"https:\/\/schema.org\",\"@graph\":[{\"@type\":\"WebPage\",\"@id\":\"https:\/\/watersino.net\/product\/classic-european-low-foot-curved-spout-basin-faucet\/\",\"url\":\"https:\/\/watersino.net\/product\/classic-european-low-foot-curved-spout-basin-faucet\/\",\"name\":\"Classic European Low-Foot Curved Spout Basin Faucet - Watersino\",\"isPartOf\":{\"@id\":\"https:\/\/watersino.net\/#website\"},\"primaryImageOfPage\":{\"@id\":\"https:\/\/watersino.net\/product\/classic-european-low-foot-curved-spout-basin-faucet\/#primaryimage\"},\"image\":{\"@id\":\"https:\/\/watersino.net\/product\/classic-european-low-foot-curved-spout-basin-faucet\/#primaryimage\"},\"thumbnailUrl\":\"https:\/\/watersino.net\/wp-content\/uploads\/2025\/08\/WB871F.png\",\"datePublished\":\"2025-08-22T08:43:17+00:00\",\"dateModified\":\"2025-11-29T01:45:37+00:00\",\"description\":\"Thickened electroplating anti-fingerprint ceramic valve core is durable Short nozzle design is splash-proof Support customization\",\"breadcrumb\":{\"@id\":\"https:\/\/watersino.net\/product\/classic-european-low-foot-curved-spout-basin-faucet\/#breadcrumb\"},\"inLanguage\":\"de\",\"potentialAction\":[{\"@type\":\"ReadAction\",\"target\":[\"https:\/\/watersino.net\/product\/classic-european-low-foot-curved-spout-basin-faucet\/\"]}]},{\"@type\":\"ImageObject\",\"inLanguage\":\"de\",\"@id\":\"https:\/\/watersino.net\/product\/classic-european-low-foot-curved-spout-basin-faucet\/#primaryimage\",\"url\":\"https:\/\/watersino.net\/wp-content\/uploads\/2025\/08\/WB871F.png\",\"contentUrl\":\"https:\/\/watersino.net\/wp-content\/uploads\/2025\/08\/WB871F.png\",\"width\":600,\"height\":600,\"caption\":\"Antique Brass-Low-Foot Curved Spout Basin Faucet\"},{\"@type\":\"BreadcrumbList\",\"@id\":\"https:\/\/watersino.net\/product\/classic-european-low-foot-curved-spout-basin-faucet\/#breadcrumb\",\"itemListElement\":[{\"@type\":\"ListItem\",\"position\":1,\"name\":\"Home\",\"item\":\"https:\/\/watersino.net\/\"},{\"@type\":\"ListItem\",\"position\":2,\"name\":\"Product\",\"item\":\"https:\/\/watersino.net\/product\/\"},{\"@type\":\"ListItem\",\"position\":3,\"name\":\"Classic European Low-Foot Curved Spout Basin Faucet\"}]},{\"@type\":\"WebSite\",\"@id\":\"https:\/\/watersino.net\/#website\",\"url\":\"https:\/\/watersino.net\/\",\"name\":\"Watersino\",\"description\":\"\",\"potentialAction\":[{\"@type\":\"SearchAction\",\"target\":{\"@type\":\"EntryPoint\",\"urlTemplate\":\"https:\/\/watersino.net\/?s={search_term_string}\"},\"query-input\":{\"@type\":\"PropertyValueSpecification\",\"valueRequired\":true,\"valueName\":\"search_term_string\"}}],\"inLanguage\":\"de\"}]}<\/script>\n<!-- \/ Yoast SEO plugin. -->","yoast_head_json":{"title":"Klassischer europ\u00e4ischer Waschtischhahn mit niedrigem Fu\u00df und gebogenem Auslauf \u2013 Watersino","description":"Der verdickte, galvanisierte Keramikventilkern mit Anti-Fingerabdruck-Beschichtung ist langlebig. Das kurze D\u00fcsendesign ist spritzwassergesch\u00fctzt. Unterst\u00fctzt die Anpassung.","robots":{"index":"index","follow":"follow","max-snippet":"max-snippet:-1","max-image-preview":"max-image-preview:large","max-video-preview":"max-video-preview:-1"},"canonical":"https:\/\/watersino.net\/de\/product\/classic-european-low-foot-curved-spout-basin-faucet\/","og_locale":"de_DE","og_type":"article","og_title":"Classic European Low-Foot Curved Spout Basin Faucet - Watersino","og_description":"Thickened electroplating anti-fingerprint ceramic valve core is durable Short nozzle design is splash-proof Support customization","og_url":"https:\/\/watersino.net\/de\/product\/classic-european-low-foot-curved-spout-basin-faucet\/","og_site_name":"Watersino","article_modified_time":"2025-11-29T01:45:37+00:00","og_image":[{"width":600,"height":600,"url":"https:\/\/watersino.net\/wp-content\/uploads\/2025\/08\/WB871F.png","type":"image\/png"}],"twitter_card":"summary_large_image","twitter_misc":{"Gesch\u00e4tzte Lesezeit":"1\u00a0Minute"},"schema":{"@context":"https:\/\/schema.org","@graph":[{"@type":"WebPage","@id":"https:\/\/watersino.net\/product\/classic-european-low-foot-curved-spout-basin-faucet\/","url":"https:\/\/watersino.net\/product\/classic-european-low-foot-curved-spout-basin-faucet\/","name":"Klassischer europ\u00e4ischer Waschtischhahn mit niedrigem Fu\u00df und gebogenem Auslauf \u2013 Watersino","isPartOf":{"@id":"https:\/\/watersino.net\/#website"},"primaryImageOfPage":{"@id":"https:\/\/watersino.net\/product\/classic-european-low-foot-curved-spout-basin-faucet\/#primaryimage"},"image":{"@id":"https:\/\/watersino.net\/product\/classic-european-low-foot-curved-spout-basin-faucet\/#primaryimage"},"thumbnailUrl":"https:\/\/watersino.net\/wp-content\/uploads\/2025\/08\/WB871F.png","datePublished":"2025-08-22T08:43:17+00:00","dateModified":"2025-11-29T01:45:37+00:00","description":"Der verdickte, galvanisierte Keramikventilkern mit Anti-Fingerabdruck-Beschichtung ist langlebig. Das kurze D\u00fcsendesign ist spritzwassergesch\u00fctzt. Unterst\u00fctzt die Anpassung.","breadcrumb":{"@id":"https:\/\/watersino.net\/product\/classic-european-low-foot-curved-spout-basin-faucet\/#breadcrumb"},"inLanguage":"de","potentialAction":[{"@type":"ReadAction","target":["https:\/\/watersino.net\/product\/classic-european-low-foot-curved-spout-basin-faucet\/"]}]},{"@type":"ImageObject","inLanguage":"de","@id":"https:\/\/watersino.net\/product\/classic-european-low-foot-curved-spout-basin-faucet\/#primaryimage","url":"https:\/\/watersino.net\/wp-content\/uploads\/2025\/08\/WB871F.png","contentUrl":"https:\/\/watersino.net\/wp-content\/uploads\/2025\/08\/WB871F.png","width":600,"height":600,"caption":"Antique Brass-Low-Foot Curved Spout Basin Faucet"},{"@type":"BreadcrumbList","@id":"https:\/\/watersino.net\/product\/classic-european-low-foot-curved-spout-basin-faucet\/#breadcrumb","itemListElement":[{"@type":"ListItem","position":1,"name":"Home","item":"https:\/\/watersino.net\/"},{"@type":"ListItem","position":2,"name":"Product","item":"https:\/\/watersino.net\/product\/"},{"@type":"ListItem","position":3,"name":"Classic European Low-Foot Curved Spout Basin Faucet"}]},{"@type":"WebSite","@id":"https:\/\/watersino.net\/#website","url":"https:\/\/watersino.net\/","name":"Watersino","description":"","potentialAction":[{"@type":"SearchAction","target":{"@type":"EntryPoint","urlTemplate":"https:\/\/watersino.net\/?s={search_term_string}"},"query-input":{"@type":"PropertyValueSpecification","valueRequired":true,"valueName":"search_term_string"}}],"inLanguage":"de"}]}},"_links":{"self":[{"href":"https:\/\/watersino.net\/de\/wp-json\/wp\/v2\/product\/14132","targetHints":{"allow":["GET"]}}],"collection":[{"href":"https:\/\/watersino.net\/de\/wp-json\/wp\/v2\/product"}],"about":[{"href":"https:\/\/watersino.net\/de\/wp-json\/wp\/v2\/types\/product"}],"wp:featuredmedia":[{"embeddable":true,"href":"https:\/\/watersino.net\/de\/wp-json\/wp\/v2\/media\/14137"}],"wp:attachment":[{"href":"https:\/\/watersino.net\/de\/wp-json\/wp\/v2\/media?parent=14132"}],"wp:term":[{"taxonomy":"product_category","embeddable":true,"href":"https:\/\/watersino.net\/de\/wp-json\/wp\/v2\/product_category?post=14132"},{"taxonomy":"products_tags","embeddable":true,"href":"https:\/\/watersino.net\/de\/wp-json\/wp\/v2\/products_tags?post=14132"}],"curies":[{"name":"wp","href":"https:\/\/api.w.org\/{rel}","templated":true}]}}