{"id":13952,"date":"2025-07-26T09:37:11","date_gmt":"2025-07-26T09:37:11","guid":{"rendered":"https:\/\/watersino.net\/?post_type=product&#038;p=13952"},"modified":"2025-07-26T09:41:19","modified_gmt":"2025-07-26T09:41:19","slug":"classic-single-hole-kitchen-faucet-brushed-surface-single-handle-kitchen-mixer-taps-for-kitchen","status":"publish","type":"product","link":"https:\/\/watersino.net\/de\/product\/classic-single-hole-kitchen-faucet-brushed-surface-single-handle-kitchen-mixer-taps-for-kitchen\/","title":{"rendered":"Klassische K\u00fcchenmischbatterien mit geb\u00fcrsteter Oberfl\u00e4che f\u00fcr die K\u00fcche"},"content":{"rendered":"","protected":false},"featured_media":13905,"template":"","product_category":[52,53],"products_tags":[],"class_list":["post-13952","product","type-product","status-publish","has-post-thumbnail","hentry","product_category-kitchen","product_category-kitchen-faucet"],"acf":[],"yoast_head":"<!-- This site is optimized with the Yoast SEO plugin v26.6 - https:\/\/yoast.com\/wordpress\/plugins\/seo\/ -->\n<title>Classic Brushed Surface Kitchen Mixer Taps for Kitchen - Watersino<\/title>\n<meta name=\"description\" content=\"Classic Single-Hole Kitchen Faucet Brushed Surface Single Handle Kitchen Mixer Taps for Kitchen\" \/>\n<meta name=\"robots\" content=\"index, follow, max-snippet:-1, max-image-preview:large, max-video-preview:-1\" \/>\n<link rel=\"canonical\" href=\"https:\/\/watersino.net\/de\/product\/classic-single-hole-kitchen-faucet-brushed-surface-single-handle-kitchen-mixer-taps-for-kitchen\/\" \/>\n<meta property=\"og:locale\" content=\"de_DE\" \/>\n<meta property=\"og:type\" content=\"article\" \/>\n<meta property=\"og:title\" content=\"Classic Brushed Surface Kitchen Mixer Taps for Kitchen - Watersino\" \/>\n<meta property=\"og:description\" content=\"Classic Single-Hole Kitchen Faucet Brushed Surface Single Handle Kitchen Mixer Taps for Kitchen\" \/>\n<meta property=\"og:url\" content=\"https:\/\/watersino.net\/de\/product\/classic-single-hole-kitchen-faucet-brushed-surface-single-handle-kitchen-mixer-taps-for-kitchen\/\" \/>\n<meta property=\"og:site_name\" content=\"Watersino\" \/>\n<meta property=\"article:modified_time\" content=\"2025-07-26T09:41:19+00:00\" \/>\n<meta property=\"og:image\" content=\"https:\/\/watersino.net\/wp-content\/uploads\/2025\/07\/HK903F.png\" \/>\n\t<meta property=\"og:image:width\" content=\"600\" \/>\n\t<meta property=\"og:image:height\" content=\"600\" \/>\n\t<meta property=\"og:image:type\" content=\"image\/png\" \/>\n<meta name=\"twitter:card\" content=\"summary_large_image\" \/>\n<meta name=\"twitter:label1\" content=\"Gesch\u00e4tzte Lesezeit\" \/>\n\t<meta name=\"twitter:data1\" content=\"1\u00a0Minute\" \/>\n<script type=\"application\/ld+json\" class=\"yoast-schema-graph\">{\"@context\":\"https:\/\/schema.org\",\"@graph\":[{\"@type\":\"WebPage\",\"@id\":\"https:\/\/watersino.net\/product\/classic-single-hole-kitchen-faucet-brushed-surface-single-handle-kitchen-mixer-taps-for-kitchen\/\",\"url\":\"https:\/\/watersino.net\/product\/classic-single-hole-kitchen-faucet-brushed-surface-single-handle-kitchen-mixer-taps-for-kitchen\/\",\"name\":\"Classic Brushed Surface Kitchen Mixer Taps for Kitchen - Watersino\",\"isPartOf\":{\"@id\":\"https:\/\/watersino.net\/#website\"},\"primaryImageOfPage\":{\"@id\":\"https:\/\/watersino.net\/product\/classic-single-hole-kitchen-faucet-brushed-surface-single-handle-kitchen-mixer-taps-for-kitchen\/#primaryimage\"},\"image\":{\"@id\":\"https:\/\/watersino.net\/product\/classic-single-hole-kitchen-faucet-brushed-surface-single-handle-kitchen-mixer-taps-for-kitchen\/#primaryimage\"},\"thumbnailUrl\":\"https:\/\/watersino.net\/wp-content\/uploads\/2025\/07\/HK903F.png\",\"datePublished\":\"2025-07-26T09:37:11+00:00\",\"dateModified\":\"2025-07-26T09:41:19+00:00\",\"description\":\"Classic Single-Hole Kitchen Faucet Brushed Surface Single Handle Kitchen Mixer Taps for Kitchen\",\"breadcrumb\":{\"@id\":\"https:\/\/watersino.net\/product\/classic-single-hole-kitchen-faucet-brushed-surface-single-handle-kitchen-mixer-taps-for-kitchen\/#breadcrumb\"},\"inLanguage\":\"de\",\"potentialAction\":[{\"@type\":\"ReadAction\",\"target\":[\"https:\/\/watersino.net\/product\/classic-single-hole-kitchen-faucet-brushed-surface-single-handle-kitchen-mixer-taps-for-kitchen\/\"]}]},{\"@type\":\"ImageObject\",\"inLanguage\":\"de\",\"@id\":\"https:\/\/watersino.net\/product\/classic-single-hole-kitchen-faucet-brushed-surface-single-handle-kitchen-mixer-taps-for-kitchen\/#primaryimage\",\"url\":\"https:\/\/watersino.net\/wp-content\/uploads\/2025\/07\/HK903F.png\",\"contentUrl\":\"https:\/\/watersino.net\/wp-content\/uploads\/2025\/07\/HK903F.png\",\"width\":600,\"height\":600,\"caption\":\"Kitchen Faucets HK903F\"},{\"@type\":\"BreadcrumbList\",\"@id\":\"https:\/\/watersino.net\/product\/classic-single-hole-kitchen-faucet-brushed-surface-single-handle-kitchen-mixer-taps-for-kitchen\/#breadcrumb\",\"itemListElement\":[{\"@type\":\"ListItem\",\"position\":1,\"name\":\"Home\",\"item\":\"https:\/\/watersino.net\/\"},{\"@type\":\"ListItem\",\"position\":2,\"name\":\"Product\",\"item\":\"https:\/\/watersino.net\/product\/\"},{\"@type\":\"ListItem\",\"position\":3,\"name\":\"Classic Brushed Surface Kitchen Mixer Taps for Kitchen\"}]},{\"@type\":\"WebSite\",\"@id\":\"https:\/\/watersino.net\/#website\",\"url\":\"https:\/\/watersino.net\/\",\"name\":\"Watersino\",\"description\":\"\",\"potentialAction\":[{\"@type\":\"SearchAction\",\"target\":{\"@type\":\"EntryPoint\",\"urlTemplate\":\"https:\/\/watersino.net\/?s={search_term_string}\"},\"query-input\":{\"@type\":\"PropertyValueSpecification\",\"valueRequired\":true,\"valueName\":\"search_term_string\"}}],\"inLanguage\":\"de\"}]}<\/script>\n<!-- \/ Yoast SEO plugin. -->","yoast_head_json":{"title":"Klassische K\u00fcchenmischbatterien mit geb\u00fcrsteter Oberfl\u00e4che f\u00fcr die K\u00fcche \u2013 Watersino","description":"Klassischer Einloch-K\u00fcchenhahn mit geb\u00fcrsteter Oberfl\u00e4che, Einhebel-K\u00fcchenmischbatterien f\u00fcr die K\u00fcche","robots":{"index":"index","follow":"follow","max-snippet":"max-snippet:-1","max-image-preview":"max-image-preview:large","max-video-preview":"max-video-preview:-1"},"canonical":"https:\/\/watersino.net\/de\/product\/classic-single-hole-kitchen-faucet-brushed-surface-single-handle-kitchen-mixer-taps-for-kitchen\/","og_locale":"de_DE","og_type":"article","og_title":"Classic Brushed Surface Kitchen Mixer Taps for Kitchen - Watersino","og_description":"Classic Single-Hole Kitchen Faucet Brushed Surface Single Handle Kitchen Mixer Taps for Kitchen","og_url":"https:\/\/watersino.net\/de\/product\/classic-single-hole-kitchen-faucet-brushed-surface-single-handle-kitchen-mixer-taps-for-kitchen\/","og_site_name":"Watersino","article_modified_time":"2025-07-26T09:41:19+00:00","og_image":[{"width":600,"height":600,"url":"https:\/\/watersino.net\/wp-content\/uploads\/2025\/07\/HK903F.png","type":"image\/png"}],"twitter_card":"summary_large_image","twitter_misc":{"Gesch\u00e4tzte Lesezeit":"1\u00a0Minute"},"schema":{"@context":"https:\/\/schema.org","@graph":[{"@type":"WebPage","@id":"https:\/\/watersino.net\/product\/classic-single-hole-kitchen-faucet-brushed-surface-single-handle-kitchen-mixer-taps-for-kitchen\/","url":"https:\/\/watersino.net\/product\/classic-single-hole-kitchen-faucet-brushed-surface-single-handle-kitchen-mixer-taps-for-kitchen\/","name":"Klassische K\u00fcchenmischbatterien mit geb\u00fcrsteter Oberfl\u00e4che f\u00fcr die K\u00fcche \u2013 Watersino","isPartOf":{"@id":"https:\/\/watersino.net\/#website"},"primaryImageOfPage":{"@id":"https:\/\/watersino.net\/product\/classic-single-hole-kitchen-faucet-brushed-surface-single-handle-kitchen-mixer-taps-for-kitchen\/#primaryimage"},"image":{"@id":"https:\/\/watersino.net\/product\/classic-single-hole-kitchen-faucet-brushed-surface-single-handle-kitchen-mixer-taps-for-kitchen\/#primaryimage"},"thumbnailUrl":"https:\/\/watersino.net\/wp-content\/uploads\/2025\/07\/HK903F.png","datePublished":"2025-07-26T09:37:11+00:00","dateModified":"2025-07-26T09:41:19+00:00","description":"Klassischer Einloch-K\u00fcchenhahn mit geb\u00fcrsteter Oberfl\u00e4che, Einhebel-K\u00fcchenmischbatterien f\u00fcr die K\u00fcche","breadcrumb":{"@id":"https:\/\/watersino.net\/product\/classic-single-hole-kitchen-faucet-brushed-surface-single-handle-kitchen-mixer-taps-for-kitchen\/#breadcrumb"},"inLanguage":"de","potentialAction":[{"@type":"ReadAction","target":["https:\/\/watersino.net\/product\/classic-single-hole-kitchen-faucet-brushed-surface-single-handle-kitchen-mixer-taps-for-kitchen\/"]}]},{"@type":"ImageObject","inLanguage":"de","@id":"https:\/\/watersino.net\/product\/classic-single-hole-kitchen-faucet-brushed-surface-single-handle-kitchen-mixer-taps-for-kitchen\/#primaryimage","url":"https:\/\/watersino.net\/wp-content\/uploads\/2025\/07\/HK903F.png","contentUrl":"https:\/\/watersino.net\/wp-content\/uploads\/2025\/07\/HK903F.png","width":600,"height":600,"caption":"Kitchen Faucets HK903F"},{"@type":"BreadcrumbList","@id":"https:\/\/watersino.net\/product\/classic-single-hole-kitchen-faucet-brushed-surface-single-handle-kitchen-mixer-taps-for-kitchen\/#breadcrumb","itemListElement":[{"@type":"ListItem","position":1,"name":"Home","item":"https:\/\/watersino.net\/"},{"@type":"ListItem","position":2,"name":"Product","item":"https:\/\/watersino.net\/product\/"},{"@type":"ListItem","position":3,"name":"Classic Brushed Surface Kitchen Mixer Taps for Kitchen"}]},{"@type":"WebSite","@id":"https:\/\/watersino.net\/#website","url":"https:\/\/watersino.net\/","name":"Watersino","description":"","potentialAction":[{"@type":"SearchAction","target":{"@type":"EntryPoint","urlTemplate":"https:\/\/watersino.net\/?s={search_term_string}"},"query-input":{"@type":"PropertyValueSpecification","valueRequired":true,"valueName":"search_term_string"}}],"inLanguage":"de"}]}},"_links":{"self":[{"href":"https:\/\/watersino.net\/de\/wp-json\/wp\/v2\/product\/13952","targetHints":{"allow":["GET"]}}],"collection":[{"href":"https:\/\/watersino.net\/de\/wp-json\/wp\/v2\/product"}],"about":[{"href":"https:\/\/watersino.net\/de\/wp-json\/wp\/v2\/types\/product"}],"wp:featuredmedia":[{"embeddable":true,"href":"https:\/\/watersino.net\/de\/wp-json\/wp\/v2\/media\/13905"}],"wp:attachment":[{"href":"https:\/\/watersino.net\/de\/wp-json\/wp\/v2\/media?parent=13952"}],"wp:term":[{"taxonomy":"product_category","embeddable":true,"href":"https:\/\/watersino.net\/de\/wp-json\/wp\/v2\/product_category?post=13952"},{"taxonomy":"products_tags","embeddable":true,"href":"https:\/\/watersino.net\/de\/wp-json\/wp\/v2\/products_tags?post=13952"}],"curies":[{"name":"wp","href":"https:\/\/api.w.org\/{rel}","templated":true}]}}